{"id":828,"date":"2021-03-15T08:21:24","date_gmt":"2021-03-15T07:21:24","guid":{"rendered":"http:\/\/ucbs.uw.edu.pl\/?page_id=828"},"modified":"2025-06-03T15:24:05","modified_gmt":"2025-06-03T13:24:05","slug":"biblioteka-ucbs","status":"publish","type":"page","link":"https:\/\/ucbs.uw.edu.pl\/en\/home\/o-nas\/struktura\/biblioteka-ucbs\/","title":{"rendered":"Library 2.0"},"content":{"rendered":"<img loading=\"lazy\" decoding=\"async\" class=\" wp-image-4979 aligncenter\" src=\"https:\/\/ucbs.uw.edu.pl\/wp-content\/uploads\/sites\/389\/2023\/06\/IMG-8413-300x225.jpg\" alt=\"\" width=\"750\" height=\"563\" srcset=\"https:\/\/ucbs.uw.edu.pl\/wp-content\/uploads\/sites\/389\/2023\/06\/IMG-8413-300x225.jpg 300w, https:\/\/ucbs.uw.edu.pl\/wp-content\/uploads\/sites\/389\/2023\/06\/IMG-8413-1024x768.jpg 1024w, https:\/\/ucbs.uw.edu.pl\/wp-content\/uploads\/sites\/389\/2023\/06\/IMG-8413-768x576.jpg 768w, https:\/\/ucbs.uw.edu.pl\/wp-content\/uploads\/sites\/389\/2023\/06\/IMG-8413-1536x1152.jpg 1536w, https:\/\/ucbs.uw.edu.pl\/wp-content\/uploads\/sites\/389\/2023\/06\/IMG-8413-2048x1536.jpg 2048w\" sizes=\"auto, (max-width: 750px) 100vw, 750px\" \/><\/p>\n<p>The UCBS library is open from Monday to Friday from 8 am to 4 pm.<\/p>\n<p>The UCBS Library is located in the UW Geology Department building on the first floor in room 1104 (address: 93 \u017bwirki i Wigury Street)<\/p>\n<p>e-mail:<a href=\"mailto:biblioteka.ucbs@uw.edu.pl\" target=\"_blank\" rel=\"noopener\"><span style=\"color: #ff6600;\">\u00a0biblioteka.ucbs@uw.edu.pl<\/span><\/a><\/p>\n<p>We offer:<\/p>\n<ul>\n<li>Access to an extensive book collection (completely in free access),<\/li>\n<li>A reading room with comfortable places for studying and individual work,<\/li>\n<li>Quiet study area and space for group work,<\/li>\n<li>High-speed Internet and computer workstations,<\/li>\n<li>Printer and scanner at your disposal.<\/li>\n<\/ul>\n<p><span style=\"color: #ff6600;\"><a style=\"color: #ff6600;\" href=\"https:\/\/ucbs.uw.edu.pl\/wp-content\/uploads\/sites\/389\/2025\/06\/Library-and-Reading-Room-Regulations.pdf\">Terms of use<\/a><\/span><\/p>\n<div id=\"metaslider-id-7033\" style=\"width: 100%; margin: 0 auto;\" class=\"ml-slider-3-108-0 metaslider metaslider-nivo metaslider-7033 ml-slider has-dots-nav ms-theme-default\" role=\"region\" aria-label=\"pok\u00f3j socjalny\" data-height=\"700\" data-width=\"700\">\n    <div id=\"metaslider_container_7033\">\n        <div class='slider-wrapper theme-default'><div class='ribbon'><\/div><div id='metaslider_7033' class='nivoSlider'><img loading=\"lazy\" decoding=\"async\" src=\"https:\/\/ucbs.uw.edu.pl\/wp-content\/uploads\/sites\/389\/2025\/06\/6-scaled-700x700.jpg\" height=\"700\" width=\"700\" title=\"6\" alt=\"\" class=\"slider-7033 slide-7864 msDefaultImage\" \/><img loading=\"lazy\" decoding=\"async\" src=\"https:\/\/ucbs.uw.edu.pl\/wp-content\/uploads\/sites\/389\/2025\/06\/7-scaled-700x700.jpg\" height=\"700\" width=\"700\" title=\"7\" alt=\"\" class=\"slider-7033 slide-7863 msDefaultImage\" \/><img loading=\"lazy\" decoding=\"async\" src=\"https:\/\/ucbs.uw.edu.pl\/wp-content\/uploads\/sites\/389\/2025\/06\/8-700x700.jpg\" height=\"700\" width=\"700\" title=\"Zielony i Niebieski Planeta Dzie\u0144 Ziemi Plakat - 2\" alt=\"\" class=\"slider-7033 slide-7862 msDefaultImage\" \/><\/div><\/div>\n        \n    <\/div>\n<\/div>","protected":false},"excerpt":{"rendered":"<p>The UCBS library is open from Monday to Friday from 8 am to 4 pm. The UCBS Library is located in the UW Geology Department building on the first floor in room 1104 (address: 93 \u017bwirki i Wigury Street) e-mail:\u00a0biblioteka.ucbs@uw.edu.pl We offer: Access to an extensive book collection (completely in free access), A reading room [&hellip;]<\/p>\n","protected":false},"author":1,"featured_media":0,"parent":587,"menu_order":0,"comment_status":"closed","ping_status":"closed","template":"","meta":{"_acf_changed":false,"_exactmetrics_skip_tracking":false,"_exactmetrics_sitenote_active":false,"_exactmetrics_sitenote_note":"","_exactmetrics_sitenote_category":0,"_uf_show_specific_survey":0,"_uf_disable_surveys":false,"footnotes":"","_links_to":"","_links_to_target":""},"class_list":["post-828","page","type-page","status-publish","hentry","post"],"acf":[],"yoast_head":"<!-- This site is optimized with the Yoast SEO plugin v27.4 - https:\/\/yoast.com\/product\/yoast-seo-wordpress\/ -->\n<title>Library 2.0 - University Centre for Environmental Studies and Sustainable Development<\/title>\n<meta name=\"robots\" content=\"index, follow, max-snippet:-1, max-image-preview:large, max-video-preview:-1\" \/>\n<link rel=\"canonical\" href=\"https:\/\/ucbs.uw.edu.pl\/home\/o-nas\/struktura\/biblioteka-ucbs\/\" \/>\n<meta property=\"og:locale\" content=\"en_US\" \/>\n<meta property=\"og:type\" content=\"article\" \/>\n<meta property=\"og:title\" content=\"[:pl]Biblioteka 2.0[:en]Library 2.0[:] - University Centre for Environmental Studies and Sustainable Development\" \/>\n<meta property=\"og:description\" content=\"The UCBS library is open from Monday to Friday from 8 am to 4 pm. The UCBS Library is located in the UW Geology Department building on the first floor in room 1104 (address: 93 \u017bwirki i Wigury Street) e-mail:\u00a0biblioteka.ucbs@uw.edu.pl We offer: Access to an extensive book collection (completely in free access), A reading room [&hellip;]\" \/>\n<meta property=\"og:url\" content=\"https:\/\/ucbs.uw.edu.pl\/home\/o-nas\/struktura\/biblioteka-ucbs\/\" \/>\n<meta property=\"og:site_name\" content=\"University Centre for Environmental Studies and Sustainable Development\" \/>\n<meta property=\"article:publisher\" content=\"https:\/\/www.facebook.com\/ucbsuw\" \/>\n<meta property=\"article:modified_time\" content=\"2025-06-03T13:24:05+00:00\" \/>\n<meta property=\"og:image\" content=\"https:\/\/ucbs.uw.edu.pl\/wp-content\/uploads\/sites\/389\/2023\/06\/IMG-8413-scaled.jpg\" \/>\n\t<meta property=\"og:image:width\" content=\"2560\" \/>\n\t<meta property=\"og:image:height\" content=\"1920\" \/>\n\t<meta property=\"og:image:type\" content=\"image\/jpeg\" \/>\n<meta name=\"twitter:card\" content=\"summary_large_image\" \/>\n<meta name=\"twitter:site\" content=\"@ucbsuw\" \/>\n<meta name=\"twitter:label1\" content=\"Est. reading time\" \/>\n\t<meta name=\"twitter:data1\" content=\"1 minute\" \/>\n<script type=\"application\/ld+json\" class=\"yoast-schema-graph\">{\"@context\":\"https:\\\/\\\/schema.org\",\"@graph\":[{\"@type\":\"WebPage\",\"@id\":\"https:\\\/\\\/ucbs.uw.edu.pl\\\/home\\\/o-nas\\\/struktura\\\/biblioteka-ucbs\\\/\",\"url\":\"https:\\\/\\\/ucbs.uw.edu.pl\\\/home\\\/o-nas\\\/struktura\\\/biblioteka-ucbs\\\/\",\"name\":\"[:pl]Biblioteka 2.0[:en]Library 2.0[:] - University Centre for Environmental Studies and Sustainable Development\",\"isPartOf\":{\"@id\":\"https:\\\/\\\/ucbs.uw.edu.pl\\\/#website\"},\"primaryImageOfPage\":{\"@id\":\"https:\\\/\\\/ucbs.uw.edu.pl\\\/home\\\/o-nas\\\/struktura\\\/biblioteka-ucbs\\\/#primaryimage\"},\"image\":{\"@id\":\"https:\\\/\\\/ucbs.uw.edu.pl\\\/home\\\/o-nas\\\/struktura\\\/biblioteka-ucbs\\\/#primaryimage\"},\"thumbnailUrl\":\"https:\\\/\\\/ucbs.uw.edu.pl\\\/wp-content\\\/uploads\\\/sites\\\/389\\\/2023\\\/06\\\/IMG-8413-300x225.jpg\",\"datePublished\":\"2021-03-15T07:21:24+00:00\",\"dateModified\":\"2025-06-03T13:24:05+00:00\",\"breadcrumb\":{\"@id\":\"https:\\\/\\\/ucbs.uw.edu.pl\\\/home\\\/o-nas\\\/struktura\\\/biblioteka-ucbs\\\/#breadcrumb\"},\"inLanguage\":\"en-US\",\"potentialAction\":[{\"@type\":\"ReadAction\",\"target\":[\"https:\\\/\\\/ucbs.uw.edu.pl\\\/home\\\/o-nas\\\/struktura\\\/biblioteka-ucbs\\\/\"]}]},{\"@type\":\"ImageObject\",\"inLanguage\":\"en-US\",\"@id\":\"https:\\\/\\\/ucbs.uw.edu.pl\\\/home\\\/o-nas\\\/struktura\\\/biblioteka-ucbs\\\/#primaryimage\",\"url\":\"https:\\\/\\\/ucbs.uw.edu.pl\\\/wp-content\\\/uploads\\\/sites\\\/389\\\/2023\\\/06\\\/IMG-8413-300x225.jpg\",\"contentUrl\":\"https:\\\/\\\/ucbs.uw.edu.pl\\\/wp-content\\\/uploads\\\/sites\\\/389\\\/2023\\\/06\\\/IMG-8413-300x225.jpg\"},{\"@type\":\"BreadcrumbList\",\"@id\":\"https:\\\/\\\/ucbs.uw.edu.pl\\\/home\\\/o-nas\\\/struktura\\\/biblioteka-ucbs\\\/#breadcrumb\",\"itemListElement\":[{\"@type\":\"ListItem\",\"position\":1,\"name\":\"Strona g\u0142\u00f3wna\",\"item\":\"https:\\\/\\\/ucbs.uw.edu.pl\\\/\"},{\"@type\":\"ListItem\",\"position\":2,\"name\":\"Home\",\"item\":\"https:\\\/\\\/ucbs.uw.edu.pl\\\/home\\\/\"},{\"@type\":\"ListItem\",\"position\":3,\"name\":\"O nas\",\"item\":\"https:\\\/\\\/ucbs.uw.edu.pl\\\/home\\\/o-nas\\\/\"},{\"@type\":\"ListItem\",\"position\":4,\"name\":\"Struktura\",\"item\":\"https:\\\/\\\/ucbs.uw.edu.pl\\\/home\\\/o-nas\\\/struktura\\\/\"},{\"@type\":\"ListItem\",\"position\":5,\"name\":\"Biblioteka 2.0\"}]},{\"@type\":\"WebSite\",\"@id\":\"https:\\\/\\\/ucbs.uw.edu.pl\\\/#website\",\"url\":\"https:\\\/\\\/ucbs.uw.edu.pl\\\/\",\"name\":\"Uniwersyteckie Centrum Bada\u0144 nad \u015arodowiskiem Przyrodniczym i Zr\u00f3wnowa\u017conym Rozwojem\",\"description\":\"7 Departments mean 7 times more opportunities\",\"publisher\":{\"@id\":\"https:\\\/\\\/ucbs.uw.edu.pl\\\/#organization\"},\"potentialAction\":[{\"@type\":\"SearchAction\",\"target\":{\"@type\":\"EntryPoint\",\"urlTemplate\":\"https:\\\/\\\/ucbs.uw.edu.pl\\\/?s={search_term_string}\"},\"query-input\":{\"@type\":\"PropertyValueSpecification\",\"valueRequired\":true,\"valueName\":\"search_term_string\"}}],\"inLanguage\":\"en-US\"},{\"@type\":\"Organization\",\"@id\":\"https:\\\/\\\/ucbs.uw.edu.pl\\\/#organization\",\"name\":\"Uniwersyteckie Centrum Bada\u0144 nad \u015arodowiskiem Przyrodniczym i Zr\u00f3wnowa\u017conym Rozwojem\",\"url\":\"https:\\\/\\\/ucbs.uw.edu.pl\\\/\",\"logo\":{\"@type\":\"ImageObject\",\"inLanguage\":\"en-US\",\"@id\":\"https:\\\/\\\/ucbs.uw.edu.pl\\\/#\\\/schema\\\/logo\\\/image\\\/\",\"url\":\"https:\\\/\\\/ucbs.uw.edu.pl\\\/wp-content\\\/uploads\\\/sites\\\/389\\\/2023\\\/09\\\/PL_zwykly_monochromatyczny_okragly.jpg\",\"contentUrl\":\"https:\\\/\\\/ucbs.uw.edu.pl\\\/wp-content\\\/uploads\\\/sites\\\/389\\\/2023\\\/09\\\/PL_zwykly_monochromatyczny_okragly.jpg\",\"width\":658,\"height\":710,\"caption\":\"Uniwersyteckie Centrum Bada\u0144 nad \u015arodowiskiem Przyrodniczym i Zr\u00f3wnowa\u017conym Rozwojem\"},\"image\":{\"@id\":\"https:\\\/\\\/ucbs.uw.edu.pl\\\/#\\\/schema\\\/logo\\\/image\\\/\"},\"sameAs\":[\"https:\\\/\\\/www.facebook.com\\\/ucbsuw\",\"https:\\\/\\\/x.com\\\/ucbsuw\",\"https:\\\/\\\/www.linkedin.com\\\/company\\\/19014166\\\/admin\\\/feed\\\/posts\\\/\"]}]}<\/script>\n<!-- \/ Yoast SEO plugin. -->","yoast_head_json":{"title":"[:pl]Biblioteka 2.0[:en]Library 2.0[:] - University Centre for Environmental Studies and Sustainable Development","robots":{"index":"index","follow":"follow","max-snippet":"max-snippet:-1","max-image-preview":"max-image-preview:large","max-video-preview":"max-video-preview:-1"},"canonical":"https:\/\/ucbs.uw.edu.pl\/home\/o-nas\/struktura\/biblioteka-ucbs\/","og_locale":"en_US","og_type":"article","og_title":"[:pl]Biblioteka 2.0[:en]Library 2.0[:] - University Centre for Environmental Studies and Sustainable Development","og_description":"The UCBS library is open from Monday to Friday from 8 am to 4 pm. The UCBS Library is located in the UW Geology Department building on the first floor in room 1104 (address: 93 \u017bwirki i Wigury Street) e-mail:\u00a0biblioteka.ucbs@uw.edu.pl We offer: Access to an extensive book collection (completely in free access), A reading room [&hellip;]","og_url":"https:\/\/ucbs.uw.edu.pl\/home\/o-nas\/struktura\/biblioteka-ucbs\/","og_site_name":"University Centre for Environmental Studies and Sustainable Development","article_publisher":"https:\/\/www.facebook.com\/ucbsuw","article_modified_time":"2025-06-03T13:24:05+00:00","og_image":[{"width":2560,"height":1920,"url":"https:\/\/ucbs.uw.edu.pl\/wp-content\/uploads\/sites\/389\/2023\/06\/IMG-8413-scaled.jpg","type":"image\/jpeg"}],"twitter_card":"summary_large_image","twitter_site":"@ucbsuw","twitter_misc":{"Est. reading time":"1 minute"},"schema":{"@context":"https:\/\/schema.org","@graph":[{"@type":"WebPage","@id":"https:\/\/ucbs.uw.edu.pl\/home\/o-nas\/struktura\/biblioteka-ucbs\/","url":"https:\/\/ucbs.uw.edu.pl\/home\/o-nas\/struktura\/biblioteka-ucbs\/","name":"[:pl]Biblioteka 2.0[:en]Library 2.0[:] - University Centre for Environmental Studies and Sustainable Development","isPartOf":{"@id":"https:\/\/ucbs.uw.edu.pl\/#website"},"primaryImageOfPage":{"@id":"https:\/\/ucbs.uw.edu.pl\/home\/o-nas\/struktura\/biblioteka-ucbs\/#primaryimage"},"image":{"@id":"https:\/\/ucbs.uw.edu.pl\/home\/o-nas\/struktura\/biblioteka-ucbs\/#primaryimage"},"thumbnailUrl":"https:\/\/ucbs.uw.edu.pl\/wp-content\/uploads\/sites\/389\/2023\/06\/IMG-8413-300x225.jpg","datePublished":"2021-03-15T07:21:24+00:00","dateModified":"2025-06-03T13:24:05+00:00","breadcrumb":{"@id":"https:\/\/ucbs.uw.edu.pl\/home\/o-nas\/struktura\/biblioteka-ucbs\/#breadcrumb"},"inLanguage":"en-US","potentialAction":[{"@type":"ReadAction","target":["https:\/\/ucbs.uw.edu.pl\/home\/o-nas\/struktura\/biblioteka-ucbs\/"]}]},{"@type":"ImageObject","inLanguage":"en-US","@id":"https:\/\/ucbs.uw.edu.pl\/home\/o-nas\/struktura\/biblioteka-ucbs\/#primaryimage","url":"https:\/\/ucbs.uw.edu.pl\/wp-content\/uploads\/sites\/389\/2023\/06\/IMG-8413-300x225.jpg","contentUrl":"https:\/\/ucbs.uw.edu.pl\/wp-content\/uploads\/sites\/389\/2023\/06\/IMG-8413-300x225.jpg"},{"@type":"BreadcrumbList","@id":"https:\/\/ucbs.uw.edu.pl\/home\/o-nas\/struktura\/biblioteka-ucbs\/#breadcrumb","itemListElement":[{"@type":"ListItem","position":1,"name":"Strona g\u0142\u00f3wna","item":"https:\/\/ucbs.uw.edu.pl\/"},{"@type":"ListItem","position":2,"name":"Home","item":"https:\/\/ucbs.uw.edu.pl\/home\/"},{"@type":"ListItem","position":3,"name":"O nas","item":"https:\/\/ucbs.uw.edu.pl\/home\/o-nas\/"},{"@type":"ListItem","position":4,"name":"Struktura","item":"https:\/\/ucbs.uw.edu.pl\/home\/o-nas\/struktura\/"},{"@type":"ListItem","position":5,"name":"Biblioteka 2.0"}]},{"@type":"WebSite","@id":"https:\/\/ucbs.uw.edu.pl\/#website","url":"https:\/\/ucbs.uw.edu.pl\/","name":"Uniwersyteckie Centrum Bada\u0144 nad \u015arodowiskiem Przyrodniczym i Zr\u00f3wnowa\u017conym Rozwojem","description":"7 Departments mean 7 times more opportunities","publisher":{"@id":"https:\/\/ucbs.uw.edu.pl\/#organization"},"potentialAction":[{"@type":"SearchAction","target":{"@type":"EntryPoint","urlTemplate":"https:\/\/ucbs.uw.edu.pl\/?s={search_term_string}"},"query-input":{"@type":"PropertyValueSpecification","valueRequired":true,"valueName":"search_term_string"}}],"inLanguage":"en-US"},{"@type":"Organization","@id":"https:\/\/ucbs.uw.edu.pl\/#organization","name":"Uniwersyteckie Centrum Bada\u0144 nad \u015arodowiskiem Przyrodniczym i Zr\u00f3wnowa\u017conym Rozwojem","url":"https:\/\/ucbs.uw.edu.pl\/","logo":{"@type":"ImageObject","inLanguage":"en-US","@id":"https:\/\/ucbs.uw.edu.pl\/#\/schema\/logo\/image\/","url":"https:\/\/ucbs.uw.edu.pl\/wp-content\/uploads\/sites\/389\/2023\/09\/PL_zwykly_monochromatyczny_okragly.jpg","contentUrl":"https:\/\/ucbs.uw.edu.pl\/wp-content\/uploads\/sites\/389\/2023\/09\/PL_zwykly_monochromatyczny_okragly.jpg","width":658,"height":710,"caption":"Uniwersyteckie Centrum Bada\u0144 nad \u015arodowiskiem Przyrodniczym i Zr\u00f3wnowa\u017conym Rozwojem"},"image":{"@id":"https:\/\/ucbs.uw.edu.pl\/#\/schema\/logo\/image\/"},"sameAs":["https:\/\/www.facebook.com\/ucbsuw","https:\/\/x.com\/ucbsuw","https:\/\/www.linkedin.com\/company\/19014166\/admin\/feed\/posts\/"]}]}},"_links":{"self":[{"href":"https:\/\/ucbs.uw.edu.pl\/en\/wp-json\/wp\/v2\/pages\/828","targetHints":{"allow":["GET"]}}],"collection":[{"href":"https:\/\/ucbs.uw.edu.pl\/en\/wp-json\/wp\/v2\/pages"}],"about":[{"href":"https:\/\/ucbs.uw.edu.pl\/en\/wp-json\/wp\/v2\/types\/page"}],"author":[{"embeddable":true,"href":"https:\/\/ucbs.uw.edu.pl\/en\/wp-json\/wp\/v2\/users\/1"}],"replies":[{"embeddable":true,"href":"https:\/\/ucbs.uw.edu.pl\/en\/wp-json\/wp\/v2\/comments?post=828"}],"version-history":[{"count":14,"href":"https:\/\/ucbs.uw.edu.pl\/en\/wp-json\/wp\/v2\/pages\/828\/revisions"}],"predecessor-version":[{"id":7855,"href":"https:\/\/ucbs.uw.edu.pl\/en\/wp-json\/wp\/v2\/pages\/828\/revisions\/7855"}],"up":[{"embeddable":true,"href":"https:\/\/ucbs.uw.edu.pl\/en\/wp-json\/wp\/v2\/pages\/587"}],"wp:attachment":[{"href":"https:\/\/ucbs.uw.edu.pl\/en\/wp-json\/wp\/v2\/media?parent=828"}],"curies":[{"name":"wp","href":"https:\/\/api.w.org\/{rel}","templated":true}]}}