{"id":660,"date":"2021-03-12T08:55:35","date_gmt":"2021-03-12T07:55:35","guid":{"rendered":"http:\/\/ucbs.uw.edu.pl\/?page_id=660"},"modified":"2023-09-11T11:16:49","modified_gmt":"2023-09-11T09:16:49","slug":"szkoly-doktorskie","status":"publish","type":"page","link":"https:\/\/ucbs.uw.edu.pl\/en\/student\/szkoly-doktorskie\/","title":{"rendered":"Szko\u0142y Doktorskie"},"content":{"rendered":"<div class=\"wrapper\">\n<p>Absolwenci studi\u00f3w II stopnia mog\u0105 kontynuowa\u0107 swoj\u0105 karier\u0119 naukow\u0105 i podj\u0105\u0107 kszta\u0142cenie w wybranej Szkole Doktorskiej Uniwersytetu Warszawskiego.<\/p>\n<p>17 kwietnia 2019 roku rektor UW powo\u0142a\u0142 cztery szko\u0142y doktorskie:<\/p>\n<ul>\n<li>Szko\u0142\u0119 Doktorsk\u0105 Nauk Humanistycznych,<\/li>\n<li>Szko\u0142\u0119 Doktorsk\u0105 Nauk Spo\u0142ecznych,<\/li>\n<li>Szko\u0142\u0119 Doktorsk\u0105 Nauk \u015acis\u0142ych i Przyrodniczych,<\/li>\n<li>Mi\u0119dzydziedzinow\u0105 Szko\u0142\u0119 Doktorsk\u0105.<\/li>\n<\/ul>\n<p>Szczeg\u00f3\u0142y dot. zasad organizacji szk\u00f3\u0142 doktorskich, program kszta\u0142cenia oraz zasady rekrutacji dost\u0119pne s\u0105 <span style=\"color: #ff6600\"><a style=\"color: #ff6600\" href=\"https:\/\/www.uw.edu.pl\/ksztalcenie\/studia-iii-stopnia\/\" target=\"_blank\" rel=\"noopener\">tutaj<\/a><\/span><\/p>\n<p><span style=\"color: #ff6600\"><a style=\"color: #ff6600\" href=\"http:\/\/studiadoktoranckie.uw.edu.pl\" target=\"_blank\" rel=\"noopener\">Biuro ds. studi\u00f3w doktoranckich<\/a><\/span><\/p>\n<p>Doktorat mo\u017cna tak\u017ce zrealizowa\u0107 w wybranym instytucie naukowo-badawczym np. Instytut Ochrony \u015arodowiska, Instytut Geologiczny, Polska Akademia Nauk.<\/p>\n<p>Szczeg\u00f3\u0142owych informacji na temat zasad kwalifikacji nale\u017cy szuka\u0107 na stronach poszczeg\u00f3lnych jednostek.<\/p>\n<\/div>","protected":false},"excerpt":{"rendered":"<p>Absolwenci studi\u00f3w II stopnia mog\u0105 kontynuowa\u0107 swoj\u0105 karier\u0119 naukow\u0105 i podj\u0105\u0107 kszta\u0142cenie w wybranej Szkole Doktorskiej Uniwersytetu Warszawskiego. 17 kwietnia 2019 roku rektor UW powo\u0142a\u0142 cztery szko\u0142y doktorskie: Szko\u0142\u0119 Doktorsk\u0105 Nauk Humanistycznych, Szko\u0142\u0119 Doktorsk\u0105 Nauk Spo\u0142ecznych, Szko\u0142\u0119 Doktorsk\u0105 Nauk \u015acis\u0142ych i Przyrodniczych, Mi\u0119dzydziedzinow\u0105 Szko\u0142\u0119 Doktorsk\u0105. Szczeg\u00f3\u0142y dot. zasad organizacji szk\u00f3\u0142 doktorskich, program kszta\u0142cenia oraz zasady [&hellip;]<\/p>\n","protected":false},"author":1,"featured_media":0,"parent":613,"menu_order":0,"comment_status":"closed","ping_status":"closed","template":"","meta":{"_acf_changed":false,"_exactmetrics_skip_tracking":false,"_exactmetrics_sitenote_active":false,"_exactmetrics_sitenote_note":"","_exactmetrics_sitenote_category":0,"_uf_show_specific_survey":0,"_uf_disable_surveys":false,"footnotes":"","_links_to":"","_links_to_target":""},"class_list":["post-660","page","type-page","status-publish","hentry","post"],"acf":[],"yoast_head":"<!-- This site is optimized with the Yoast SEO plugin v27.4 - https:\/\/yoast.com\/product\/yoast-seo-wordpress\/ -->\n<title>Szko\u0142y Doktorskie - University Centre for Environmental Studies and Sustainable Development<\/title>\n<meta name=\"robots\" content=\"index, follow, max-snippet:-1, max-image-preview:large, max-video-preview:-1\" \/>\n<link rel=\"canonical\" href=\"https:\/\/ucbs.uw.edu.pl\/student\/szkoly-doktorskie\/\" \/>\n<meta property=\"og:locale\" content=\"en_US\" \/>\n<meta property=\"og:type\" content=\"article\" \/>\n<meta property=\"og:title\" content=\"Szko\u0142y Doktorskie - University Centre for Environmental Studies and Sustainable Development\" \/>\n<meta property=\"og:description\" content=\"Absolwenci studi\u00f3w II stopnia mog\u0105 kontynuowa\u0107 swoj\u0105 karier\u0119 naukow\u0105 i podj\u0105\u0107 kszta\u0142cenie w wybranej Szkole Doktorskiej Uniwersytetu Warszawskiego. 17 kwietnia 2019 roku rektor UW powo\u0142a\u0142 cztery szko\u0142y doktorskie: Szko\u0142\u0119 Doktorsk\u0105 Nauk Humanistycznych, Szko\u0142\u0119 Doktorsk\u0105 Nauk Spo\u0142ecznych, Szko\u0142\u0119 Doktorsk\u0105 Nauk \u015acis\u0142ych i Przyrodniczych, Mi\u0119dzydziedzinow\u0105 Szko\u0142\u0119 Doktorsk\u0105. Szczeg\u00f3\u0142y dot. zasad organizacji szk\u00f3\u0142 doktorskich, program kszta\u0142cenia oraz zasady [&hellip;]\" \/>\n<meta property=\"og:url\" content=\"https:\/\/ucbs.uw.edu.pl\/student\/szkoly-doktorskie\/\" \/>\n<meta property=\"og:site_name\" content=\"University Centre for Environmental Studies and Sustainable Development\" \/>\n<meta property=\"article:publisher\" content=\"https:\/\/www.facebook.com\/ucbsuw\" \/>\n<meta property=\"article:modified_time\" content=\"2023-09-11T09:16:49+00:00\" \/>\n<meta name=\"twitter:card\" content=\"summary_large_image\" \/>\n<meta name=\"twitter:site\" content=\"@ucbsuw\" \/>\n<meta name=\"twitter:label1\" content=\"Est. reading time\" \/>\n\t<meta name=\"twitter:data1\" content=\"1 minute\" \/>\n<script type=\"application\/ld+json\" class=\"yoast-schema-graph\">{\"@context\":\"https:\\\/\\\/schema.org\",\"@graph\":[{\"@type\":\"WebPage\",\"@id\":\"https:\\\/\\\/ucbs.uw.edu.pl\\\/student\\\/szkoly-doktorskie\\\/\",\"url\":\"https:\\\/\\\/ucbs.uw.edu.pl\\\/student\\\/szkoly-doktorskie\\\/\",\"name\":\"Szko\u0142y Doktorskie - University Centre for Environmental Studies and Sustainable Development\",\"isPartOf\":{\"@id\":\"https:\\\/\\\/ucbs.uw.edu.pl\\\/#website\"},\"datePublished\":\"2021-03-12T07:55:35+00:00\",\"dateModified\":\"2023-09-11T09:16:49+00:00\",\"breadcrumb\":{\"@id\":\"https:\\\/\\\/ucbs.uw.edu.pl\\\/student\\\/szkoly-doktorskie\\\/#breadcrumb\"},\"inLanguage\":\"en-US\",\"potentialAction\":[{\"@type\":\"ReadAction\",\"target\":[\"https:\\\/\\\/ucbs.uw.edu.pl\\\/student\\\/szkoly-doktorskie\\\/\"]}]},{\"@type\":\"BreadcrumbList\",\"@id\":\"https:\\\/\\\/ucbs.uw.edu.pl\\\/student\\\/szkoly-doktorskie\\\/#breadcrumb\",\"itemListElement\":[{\"@type\":\"ListItem\",\"position\":1,\"name\":\"Strona g\u0142\u00f3wna\",\"item\":\"https:\\\/\\\/ucbs.uw.edu.pl\\\/\"},{\"@type\":\"ListItem\",\"position\":2,\"name\":\"Absolwent\",\"item\":\"https:\\\/\\\/ucbs.uw.edu.pl\\\/student\\\/\"},{\"@type\":\"ListItem\",\"position\":3,\"name\":\"Szko\u0142y Doktorskie\"}]},{\"@type\":\"WebSite\",\"@id\":\"https:\\\/\\\/ucbs.uw.edu.pl\\\/#website\",\"url\":\"https:\\\/\\\/ucbs.uw.edu.pl\\\/\",\"name\":\"Uniwersyteckie Centrum Bada\u0144 nad \u015arodowiskiem Przyrodniczym i Zr\u00f3wnowa\u017conym Rozwojem\",\"description\":\"7 Departments mean 7 times more opportunities\",\"publisher\":{\"@id\":\"https:\\\/\\\/ucbs.uw.edu.pl\\\/#organization\"},\"potentialAction\":[{\"@type\":\"SearchAction\",\"target\":{\"@type\":\"EntryPoint\",\"urlTemplate\":\"https:\\\/\\\/ucbs.uw.edu.pl\\\/?s={search_term_string}\"},\"query-input\":{\"@type\":\"PropertyValueSpecification\",\"valueRequired\":true,\"valueName\":\"search_term_string\"}}],\"inLanguage\":\"en-US\"},{\"@type\":\"Organization\",\"@id\":\"https:\\\/\\\/ucbs.uw.edu.pl\\\/#organization\",\"name\":\"Uniwersyteckie Centrum Bada\u0144 nad \u015arodowiskiem Przyrodniczym i Zr\u00f3wnowa\u017conym Rozwojem\",\"url\":\"https:\\\/\\\/ucbs.uw.edu.pl\\\/\",\"logo\":{\"@type\":\"ImageObject\",\"inLanguage\":\"en-US\",\"@id\":\"https:\\\/\\\/ucbs.uw.edu.pl\\\/#\\\/schema\\\/logo\\\/image\\\/\",\"url\":\"https:\\\/\\\/ucbs.uw.edu.pl\\\/wp-content\\\/uploads\\\/sites\\\/389\\\/2023\\\/09\\\/PL_zwykly_monochromatyczny_okragly.jpg\",\"contentUrl\":\"https:\\\/\\\/ucbs.uw.edu.pl\\\/wp-content\\\/uploads\\\/sites\\\/389\\\/2023\\\/09\\\/PL_zwykly_monochromatyczny_okragly.jpg\",\"width\":658,\"height\":710,\"caption\":\"Uniwersyteckie Centrum Bada\u0144 nad \u015arodowiskiem Przyrodniczym i Zr\u00f3wnowa\u017conym Rozwojem\"},\"image\":{\"@id\":\"https:\\\/\\\/ucbs.uw.edu.pl\\\/#\\\/schema\\\/logo\\\/image\\\/\"},\"sameAs\":[\"https:\\\/\\\/www.facebook.com\\\/ucbsuw\",\"https:\\\/\\\/x.com\\\/ucbsuw\",\"https:\\\/\\\/www.linkedin.com\\\/company\\\/19014166\\\/admin\\\/feed\\\/posts\\\/\"]}]}<\/script>\n<!-- \/ Yoast SEO plugin. -->","yoast_head_json":{"title":"Szko\u0142y Doktorskie - University Centre for Environmental Studies and Sustainable Development","robots":{"index":"index","follow":"follow","max-snippet":"max-snippet:-1","max-image-preview":"max-image-preview:large","max-video-preview":"max-video-preview:-1"},"canonical":"https:\/\/ucbs.uw.edu.pl\/student\/szkoly-doktorskie\/","og_locale":"en_US","og_type":"article","og_title":"Szko\u0142y Doktorskie - University Centre for Environmental Studies and Sustainable Development","og_description":"Absolwenci studi\u00f3w II stopnia mog\u0105 kontynuowa\u0107 swoj\u0105 karier\u0119 naukow\u0105 i podj\u0105\u0107 kszta\u0142cenie w wybranej Szkole Doktorskiej Uniwersytetu Warszawskiego. 17 kwietnia 2019 roku rektor UW powo\u0142a\u0142 cztery szko\u0142y doktorskie: Szko\u0142\u0119 Doktorsk\u0105 Nauk Humanistycznych, Szko\u0142\u0119 Doktorsk\u0105 Nauk Spo\u0142ecznych, Szko\u0142\u0119 Doktorsk\u0105 Nauk \u015acis\u0142ych i Przyrodniczych, Mi\u0119dzydziedzinow\u0105 Szko\u0142\u0119 Doktorsk\u0105. Szczeg\u00f3\u0142y dot. zasad organizacji szk\u00f3\u0142 doktorskich, program kszta\u0142cenia oraz zasady [&hellip;]","og_url":"https:\/\/ucbs.uw.edu.pl\/student\/szkoly-doktorskie\/","og_site_name":"University Centre for Environmental Studies and Sustainable Development","article_publisher":"https:\/\/www.facebook.com\/ucbsuw","article_modified_time":"2023-09-11T09:16:49+00:00","twitter_card":"summary_large_image","twitter_site":"@ucbsuw","twitter_misc":{"Est. reading time":"1 minute"},"schema":{"@context":"https:\/\/schema.org","@graph":[{"@type":"WebPage","@id":"https:\/\/ucbs.uw.edu.pl\/student\/szkoly-doktorskie\/","url":"https:\/\/ucbs.uw.edu.pl\/student\/szkoly-doktorskie\/","name":"Szko\u0142y Doktorskie - University Centre for Environmental Studies and Sustainable Development","isPartOf":{"@id":"https:\/\/ucbs.uw.edu.pl\/#website"},"datePublished":"2021-03-12T07:55:35+00:00","dateModified":"2023-09-11T09:16:49+00:00","breadcrumb":{"@id":"https:\/\/ucbs.uw.edu.pl\/student\/szkoly-doktorskie\/#breadcrumb"},"inLanguage":"en-US","potentialAction":[{"@type":"ReadAction","target":["https:\/\/ucbs.uw.edu.pl\/student\/szkoly-doktorskie\/"]}]},{"@type":"BreadcrumbList","@id":"https:\/\/ucbs.uw.edu.pl\/student\/szkoly-doktorskie\/#breadcrumb","itemListElement":[{"@type":"ListItem","position":1,"name":"Strona g\u0142\u00f3wna","item":"https:\/\/ucbs.uw.edu.pl\/"},{"@type":"ListItem","position":2,"name":"Absolwent","item":"https:\/\/ucbs.uw.edu.pl\/student\/"},{"@type":"ListItem","position":3,"name":"Szko\u0142y Doktorskie"}]},{"@type":"WebSite","@id":"https:\/\/ucbs.uw.edu.pl\/#website","url":"https:\/\/ucbs.uw.edu.pl\/","name":"Uniwersyteckie Centrum Bada\u0144 nad \u015arodowiskiem Przyrodniczym i Zr\u00f3wnowa\u017conym Rozwojem","description":"7 Departments mean 7 times more opportunities","publisher":{"@id":"https:\/\/ucbs.uw.edu.pl\/#organization"},"potentialAction":[{"@type":"SearchAction","target":{"@type":"EntryPoint","urlTemplate":"https:\/\/ucbs.uw.edu.pl\/?s={search_term_string}"},"query-input":{"@type":"PropertyValueSpecification","valueRequired":true,"valueName":"search_term_string"}}],"inLanguage":"en-US"},{"@type":"Organization","@id":"https:\/\/ucbs.uw.edu.pl\/#organization","name":"Uniwersyteckie Centrum Bada\u0144 nad \u015arodowiskiem Przyrodniczym i Zr\u00f3wnowa\u017conym Rozwojem","url":"https:\/\/ucbs.uw.edu.pl\/","logo":{"@type":"ImageObject","inLanguage":"en-US","@id":"https:\/\/ucbs.uw.edu.pl\/#\/schema\/logo\/image\/","url":"https:\/\/ucbs.uw.edu.pl\/wp-content\/uploads\/sites\/389\/2023\/09\/PL_zwykly_monochromatyczny_okragly.jpg","contentUrl":"https:\/\/ucbs.uw.edu.pl\/wp-content\/uploads\/sites\/389\/2023\/09\/PL_zwykly_monochromatyczny_okragly.jpg","width":658,"height":710,"caption":"Uniwersyteckie Centrum Bada\u0144 nad \u015arodowiskiem Przyrodniczym i Zr\u00f3wnowa\u017conym Rozwojem"},"image":{"@id":"https:\/\/ucbs.uw.edu.pl\/#\/schema\/logo\/image\/"},"sameAs":["https:\/\/www.facebook.com\/ucbsuw","https:\/\/x.com\/ucbsuw","https:\/\/www.linkedin.com\/company\/19014166\/admin\/feed\/posts\/"]}]}},"_links":{"self":[{"href":"https:\/\/ucbs.uw.edu.pl\/en\/wp-json\/wp\/v2\/pages\/660","targetHints":{"allow":["GET"]}}],"collection":[{"href":"https:\/\/ucbs.uw.edu.pl\/en\/wp-json\/wp\/v2\/pages"}],"about":[{"href":"https:\/\/ucbs.uw.edu.pl\/en\/wp-json\/wp\/v2\/types\/page"}],"author":[{"embeddable":true,"href":"https:\/\/ucbs.uw.edu.pl\/en\/wp-json\/wp\/v2\/users\/1"}],"replies":[{"embeddable":true,"href":"https:\/\/ucbs.uw.edu.pl\/en\/wp-json\/wp\/v2\/comments?post=660"}],"version-history":[{"count":2,"href":"https:\/\/ucbs.uw.edu.pl\/en\/wp-json\/wp\/v2\/pages\/660\/revisions"}],"predecessor-version":[{"id":5531,"href":"https:\/\/ucbs.uw.edu.pl\/en\/wp-json\/wp\/v2\/pages\/660\/revisions\/5531"}],"up":[{"embeddable":true,"href":"https:\/\/ucbs.uw.edu.pl\/en\/wp-json\/wp\/v2\/pages\/613"}],"wp:attachment":[{"href":"https:\/\/ucbs.uw.edu.pl\/en\/wp-json\/wp\/v2\/media?parent=660"}],"curies":[{"name":"wp","href":"https:\/\/api.w.org\/{rel}","templated":true}]}}