{"id":6507,"date":"2024-01-05T14:52:07","date_gmt":"2024-01-05T13:52:07","guid":{"rendered":"https:\/\/ucbs.uw.edu.pl\/?page_id=6507"},"modified":"2024-06-25T14:15:58","modified_gmt":"2024-06-25T12:15:58","slug":"plany-zajec-sesja-egzaminacyjna","status":"publish","type":"page","link":"https:\/\/ucbs.uw.edu.pl\/en\/plany-zajec-sesja-egzaminacyjna\/","title":{"rendered":"Lesson plans and Exam session schedule"},"content":{"rendered":"<img loading=\"lazy\" decoding=\"async\" class=\" wp-image-7112 aligncenter\" src=\"https:\/\/ucbs.uw.edu.pl\/wp-content\/uploads\/sites\/389\/2024\/06\/gfd-300x200.jpg\" alt=\"\" width=\"794\" height=\"529\" srcset=\"https:\/\/ucbs.uw.edu.pl\/wp-content\/uploads\/sites\/389\/2024\/06\/gfd-300x200.jpg 300w, https:\/\/ucbs.uw.edu.pl\/wp-content\/uploads\/sites\/389\/2024\/06\/gfd-1024x681.jpg 1024w, https:\/\/ucbs.uw.edu.pl\/wp-content\/uploads\/sites\/389\/2024\/06\/gfd-768x511.jpg 768w, https:\/\/ucbs.uw.edu.pl\/wp-content\/uploads\/sites\/389\/2024\/06\/gfd-1536x1022.jpg 1536w, https:\/\/ucbs.uw.edu.pl\/wp-content\/uploads\/sites\/389\/2024\/06\/gfd-2048x1363.jpg 2048w, https:\/\/ucbs.uw.edu.pl\/wp-content\/uploads\/sites\/389\/2024\/06\/gfd-272x182.jpg 272w\" sizes=\"auto, (max-width: 794px) 100vw, 794px\" \/><\/p>\n<ul>\n<li><span style=\"font-size: 14pt;\"><strong><span style=\"color: #ff6600;\"><a style=\"color: #ff6600;\" href=\"https:\/\/ucbs.uw.edu.pl\/en\/home\/dla-studentow\/plany-zajec\/\">Lesson Plans<\/a><\/span><\/strong><\/span><\/li>\n<li><span style=\"font-size: 14pt;\"><strong><span style=\"color: #ff6600;\"><a style=\"color: #ff6600;\" href=\"https:\/\/ucbs.uw.edu.pl\/en\/home\/plany\/harmonogram-sesji-egzaminacyjnej\/\">Exam session schedule<\/a><\/span><\/strong><\/span><\/li>\n<\/ul>","protected":false},"excerpt":{"rendered":"<p>Lesson Plans Exam session schedule<\/p>\n","protected":false},"author":3,"featured_media":0,"parent":0,"menu_order":0,"comment_status":"closed","ping_status":"closed","template":"","meta":{"_acf_changed":false,"_exactmetrics_skip_tracking":false,"_exactmetrics_sitenote_active":false,"_exactmetrics_sitenote_note":"","_exactmetrics_sitenote_category":0,"_uf_show_specific_survey":0,"_uf_disable_surveys":false,"footnotes":"","_links_to":"","_links_to_target":""},"class_list":["post-6507","page","type-page","status-publish","hentry","post"],"acf":[],"yoast_head":"<!-- This site is optimized with the Yoast SEO plugin v27.4 - https:\/\/yoast.com\/product\/yoast-seo-wordpress\/ -->\n<title>Lesson plans and Exam session schedule - University Centre for Environmental Studies and Sustainable Development<\/title>\n<meta name=\"robots\" content=\"index, follow, max-snippet:-1, max-image-preview:large, max-video-preview:-1\" \/>\n<link rel=\"canonical\" href=\"https:\/\/ucbs.uw.edu.pl\/plany-zajec-sesja-egzaminacyjna\/\" \/>\n<meta property=\"og:locale\" content=\"en_US\" \/>\n<meta property=\"og:type\" content=\"article\" \/>\n<meta property=\"og:title\" content=\"[:pl]Plany zaj\u0119\u0107\/ sesja egzaminacyjna[:en]Lesson plans and Exam session schedule[:] - University Centre for Environmental Studies and Sustainable Development\" \/>\n<meta property=\"og:description\" content=\"Lesson Plans Exam session schedule\" \/>\n<meta property=\"og:url\" content=\"https:\/\/ucbs.uw.edu.pl\/plany-zajec-sesja-egzaminacyjna\/\" \/>\n<meta property=\"og:site_name\" content=\"University Centre for Environmental Studies and Sustainable Development\" \/>\n<meta property=\"article:publisher\" content=\"https:\/\/www.facebook.com\/ucbsuw\" \/>\n<meta property=\"article:modified_time\" content=\"2024-06-25T12:15:58+00:00\" \/>\n<meta property=\"og:image\" content=\"https:\/\/ucbs.uw.edu.pl\/wp-content\/uploads\/sites\/389\/2024\/06\/gfd-300x200.jpg\" \/>\n<meta name=\"twitter:card\" content=\"summary_large_image\" \/>\n<meta name=\"twitter:site\" content=\"@ucbsuw\" \/>\n<meta name=\"twitter:label1\" content=\"Est. reading time\" \/>\n\t<meta name=\"twitter:data1\" content=\"1 minute\" \/>\n<script type=\"application\/ld+json\" class=\"yoast-schema-graph\">{\"@context\":\"https:\\\/\\\/schema.org\",\"@graph\":[{\"@type\":\"WebPage\",\"@id\":\"https:\\\/\\\/ucbs.uw.edu.pl\\\/plany-zajec-sesja-egzaminacyjna\\\/\",\"url\":\"https:\\\/\\\/ucbs.uw.edu.pl\\\/plany-zajec-sesja-egzaminacyjna\\\/\",\"name\":\"[:pl]Plany zaj\u0119\u0107\\\/ sesja egzaminacyjna[:en]Lesson plans and Exam session schedule[:] - University Centre for Environmental Studies and Sustainable Development\",\"isPartOf\":{\"@id\":\"https:\\\/\\\/ucbs.uw.edu.pl\\\/#website\"},\"primaryImageOfPage\":{\"@id\":\"https:\\\/\\\/ucbs.uw.edu.pl\\\/plany-zajec-sesja-egzaminacyjna\\\/#primaryimage\"},\"image\":{\"@id\":\"https:\\\/\\\/ucbs.uw.edu.pl\\\/plany-zajec-sesja-egzaminacyjna\\\/#primaryimage\"},\"thumbnailUrl\":\"https:\\\/\\\/ucbs.uw.edu.pl\\\/wp-content\\\/uploads\\\/sites\\\/389\\\/2024\\\/06\\\/gfd-300x200.jpg\",\"datePublished\":\"2024-01-05T13:52:07+00:00\",\"dateModified\":\"2024-06-25T12:15:58+00:00\",\"breadcrumb\":{\"@id\":\"https:\\\/\\\/ucbs.uw.edu.pl\\\/plany-zajec-sesja-egzaminacyjna\\\/#breadcrumb\"},\"inLanguage\":\"en-US\",\"potentialAction\":[{\"@type\":\"ReadAction\",\"target\":[\"https:\\\/\\\/ucbs.uw.edu.pl\\\/plany-zajec-sesja-egzaminacyjna\\\/\"]}]},{\"@type\":\"ImageObject\",\"inLanguage\":\"en-US\",\"@id\":\"https:\\\/\\\/ucbs.uw.edu.pl\\\/plany-zajec-sesja-egzaminacyjna\\\/#primaryimage\",\"url\":\"https:\\\/\\\/ucbs.uw.edu.pl\\\/wp-content\\\/uploads\\\/sites\\\/389\\\/2024\\\/06\\\/gfd-300x200.jpg\",\"contentUrl\":\"https:\\\/\\\/ucbs.uw.edu.pl\\\/wp-content\\\/uploads\\\/sites\\\/389\\\/2024\\\/06\\\/gfd-300x200.jpg\"},{\"@type\":\"BreadcrumbList\",\"@id\":\"https:\\\/\\\/ucbs.uw.edu.pl\\\/plany-zajec-sesja-egzaminacyjna\\\/#breadcrumb\",\"itemListElement\":[{\"@type\":\"ListItem\",\"position\":1,\"name\":\"Strona g\u0142\u00f3wna\",\"item\":\"https:\\\/\\\/ucbs.uw.edu.pl\\\/\"},{\"@type\":\"ListItem\",\"position\":2,\"name\":\"Plany zaj\u0119\u0107\\\/ sesja egzaminacyjna\"}]},{\"@type\":\"WebSite\",\"@id\":\"https:\\\/\\\/ucbs.uw.edu.pl\\\/#website\",\"url\":\"https:\\\/\\\/ucbs.uw.edu.pl\\\/\",\"name\":\"Uniwersyteckie Centrum Bada\u0144 nad \u015arodowiskiem Przyrodniczym i Zr\u00f3wnowa\u017conym Rozwojem\",\"description\":\"7 Departments mean 7 times more opportunities\",\"publisher\":{\"@id\":\"https:\\\/\\\/ucbs.uw.edu.pl\\\/#organization\"},\"potentialAction\":[{\"@type\":\"SearchAction\",\"target\":{\"@type\":\"EntryPoint\",\"urlTemplate\":\"https:\\\/\\\/ucbs.uw.edu.pl\\\/?s={search_term_string}\"},\"query-input\":{\"@type\":\"PropertyValueSpecification\",\"valueRequired\":true,\"valueName\":\"search_term_string\"}}],\"inLanguage\":\"en-US\"},{\"@type\":\"Organization\",\"@id\":\"https:\\\/\\\/ucbs.uw.edu.pl\\\/#organization\",\"name\":\"Uniwersyteckie Centrum Bada\u0144 nad \u015arodowiskiem Przyrodniczym i Zr\u00f3wnowa\u017conym Rozwojem\",\"url\":\"https:\\\/\\\/ucbs.uw.edu.pl\\\/\",\"logo\":{\"@type\":\"ImageObject\",\"inLanguage\":\"en-US\",\"@id\":\"https:\\\/\\\/ucbs.uw.edu.pl\\\/#\\\/schema\\\/logo\\\/image\\\/\",\"url\":\"https:\\\/\\\/ucbs.uw.edu.pl\\\/wp-content\\\/uploads\\\/sites\\\/389\\\/2023\\\/09\\\/PL_zwykly_monochromatyczny_okragly.jpg\",\"contentUrl\":\"https:\\\/\\\/ucbs.uw.edu.pl\\\/wp-content\\\/uploads\\\/sites\\\/389\\\/2023\\\/09\\\/PL_zwykly_monochromatyczny_okragly.jpg\",\"width\":658,\"height\":710,\"caption\":\"Uniwersyteckie Centrum Bada\u0144 nad \u015arodowiskiem Przyrodniczym i Zr\u00f3wnowa\u017conym Rozwojem\"},\"image\":{\"@id\":\"https:\\\/\\\/ucbs.uw.edu.pl\\\/#\\\/schema\\\/logo\\\/image\\\/\"},\"sameAs\":[\"https:\\\/\\\/www.facebook.com\\\/ucbsuw\",\"https:\\\/\\\/x.com\\\/ucbsuw\",\"https:\\\/\\\/www.linkedin.com\\\/company\\\/19014166\\\/admin\\\/feed\\\/posts\\\/\"]}]}<\/script>\n<!-- \/ Yoast SEO plugin. -->","yoast_head_json":{"title":"[:pl]Plany zaj\u0119\u0107\/ sesja egzaminacyjna[:en]Lesson plans and Exam session schedule[:] - University Centre for Environmental Studies and Sustainable Development","robots":{"index":"index","follow":"follow","max-snippet":"max-snippet:-1","max-image-preview":"max-image-preview:large","max-video-preview":"max-video-preview:-1"},"canonical":"https:\/\/ucbs.uw.edu.pl\/plany-zajec-sesja-egzaminacyjna\/","og_locale":"en_US","og_type":"article","og_title":"[:pl]Plany zaj\u0119\u0107\/ sesja egzaminacyjna[:en]Lesson plans and Exam session schedule[:] - University Centre for Environmental Studies and Sustainable Development","og_description":"Lesson Plans Exam session schedule","og_url":"https:\/\/ucbs.uw.edu.pl\/plany-zajec-sesja-egzaminacyjna\/","og_site_name":"University Centre for Environmental Studies and Sustainable Development","article_publisher":"https:\/\/www.facebook.com\/ucbsuw","article_modified_time":"2024-06-25T12:15:58+00:00","og_image":[{"url":"https:\/\/ucbs.uw.edu.pl\/wp-content\/uploads\/sites\/389\/2024\/06\/gfd-300x200.jpg","type":"","width":"","height":""}],"twitter_card":"summary_large_image","twitter_site":"@ucbsuw","twitter_misc":{"Est. reading time":"1 minute"},"schema":{"@context":"https:\/\/schema.org","@graph":[{"@type":"WebPage","@id":"https:\/\/ucbs.uw.edu.pl\/plany-zajec-sesja-egzaminacyjna\/","url":"https:\/\/ucbs.uw.edu.pl\/plany-zajec-sesja-egzaminacyjna\/","name":"[:pl]Plany zaj\u0119\u0107\/ sesja egzaminacyjna[:en]Lesson plans and Exam session schedule[:] - University Centre for Environmental Studies and Sustainable Development","isPartOf":{"@id":"https:\/\/ucbs.uw.edu.pl\/#website"},"primaryImageOfPage":{"@id":"https:\/\/ucbs.uw.edu.pl\/plany-zajec-sesja-egzaminacyjna\/#primaryimage"},"image":{"@id":"https:\/\/ucbs.uw.edu.pl\/plany-zajec-sesja-egzaminacyjna\/#primaryimage"},"thumbnailUrl":"https:\/\/ucbs.uw.edu.pl\/wp-content\/uploads\/sites\/389\/2024\/06\/gfd-300x200.jpg","datePublished":"2024-01-05T13:52:07+00:00","dateModified":"2024-06-25T12:15:58+00:00","breadcrumb":{"@id":"https:\/\/ucbs.uw.edu.pl\/plany-zajec-sesja-egzaminacyjna\/#breadcrumb"},"inLanguage":"en-US","potentialAction":[{"@type":"ReadAction","target":["https:\/\/ucbs.uw.edu.pl\/plany-zajec-sesja-egzaminacyjna\/"]}]},{"@type":"ImageObject","inLanguage":"en-US","@id":"https:\/\/ucbs.uw.edu.pl\/plany-zajec-sesja-egzaminacyjna\/#primaryimage","url":"https:\/\/ucbs.uw.edu.pl\/wp-content\/uploads\/sites\/389\/2024\/06\/gfd-300x200.jpg","contentUrl":"https:\/\/ucbs.uw.edu.pl\/wp-content\/uploads\/sites\/389\/2024\/06\/gfd-300x200.jpg"},{"@type":"BreadcrumbList","@id":"https:\/\/ucbs.uw.edu.pl\/plany-zajec-sesja-egzaminacyjna\/#breadcrumb","itemListElement":[{"@type":"ListItem","position":1,"name":"Strona g\u0142\u00f3wna","item":"https:\/\/ucbs.uw.edu.pl\/"},{"@type":"ListItem","position":2,"name":"Plany zaj\u0119\u0107\/ sesja egzaminacyjna"}]},{"@type":"WebSite","@id":"https:\/\/ucbs.uw.edu.pl\/#website","url":"https:\/\/ucbs.uw.edu.pl\/","name":"Uniwersyteckie Centrum Bada\u0144 nad \u015arodowiskiem Przyrodniczym i Zr\u00f3wnowa\u017conym Rozwojem","description":"7 Departments mean 7 times more opportunities","publisher":{"@id":"https:\/\/ucbs.uw.edu.pl\/#organization"},"potentialAction":[{"@type":"SearchAction","target":{"@type":"EntryPoint","urlTemplate":"https:\/\/ucbs.uw.edu.pl\/?s={search_term_string}"},"query-input":{"@type":"PropertyValueSpecification","valueRequired":true,"valueName":"search_term_string"}}],"inLanguage":"en-US"},{"@type":"Organization","@id":"https:\/\/ucbs.uw.edu.pl\/#organization","name":"Uniwersyteckie Centrum Bada\u0144 nad \u015arodowiskiem Przyrodniczym i Zr\u00f3wnowa\u017conym Rozwojem","url":"https:\/\/ucbs.uw.edu.pl\/","logo":{"@type":"ImageObject","inLanguage":"en-US","@id":"https:\/\/ucbs.uw.edu.pl\/#\/schema\/logo\/image\/","url":"https:\/\/ucbs.uw.edu.pl\/wp-content\/uploads\/sites\/389\/2023\/09\/PL_zwykly_monochromatyczny_okragly.jpg","contentUrl":"https:\/\/ucbs.uw.edu.pl\/wp-content\/uploads\/sites\/389\/2023\/09\/PL_zwykly_monochromatyczny_okragly.jpg","width":658,"height":710,"caption":"Uniwersyteckie Centrum Bada\u0144 nad \u015arodowiskiem Przyrodniczym i Zr\u00f3wnowa\u017conym Rozwojem"},"image":{"@id":"https:\/\/ucbs.uw.edu.pl\/#\/schema\/logo\/image\/"},"sameAs":["https:\/\/www.facebook.com\/ucbsuw","https:\/\/x.com\/ucbsuw","https:\/\/www.linkedin.com\/company\/19014166\/admin\/feed\/posts\/"]}]}},"_links":{"self":[{"href":"https:\/\/ucbs.uw.edu.pl\/en\/wp-json\/wp\/v2\/pages\/6507","targetHints":{"allow":["GET"]}}],"collection":[{"href":"https:\/\/ucbs.uw.edu.pl\/en\/wp-json\/wp\/v2\/pages"}],"about":[{"href":"https:\/\/ucbs.uw.edu.pl\/en\/wp-json\/wp\/v2\/types\/page"}],"author":[{"embeddable":true,"href":"https:\/\/ucbs.uw.edu.pl\/en\/wp-json\/wp\/v2\/users\/3"}],"replies":[{"embeddable":true,"href":"https:\/\/ucbs.uw.edu.pl\/en\/wp-json\/wp\/v2\/comments?post=6507"}],"version-history":[{"count":3,"href":"https:\/\/ucbs.uw.edu.pl\/en\/wp-json\/wp\/v2\/pages\/6507\/revisions"}],"predecessor-version":[{"id":7114,"href":"https:\/\/ucbs.uw.edu.pl\/en\/wp-json\/wp\/v2\/pages\/6507\/revisions\/7114"}],"wp:attachment":[{"href":"https:\/\/ucbs.uw.edu.pl\/en\/wp-json\/wp\/v2\/media?parent=6507"}],"curies":[{"name":"wp","href":"https:\/\/api.w.org\/{rel}","templated":true}]}}