{"id":6209,"date":"2023-11-20T10:05:49","date_gmt":"2023-11-20T09:05:49","guid":{"rendered":"https:\/\/ucbs.uw.edu.pl\/?page_id=6209"},"modified":"2025-06-09T15:55:09","modified_gmt":"2025-06-09T13:55:09","slug":"jestesmy-czlonkiem-sojuszu-4eu","status":"publish","type":"page","link":"https:\/\/ucbs.uw.edu.pl\/en\/jestesmy-czlonkiem-sojuszu-4eu\/","title":{"rendered":""},"content":{"rendered":"<p class=\"qtranxs-available-languages-message qtranxs-available-languages-message-en\">Sorry, this entry is only available in <a href=\"https:\/\/ucbs.uw.edu.pl\/pl\/wp-json\/wp\/v2\/pages\/6209\" class=\"qtranxs-available-language-link qtranxs-available-language-link-pl\" title=\"Polski\">Polski<\/a>.<\/p>","protected":false},"excerpt":{"rendered":"<p>Sorry, this entry is only available in Polski.<\/p>\n","protected":false},"author":3,"featured_media":0,"parent":0,"menu_order":0,"comment_status":"closed","ping_status":"closed","template":"","meta":{"_acf_changed":false,"_exactmetrics_skip_tracking":false,"_exactmetrics_sitenote_active":false,"_exactmetrics_sitenote_note":"","_exactmetrics_sitenote_category":0,"_uf_show_specific_survey":0,"_uf_disable_surveys":false,"footnotes":"","_links_to":"","_links_to_target":""},"class_list":["post-6209","page","type-page","status-publish","hentry","post"],"acf":[],"yoast_head":"<!-- This site is optimized with the Yoast SEO plugin v27.3 - https:\/\/yoast.com\/product\/yoast-seo-wordpress\/ -->\n<title>Jeste\u015bmy cz\u0142onkiem sojuszu 4EU+!<\/title>\n<meta name=\"description\" content=\"Uczelnie Sojuszu 4EU+ wsp\u00f3lnie prowadz\u0105 badania i kszta\u0142c\u0105 student\u00f3w, tworz\u0105 inicjatywy zwi\u0105zane z innowacyjno\u015bci\u0105, transferem technologii...\" \/>\n<meta name=\"robots\" content=\"index, follow, max-snippet:-1, max-image-preview:large, max-video-preview:-1\" \/>\n<link rel=\"canonical\" href=\"https:\/\/ucbs.uw.edu.pl\/jestesmy-czlonkiem-sojuszu-4eu\/\" \/>\n<meta property=\"og:locale\" content=\"en_US\" \/>\n<meta property=\"og:type\" content=\"article\" \/>\n<meta property=\"og:title\" content=\"Jeste\u015bmy cz\u0142onkiem sojuszu 4EU+!\" \/>\n<meta property=\"og:description\" content=\"Uczelnie Sojuszu 4EU+ wsp\u00f3lnie prowadz\u0105 badania i kszta\u0142c\u0105 student\u00f3w, tworz\u0105 inicjatywy zwi\u0105zane z innowacyjno\u015bci\u0105, transferem technologii...\" \/>\n<meta property=\"og:url\" content=\"https:\/\/ucbs.uw.edu.pl\/jestesmy-czlonkiem-sojuszu-4eu\/\" \/>\n<meta property=\"og:site_name\" content=\"University Centre for Environmental Studies and Sustainable Development\" \/>\n<meta property=\"article:publisher\" content=\"https:\/\/www.facebook.com\/ucbsuw\" \/>\n<meta property=\"article:modified_time\" content=\"2025-06-09T13:55:09+00:00\" \/>\n<meta property=\"og:image\" content=\"https:\/\/ucbs.uw.edu.pl\/wp-content\/uploads\/sites\/389\/2023\/11\/microsoftteams-image.png\" \/>\n\t<meta property=\"og:image:width\" content=\"760\" \/>\n\t<meta property=\"og:image:height\" content=\"425\" \/>\n\t<meta property=\"og:image:type\" content=\"image\/png\" \/>\n<meta name=\"twitter:card\" content=\"summary_large_image\" \/>\n<meta name=\"twitter:site\" content=\"@ucbsuw\" \/>\n<script type=\"application\/ld+json\" class=\"yoast-schema-graph\">{\"@context\":\"https:\\\/\\\/schema.org\",\"@graph\":[{\"@type\":\"WebPage\",\"@id\":\"https:\\\/\\\/ucbs.uw.edu.pl\\\/jestesmy-czlonkiem-sojuszu-4eu\\\/\",\"url\":\"https:\\\/\\\/ucbs.uw.edu.pl\\\/jestesmy-czlonkiem-sojuszu-4eu\\\/\",\"name\":\"Jeste\u015bmy cz\u0142onkiem sojuszu 4EU+!\",\"isPartOf\":{\"@id\":\"https:\\\/\\\/ucbs.uw.edu.pl\\\/#website\"},\"primaryImageOfPage\":{\"@id\":\"https:\\\/\\\/ucbs.uw.edu.pl\\\/jestesmy-czlonkiem-sojuszu-4eu\\\/#primaryimage\"},\"image\":{\"@id\":\"https:\\\/\\\/ucbs.uw.edu.pl\\\/jestesmy-czlonkiem-sojuszu-4eu\\\/#primaryimage\"},\"thumbnailUrl\":\"https:\\\/\\\/ucbs.uw.edu.pl\\\/wp-content\\\/uploads\\\/sites\\\/389\\\/2023\\\/11\\\/microsoftteams-image-300x168.png\",\"datePublished\":\"2023-11-20T09:05:49+00:00\",\"dateModified\":\"2025-06-09T13:55:09+00:00\",\"description\":\"Uczelnie Sojuszu 4EU+ wsp\u00f3lnie prowadz\u0105 badania i kszta\u0142c\u0105 student\u00f3w, tworz\u0105 inicjatywy zwi\u0105zane z innowacyjno\u015bci\u0105, transferem technologii...\",\"inLanguage\":\"en-US\",\"potentialAction\":[{\"@type\":\"ReadAction\",\"target\":[\"https:\\\/\\\/ucbs.uw.edu.pl\\\/jestesmy-czlonkiem-sojuszu-4eu\\\/\"]}]},{\"@type\":\"ImageObject\",\"inLanguage\":\"en-US\",\"@id\":\"https:\\\/\\\/ucbs.uw.edu.pl\\\/jestesmy-czlonkiem-sojuszu-4eu\\\/#primaryimage\",\"url\":\"https:\\\/\\\/ucbs.uw.edu.pl\\\/wp-content\\\/uploads\\\/sites\\\/389\\\/2023\\\/11\\\/microsoftteams-image-300x168.png\",\"contentUrl\":\"https:\\\/\\\/ucbs.uw.edu.pl\\\/wp-content\\\/uploads\\\/sites\\\/389\\\/2023\\\/11\\\/microsoftteams-image-300x168.png\"},{\"@type\":\"WebSite\",\"@id\":\"https:\\\/\\\/ucbs.uw.edu.pl\\\/#website\",\"url\":\"https:\\\/\\\/ucbs.uw.edu.pl\\\/\",\"name\":\"Uniwersyteckie Centrum Bada\u0144 nad \u015arodowiskiem Przyrodniczym i Zr\u00f3wnowa\u017conym Rozwojem\",\"description\":\"7 Departments mean 7 times more opportunities\",\"publisher\":{\"@id\":\"https:\\\/\\\/ucbs.uw.edu.pl\\\/#organization\"},\"potentialAction\":[{\"@type\":\"SearchAction\",\"target\":{\"@type\":\"EntryPoint\",\"urlTemplate\":\"https:\\\/\\\/ucbs.uw.edu.pl\\\/?s={search_term_string}\"},\"query-input\":{\"@type\":\"PropertyValueSpecification\",\"valueRequired\":true,\"valueName\":\"search_term_string\"}}],\"inLanguage\":\"en-US\"},{\"@type\":\"Organization\",\"@id\":\"https:\\\/\\\/ucbs.uw.edu.pl\\\/#organization\",\"name\":\"Uniwersyteckie Centrum Bada\u0144 nad \u015arodowiskiem Przyrodniczym i Zr\u00f3wnowa\u017conym Rozwojem\",\"url\":\"https:\\\/\\\/ucbs.uw.edu.pl\\\/\",\"logo\":{\"@type\":\"ImageObject\",\"inLanguage\":\"en-US\",\"@id\":\"https:\\\/\\\/ucbs.uw.edu.pl\\\/#\\\/schema\\\/logo\\\/image\\\/\",\"url\":\"https:\\\/\\\/ucbs.uw.edu.pl\\\/wp-content\\\/uploads\\\/sites\\\/389\\\/2023\\\/09\\\/PL_zwykly_monochromatyczny_okragly.jpg\",\"contentUrl\":\"https:\\\/\\\/ucbs.uw.edu.pl\\\/wp-content\\\/uploads\\\/sites\\\/389\\\/2023\\\/09\\\/PL_zwykly_monochromatyczny_okragly.jpg\",\"width\":658,\"height\":710,\"caption\":\"Uniwersyteckie Centrum Bada\u0144 nad \u015arodowiskiem Przyrodniczym i Zr\u00f3wnowa\u017conym Rozwojem\"},\"image\":{\"@id\":\"https:\\\/\\\/ucbs.uw.edu.pl\\\/#\\\/schema\\\/logo\\\/image\\\/\"},\"sameAs\":[\"https:\\\/\\\/www.facebook.com\\\/ucbsuw\",\"https:\\\/\\\/x.com\\\/ucbsuw\",\"https:\\\/\\\/www.linkedin.com\\\/company\\\/19014166\\\/admin\\\/feed\\\/posts\\\/\"]}]}<\/script>\n<!-- \/ Yoast SEO plugin. -->","yoast_head_json":{"title":"Jeste\u015bmy cz\u0142onkiem sojuszu 4EU+!","description":"Uczelnie Sojuszu 4EU+ wsp\u00f3lnie prowadz\u0105 badania i kszta\u0142c\u0105 student\u00f3w, tworz\u0105 inicjatywy zwi\u0105zane z innowacyjno\u015bci\u0105, transferem technologii...","robots":{"index":"index","follow":"follow","max-snippet":"max-snippet:-1","max-image-preview":"max-image-preview:large","max-video-preview":"max-video-preview:-1"},"canonical":"https:\/\/ucbs.uw.edu.pl\/jestesmy-czlonkiem-sojuszu-4eu\/","og_locale":"en_US","og_type":"article","og_title":"Jeste\u015bmy cz\u0142onkiem sojuszu 4EU+!","og_description":"Uczelnie Sojuszu 4EU+ wsp\u00f3lnie prowadz\u0105 badania i kszta\u0142c\u0105 student\u00f3w, tworz\u0105 inicjatywy zwi\u0105zane z innowacyjno\u015bci\u0105, transferem technologii...","og_url":"https:\/\/ucbs.uw.edu.pl\/jestesmy-czlonkiem-sojuszu-4eu\/","og_site_name":"University Centre for Environmental Studies and Sustainable Development","article_publisher":"https:\/\/www.facebook.com\/ucbsuw","article_modified_time":"2025-06-09T13:55:09+00:00","og_image":[{"width":760,"height":425,"url":"https:\/\/ucbs.uw.edu.pl\/wp-content\/uploads\/sites\/389\/2023\/11\/microsoftteams-image.png","type":"image\/png"}],"twitter_card":"summary_large_image","twitter_site":"@ucbsuw","schema":{"@context":"https:\/\/schema.org","@graph":[{"@type":"WebPage","@id":"https:\/\/ucbs.uw.edu.pl\/jestesmy-czlonkiem-sojuszu-4eu\/","url":"https:\/\/ucbs.uw.edu.pl\/jestesmy-czlonkiem-sojuszu-4eu\/","name":"Jeste\u015bmy cz\u0142onkiem sojuszu 4EU+!","isPartOf":{"@id":"https:\/\/ucbs.uw.edu.pl\/#website"},"primaryImageOfPage":{"@id":"https:\/\/ucbs.uw.edu.pl\/jestesmy-czlonkiem-sojuszu-4eu\/#primaryimage"},"image":{"@id":"https:\/\/ucbs.uw.edu.pl\/jestesmy-czlonkiem-sojuszu-4eu\/#primaryimage"},"thumbnailUrl":"https:\/\/ucbs.uw.edu.pl\/wp-content\/uploads\/sites\/389\/2023\/11\/microsoftteams-image-300x168.png","datePublished":"2023-11-20T09:05:49+00:00","dateModified":"2025-06-09T13:55:09+00:00","description":"Uczelnie Sojuszu 4EU+ wsp\u00f3lnie prowadz\u0105 badania i kszta\u0142c\u0105 student\u00f3w, tworz\u0105 inicjatywy zwi\u0105zane z innowacyjno\u015bci\u0105, transferem technologii...","inLanguage":"en-US","potentialAction":[{"@type":"ReadAction","target":["https:\/\/ucbs.uw.edu.pl\/jestesmy-czlonkiem-sojuszu-4eu\/"]}]},{"@type":"ImageObject","inLanguage":"en-US","@id":"https:\/\/ucbs.uw.edu.pl\/jestesmy-czlonkiem-sojuszu-4eu\/#primaryimage","url":"https:\/\/ucbs.uw.edu.pl\/wp-content\/uploads\/sites\/389\/2023\/11\/microsoftteams-image-300x168.png","contentUrl":"https:\/\/ucbs.uw.edu.pl\/wp-content\/uploads\/sites\/389\/2023\/11\/microsoftteams-image-300x168.png"},{"@type":"WebSite","@id":"https:\/\/ucbs.uw.edu.pl\/#website","url":"https:\/\/ucbs.uw.edu.pl\/","name":"Uniwersyteckie Centrum Bada\u0144 nad \u015arodowiskiem Przyrodniczym i Zr\u00f3wnowa\u017conym Rozwojem","description":"7 Departments mean 7 times more opportunities","publisher":{"@id":"https:\/\/ucbs.uw.edu.pl\/#organization"},"potentialAction":[{"@type":"SearchAction","target":{"@type":"EntryPoint","urlTemplate":"https:\/\/ucbs.uw.edu.pl\/?s={search_term_string}"},"query-input":{"@type":"PropertyValueSpecification","valueRequired":true,"valueName":"search_term_string"}}],"inLanguage":"en-US"},{"@type":"Organization","@id":"https:\/\/ucbs.uw.edu.pl\/#organization","name":"Uniwersyteckie Centrum Bada\u0144 nad \u015arodowiskiem Przyrodniczym i Zr\u00f3wnowa\u017conym Rozwojem","url":"https:\/\/ucbs.uw.edu.pl\/","logo":{"@type":"ImageObject","inLanguage":"en-US","@id":"https:\/\/ucbs.uw.edu.pl\/#\/schema\/logo\/image\/","url":"https:\/\/ucbs.uw.edu.pl\/wp-content\/uploads\/sites\/389\/2023\/09\/PL_zwykly_monochromatyczny_okragly.jpg","contentUrl":"https:\/\/ucbs.uw.edu.pl\/wp-content\/uploads\/sites\/389\/2023\/09\/PL_zwykly_monochromatyczny_okragly.jpg","width":658,"height":710,"caption":"Uniwersyteckie Centrum Bada\u0144 nad \u015arodowiskiem Przyrodniczym i Zr\u00f3wnowa\u017conym Rozwojem"},"image":{"@id":"https:\/\/ucbs.uw.edu.pl\/#\/schema\/logo\/image\/"},"sameAs":["https:\/\/www.facebook.com\/ucbsuw","https:\/\/x.com\/ucbsuw","https:\/\/www.linkedin.com\/company\/19014166\/admin\/feed\/posts\/"]}]}},"_links":{"self":[{"href":"https:\/\/ucbs.uw.edu.pl\/en\/wp-json\/wp\/v2\/pages\/6209","targetHints":{"allow":["GET"]}}],"collection":[{"href":"https:\/\/ucbs.uw.edu.pl\/en\/wp-json\/wp\/v2\/pages"}],"about":[{"href":"https:\/\/ucbs.uw.edu.pl\/en\/wp-json\/wp\/v2\/types\/page"}],"author":[{"embeddable":true,"href":"https:\/\/ucbs.uw.edu.pl\/en\/wp-json\/wp\/v2\/users\/3"}],"replies":[{"embeddable":true,"href":"https:\/\/ucbs.uw.edu.pl\/en\/wp-json\/wp\/v2\/comments?post=6209"}],"version-history":[{"count":0,"href":"https:\/\/ucbs.uw.edu.pl\/en\/wp-json\/wp\/v2\/pages\/6209\/revisions"}],"wp:attachment":[{"href":"https:\/\/ucbs.uw.edu.pl\/en\/wp-json\/wp\/v2\/media?parent=6209"}],"curies":[{"name":"wp","href":"https:\/\/api.w.org\/{rel}","templated":true}]}}