{"id":607,"date":"2021-03-05T13:18:09","date_gmt":"2021-03-05T12:18:09","guid":{"rendered":"http:\/\/ucbs.uw.edu.pl\/?page_id=607"},"modified":"2023-09-11T10:44:13","modified_gmt":"2023-09-11T08:44:13","slug":"student-2","status":"publish","type":"page","link":"https:\/\/ucbs.uw.edu.pl\/en\/student-2\/","title":{"rendered":"Student"},"content":{"rendered":"<ul>\n<li><span style=\"color: #ff6600\"><a style=\"color: #ff6600\" href=\"https:\/\/ucbs.uw.edu.pl\/home\/zajecia\/przedmioty-do-wyboru\/\">Przedmioty do wyboru<\/a><\/span><\/li>\n<li><span style=\"color: #ff6600\"><a style=\"color: #ff6600\" href=\"https:\/\/ucbs.uw.edu.pl\/home\/zajecia\/bloki-do-wyboru-dla-i-roku\/\">Bloki do wyboru dla I roku<\/a><\/span><\/li>\n<li><span style=\"color: #ff6600\"><a style=\"color: #ff6600\" target=\"_blank\" href=\"https:\/\/ucbs.uw.edu.pl\/home\/zajecia\/plany-zajec\/\" rel=\"noopener\">Plany zaj\u0119\u0107<\/a><\/span><\/li>\n<li><span style=\"color: #ff6600\"><a style=\"color: #ff6600\" href=\"https:\/\/ucbs.uw.edu.pl\/home\/zajecia\/rejestracja-na-zajecia\/\">Rejestracja na zaj\u0119cia<\/a><\/span><\/li>\n<li><span style=\"color: #ff6600\"><a style=\"color: #ff6600\" href=\"https:\/\/ucbs.uw.edu.pl\/podpiecia-przedmiotow-w-usosweb\/\">Podpi\u0119cia przedmiot\u00f3w w USOSweb<\/a><\/span><\/li>\n<li><span style=\"color: #ff6600\"><a style=\"color: #ff6600\" href=\"https:\/\/ucbs.uw.edu.pl\/home\/zajecia\/cwiczenia-terenowe\/\">\u0106wiczenia terenowe<\/a><\/span><\/li>\n<li><span style=\"color: #ff6600\"><a style=\"color: #ff6600\" href=\"https:\/\/ucbs.uw.edu.pl\/home\/zajecia\/egzamin-z-jezyka-obcego\/\">Egzamin z j\u0119zyka obcego<\/a><\/span><\/li>\n<li><span style=\"color: #ff6600\"><a style=\"color: #ff6600\" href=\"https:\/\/ucbs.uw.edu.pl\/home\/zajecia\/praktyka-zawodowa\/\">Praktyka zawodowa<\/a><\/span><\/li>\n<li><span style=\"color: #ff6600\"><a style=\"color: #ff6600\" href=\"https:\/\/ucbs.uw.edu.pl\/home\/dla-studentow\/seminaria-dyplomowe\/\">Seminaria dyplomowe<\/a><\/span><\/li>\n<li><span style=\"color: #ff6600\"><a style=\"color: #ff6600\" href=\"https:\/\/ucbs.uw.edu.pl\/home\/zajecia\/szkolenie-bhp\/\">Szkolenie BHP<\/a><\/span><\/li>\n<li><span style=\"color: #ff6600\"><a style=\"color: #ff6600\" target=\"_blank\" href=\"https:\/\/ucbs.uw.edu.pl\/home\/dla-studentow\/prace-dyplomowe\/\" rel=\"noopener\">Prace dyplomowe<\/a><\/span><\/li>\n<li><a target=\"_blank\" href=\"https:\/\/ucbs.uw.edu.pl\/home\/dla-studentow\/procedura-zakonczenia-studiow\/\" rel=\"noopener\"><span style=\"color: #ff6600\">Procedura zako\u0144czenia studi\u00f3w<\/span><\/a><a style=\"color: #ff6600;text-decoration: none\" target=\"_blank\" href=\"https:\/\/ucbs.uw.edu.pl\/home\/sprawy-socjalne\/\" rel=\"noopener\"><\/a><\/li>\n<li><a target=\"_blank\" href=\"https:\/\/ucbs.uw.edu.pl\/home\/sprawy-socjalne\/\" rel=\"noopener\"><span style=\"color: #ff6600\">Sprawy socjalne<\/span><\/a><\/li>\n<\/ul>","protected":false},"excerpt":{"rendered":"<p>Przedmioty do wyboru Bloki do wyboru dla I roku Plany zaj\u0119\u0107 Rejestracja na zaj\u0119cia Podpi\u0119cia przedmiot\u00f3w w USOSweb \u0106wiczenia terenowe Egzamin z j\u0119zyka obcego Praktyka zawodowa Seminaria dyplomowe Szkolenie BHP Prace dyplomowe Procedura zako\u0144czenia studi\u00f3w Sprawy socjalne<\/p>\n","protected":false},"author":1,"featured_media":0,"parent":0,"menu_order":0,"comment_status":"closed","ping_status":"closed","template":"","meta":{"_acf_changed":false,"_exactmetrics_skip_tracking":false,"_exactmetrics_sitenote_active":false,"_exactmetrics_sitenote_note":"","_exactmetrics_sitenote_category":0,"_uf_show_specific_survey":0,"_uf_disable_surveys":false,"footnotes":"","_links_to":"","_links_to_target":""},"class_list":["post-607","page","type-page","status-publish","hentry","post"],"acf":[],"yoast_head":"<!-- This site is optimized with the Yoast SEO plugin v27.4 - https:\/\/yoast.com\/product\/yoast-seo-wordpress\/ -->\n<title>Student- UCBS UW<\/title>\n<meta name=\"robots\" content=\"index, follow, max-snippet:-1, max-image-preview:large, max-video-preview:-1\" \/>\n<link rel=\"canonical\" href=\"https:\/\/ucbs.uw.edu.pl\/student-2\/\" \/>\n<meta property=\"og:locale\" content=\"en_US\" \/>\n<meta property=\"og:type\" content=\"article\" \/>\n<meta property=\"og:title\" content=\"Student- UCBS UW\" \/>\n<meta property=\"og:description\" content=\"Przedmioty do wyboru Bloki do wyboru dla I roku Plany zaj\u0119\u0107 Rejestracja na zaj\u0119cia Podpi\u0119cia przedmiot\u00f3w w USOSweb \u0106wiczenia terenowe Egzamin z j\u0119zyka obcego Praktyka zawodowa Seminaria dyplomowe Szkolenie BHP Prace dyplomowe Procedura zako\u0144czenia studi\u00f3w Sprawy socjalne\" \/>\n<meta property=\"og:url\" content=\"https:\/\/ucbs.uw.edu.pl\/student-2\/\" \/>\n<meta property=\"og:site_name\" content=\"University Centre for Environmental Studies and Sustainable Development\" \/>\n<meta property=\"article:publisher\" content=\"https:\/\/www.facebook.com\/ucbsuw\" \/>\n<meta property=\"article:modified_time\" content=\"2023-09-11T08:44:13+00:00\" \/>\n<meta name=\"twitter:card\" content=\"summary_large_image\" \/>\n<meta name=\"twitter:site\" content=\"@ucbsuw\" \/>\n<meta name=\"twitter:label1\" content=\"Est. reading time\" \/>\n\t<meta name=\"twitter:data1\" content=\"1 minute\" \/>\n<script type=\"application\/ld+json\" class=\"yoast-schema-graph\">{\"@context\":\"https:\\\/\\\/schema.org\",\"@graph\":[{\"@type\":\"WebPage\",\"@id\":\"https:\\\/\\\/ucbs.uw.edu.pl\\\/student-2\\\/\",\"url\":\"https:\\\/\\\/ucbs.uw.edu.pl\\\/student-2\\\/\",\"name\":\"Student- UCBS UW\",\"isPartOf\":{\"@id\":\"https:\\\/\\\/ucbs.uw.edu.pl\\\/#website\"},\"datePublished\":\"2021-03-05T12:18:09+00:00\",\"dateModified\":\"2023-09-11T08:44:13+00:00\",\"breadcrumb\":{\"@id\":\"https:\\\/\\\/ucbs.uw.edu.pl\\\/student-2\\\/#breadcrumb\"},\"inLanguage\":\"en-US\",\"potentialAction\":[{\"@type\":\"ReadAction\",\"target\":[\"https:\\\/\\\/ucbs.uw.edu.pl\\\/student-2\\\/\"]}]},{\"@type\":\"BreadcrumbList\",\"@id\":\"https:\\\/\\\/ucbs.uw.edu.pl\\\/student-2\\\/#breadcrumb\",\"itemListElement\":[{\"@type\":\"ListItem\",\"position\":1,\"name\":\"Strona g\u0142\u00f3wna\",\"item\":\"https:\\\/\\\/ucbs.uw.edu.pl\\\/\"},{\"@type\":\"ListItem\",\"position\":2,\"name\":\"Student\"}]},{\"@type\":\"WebSite\",\"@id\":\"https:\\\/\\\/ucbs.uw.edu.pl\\\/#website\",\"url\":\"https:\\\/\\\/ucbs.uw.edu.pl\\\/\",\"name\":\"Uniwersyteckie Centrum Bada\u0144 nad \u015arodowiskiem Przyrodniczym i Zr\u00f3wnowa\u017conym Rozwojem\",\"description\":\"7 Departments mean 7 times more opportunities\",\"publisher\":{\"@id\":\"https:\\\/\\\/ucbs.uw.edu.pl\\\/#organization\"},\"potentialAction\":[{\"@type\":\"SearchAction\",\"target\":{\"@type\":\"EntryPoint\",\"urlTemplate\":\"https:\\\/\\\/ucbs.uw.edu.pl\\\/?s={search_term_string}\"},\"query-input\":{\"@type\":\"PropertyValueSpecification\",\"valueRequired\":true,\"valueName\":\"search_term_string\"}}],\"inLanguage\":\"en-US\"},{\"@type\":\"Organization\",\"@id\":\"https:\\\/\\\/ucbs.uw.edu.pl\\\/#organization\",\"name\":\"Uniwersyteckie Centrum Bada\u0144 nad \u015arodowiskiem Przyrodniczym i Zr\u00f3wnowa\u017conym Rozwojem\",\"url\":\"https:\\\/\\\/ucbs.uw.edu.pl\\\/\",\"logo\":{\"@type\":\"ImageObject\",\"inLanguage\":\"en-US\",\"@id\":\"https:\\\/\\\/ucbs.uw.edu.pl\\\/#\\\/schema\\\/logo\\\/image\\\/\",\"url\":\"https:\\\/\\\/ucbs.uw.edu.pl\\\/wp-content\\\/uploads\\\/sites\\\/389\\\/2023\\\/09\\\/PL_zwykly_monochromatyczny_okragly.jpg\",\"contentUrl\":\"https:\\\/\\\/ucbs.uw.edu.pl\\\/wp-content\\\/uploads\\\/sites\\\/389\\\/2023\\\/09\\\/PL_zwykly_monochromatyczny_okragly.jpg\",\"width\":658,\"height\":710,\"caption\":\"Uniwersyteckie Centrum Bada\u0144 nad \u015arodowiskiem Przyrodniczym i Zr\u00f3wnowa\u017conym Rozwojem\"},\"image\":{\"@id\":\"https:\\\/\\\/ucbs.uw.edu.pl\\\/#\\\/schema\\\/logo\\\/image\\\/\"},\"sameAs\":[\"https:\\\/\\\/www.facebook.com\\\/ucbsuw\",\"https:\\\/\\\/x.com\\\/ucbsuw\",\"https:\\\/\\\/www.linkedin.com\\\/company\\\/19014166\\\/admin\\\/feed\\\/posts\\\/\"]}]}<\/script>\n<!-- \/ Yoast SEO plugin. -->","yoast_head_json":{"title":"Student- UCBS UW","robots":{"index":"index","follow":"follow","max-snippet":"max-snippet:-1","max-image-preview":"max-image-preview:large","max-video-preview":"max-video-preview:-1"},"canonical":"https:\/\/ucbs.uw.edu.pl\/student-2\/","og_locale":"en_US","og_type":"article","og_title":"Student- UCBS UW","og_description":"Przedmioty do wyboru Bloki do wyboru dla I roku Plany zaj\u0119\u0107 Rejestracja na zaj\u0119cia Podpi\u0119cia przedmiot\u00f3w w USOSweb \u0106wiczenia terenowe Egzamin z j\u0119zyka obcego Praktyka zawodowa Seminaria dyplomowe Szkolenie BHP Prace dyplomowe Procedura zako\u0144czenia studi\u00f3w Sprawy socjalne","og_url":"https:\/\/ucbs.uw.edu.pl\/student-2\/","og_site_name":"University Centre for Environmental Studies and Sustainable Development","article_publisher":"https:\/\/www.facebook.com\/ucbsuw","article_modified_time":"2023-09-11T08:44:13+00:00","twitter_card":"summary_large_image","twitter_site":"@ucbsuw","twitter_misc":{"Est. reading time":"1 minute"},"schema":{"@context":"https:\/\/schema.org","@graph":[{"@type":"WebPage","@id":"https:\/\/ucbs.uw.edu.pl\/student-2\/","url":"https:\/\/ucbs.uw.edu.pl\/student-2\/","name":"Student- UCBS UW","isPartOf":{"@id":"https:\/\/ucbs.uw.edu.pl\/#website"},"datePublished":"2021-03-05T12:18:09+00:00","dateModified":"2023-09-11T08:44:13+00:00","breadcrumb":{"@id":"https:\/\/ucbs.uw.edu.pl\/student-2\/#breadcrumb"},"inLanguage":"en-US","potentialAction":[{"@type":"ReadAction","target":["https:\/\/ucbs.uw.edu.pl\/student-2\/"]}]},{"@type":"BreadcrumbList","@id":"https:\/\/ucbs.uw.edu.pl\/student-2\/#breadcrumb","itemListElement":[{"@type":"ListItem","position":1,"name":"Strona g\u0142\u00f3wna","item":"https:\/\/ucbs.uw.edu.pl\/"},{"@type":"ListItem","position":2,"name":"Student"}]},{"@type":"WebSite","@id":"https:\/\/ucbs.uw.edu.pl\/#website","url":"https:\/\/ucbs.uw.edu.pl\/","name":"Uniwersyteckie Centrum Bada\u0144 nad \u015arodowiskiem Przyrodniczym i Zr\u00f3wnowa\u017conym Rozwojem","description":"7 Departments mean 7 times more opportunities","publisher":{"@id":"https:\/\/ucbs.uw.edu.pl\/#organization"},"potentialAction":[{"@type":"SearchAction","target":{"@type":"EntryPoint","urlTemplate":"https:\/\/ucbs.uw.edu.pl\/?s={search_term_string}"},"query-input":{"@type":"PropertyValueSpecification","valueRequired":true,"valueName":"search_term_string"}}],"inLanguage":"en-US"},{"@type":"Organization","@id":"https:\/\/ucbs.uw.edu.pl\/#organization","name":"Uniwersyteckie Centrum Bada\u0144 nad \u015arodowiskiem Przyrodniczym i Zr\u00f3wnowa\u017conym Rozwojem","url":"https:\/\/ucbs.uw.edu.pl\/","logo":{"@type":"ImageObject","inLanguage":"en-US","@id":"https:\/\/ucbs.uw.edu.pl\/#\/schema\/logo\/image\/","url":"https:\/\/ucbs.uw.edu.pl\/wp-content\/uploads\/sites\/389\/2023\/09\/PL_zwykly_monochromatyczny_okragly.jpg","contentUrl":"https:\/\/ucbs.uw.edu.pl\/wp-content\/uploads\/sites\/389\/2023\/09\/PL_zwykly_monochromatyczny_okragly.jpg","width":658,"height":710,"caption":"Uniwersyteckie Centrum Bada\u0144 nad \u015arodowiskiem Przyrodniczym i Zr\u00f3wnowa\u017conym Rozwojem"},"image":{"@id":"https:\/\/ucbs.uw.edu.pl\/#\/schema\/logo\/image\/"},"sameAs":["https:\/\/www.facebook.com\/ucbsuw","https:\/\/x.com\/ucbsuw","https:\/\/www.linkedin.com\/company\/19014166\/admin\/feed\/posts\/"]}]}},"_links":{"self":[{"href":"https:\/\/ucbs.uw.edu.pl\/en\/wp-json\/wp\/v2\/pages\/607","targetHints":{"allow":["GET"]}}],"collection":[{"href":"https:\/\/ucbs.uw.edu.pl\/en\/wp-json\/wp\/v2\/pages"}],"about":[{"href":"https:\/\/ucbs.uw.edu.pl\/en\/wp-json\/wp\/v2\/types\/page"}],"author":[{"embeddable":true,"href":"https:\/\/ucbs.uw.edu.pl\/en\/wp-json\/wp\/v2\/users\/1"}],"replies":[{"embeddable":true,"href":"https:\/\/ucbs.uw.edu.pl\/en\/wp-json\/wp\/v2\/comments?post=607"}],"version-history":[{"count":16,"href":"https:\/\/ucbs.uw.edu.pl\/en\/wp-json\/wp\/v2\/pages\/607\/revisions"}],"predecessor-version":[{"id":5521,"href":"https:\/\/ucbs.uw.edu.pl\/en\/wp-json\/wp\/v2\/pages\/607\/revisions\/5521"}],"wp:attachment":[{"href":"https:\/\/ucbs.uw.edu.pl\/en\/wp-json\/wp\/v2\/media?parent=607"}],"curies":[{"name":"wp","href":"https:\/\/api.w.org\/{rel}","templated":true}]}}