{"id":549,"date":"2021-03-03T13:24:51","date_gmt":"2021-03-03T12:24:51","guid":{"rendered":"http:\/\/ucbs.uw.edu.pl\/?page_id=549"},"modified":"2023-01-20T11:49:14","modified_gmt":"2023-01-20T10:49:14","slug":"studia-zagraniczne","status":"publish","type":"page","link":"https:\/\/ucbs.uw.edu.pl\/en\/home\/wymiana-studencka\/erasmus\/studia-zagraniczne\/","title":{"rendered":"Studia zagraniczne"},"content":{"rendered":"W ramach Programu ERASMUS+\u00a0<strong>w roku akademickim 2021\/2022 <\/strong>istnieje mo\u017cliwo\u015b\u0107 wyjazdu na zagraniczne studia cz\u0119\u015bciowe do nast\u0119puj\u0105cych\u00a0<strong>uczelni partnerskich<\/strong>:<\/p>\n<ul>\n<li>Austria\u00a0<a target=\"_blank\" href=\"http:\/\/www.boku.ac.at\/\" rel=\"noopener\"><span style=\"color: #ff6600\">Universitat fur Bodenkultur Wien<\/span><\/a>\u00a01 miejsce \/ wyjazd na 5 miesi\u0119cy \/ I lub II stopie\u0144 \/ j\u0119z. angielski na poziomie B2 lub j\u0119z. niemiecki na poziomie B2<\/li>\n<\/ul>\n<p>Ponadto nasi studenci mog\u0105 tak\u017ce ubiega\u0107 si\u0119 o <strong>mo\u017cliwo\u015b\u0107 wyjazdu na zagraniczne studia cz\u0119\u015bciowe w ramach wydzia\u0142\u00f3w wsp\u00f3\u0142tworz\u0105cych UCBS,<\/strong> pod warunkiem uzyskania zgody koordynatora ds. mobilno\u015bci naszej jednostki i <a target=\"_blank\" href=\"http:\/\/bwz.uw.edu.pl\/lista-koordynatorow-ds-mobilnosci\/\" rel=\"noopener\"><span style=\"color: #ff6600\">koordynatora ds.\u00a0mobilno\u015bci na wybranym wydziale wsp\u00f3\u0142tworz\u0105cym UCBS<\/span><\/a>. Student UCBS podlega w takim przypadku procesowi kwalifikacji na wybranym wydziale wsp\u00f3\u0142tworz\u0105cym UCBS.<\/p>\n<p>Szczeg\u00f3\u0142owych informacji (wykaz uczelni partnerskich, zasady i procedura kwalifikacji) odno\u015bnie kwalifikacji w ramach wydzia\u0142\u00f3w wsp\u00f3\u0142tworz\u0105cych UCBS nale\u017cy szuka\u0107 na stronach internetowych poszczeg\u00f3lnych wydzia\u0142\u00f3w.<\/p>\n<p><strong>BARDZO WA\u017bNE DOKUMENTY:<\/strong><\/p>\n<p><a target=\"_blank\" href=\"https:\/\/ucbs.uw.edu.pl\/wp-content\/uploads\/sites\/389\/2021\/03\/2021SMS_og_zas_kwalifkacji-1.pdf\" rel=\"noopener\"><span style=\"color: #ff6600\">WST\u0118PNE og\u00f3lne zasady kwalifikacji KANDYDAT\u00d3W do stypendium Erasmus na zagraniczne studia cz\u0119\u015bciowe (SMS) do uczelni z kraj\u00f3w programu na rok akademicki 2021\/2022<\/span><\/a><\/p>\n<p><span style=\"color: #ff6600\"><a style=\"color: #ff6600\" target=\"_blank\" href=\"https:\/\/ucbs.uw.edu.pl\/wp-content\/uploads\/sites\/389\/2021\/03\/Szczegolowe_zasady_wstepnej_kwalifikacji_ERASMUS.docx\" rel=\"noopener\">Szczeg\u00f3\u0142owe zasady wst\u0119pnej kwalifikacji student\u00f3w Uniwersyteckiego Centrum Bada\u0144 nad \u015arodowiskiem Przyrodniczym i Zr\u00f3wnowa\u017conym Rozwojem w celu skierowania na zagraniczne studia cz\u0119\u015bciowe ze stypendium Erasmus do uczelni z kraj\u00f3w programu &#8211; rok akademicki 2021\/2022<\/a><\/span><\/p>\n<p><span style=\"color: #ff6600\"><a style=\"color: #ff6600\" target=\"_blank\" href=\"https:\/\/ucbs.uw.edu.pl\/wp-content\/uploads\/sites\/389\/2021\/03\/Harmonogram_kwalifikacji_ERASMUS_2021.docx\" rel=\"noopener\">Harmonogram wst\u0119pnej kwalifikacji student\u00f3w Uniwersyteckiego Centrum Bada\u0144 nad \u015arodowiskiem Przyrodniczym i Zr\u00f3wnowa\u017conym Rozwojem w celu skierowania na zagraniczne studia cz\u0119\u015bciowe ze stypendium Erasmus do uczelni z kraj\u00f3w programu &#8211; rok akademicki 2021\/2022<\/a><\/span><\/p>\n<p><span style=\"color: #ff6600\"><a style=\"color: #ff6600\" target=\"_blank\" href=\"https:\/\/ucbs.uw.edu.pl\/wp-content\/uploads\/sites\/389\/2021\/03\/Podanie_do_Dyrektora.docx\" rel=\"noopener\">Podanie do Dyrektora UCBS<\/a><\/span><\/p>\n<p><a target=\"_blank\" href=\"https:\/\/ucbs.uw.edu.pl\/wp-content\/uploads\/sites\/389\/2021\/03\/Wniosek_kwalifikacyjny.docx\" rel=\"noopener\"><span style=\"color: #ff6600\">Wniosek kwalifikacyjny<\/span><\/a><\/p>\n<p>Zasady zaliczania okresu studi\u00f3w odbytych za granic\u0105<\/p>\n<p><strong>Szczeg\u00f3\u0142owe informacje<\/strong> (w tym komunikaty i formularze do pobrania) znajduj\u0105 si\u0119 na stronie <a target=\"_blank\" href=\"http:\/\/bwz.uw.edu.pl\/erasmus-kraje-programu\" rel=\"noopener\"><span style=\"color: #ff6600\">Biura Wsp\u00f3\u0142pracy z Zagranic\u0105 (BWZ)<\/span><\/a>","protected":false},"excerpt":{"rendered":"<p>W ramach Programu ERASMUS+\u00a0w roku akademickim 2021\/2022 istnieje mo\u017cliwo\u015b\u0107 wyjazdu na zagraniczne studia cz\u0119\u015bciowe do nast\u0119puj\u0105cych\u00a0uczelni partnerskich: Austria\u00a0Universitat fur Bodenkultur Wien\u00a01 miejsce \/ wyjazd na 5 miesi\u0119cy \/ I lub II stopie\u0144 \/ j\u0119z. angielski na poziomie B2 lub j\u0119z. niemiecki na poziomie B2 Ponadto nasi studenci mog\u0105 tak\u017ce ubiega\u0107 si\u0119 o mo\u017cliwo\u015b\u0107 wyjazdu na [&hellip;]<\/p>\n","protected":false},"author":1227,"featured_media":0,"parent":306,"menu_order":0,"comment_status":"closed","ping_status":"closed","template":"","meta":{"_acf_changed":false,"_exactmetrics_skip_tracking":false,"_exactmetrics_sitenote_active":false,"_exactmetrics_sitenote_note":"","_exactmetrics_sitenote_category":0,"_uf_show_specific_survey":0,"_uf_disable_surveys":false,"footnotes":"","_links_to":"","_links_to_target":""},"class_list":["post-549","page","type-page","status-publish","hentry","post"],"acf":[],"yoast_head":"<!-- This site is optimized with the Yoast SEO plugin v27.3 - https:\/\/yoast.com\/product\/yoast-seo-wordpress\/ -->\n<title>Studia zagraniczne - University Centre for Environmental Studies and Sustainable Development<\/title>\n<meta name=\"robots\" content=\"index, follow, max-snippet:-1, max-image-preview:large, max-video-preview:-1\" \/>\n<link rel=\"canonical\" href=\"https:\/\/ucbs.uw.edu.pl\/home\/wymiana-studencka\/erasmus\/studia-zagraniczne\/\" \/>\n<meta property=\"og:locale\" content=\"en_US\" \/>\n<meta property=\"og:type\" content=\"article\" \/>\n<meta property=\"og:title\" content=\"Studia zagraniczne - University Centre for Environmental Studies and Sustainable Development\" \/>\n<meta property=\"og:description\" content=\"W ramach Programu ERASMUS+\u00a0w roku akademickim 2021\/2022 istnieje mo\u017cliwo\u015b\u0107 wyjazdu na zagraniczne studia cz\u0119\u015bciowe do nast\u0119puj\u0105cych\u00a0uczelni partnerskich: Austria\u00a0Universitat fur Bodenkultur Wien\u00a01 miejsce \/ wyjazd na 5 miesi\u0119cy \/ I lub II stopie\u0144 \/ j\u0119z. angielski na poziomie B2 lub j\u0119z. niemiecki na poziomie B2 Ponadto nasi studenci mog\u0105 tak\u017ce ubiega\u0107 si\u0119 o mo\u017cliwo\u015b\u0107 wyjazdu na [&hellip;]\" \/>\n<meta property=\"og:url\" content=\"https:\/\/ucbs.uw.edu.pl\/home\/wymiana-studencka\/erasmus\/studia-zagraniczne\/\" \/>\n<meta property=\"og:site_name\" content=\"University Centre for Environmental Studies and Sustainable Development\" \/>\n<meta property=\"article:publisher\" content=\"https:\/\/www.facebook.com\/ucbsuw\" \/>\n<meta property=\"article:modified_time\" content=\"2023-01-20T10:49:14+00:00\" \/>\n<meta name=\"twitter:card\" content=\"summary_large_image\" \/>\n<meta name=\"twitter:site\" content=\"@ucbsuw\" \/>\n<meta name=\"twitter:label1\" content=\"Est. reading time\" \/>\n\t<meta name=\"twitter:data1\" content=\"2 minutes\" \/>\n<script type=\"application\/ld+json\" class=\"yoast-schema-graph\">{\"@context\":\"https:\\\/\\\/schema.org\",\"@graph\":[{\"@type\":\"WebPage\",\"@id\":\"https:\\\/\\\/ucbs.uw.edu.pl\\\/home\\\/wymiana-studencka\\\/erasmus\\\/studia-zagraniczne\\\/\",\"url\":\"https:\\\/\\\/ucbs.uw.edu.pl\\\/home\\\/wymiana-studencka\\\/erasmus\\\/studia-zagraniczne\\\/\",\"name\":\"Studia zagraniczne - University Centre for Environmental Studies and Sustainable Development\",\"isPartOf\":{\"@id\":\"https:\\\/\\\/ucbs.uw.edu.pl\\\/#website\"},\"datePublished\":\"2021-03-03T12:24:51+00:00\",\"dateModified\":\"2023-01-20T10:49:14+00:00\",\"breadcrumb\":{\"@id\":\"https:\\\/\\\/ucbs.uw.edu.pl\\\/home\\\/wymiana-studencka\\\/erasmus\\\/studia-zagraniczne\\\/#breadcrumb\"},\"inLanguage\":\"en-US\",\"potentialAction\":[{\"@type\":\"ReadAction\",\"target\":[\"https:\\\/\\\/ucbs.uw.edu.pl\\\/home\\\/wymiana-studencka\\\/erasmus\\\/studia-zagraniczne\\\/\"]}]},{\"@type\":\"BreadcrumbList\",\"@id\":\"https:\\\/\\\/ucbs.uw.edu.pl\\\/home\\\/wymiana-studencka\\\/erasmus\\\/studia-zagraniczne\\\/#breadcrumb\",\"itemListElement\":[{\"@type\":\"ListItem\",\"position\":1,\"name\":\"Strona g\u0142\u00f3wna\",\"item\":\"https:\\\/\\\/ucbs.uw.edu.pl\\\/\"},{\"@type\":\"ListItem\",\"position\":2,\"name\":\"Home\",\"item\":\"https:\\\/\\\/ucbs.uw.edu.pl\\\/home\\\/\"},{\"@type\":\"ListItem\",\"position\":3,\"name\":\"Wymiana studencka\",\"item\":\"https:\\\/\\\/ucbs.uw.edu.pl\\\/home\\\/wymiana-studencka\\\/\"},{\"@type\":\"ListItem\",\"position\":4,\"name\":\"ERASMUS +\",\"item\":\"https:\\\/\\\/ucbs.uw.edu.pl\\\/home\\\/wymiana-studencka\\\/erasmus\\\/\"},{\"@type\":\"ListItem\",\"position\":5,\"name\":\"Studia zagraniczne\"}]},{\"@type\":\"WebSite\",\"@id\":\"https:\\\/\\\/ucbs.uw.edu.pl\\\/#website\",\"url\":\"https:\\\/\\\/ucbs.uw.edu.pl\\\/\",\"name\":\"Uniwersyteckie Centrum Bada\u0144 nad \u015arodowiskiem Przyrodniczym i Zr\u00f3wnowa\u017conym Rozwojem\",\"description\":\"7 Departments mean 7 times more opportunities\",\"publisher\":{\"@id\":\"https:\\\/\\\/ucbs.uw.edu.pl\\\/#organization\"},\"potentialAction\":[{\"@type\":\"SearchAction\",\"target\":{\"@type\":\"EntryPoint\",\"urlTemplate\":\"https:\\\/\\\/ucbs.uw.edu.pl\\\/?s={search_term_string}\"},\"query-input\":{\"@type\":\"PropertyValueSpecification\",\"valueRequired\":true,\"valueName\":\"search_term_string\"}}],\"inLanguage\":\"en-US\"},{\"@type\":\"Organization\",\"@id\":\"https:\\\/\\\/ucbs.uw.edu.pl\\\/#organization\",\"name\":\"Uniwersyteckie Centrum Bada\u0144 nad \u015arodowiskiem Przyrodniczym i Zr\u00f3wnowa\u017conym Rozwojem\",\"url\":\"https:\\\/\\\/ucbs.uw.edu.pl\\\/\",\"logo\":{\"@type\":\"ImageObject\",\"inLanguage\":\"en-US\",\"@id\":\"https:\\\/\\\/ucbs.uw.edu.pl\\\/#\\\/schema\\\/logo\\\/image\\\/\",\"url\":\"https:\\\/\\\/ucbs.uw.edu.pl\\\/wp-content\\\/uploads\\\/sites\\\/389\\\/2023\\\/09\\\/PL_zwykly_monochromatyczny_okragly.jpg\",\"contentUrl\":\"https:\\\/\\\/ucbs.uw.edu.pl\\\/wp-content\\\/uploads\\\/sites\\\/389\\\/2023\\\/09\\\/PL_zwykly_monochromatyczny_okragly.jpg\",\"width\":658,\"height\":710,\"caption\":\"Uniwersyteckie Centrum Bada\u0144 nad \u015arodowiskiem Przyrodniczym i Zr\u00f3wnowa\u017conym Rozwojem\"},\"image\":{\"@id\":\"https:\\\/\\\/ucbs.uw.edu.pl\\\/#\\\/schema\\\/logo\\\/image\\\/\"},\"sameAs\":[\"https:\\\/\\\/www.facebook.com\\\/ucbsuw\",\"https:\\\/\\\/x.com\\\/ucbsuw\",\"https:\\\/\\\/www.linkedin.com\\\/company\\\/19014166\\\/admin\\\/feed\\\/posts\\\/\"]}]}<\/script>\n<!-- \/ Yoast SEO plugin. -->","yoast_head_json":{"title":"Studia zagraniczne - University Centre for Environmental Studies and Sustainable Development","robots":{"index":"index","follow":"follow","max-snippet":"max-snippet:-1","max-image-preview":"max-image-preview:large","max-video-preview":"max-video-preview:-1"},"canonical":"https:\/\/ucbs.uw.edu.pl\/home\/wymiana-studencka\/erasmus\/studia-zagraniczne\/","og_locale":"en_US","og_type":"article","og_title":"Studia zagraniczne - University Centre for Environmental Studies and Sustainable Development","og_description":"W ramach Programu ERASMUS+\u00a0w roku akademickim 2021\/2022 istnieje mo\u017cliwo\u015b\u0107 wyjazdu na zagraniczne studia cz\u0119\u015bciowe do nast\u0119puj\u0105cych\u00a0uczelni partnerskich: Austria\u00a0Universitat fur Bodenkultur Wien\u00a01 miejsce \/ wyjazd na 5 miesi\u0119cy \/ I lub II stopie\u0144 \/ j\u0119z. angielski na poziomie B2 lub j\u0119z. niemiecki na poziomie B2 Ponadto nasi studenci mog\u0105 tak\u017ce ubiega\u0107 si\u0119 o mo\u017cliwo\u015b\u0107 wyjazdu na [&hellip;]","og_url":"https:\/\/ucbs.uw.edu.pl\/home\/wymiana-studencka\/erasmus\/studia-zagraniczne\/","og_site_name":"University Centre for Environmental Studies and Sustainable Development","article_publisher":"https:\/\/www.facebook.com\/ucbsuw","article_modified_time":"2023-01-20T10:49:14+00:00","twitter_card":"summary_large_image","twitter_site":"@ucbsuw","twitter_misc":{"Est. reading time":"2 minutes"},"schema":{"@context":"https:\/\/schema.org","@graph":[{"@type":"WebPage","@id":"https:\/\/ucbs.uw.edu.pl\/home\/wymiana-studencka\/erasmus\/studia-zagraniczne\/","url":"https:\/\/ucbs.uw.edu.pl\/home\/wymiana-studencka\/erasmus\/studia-zagraniczne\/","name":"Studia zagraniczne - University Centre for Environmental Studies and Sustainable Development","isPartOf":{"@id":"https:\/\/ucbs.uw.edu.pl\/#website"},"datePublished":"2021-03-03T12:24:51+00:00","dateModified":"2023-01-20T10:49:14+00:00","breadcrumb":{"@id":"https:\/\/ucbs.uw.edu.pl\/home\/wymiana-studencka\/erasmus\/studia-zagraniczne\/#breadcrumb"},"inLanguage":"en-US","potentialAction":[{"@type":"ReadAction","target":["https:\/\/ucbs.uw.edu.pl\/home\/wymiana-studencka\/erasmus\/studia-zagraniczne\/"]}]},{"@type":"BreadcrumbList","@id":"https:\/\/ucbs.uw.edu.pl\/home\/wymiana-studencka\/erasmus\/studia-zagraniczne\/#breadcrumb","itemListElement":[{"@type":"ListItem","position":1,"name":"Strona g\u0142\u00f3wna","item":"https:\/\/ucbs.uw.edu.pl\/"},{"@type":"ListItem","position":2,"name":"Home","item":"https:\/\/ucbs.uw.edu.pl\/home\/"},{"@type":"ListItem","position":3,"name":"Wymiana studencka","item":"https:\/\/ucbs.uw.edu.pl\/home\/wymiana-studencka\/"},{"@type":"ListItem","position":4,"name":"ERASMUS +","item":"https:\/\/ucbs.uw.edu.pl\/home\/wymiana-studencka\/erasmus\/"},{"@type":"ListItem","position":5,"name":"Studia zagraniczne"}]},{"@type":"WebSite","@id":"https:\/\/ucbs.uw.edu.pl\/#website","url":"https:\/\/ucbs.uw.edu.pl\/","name":"Uniwersyteckie Centrum Bada\u0144 nad \u015arodowiskiem Przyrodniczym i Zr\u00f3wnowa\u017conym Rozwojem","description":"7 Departments mean 7 times more opportunities","publisher":{"@id":"https:\/\/ucbs.uw.edu.pl\/#organization"},"potentialAction":[{"@type":"SearchAction","target":{"@type":"EntryPoint","urlTemplate":"https:\/\/ucbs.uw.edu.pl\/?s={search_term_string}"},"query-input":{"@type":"PropertyValueSpecification","valueRequired":true,"valueName":"search_term_string"}}],"inLanguage":"en-US"},{"@type":"Organization","@id":"https:\/\/ucbs.uw.edu.pl\/#organization","name":"Uniwersyteckie Centrum Bada\u0144 nad \u015arodowiskiem Przyrodniczym i Zr\u00f3wnowa\u017conym Rozwojem","url":"https:\/\/ucbs.uw.edu.pl\/","logo":{"@type":"ImageObject","inLanguage":"en-US","@id":"https:\/\/ucbs.uw.edu.pl\/#\/schema\/logo\/image\/","url":"https:\/\/ucbs.uw.edu.pl\/wp-content\/uploads\/sites\/389\/2023\/09\/PL_zwykly_monochromatyczny_okragly.jpg","contentUrl":"https:\/\/ucbs.uw.edu.pl\/wp-content\/uploads\/sites\/389\/2023\/09\/PL_zwykly_monochromatyczny_okragly.jpg","width":658,"height":710,"caption":"Uniwersyteckie Centrum Bada\u0144 nad \u015arodowiskiem Przyrodniczym i Zr\u00f3wnowa\u017conym Rozwojem"},"image":{"@id":"https:\/\/ucbs.uw.edu.pl\/#\/schema\/logo\/image\/"},"sameAs":["https:\/\/www.facebook.com\/ucbsuw","https:\/\/x.com\/ucbsuw","https:\/\/www.linkedin.com\/company\/19014166\/admin\/feed\/posts\/"]}]}},"_links":{"self":[{"href":"https:\/\/ucbs.uw.edu.pl\/en\/wp-json\/wp\/v2\/pages\/549","targetHints":{"allow":["GET"]}}],"collection":[{"href":"https:\/\/ucbs.uw.edu.pl\/en\/wp-json\/wp\/v2\/pages"}],"about":[{"href":"https:\/\/ucbs.uw.edu.pl\/en\/wp-json\/wp\/v2\/types\/page"}],"author":[{"embeddable":true,"href":"https:\/\/ucbs.uw.edu.pl\/en\/wp-json\/wp\/v2\/users\/1227"}],"replies":[{"embeddable":true,"href":"https:\/\/ucbs.uw.edu.pl\/en\/wp-json\/wp\/v2\/comments?post=549"}],"version-history":[{"count":21,"href":"https:\/\/ucbs.uw.edu.pl\/en\/wp-json\/wp\/v2\/pages\/549\/revisions"}],"predecessor-version":[{"id":4149,"href":"https:\/\/ucbs.uw.edu.pl\/en\/wp-json\/wp\/v2\/pages\/549\/revisions\/4149"}],"up":[{"embeddable":true,"href":"https:\/\/ucbs.uw.edu.pl\/en\/wp-json\/wp\/v2\/pages\/306"}],"wp:attachment":[{"href":"https:\/\/ucbs.uw.edu.pl\/en\/wp-json\/wp\/v2\/media?parent=549"}],"curies":[{"name":"wp","href":"https:\/\/api.w.org\/{rel}","templated":true}]}}