{"id":532,"date":"2021-03-03T13:03:01","date_gmt":"2021-03-03T12:03:01","guid":{"rendered":"http:\/\/ucbs.uw.edu.pl\/?page_id=532"},"modified":"2023-02-17T09:42:39","modified_gmt":"2023-02-17T08:42:39","slug":"urlop-zdrowotny","status":"publish","type":"page","link":"https:\/\/ucbs.uw.edu.pl\/en\/home\/sprawy-socjalne\/urlop-zdrowotny\/","title":{"rendered":"Urlop zdrowotny"},"content":{"rendered":"<div class=\"wrapper\">\n<h5>Zasady ubiegania si\u0119 o urlop zdrowotny<\/h5>\n<p>W sytuacji kiedy stan zdrowia studenta uniemo\u017cliwia lub znacznie utrudnia studiowanie, student mo\u017ce ubiega\u0107 si\u0119 o rozwi\u0105zanie w postaci <strong>urlopu zdrowotnego<\/strong>.<\/p>\n<p>Student sk\u0142ada do Dyrektora <a href=\"http:\/\/bon.uw.edu.pl\/dla-studentow\/urlop-zdrowotny\/\"><span style=\"color: #ff6600\">wniosek o urlop<\/span><\/a><span style=\"color: #ff6600\">\u00a0<\/span> za po\u015brednictwem Biura ds. Os\u00f3b Niepe\u0142nosprawnych. W tym przypadku BON jest odpowiedzialne za weryfikacj\u0119 dokumentacji medycznej, kt\u00f3rej nie przekazuje\u00a0Dyrektorowi,\u00a0 w zamian za to za\u0142\u0105czaj\u0105c pozytywn\u0105 lub negatywn\u0105 opini\u0119 dotycz\u0105c\u0105 pro\u015bby studenta. Takie rozwi\u0105zanie pozwala na ochron\u0119 informacji o stanie zdrowia.<\/p>\n<p>Warunkiem uzyskania pozytywnej opinii BON jest bie\u017c\u0105ce zg\u0142oszenie problem\u00f3w zdrowotnych, przed przyst\u0105pieniem do rozliczenia sesji i zamkni\u0119ciem okresu rozliczeniowego, kt\u00f3rego sprawa dotyczy.<\/p>\n<p>Wszystkich student\u00f3w, kt\u00f3rzy chcieliby skorzysta\u0107 z po\u015brednictwa BON zapraszamy do bezpo\u015bredniego kontaktu:<a href=\"http:\/\/bon.uw.edu.pl\/kontakt\/\"><span style=\"color: #ff6600\"> Biuro ds. Os\u00f3b Niepe\u0142nosprawnych<\/span><\/a><\/p>\n<\/div>","protected":false},"excerpt":{"rendered":"<p>Zasady ubiegania si\u0119 o urlop zdrowotny W sytuacji kiedy stan zdrowia studenta uniemo\u017cliwia lub znacznie utrudnia studiowanie, student mo\u017ce ubiega\u0107 si\u0119 o rozwi\u0105zanie w postaci urlopu zdrowotnego. Student sk\u0142ada do Dyrektora wniosek o urlop\u00a0 za po\u015brednictwem Biura ds. Os\u00f3b Niepe\u0142nosprawnych. W tym przypadku BON jest odpowiedzialne za weryfikacj\u0119 dokumentacji medycznej, kt\u00f3rej nie przekazuje\u00a0Dyrektorowi,\u00a0 w zamian [&hellip;]<\/p>\n","protected":false},"author":1227,"featured_media":0,"parent":153,"menu_order":0,"comment_status":"closed","ping_status":"closed","template":"","meta":{"_acf_changed":false,"_exactmetrics_skip_tracking":false,"_exactmetrics_sitenote_active":false,"_exactmetrics_sitenote_note":"","_exactmetrics_sitenote_category":0,"_uf_show_specific_survey":0,"_uf_disable_surveys":false,"footnotes":"","_links_to":"","_links_to_target":""},"class_list":["post-532","page","type-page","status-publish","hentry","post"],"acf":[],"yoast_head":"<!-- This site is optimized with the Yoast SEO plugin v27.3 - https:\/\/yoast.com\/product\/yoast-seo-wordpress\/ -->\n<title>Urlop zdrowotny - University Centre for Environmental Studies and Sustainable Development<\/title>\n<meta name=\"robots\" content=\"index, follow, max-snippet:-1, max-image-preview:large, max-video-preview:-1\" \/>\n<link rel=\"canonical\" href=\"https:\/\/ucbs.uw.edu.pl\/home\/sprawy-socjalne\/urlop-zdrowotny\/\" \/>\n<meta property=\"og:locale\" content=\"en_US\" \/>\n<meta property=\"og:type\" content=\"article\" \/>\n<meta property=\"og:title\" content=\"Urlop zdrowotny - University Centre for Environmental Studies and Sustainable Development\" \/>\n<meta property=\"og:description\" content=\"Zasady ubiegania si\u0119 o urlop zdrowotny W sytuacji kiedy stan zdrowia studenta uniemo\u017cliwia lub znacznie utrudnia studiowanie, student mo\u017ce ubiega\u0107 si\u0119 o rozwi\u0105zanie w postaci urlopu zdrowotnego. Student sk\u0142ada do Dyrektora wniosek o urlop\u00a0 za po\u015brednictwem Biura ds. Os\u00f3b Niepe\u0142nosprawnych. W tym przypadku BON jest odpowiedzialne za weryfikacj\u0119 dokumentacji medycznej, kt\u00f3rej nie przekazuje\u00a0Dyrektorowi,\u00a0 w zamian [&hellip;]\" \/>\n<meta property=\"og:url\" content=\"https:\/\/ucbs.uw.edu.pl\/home\/sprawy-socjalne\/urlop-zdrowotny\/\" \/>\n<meta property=\"og:site_name\" content=\"University Centre for Environmental Studies and Sustainable Development\" \/>\n<meta property=\"article:publisher\" content=\"https:\/\/www.facebook.com\/ucbsuw\" \/>\n<meta property=\"article:modified_time\" content=\"2023-02-17T08:42:39+00:00\" \/>\n<meta property=\"og:image\" content=\"https:\/\/ucbs.uw.edu.pl\/wp-content\/uploads\/sites\/389\/2023\/02\/Komunikat-na-strony-jednostek_Zasady-ubiegania-sie-o-urlopy-zdrowotne-scaled.jpg\" \/>\n<meta name=\"twitter:card\" content=\"summary_large_image\" \/>\n<meta name=\"twitter:site\" content=\"@ucbsuw\" \/>\n<meta name=\"twitter:label1\" content=\"Est. reading time\" \/>\n\t<meta name=\"twitter:data1\" content=\"1 minute\" \/>\n<script type=\"application\/ld+json\" class=\"yoast-schema-graph\">{\"@context\":\"https:\\\/\\\/schema.org\",\"@graph\":[{\"@type\":\"WebPage\",\"@id\":\"https:\\\/\\\/ucbs.uw.edu.pl\\\/home\\\/sprawy-socjalne\\\/urlop-zdrowotny\\\/\",\"url\":\"https:\\\/\\\/ucbs.uw.edu.pl\\\/home\\\/sprawy-socjalne\\\/urlop-zdrowotny\\\/\",\"name\":\"Urlop zdrowotny - University Centre for Environmental Studies and Sustainable Development\",\"isPartOf\":{\"@id\":\"https:\\\/\\\/ucbs.uw.edu.pl\\\/#website\"},\"primaryImageOfPage\":{\"@id\":\"https:\\\/\\\/ucbs.uw.edu.pl\\\/home\\\/sprawy-socjalne\\\/urlop-zdrowotny\\\/#primaryimage\"},\"image\":{\"@id\":\"https:\\\/\\\/ucbs.uw.edu.pl\\\/home\\\/sprawy-socjalne\\\/urlop-zdrowotny\\\/#primaryimage\"},\"thumbnailUrl\":\"https:\\\/\\\/ucbs.uw.edu.pl\\\/wp-content\\\/uploads\\\/sites\\\/389\\\/2023\\\/02\\\/Komunikat-na-strony-jednostek_Zasady-ubiegania-sie-o-urlopy-zdrowotne-scaled.jpg\",\"datePublished\":\"2021-03-03T12:03:01+00:00\",\"dateModified\":\"2023-02-17T08:42:39+00:00\",\"breadcrumb\":{\"@id\":\"https:\\\/\\\/ucbs.uw.edu.pl\\\/home\\\/sprawy-socjalne\\\/urlop-zdrowotny\\\/#breadcrumb\"},\"inLanguage\":\"en-US\",\"potentialAction\":[{\"@type\":\"ReadAction\",\"target\":[\"https:\\\/\\\/ucbs.uw.edu.pl\\\/home\\\/sprawy-socjalne\\\/urlop-zdrowotny\\\/\"]}]},{\"@type\":\"ImageObject\",\"inLanguage\":\"en-US\",\"@id\":\"https:\\\/\\\/ucbs.uw.edu.pl\\\/home\\\/sprawy-socjalne\\\/urlop-zdrowotny\\\/#primaryimage\",\"url\":\"https:\\\/\\\/ucbs.uw.edu.pl\\\/wp-content\\\/uploads\\\/sites\\\/389\\\/2023\\\/02\\\/Komunikat-na-strony-jednostek_Zasady-ubiegania-sie-o-urlopy-zdrowotne-scaled.jpg\",\"contentUrl\":\"https:\\\/\\\/ucbs.uw.edu.pl\\\/wp-content\\\/uploads\\\/sites\\\/389\\\/2023\\\/02\\\/Komunikat-na-strony-jednostek_Zasady-ubiegania-sie-o-urlopy-zdrowotne-scaled.jpg\"},{\"@type\":\"BreadcrumbList\",\"@id\":\"https:\\\/\\\/ucbs.uw.edu.pl\\\/home\\\/sprawy-socjalne\\\/urlop-zdrowotny\\\/#breadcrumb\",\"itemListElement\":[{\"@type\":\"ListItem\",\"position\":1,\"name\":\"Strona g\u0142\u00f3wna\",\"item\":\"https:\\\/\\\/ucbs.uw.edu.pl\\\/\"},{\"@type\":\"ListItem\",\"position\":2,\"name\":\"Home\",\"item\":\"https:\\\/\\\/ucbs.uw.edu.pl\\\/home\\\/\"},{\"@type\":\"ListItem\",\"position\":3,\"name\":\"Sprawy socjalne\",\"item\":\"https:\\\/\\\/ucbs.uw.edu.pl\\\/home\\\/sprawy-socjalne\\\/\"},{\"@type\":\"ListItem\",\"position\":4,\"name\":\"Urlop zdrowotny\"}]},{\"@type\":\"WebSite\",\"@id\":\"https:\\\/\\\/ucbs.uw.edu.pl\\\/#website\",\"url\":\"https:\\\/\\\/ucbs.uw.edu.pl\\\/\",\"name\":\"Uniwersyteckie Centrum Bada\u0144 nad \u015arodowiskiem Przyrodniczym i Zr\u00f3wnowa\u017conym Rozwojem\",\"description\":\"7 Departments mean 7 times more opportunities\",\"publisher\":{\"@id\":\"https:\\\/\\\/ucbs.uw.edu.pl\\\/#organization\"},\"potentialAction\":[{\"@type\":\"SearchAction\",\"target\":{\"@type\":\"EntryPoint\",\"urlTemplate\":\"https:\\\/\\\/ucbs.uw.edu.pl\\\/?s={search_term_string}\"},\"query-input\":{\"@type\":\"PropertyValueSpecification\",\"valueRequired\":true,\"valueName\":\"search_term_string\"}}],\"inLanguage\":\"en-US\"},{\"@type\":\"Organization\",\"@id\":\"https:\\\/\\\/ucbs.uw.edu.pl\\\/#organization\",\"name\":\"Uniwersyteckie Centrum Bada\u0144 nad \u015arodowiskiem Przyrodniczym i Zr\u00f3wnowa\u017conym Rozwojem\",\"url\":\"https:\\\/\\\/ucbs.uw.edu.pl\\\/\",\"logo\":{\"@type\":\"ImageObject\",\"inLanguage\":\"en-US\",\"@id\":\"https:\\\/\\\/ucbs.uw.edu.pl\\\/#\\\/schema\\\/logo\\\/image\\\/\",\"url\":\"https:\\\/\\\/ucbs.uw.edu.pl\\\/wp-content\\\/uploads\\\/sites\\\/389\\\/2023\\\/09\\\/PL_zwykly_monochromatyczny_okragly.jpg\",\"contentUrl\":\"https:\\\/\\\/ucbs.uw.edu.pl\\\/wp-content\\\/uploads\\\/sites\\\/389\\\/2023\\\/09\\\/PL_zwykly_monochromatyczny_okragly.jpg\",\"width\":658,\"height\":710,\"caption\":\"Uniwersyteckie Centrum Bada\u0144 nad \u015arodowiskiem Przyrodniczym i Zr\u00f3wnowa\u017conym Rozwojem\"},\"image\":{\"@id\":\"https:\\\/\\\/ucbs.uw.edu.pl\\\/#\\\/schema\\\/logo\\\/image\\\/\"},\"sameAs\":[\"https:\\\/\\\/www.facebook.com\\\/ucbsuw\",\"https:\\\/\\\/x.com\\\/ucbsuw\",\"https:\\\/\\\/www.linkedin.com\\\/company\\\/19014166\\\/admin\\\/feed\\\/posts\\\/\"]}]}<\/script>\n<!-- \/ Yoast SEO plugin. -->","yoast_head_json":{"title":"Urlop zdrowotny - University Centre for Environmental Studies and Sustainable Development","robots":{"index":"index","follow":"follow","max-snippet":"max-snippet:-1","max-image-preview":"max-image-preview:large","max-video-preview":"max-video-preview:-1"},"canonical":"https:\/\/ucbs.uw.edu.pl\/home\/sprawy-socjalne\/urlop-zdrowotny\/","og_locale":"en_US","og_type":"article","og_title":"Urlop zdrowotny - University Centre for Environmental Studies and Sustainable Development","og_description":"Zasady ubiegania si\u0119 o urlop zdrowotny W sytuacji kiedy stan zdrowia studenta uniemo\u017cliwia lub znacznie utrudnia studiowanie, student mo\u017ce ubiega\u0107 si\u0119 o rozwi\u0105zanie w postaci urlopu zdrowotnego. Student sk\u0142ada do Dyrektora wniosek o urlop\u00a0 za po\u015brednictwem Biura ds. Os\u00f3b Niepe\u0142nosprawnych. W tym przypadku BON jest odpowiedzialne za weryfikacj\u0119 dokumentacji medycznej, kt\u00f3rej nie przekazuje\u00a0Dyrektorowi,\u00a0 w zamian [&hellip;]","og_url":"https:\/\/ucbs.uw.edu.pl\/home\/sprawy-socjalne\/urlop-zdrowotny\/","og_site_name":"University Centre for Environmental Studies and Sustainable Development","article_publisher":"https:\/\/www.facebook.com\/ucbsuw","article_modified_time":"2023-02-17T08:42:39+00:00","og_image":[{"url":"https:\/\/ucbs.uw.edu.pl\/wp-content\/uploads\/sites\/389\/2023\/02\/Komunikat-na-strony-jednostek_Zasady-ubiegania-sie-o-urlopy-zdrowotne-scaled.jpg","type":"","width":"","height":""}],"twitter_card":"summary_large_image","twitter_site":"@ucbsuw","twitter_misc":{"Est. reading time":"1 minute"},"schema":{"@context":"https:\/\/schema.org","@graph":[{"@type":"WebPage","@id":"https:\/\/ucbs.uw.edu.pl\/home\/sprawy-socjalne\/urlop-zdrowotny\/","url":"https:\/\/ucbs.uw.edu.pl\/home\/sprawy-socjalne\/urlop-zdrowotny\/","name":"Urlop zdrowotny - University Centre for Environmental Studies and Sustainable Development","isPartOf":{"@id":"https:\/\/ucbs.uw.edu.pl\/#website"},"primaryImageOfPage":{"@id":"https:\/\/ucbs.uw.edu.pl\/home\/sprawy-socjalne\/urlop-zdrowotny\/#primaryimage"},"image":{"@id":"https:\/\/ucbs.uw.edu.pl\/home\/sprawy-socjalne\/urlop-zdrowotny\/#primaryimage"},"thumbnailUrl":"https:\/\/ucbs.uw.edu.pl\/wp-content\/uploads\/sites\/389\/2023\/02\/Komunikat-na-strony-jednostek_Zasady-ubiegania-sie-o-urlopy-zdrowotne-scaled.jpg","datePublished":"2021-03-03T12:03:01+00:00","dateModified":"2023-02-17T08:42:39+00:00","breadcrumb":{"@id":"https:\/\/ucbs.uw.edu.pl\/home\/sprawy-socjalne\/urlop-zdrowotny\/#breadcrumb"},"inLanguage":"en-US","potentialAction":[{"@type":"ReadAction","target":["https:\/\/ucbs.uw.edu.pl\/home\/sprawy-socjalne\/urlop-zdrowotny\/"]}]},{"@type":"ImageObject","inLanguage":"en-US","@id":"https:\/\/ucbs.uw.edu.pl\/home\/sprawy-socjalne\/urlop-zdrowotny\/#primaryimage","url":"https:\/\/ucbs.uw.edu.pl\/wp-content\/uploads\/sites\/389\/2023\/02\/Komunikat-na-strony-jednostek_Zasady-ubiegania-sie-o-urlopy-zdrowotne-scaled.jpg","contentUrl":"https:\/\/ucbs.uw.edu.pl\/wp-content\/uploads\/sites\/389\/2023\/02\/Komunikat-na-strony-jednostek_Zasady-ubiegania-sie-o-urlopy-zdrowotne-scaled.jpg"},{"@type":"BreadcrumbList","@id":"https:\/\/ucbs.uw.edu.pl\/home\/sprawy-socjalne\/urlop-zdrowotny\/#breadcrumb","itemListElement":[{"@type":"ListItem","position":1,"name":"Strona g\u0142\u00f3wna","item":"https:\/\/ucbs.uw.edu.pl\/"},{"@type":"ListItem","position":2,"name":"Home","item":"https:\/\/ucbs.uw.edu.pl\/home\/"},{"@type":"ListItem","position":3,"name":"Sprawy socjalne","item":"https:\/\/ucbs.uw.edu.pl\/home\/sprawy-socjalne\/"},{"@type":"ListItem","position":4,"name":"Urlop zdrowotny"}]},{"@type":"WebSite","@id":"https:\/\/ucbs.uw.edu.pl\/#website","url":"https:\/\/ucbs.uw.edu.pl\/","name":"Uniwersyteckie Centrum Bada\u0144 nad \u015arodowiskiem Przyrodniczym i Zr\u00f3wnowa\u017conym Rozwojem","description":"7 Departments mean 7 times more opportunities","publisher":{"@id":"https:\/\/ucbs.uw.edu.pl\/#organization"},"potentialAction":[{"@type":"SearchAction","target":{"@type":"EntryPoint","urlTemplate":"https:\/\/ucbs.uw.edu.pl\/?s={search_term_string}"},"query-input":{"@type":"PropertyValueSpecification","valueRequired":true,"valueName":"search_term_string"}}],"inLanguage":"en-US"},{"@type":"Organization","@id":"https:\/\/ucbs.uw.edu.pl\/#organization","name":"Uniwersyteckie Centrum Bada\u0144 nad \u015arodowiskiem Przyrodniczym i Zr\u00f3wnowa\u017conym Rozwojem","url":"https:\/\/ucbs.uw.edu.pl\/","logo":{"@type":"ImageObject","inLanguage":"en-US","@id":"https:\/\/ucbs.uw.edu.pl\/#\/schema\/logo\/image\/","url":"https:\/\/ucbs.uw.edu.pl\/wp-content\/uploads\/sites\/389\/2023\/09\/PL_zwykly_monochromatyczny_okragly.jpg","contentUrl":"https:\/\/ucbs.uw.edu.pl\/wp-content\/uploads\/sites\/389\/2023\/09\/PL_zwykly_monochromatyczny_okragly.jpg","width":658,"height":710,"caption":"Uniwersyteckie Centrum Bada\u0144 nad \u015arodowiskiem Przyrodniczym i Zr\u00f3wnowa\u017conym Rozwojem"},"image":{"@id":"https:\/\/ucbs.uw.edu.pl\/#\/schema\/logo\/image\/"},"sameAs":["https:\/\/www.facebook.com\/ucbsuw","https:\/\/x.com\/ucbsuw","https:\/\/www.linkedin.com\/company\/19014166\/admin\/feed\/posts\/"]}]}},"_links":{"self":[{"href":"https:\/\/ucbs.uw.edu.pl\/en\/wp-json\/wp\/v2\/pages\/532","targetHints":{"allow":["GET"]}}],"collection":[{"href":"https:\/\/ucbs.uw.edu.pl\/en\/wp-json\/wp\/v2\/pages"}],"about":[{"href":"https:\/\/ucbs.uw.edu.pl\/en\/wp-json\/wp\/v2\/types\/page"}],"author":[{"embeddable":true,"href":"https:\/\/ucbs.uw.edu.pl\/en\/wp-json\/wp\/v2\/users\/1227"}],"replies":[{"embeddable":true,"href":"https:\/\/ucbs.uw.edu.pl\/en\/wp-json\/wp\/v2\/comments?post=532"}],"version-history":[{"count":3,"href":"https:\/\/ucbs.uw.edu.pl\/en\/wp-json\/wp\/v2\/pages\/532\/revisions"}],"predecessor-version":[{"id":4279,"href":"https:\/\/ucbs.uw.edu.pl\/en\/wp-json\/wp\/v2\/pages\/532\/revisions\/4279"}],"up":[{"embeddable":true,"href":"https:\/\/ucbs.uw.edu.pl\/en\/wp-json\/wp\/v2\/pages\/153"}],"wp:attachment":[{"href":"https:\/\/ucbs.uw.edu.pl\/en\/wp-json\/wp\/v2\/media?parent=532"}],"curies":[{"name":"wp","href":"https:\/\/api.w.org\/{rel}","templated":true}]}}