{"id":491,"date":"2021-03-03T10:56:37","date_gmt":"2021-03-03T09:56:37","guid":{"rendered":"http:\/\/ucbs.uw.edu.pl\/?page_id=491"},"modified":"2026-02-16T15:51:37","modified_gmt":"2026-02-16T14:51:37","slug":"plany-zajec","status":"publish","type":"page","link":"https:\/\/ucbs.uw.edu.pl\/en\/home\/dla-studentow\/plany-zajec\/","title":{"rendered":"Lesson plans"},"content":{"rendered":"<article class=\"col1\">\n<div class=\"wrapper\">\n<p><img loading=\"lazy\" decoding=\"async\" class=\" wp-image-7119 aligncenter\" src=\"https:\/\/ucbs.uw.edu.pl\/wp-content\/uploads\/sites\/389\/2024\/06\/zajec-1-scaled-e1719318917697-300x158.jpg\" alt=\"\" width=\"798\" height=\"420\" srcset=\"https:\/\/ucbs.uw.edu.pl\/wp-content\/uploads\/sites\/389\/2024\/06\/zajec-1-scaled-e1719318917697-300x158.jpg 300w, https:\/\/ucbs.uw.edu.pl\/wp-content\/uploads\/sites\/389\/2024\/06\/zajec-1-scaled-e1719318917697-1024x539.jpg 1024w, https:\/\/ucbs.uw.edu.pl\/wp-content\/uploads\/sites\/389\/2024\/06\/zajec-1-scaled-e1719318917697-768x404.jpg 768w, https:\/\/ucbs.uw.edu.pl\/wp-content\/uploads\/sites\/389\/2024\/06\/zajec-1-scaled-e1719318917697-1536x809.jpg 1536w, https:\/\/ucbs.uw.edu.pl\/wp-content\/uploads\/sites\/389\/2024\/06\/zajec-1-scaled-e1719318917697-2048x1078.jpg 2048w, https:\/\/ucbs.uw.edu.pl\/wp-content\/uploads\/sites\/389\/2024\/06\/zajec-1-scaled-e1719318917697-720x380.jpg 720w\" sizes=\"auto, (max-width: 798px) 100vw, 798px\" \/><\/p>\n<div class=\"su-spoiler su-spoiler-style-simple su-spoiler-icon-folder-1 su-spoiler-closed\" data-scroll-offset=\"0\" data-anchor-in-url=\"no\"><div class=\"su-spoiler-title\" tabindex=\"0\" role=\"button\"><span class=\"su-spoiler-icon\"><\/span>Academic Year 2025\/2026<\/div><div class=\"su-spoiler-content su-u-clearfix su-u-trim\">\n<p><strong>I cycle<\/strong> Studies of Inter-Faculty Studies in Environmental Protection (MSOS):<\/p>\n<ul>\n<li><span style=\"color: #ff6600;\"><a style=\"color: #ff6600;\" href=\"https:\/\/ucbs.uw.edu.pl\/wp-content\/uploads\/sites\/389\/2025\/10\/1z2526-4.xlsx\">I year winter sem<\/a><\/span><\/li>\n<li><span style=\"color: #ff6600;\"><a style=\"color: #ff6600;\" href=\"https:\/\/ucbs.uw.edu.pl\/wp-content\/uploads\/sites\/389\/2026\/02\/1l2526-2.xlsx\">I year summer sem.<\/a><\/span><\/li>\n<li><span style=\"color: #ff6600;\"><a style=\"color: #ff6600;\" href=\"https:\/\/ucbs.uw.edu.pl\/wp-content\/uploads\/sites\/389\/2025\/10\/2z2526-inz-5.xlsx\">II year winter sem<\/a><\/span><\/li>\n<li><span style=\"color: #ff6600;\"><a style=\"color: #ff6600;\" href=\"https:\/\/ucbs.uw.edu.pl\/wp-content\/uploads\/sites\/389\/2026\/02\/2l2526-3.xlsx\">II year summer sem. <\/a><\/span><\/li>\n<li><span style=\"color: #ff6600;\"><a style=\"color: #ff6600;\" href=\"https:\/\/ucbs.uw.edu.pl\/wp-content\/uploads\/sites\/389\/2025\/10\/3z2526-2.xlsx\">II year winter sem\u00a0<\/a><\/span><\/li>\n<li><span style=\"color: #ff6600;\"><a style=\"color: #ff6600;\" href=\"https:\/\/ucbs.uw.edu.pl\/wp-content\/uploads\/sites\/389\/2025\/12\/3l2526.xlsx\">III year summer<\/a><\/span><\/li>\n<\/ul>\n<p><strong>II cycle<\/strong> Studies of Inter-Faculty Studies in Environmental Protection (MSOS):<\/p>\n<ul>\n<li><span style=\"color: #ff6600;\"><a style=\"color: #ff6600;\" href=\"https:\/\/ucbs.uw.edu.pl\/wp-content\/uploads\/sites\/389\/2025\/10\/4z2526-2.xlsx\">I year winter sem<\/a><\/span><\/li>\n<li><span style=\"color: #ff6600;\"><a style=\"color: #ff6600;\" href=\"https:\/\/ucbs.uw.edu.pl\/wp-content\/uploads\/sites\/389\/2025\/12\/4l2526-2.xlsx\">I year summer sem<\/a><\/span><\/li>\n<\/ul>\n<p><strong>II cycle <\/strong>Studies <em>Sustainable Development<\/em>:<\/p>\n<ul>\n<li><span style=\"color: #ff6600;\"><a style=\"color: #ff6600;\" href=\"https:\/\/ucbs.uw.edu.pl\/wp-content\/uploads\/sites\/389\/2025\/10\/1zSD2526-1.xlsx\">I year winter sem<\/a><\/span><\/li>\n<li><span style=\"color: #ff6600;\"><a style=\"color: #ff6600;\" href=\"https:\/\/ucbs.uw.edu.pl\/wp-content\/uploads\/sites\/389\/2025\/12\/1lSD2526-1.xlsx\">I year summer sem<\/a><\/span><\/li>\n<li><span style=\"color: #ff6600;\"><a style=\"color: #ff6600;\" href=\"https:\/\/ucbs.uw.edu.pl\/wp-content\/uploads\/sites\/389\/2025\/10\/2zSD2526-5.xlsx\">II year winter sem\u00a0<\/a><\/span><\/li>\n<li><span style=\"color: #ff6600;\"><a style=\"color: #ff6600;\" href=\"https:\/\/ucbs.uw.edu.pl\/wp-content\/uploads\/sites\/389\/2025\/12\/2lSD2526.xlsx\">II tear summer sem<\/a><\/span><\/li>\n<\/ul>\n<p><strong>II cycle <\/strong>Studies <i>Global and Environmental Development (MERGED)<\/i><\/p>\n<ul>\n<li><span style=\"color: #ff6600;\"><a style=\"color: #ff6600;\" href=\"https:\/\/ucbs.uw.edu.pl\/wp-content\/uploads\/sites\/389\/2025\/10\/2zGED2526-4.xlsx\">II year winter sem\u00a0<\/a><\/span><\/li>\n<\/ul>\n<\/div><\/div>\n<div class=\"su-spoiler su-spoiler-style-simple su-spoiler-icon-folder-1 su-spoiler-closed\" data-scroll-offset=\"0\" data-anchor-in-url=\"no\"><div class=\"su-spoiler-title\" tabindex=\"0\" role=\"button\"><span class=\"su-spoiler-icon\"><\/span>Academic Year 2024\/2025<\/div><div class=\"su-spoiler-content su-u-clearfix su-u-trim\">\n<p><strong>I cycle<\/strong> Studies of Inter-Faculty Studies in Environmental Protection (MSOS):<\/p>\n<ul>\n<li><a href=\"https:\/\/ucbs.uw.edu.pl\/wp-content\/uploads\/sites\/389\/2024\/10\/1z2425-5.xlsx\"><span style=\"color: #ff6600;\">I year winter sem<\/span><\/a><\/li>\n<li><span style=\"color: #ff6600;\"><a style=\"color: #ff6600;\" href=\"https:\/\/ucbs.uw.edu.pl\/wp-content\/uploads\/sites\/389\/2025\/02\/1l2425b.xlsx\">I year summer sem<\/a><\/span><\/li>\n<li><a href=\"https:\/\/ucbs.uw.edu.pl\/wp-content\/uploads\/sites\/389\/2024\/06\/2z2425-1.xlsx\"><span style=\"color: #ff6600;\">II year winter sem\u00a0<\/span><\/a><\/li>\n<li><span style=\"color: #ff6600;\"><a style=\"color: #ff6600;\" href=\"https:\/\/ucbs.uw.edu.pl\/wp-content\/uploads\/sites\/389\/2025\/02\/2l2425c.xlsx\">II year summer sem<\/a><\/span><\/li>\n<li><a href=\"https:\/\/ucbs.uw.edu.pl\/wp-content\/uploads\/sites\/389\/2024\/10\/3z2425-1.xlsx\"><span style=\"color: #ff6600;\">III year winter sem<\/span><\/a><\/li>\n<li><span style=\"color: #ff6600;\"><a style=\"color: #ff6600;\" href=\"https:\/\/ucbs.uw.edu.pl\/wp-content\/uploads\/sites\/389\/2025\/02\/3l2425-1.xlsx\">III year summer sem <\/a><\/span><\/li>\n<\/ul>\n<p><strong>II cycle <\/strong>Studies <em>Sustainable Development<\/em>:<\/p>\n<ul>\n<li><a href=\"https:\/\/ucbs.uw.edu.pl\/wp-content\/uploads\/sites\/389\/2024\/07\/1zSD2425-2.xlsx\"><span style=\"color: #ff6600;\">I year winter sem<\/span><\/a><\/li>\n<li><a href=\"https:\/\/ucbs.uw.edu.pl\/wp-content\/uploads\/sites\/389\/2025\/02\/1lSD2425.xlsx\"><span style=\"color: #ff6600;\">I year summer sem\u00a0<\/span><\/a><\/li>\n<li><a href=\"https:\/\/ucbs.uw.edu.pl\/wp-content\/uploads\/sites\/389\/2024\/06\/2zSD2425-1.xlsx\"><span style=\"color: #ff6600;\">II year winter sem\u00a0<\/span><\/a><\/li>\n<li><a href=\"https:\/\/ucbs.uw.edu.pl\/wp-content\/uploads\/sites\/389\/2025\/02\/2lSD2425.xlsx\"><span style=\"color: #ff6600;\">II tear summer sem<\/span><\/a><\/li>\n<\/ul>\n<p><strong>II cycle <\/strong>Studies <i>Global and Environmental Development (MERGED)<\/i><\/p>\n<ul>\n<li><a href=\"https:\/\/ucbs.uw.edu.pl\/wp-content\/uploads\/sites\/389\/2024\/10\/2zGED2425-4.xlsx\"><span style=\"color: #ff6600;\">II year winter sem\u00a0<\/span><\/a><\/li>\n<\/ul>\n<\/div><\/div>\n<div class=\"su-spoiler su-spoiler-style-simple su-spoiler-icon-folder-1 su-spoiler-closed\" data-scroll-offset=\"0\" data-anchor-in-url=\"no\"><div class=\"su-spoiler-title\" tabindex=\"0\" role=\"button\"><span class=\"su-spoiler-icon\"><\/span>Academic Year 2023\/2024<\/div><div class=\"su-spoiler-content su-u-clearfix su-u-trim\">\n<p><strong>I cycle<\/strong> Studies of Inter-Faculty Studies in Environmental Protection (MSOS):<\/p>\n<ul>\n<li><span style=\"color: #ff6600;\"><a style=\"color: #ff6600;\" href=\"https:\/\/ucbs.uw.edu.pl\/wp-content\/uploads\/sites\/389\/2023\/06\/MSOS_1r_Ist_zima_23_24-2-1.xlsx\" target=\"_blank\" rel=\"noopener\">I year winter sem<\/a><\/span><\/li>\n<li><span style=\"color: #ff6600;\"><a style=\"color: #ff6600;\" href=\"https:\/\/ucbs.uw.edu.pl\/wp-content\/uploads\/sites\/389\/2024\/02\/1l2324-3-1.xlsx\">I year summer sem.<\/a><\/span><\/li>\n<li><span style=\"color: #ff6600;\"><a style=\"color: #ff6600;\" href=\"https:\/\/ucbs.uw.edu.pl\/wp-content\/uploads\/sites\/389\/2023\/06\/MSOS_2r_Ist_zima_23_24.xlsx\" target=\"_blank\" rel=\"noopener\">II <\/a><a style=\"color: #ff6600;\" href=\"https:\/\/ucbs.uw.edu.pl\/wp-content\/uploads\/sites\/389\/2023\/06\/MSOS_2r_Ist_zima_23_24-3.xlsx\" target=\"_blank\" rel=\"noopener\">year winter sem<\/a><\/span><\/li>\n<li><span style=\"color: #ff6600;\"><a style=\"color: #ff6600;\" href=\"https:\/\/ucbs.uw.edu.pl\/wp-content\/uploads\/sites\/389\/2023\/12\/2l2324.xlsx\">II year summer sem.<\/a><\/span><\/li>\n<li><a href=\"https:\/\/ucbs.uw.edu.pl\/wp-content\/uploads\/sites\/389\/2023\/06\/MSOS_3r_Ist_zima_23_24.xlsx\"><span style=\"color: #ff6600;\">III <\/span><\/a><a style=\"color: #ff6600;\" href=\"https:\/\/ucbs.uw.edu.pl\/wp-content\/uploads\/sites\/389\/2023\/06\/MSOS_3r_Ist_zima_23_24-2.xlsx\" target=\"_blank\" rel=\"noopener\">year winter sem<\/a><\/li>\n<li><span style=\"color: #ff6600;\"><a style=\"color: #ff6600;\" href=\"https:\/\/ucbs.uw.edu.pl\/wp-content\/uploads\/sites\/389\/2023\/12\/3l2324.xlsx\">III year summer sem.<\/a><\/span><\/li>\n<\/ul>\n<p><strong>II cycle<\/strong> Studies of Inter-Faculty Studies in Environmental Protection (MSOS):<\/p>\n<ul>\n<li><span style=\"color: #ff6600;\"><a style=\"color: #ff6600;\" href=\"https:\/\/ucbs.uw.edu.pl\/wp-content\/uploads\/sites\/389\/2023\/06\/MSOS_1r_IIst_zima_23_24.xlsx\" target=\"_self\" rel=\"noopener\">I <\/a><a style=\"color: #ff6600;\" href=\"https:\/\/ucbs.uw.edu.pl\/wp-content\/uploads\/sites\/389\/2023\/10\/4z2324-1.xlsx\" target=\"_blank\" rel=\"noopener\">year winter sem<\/a><\/span><\/li>\n<li><span style=\"color: #ff6600;\"><a style=\"color: #ff6600;\" href=\"https:\/\/ucbs.uw.edu.pl\/wp-content\/uploads\/sites\/389\/2023\/12\/4l2324.xlsx\">I year summer sem.<\/a><\/span><\/li>\n<li><a href=\"https:\/\/ucbs.uw.edu.pl\/wp-content\/uploads\/sites\/389\/2023\/06\/MSOS_2r_IIst_zima_23_24.xlsx\"><span style=\"color: #ff6600;\">II <\/span><\/a><a style=\"color: #ff6600;\" href=\"https:\/\/ucbs.uw.edu.pl\/wp-content\/uploads\/sites\/389\/2023\/06\/MSOS_2r_IIst_zima_23_24.xlsx\" target=\"_blank\" rel=\"noopener\">year winter sem<\/a><\/li>\n<li><span style=\"color: #ff6600;\"><a style=\"color: #ff6600;\" href=\"https:\/\/ucbs.uw.edu.pl\/wp-content\/uploads\/sites\/389\/2023\/12\/5l2324.xlsx\">II year summer sem.<\/a><\/span><\/li>\n<\/ul>\n<p><strong>II cycle <\/strong>Studies <em>Sustainable Development<\/em>:<\/p>\n<ul>\n<li><span style=\"color: #ff6600;\"><a style=\"color: #ff6600;\" href=\"https:\/\/ucbs.uw.edu.pl\/wp-content\/uploads\/sites\/389\/2023\/10\/1zSD2324a-4.xlsx\">I year winter sem.<\/a><\/span><\/li>\n<li><a href=\"https:\/\/ucbs.uw.edu.pl\/wp-content\/uploads\/sites\/389\/2023\/12\/1lSD2324-6.xlsx\"><span style=\"color: #ff6600;\">I year summer sem.<\/span><\/a><\/li>\n<li><span style=\"color: #ff6600;\"><a style=\"color: #ff6600;\" href=\"https:\/\/ucbs.uw.edu.pl\/wp-content\/uploads\/sites\/389\/2023\/06\/SD_2r_IIst_winter_23_24-2.xlsx\">II year winter sem<\/a><\/span><\/li>\n<li><span style=\"color: #ff6600;\"><a style=\"color: #ff6600;\" href=\"https:\/\/ucbs.uw.edu.pl\/wp-content\/uploads\/sites\/389\/2023\/12\/2lSD2324.xlsx\">II summer sem.<\/a><\/span><\/li>\n<\/ul>\n<\/div><\/div>\n<div class=\"su-spoiler su-spoiler-style-simple su-spoiler-icon-folder-1 su-spoiler-closed\" data-scroll-offset=\"0\" data-anchor-in-url=\"no\"><div class=\"su-spoiler-title\" tabindex=\"0\" role=\"button\"><span class=\"su-spoiler-icon\"><\/span>Academic Year 2022\/2023<\/div><div class=\"su-spoiler-content su-u-clearfix su-u-trim\">\n<p><strong>I cycle<\/strong> Studies of Inter-Faculty Studies in Environmental Protection (MSOS):<\/p>\n<ul>\n<li><span style=\"color: #ff6600;\"><a style=\"color: #ff6600;\" href=\"https:\/\/ucbs.uw.edu.pl\/wp-content\/uploads\/sites\/389\/2022\/10\/1z2223-7.xlsx\" target=\"_blank\" rel=\"noopener\">I year winter sem. <\/a><\/span><\/li>\n<li><span style=\"color: #ff6600;\"><a style=\"color: #ff6600;\" href=\"https:\/\/ucbs.uw.edu.pl\/wp-content\/uploads\/sites\/389\/2023\/01\/1l2223-2.xlsx\" target=\"_blank\" rel=\"noopener\">I year summer sem.\u00a0<\/a><\/span><\/li>\n<li><span style=\"color: #ff6600;\"><a style=\"color: #ff6600;\" href=\"https:\/\/ucbs.uw.edu.pl\/wp-content\/uploads\/sites\/389\/2022\/10\/2z2223.xlsx\" target=\"_blank\" rel=\"noopener\">II year\u00a0 winter sem.<\/a><\/span><\/li>\n<li><span style=\"color: #ff6600;\"><a style=\"color: #ff6600;\" href=\"https:\/\/ucbs.uw.edu.pl\/wp-content\/uploads\/sites\/389\/2022\/12\/2l2223.xlsx\" target=\"_blank\" rel=\"noopener\">II year\u00a0 summer sem.<\/a><\/span><\/li>\n<li><span style=\"color: #ff6600;\"><a style=\"color: #ff6600;\" href=\"https:\/\/ucbs.uw.edu.pl\/wp-content\/uploads\/sites\/389\/2022\/10\/3z2223.xlsx\" target=\"_self\" rel=\"noopener\">III year winter sem.<\/a><\/span><\/li>\n<li><span style=\"color: #ff6600;\"><a style=\"color: #ff6600;\" href=\"https:\/\/ucbs.uw.edu.pl\/wp-content\/uploads\/sites\/389\/2022\/12\/3l2223.xlsx\" target=\"_blank\" rel=\"noopener\">III year summer sem,<\/a><\/span><\/li>\n<\/ul>\n<p><strong>II cycle <\/strong>Studies of Inter-Faculty Studies in Environmental Protection (MSOS):<\/p>\n<ul>\n<li><span style=\"color: #ff6600;\"><a style=\"color: #ff6600;\" href=\"https:\/\/ucbs.uw.edu.pl\/wp-content\/uploads\/sites\/389\/2022\/10\/4z2223.xlsx\" target=\"_self\" rel=\"noopener\">I year winter sem.<\/a><\/span><\/li>\n<li><a href=\"https:\/\/ucbs.uw.edu.pl\/wp-content\/uploads\/sites\/389\/2023\/12\/1lSD2324-1.xlsx\"><span style=\"color: #ff6600;\">I year summer sem.<\/span><\/a><\/li>\n<li><a href=\"https:\/\/ucbs.uw.edu.pl\/wp-content\/uploads\/sites\/389\/2022\/06\/5z2223.xlsx\"><span style=\"color: #ff6600;\">II year winter sem.<\/span><\/a><\/li>\n<li><a href=\"https:\/\/ucbs.uw.edu.pl\/wp-content\/uploads\/sites\/389\/2022\/12\/5l2223.xlsx\" target=\"_blank\" rel=\"noopener\"><span style=\"color: #ff6600;\">II year summer sem.<\/span><\/a><\/li>\n<\/ul>\n<p><strong>II cycle <\/strong>Studies <em>Sustainable Development<\/em>:<\/p>\n<ul>\n<li><span style=\"color: #ff6600;\"><a style=\"color: #ff6600;\" href=\"https:\/\/ucbs.uw.edu.pl\/wp-content\/uploads\/sites\/389\/2023\/10\/1zSD2324a-4.xlsx\">I year winter sem.<\/a><\/span><\/li>\n<li><span style=\"color: #ff6600;\"><a style=\"color: #ff6600;\" href=\"https:\/\/ucbs.uw.edu.pl\/wp-content\/uploads\/sites\/389\/2023\/02\/1lSD2223-3.xlsx\" target=\"_blank\" rel=\"noopener\">I year summer sem.<\/a><\/span><\/li>\n<li><span style=\"color: #ff6600;\"><a style=\"color: #ff6600;\" href=\"https:\/\/ucbs.uw.edu.pl\/wp-content\/uploads\/sites\/389\/2022\/06\/2zSD2223-2.xlsx\">II year winter sem.<\/a><\/span><\/li>\n<li><a href=\"https:\/\/ucbs.uw.edu.pl\/wp-content\/uploads\/sites\/389\/2022\/12\/2lSD2223.xlsx\" target=\"_blank\" rel=\"noopener\"><span style=\"color: #ff6600;\">II year summer sem.<\/span><\/a><\/li>\n<\/ul>\n<div>\n<\/div><\/div>\n<p>updates are possible. Last update 25.09.2025<\/p>\n<\/div>\n<\/div>\n<\/article>\n<article class=\"col1\"><\/article>\n<p>&nbsp;","protected":false},"excerpt":{"rendered":"<p>updates are possible. Last update 25.09.2025 &nbsp;<\/p>\n","protected":false},"author":1,"featured_media":0,"parent":431,"menu_order":0,"comment_status":"closed","ping_status":"closed","template":"","meta":{"_acf_changed":false,"_exactmetrics_skip_tracking":false,"_exactmetrics_sitenote_active":false,"_exactmetrics_sitenote_note":"","_exactmetrics_sitenote_category":0,"_uf_show_specific_survey":0,"_uf_disable_surveys":false,"footnotes":"","_links_to":"","_links_to_target":""},"class_list":["post-491","page","type-page","status-publish","hentry","post"],"acf":[],"yoast_head":"<!-- This site is optimized with the Yoast SEO plugin v27.3 - https:\/\/yoast.com\/product\/yoast-seo-wordpress\/ -->\n<title>Plany zaj\u0119\u0107<\/title>\n<meta name=\"robots\" content=\"index, follow, max-snippet:-1, max-image-preview:large, max-video-preview:-1\" \/>\n<link rel=\"canonical\" href=\"https:\/\/ucbs.uw.edu.pl\/home\/dla-studentow\/plany-zajec\/\" \/>\n<meta property=\"og:locale\" content=\"en_US\" \/>\n<meta property=\"og:type\" content=\"article\" \/>\n<meta property=\"og:title\" content=\"Plany zaj\u0119\u0107\" \/>\n<meta property=\"og:description\" content=\"updates are possible. Last update 25.09.2025 &nbsp;\" \/>\n<meta property=\"og:url\" content=\"https:\/\/ucbs.uw.edu.pl\/home\/dla-studentow\/plany-zajec\/\" \/>\n<meta property=\"og:site_name\" content=\"University Centre for Environmental Studies and Sustainable Development\" \/>\n<meta property=\"article:publisher\" content=\"https:\/\/www.facebook.com\/ucbsuw\" \/>\n<meta property=\"article:modified_time\" content=\"2026-02-16T14:51:37+00:00\" \/>\n<meta property=\"og:image\" content=\"https:\/\/ucbs.uw.edu.pl\/wp-content\/uploads\/sites\/389\/2024\/06\/zajec-1-scaled-e1719318917697.jpg\" \/>\n\t<meta property=\"og:image:width\" content=\"2560\" \/>\n\t<meta property=\"og:image:height\" content=\"1348\" \/>\n\t<meta property=\"og:image:type\" content=\"image\/jpeg\" \/>\n<meta name=\"twitter:card\" content=\"summary_large_image\" \/>\n<meta name=\"twitter:site\" content=\"@ucbsuw\" \/>\n<meta name=\"twitter:label1\" content=\"Est. reading time\" \/>\n\t<meta name=\"twitter:data1\" content=\"3 minutes\" \/>\n<script type=\"application\/ld+json\" class=\"yoast-schema-graph\">{\"@context\":\"https:\\\/\\\/schema.org\",\"@graph\":[{\"@type\":\"WebPage\",\"@id\":\"https:\\\/\\\/ucbs.uw.edu.pl\\\/home\\\/dla-studentow\\\/plany-zajec\\\/\",\"url\":\"https:\\\/\\\/ucbs.uw.edu.pl\\\/home\\\/dla-studentow\\\/plany-zajec\\\/\",\"name\":\"Plany zaj\u0119\u0107\",\"isPartOf\":{\"@id\":\"https:\\\/\\\/ucbs.uw.edu.pl\\\/#website\"},\"primaryImageOfPage\":{\"@id\":\"https:\\\/\\\/ucbs.uw.edu.pl\\\/home\\\/dla-studentow\\\/plany-zajec\\\/#primaryimage\"},\"image\":{\"@id\":\"https:\\\/\\\/ucbs.uw.edu.pl\\\/home\\\/dla-studentow\\\/plany-zajec\\\/#primaryimage\"},\"thumbnailUrl\":\"https:\\\/\\\/ucbs.uw.edu.pl\\\/wp-content\\\/uploads\\\/sites\\\/389\\\/2024\\\/06\\\/zajec-1-scaled-e1719318917697-300x158.jpg\",\"datePublished\":\"2021-03-03T09:56:37+00:00\",\"dateModified\":\"2026-02-16T14:51:37+00:00\",\"breadcrumb\":{\"@id\":\"https:\\\/\\\/ucbs.uw.edu.pl\\\/home\\\/dla-studentow\\\/plany-zajec\\\/#breadcrumb\"},\"inLanguage\":\"en-US\",\"potentialAction\":[{\"@type\":\"ReadAction\",\"target\":[\"https:\\\/\\\/ucbs.uw.edu.pl\\\/home\\\/dla-studentow\\\/plany-zajec\\\/\"]}]},{\"@type\":\"ImageObject\",\"inLanguage\":\"en-US\",\"@id\":\"https:\\\/\\\/ucbs.uw.edu.pl\\\/home\\\/dla-studentow\\\/plany-zajec\\\/#primaryimage\",\"url\":\"https:\\\/\\\/ucbs.uw.edu.pl\\\/wp-content\\\/uploads\\\/sites\\\/389\\\/2024\\\/06\\\/zajec-1-scaled-e1719318917697-300x158.jpg\",\"contentUrl\":\"https:\\\/\\\/ucbs.uw.edu.pl\\\/wp-content\\\/uploads\\\/sites\\\/389\\\/2024\\\/06\\\/zajec-1-scaled-e1719318917697-300x158.jpg\"},{\"@type\":\"BreadcrumbList\",\"@id\":\"https:\\\/\\\/ucbs.uw.edu.pl\\\/home\\\/dla-studentow\\\/plany-zajec\\\/#breadcrumb\",\"itemListElement\":[{\"@type\":\"ListItem\",\"position\":1,\"name\":\"Strona g\u0142\u00f3wna\",\"item\":\"https:\\\/\\\/ucbs.uw.edu.pl\\\/\"},{\"@type\":\"ListItem\",\"position\":2,\"name\":\"Home\",\"item\":\"https:\\\/\\\/ucbs.uw.edu.pl\\\/home\\\/\"},{\"@type\":\"ListItem\",\"position\":3,\"name\":\"Dla student\u00f3w\",\"item\":\"https:\\\/\\\/ucbs.uw.edu.pl\\\/home\\\/dla-studentow\\\/\"},{\"@type\":\"ListItem\",\"position\":4,\"name\":\"Plany zaj\u0119\u0107\"}]},{\"@type\":\"WebSite\",\"@id\":\"https:\\\/\\\/ucbs.uw.edu.pl\\\/#website\",\"url\":\"https:\\\/\\\/ucbs.uw.edu.pl\\\/\",\"name\":\"Uniwersyteckie Centrum Bada\u0144 nad \u015arodowiskiem Przyrodniczym i Zr\u00f3wnowa\u017conym Rozwojem\",\"description\":\"7 Departments mean 7 times more opportunities\",\"publisher\":{\"@id\":\"https:\\\/\\\/ucbs.uw.edu.pl\\\/#organization\"},\"potentialAction\":[{\"@type\":\"SearchAction\",\"target\":{\"@type\":\"EntryPoint\",\"urlTemplate\":\"https:\\\/\\\/ucbs.uw.edu.pl\\\/?s={search_term_string}\"},\"query-input\":{\"@type\":\"PropertyValueSpecification\",\"valueRequired\":true,\"valueName\":\"search_term_string\"}}],\"inLanguage\":\"en-US\"},{\"@type\":\"Organization\",\"@id\":\"https:\\\/\\\/ucbs.uw.edu.pl\\\/#organization\",\"name\":\"Uniwersyteckie Centrum Bada\u0144 nad \u015arodowiskiem Przyrodniczym i Zr\u00f3wnowa\u017conym Rozwojem\",\"url\":\"https:\\\/\\\/ucbs.uw.edu.pl\\\/\",\"logo\":{\"@type\":\"ImageObject\",\"inLanguage\":\"en-US\",\"@id\":\"https:\\\/\\\/ucbs.uw.edu.pl\\\/#\\\/schema\\\/logo\\\/image\\\/\",\"url\":\"https:\\\/\\\/ucbs.uw.edu.pl\\\/wp-content\\\/uploads\\\/sites\\\/389\\\/2023\\\/09\\\/PL_zwykly_monochromatyczny_okragly.jpg\",\"contentUrl\":\"https:\\\/\\\/ucbs.uw.edu.pl\\\/wp-content\\\/uploads\\\/sites\\\/389\\\/2023\\\/09\\\/PL_zwykly_monochromatyczny_okragly.jpg\",\"width\":658,\"height\":710,\"caption\":\"Uniwersyteckie Centrum Bada\u0144 nad \u015arodowiskiem Przyrodniczym i Zr\u00f3wnowa\u017conym Rozwojem\"},\"image\":{\"@id\":\"https:\\\/\\\/ucbs.uw.edu.pl\\\/#\\\/schema\\\/logo\\\/image\\\/\"},\"sameAs\":[\"https:\\\/\\\/www.facebook.com\\\/ucbsuw\",\"https:\\\/\\\/x.com\\\/ucbsuw\",\"https:\\\/\\\/www.linkedin.com\\\/company\\\/19014166\\\/admin\\\/feed\\\/posts\\\/\"]}]}<\/script>\n<!-- \/ Yoast SEO plugin. -->","yoast_head_json":{"title":"Plany zaj\u0119\u0107","robots":{"index":"index","follow":"follow","max-snippet":"max-snippet:-1","max-image-preview":"max-image-preview:large","max-video-preview":"max-video-preview:-1"},"canonical":"https:\/\/ucbs.uw.edu.pl\/home\/dla-studentow\/plany-zajec\/","og_locale":"en_US","og_type":"article","og_title":"Plany zaj\u0119\u0107","og_description":"updates are possible. Last update 25.09.2025 &nbsp;","og_url":"https:\/\/ucbs.uw.edu.pl\/home\/dla-studentow\/plany-zajec\/","og_site_name":"University Centre for Environmental Studies and Sustainable Development","article_publisher":"https:\/\/www.facebook.com\/ucbsuw","article_modified_time":"2026-02-16T14:51:37+00:00","og_image":[{"width":2560,"height":1348,"url":"https:\/\/ucbs.uw.edu.pl\/wp-content\/uploads\/sites\/389\/2024\/06\/zajec-1-scaled-e1719318917697.jpg","type":"image\/jpeg"}],"twitter_card":"summary_large_image","twitter_site":"@ucbsuw","twitter_misc":{"Est. reading time":"3 minutes"},"schema":{"@context":"https:\/\/schema.org","@graph":[{"@type":"WebPage","@id":"https:\/\/ucbs.uw.edu.pl\/home\/dla-studentow\/plany-zajec\/","url":"https:\/\/ucbs.uw.edu.pl\/home\/dla-studentow\/plany-zajec\/","name":"Plany zaj\u0119\u0107","isPartOf":{"@id":"https:\/\/ucbs.uw.edu.pl\/#website"},"primaryImageOfPage":{"@id":"https:\/\/ucbs.uw.edu.pl\/home\/dla-studentow\/plany-zajec\/#primaryimage"},"image":{"@id":"https:\/\/ucbs.uw.edu.pl\/home\/dla-studentow\/plany-zajec\/#primaryimage"},"thumbnailUrl":"https:\/\/ucbs.uw.edu.pl\/wp-content\/uploads\/sites\/389\/2024\/06\/zajec-1-scaled-e1719318917697-300x158.jpg","datePublished":"2021-03-03T09:56:37+00:00","dateModified":"2026-02-16T14:51:37+00:00","breadcrumb":{"@id":"https:\/\/ucbs.uw.edu.pl\/home\/dla-studentow\/plany-zajec\/#breadcrumb"},"inLanguage":"en-US","potentialAction":[{"@type":"ReadAction","target":["https:\/\/ucbs.uw.edu.pl\/home\/dla-studentow\/plany-zajec\/"]}]},{"@type":"ImageObject","inLanguage":"en-US","@id":"https:\/\/ucbs.uw.edu.pl\/home\/dla-studentow\/plany-zajec\/#primaryimage","url":"https:\/\/ucbs.uw.edu.pl\/wp-content\/uploads\/sites\/389\/2024\/06\/zajec-1-scaled-e1719318917697-300x158.jpg","contentUrl":"https:\/\/ucbs.uw.edu.pl\/wp-content\/uploads\/sites\/389\/2024\/06\/zajec-1-scaled-e1719318917697-300x158.jpg"},{"@type":"BreadcrumbList","@id":"https:\/\/ucbs.uw.edu.pl\/home\/dla-studentow\/plany-zajec\/#breadcrumb","itemListElement":[{"@type":"ListItem","position":1,"name":"Strona g\u0142\u00f3wna","item":"https:\/\/ucbs.uw.edu.pl\/"},{"@type":"ListItem","position":2,"name":"Home","item":"https:\/\/ucbs.uw.edu.pl\/home\/"},{"@type":"ListItem","position":3,"name":"Dla student\u00f3w","item":"https:\/\/ucbs.uw.edu.pl\/home\/dla-studentow\/"},{"@type":"ListItem","position":4,"name":"Plany zaj\u0119\u0107"}]},{"@type":"WebSite","@id":"https:\/\/ucbs.uw.edu.pl\/#website","url":"https:\/\/ucbs.uw.edu.pl\/","name":"Uniwersyteckie Centrum Bada\u0144 nad \u015arodowiskiem Przyrodniczym i Zr\u00f3wnowa\u017conym Rozwojem","description":"7 Departments mean 7 times more opportunities","publisher":{"@id":"https:\/\/ucbs.uw.edu.pl\/#organization"},"potentialAction":[{"@type":"SearchAction","target":{"@type":"EntryPoint","urlTemplate":"https:\/\/ucbs.uw.edu.pl\/?s={search_term_string}"},"query-input":{"@type":"PropertyValueSpecification","valueRequired":true,"valueName":"search_term_string"}}],"inLanguage":"en-US"},{"@type":"Organization","@id":"https:\/\/ucbs.uw.edu.pl\/#organization","name":"Uniwersyteckie Centrum Bada\u0144 nad \u015arodowiskiem Przyrodniczym i Zr\u00f3wnowa\u017conym Rozwojem","url":"https:\/\/ucbs.uw.edu.pl\/","logo":{"@type":"ImageObject","inLanguage":"en-US","@id":"https:\/\/ucbs.uw.edu.pl\/#\/schema\/logo\/image\/","url":"https:\/\/ucbs.uw.edu.pl\/wp-content\/uploads\/sites\/389\/2023\/09\/PL_zwykly_monochromatyczny_okragly.jpg","contentUrl":"https:\/\/ucbs.uw.edu.pl\/wp-content\/uploads\/sites\/389\/2023\/09\/PL_zwykly_monochromatyczny_okragly.jpg","width":658,"height":710,"caption":"Uniwersyteckie Centrum Bada\u0144 nad \u015arodowiskiem Przyrodniczym i Zr\u00f3wnowa\u017conym Rozwojem"},"image":{"@id":"https:\/\/ucbs.uw.edu.pl\/#\/schema\/logo\/image\/"},"sameAs":["https:\/\/www.facebook.com\/ucbsuw","https:\/\/x.com\/ucbsuw","https:\/\/www.linkedin.com\/company\/19014166\/admin\/feed\/posts\/"]}]}},"_links":{"self":[{"href":"https:\/\/ucbs.uw.edu.pl\/en\/wp-json\/wp\/v2\/pages\/491","targetHints":{"allow":["GET"]}}],"collection":[{"href":"https:\/\/ucbs.uw.edu.pl\/en\/wp-json\/wp\/v2\/pages"}],"about":[{"href":"https:\/\/ucbs.uw.edu.pl\/en\/wp-json\/wp\/v2\/types\/page"}],"author":[{"embeddable":true,"href":"https:\/\/ucbs.uw.edu.pl\/en\/wp-json\/wp\/v2\/users\/1"}],"replies":[{"embeddable":true,"href":"https:\/\/ucbs.uw.edu.pl\/en\/wp-json\/wp\/v2\/comments?post=491"}],"version-history":[{"count":204,"href":"https:\/\/ucbs.uw.edu.pl\/en\/wp-json\/wp\/v2\/pages\/491\/revisions"}],"predecessor-version":[{"id":8442,"href":"https:\/\/ucbs.uw.edu.pl\/en\/wp-json\/wp\/v2\/pages\/491\/revisions\/8442"}],"up":[{"embeddable":true,"href":"https:\/\/ucbs.uw.edu.pl\/en\/wp-json\/wp\/v2\/pages\/431"}],"wp:attachment":[{"href":"https:\/\/ucbs.uw.edu.pl\/en\/wp-json\/wp\/v2\/media?parent=491"}],"curies":[{"name":"wp","href":"https:\/\/api.w.org\/{rel}","templated":true}]}}