{"id":485,"date":"2021-03-03T10:50:05","date_gmt":"2021-03-03T09:50:05","guid":{"rendered":"http:\/\/ucbs.uw.edu.pl\/?page_id=485"},"modified":"2023-09-14T12:21:08","modified_gmt":"2023-09-14T10:21:08","slug":"usos","status":"publish","type":"page","link":"https:\/\/ucbs.uw.edu.pl\/en\/usos\/","title":{"rendered":"USOS"},"content":{"rendered":"<div class=\"wrapper\">\n<h5>Czym jest USOS?<\/h5>\n<p><strong>Uniwersytecki System Obs\u0142ugi Studi\u00f3w (USOS)<\/strong> to centralna baza danych UW skupiaj\u0105ca w jednym miejscu ca\u0142\u0105 ofert\u0119 programow\u0105 wszystkich jednostek UW oraz dane wszystkich student\u00f3w i pracownik\u00f3w. Pocz\u0105wszy od momentu rejestracji kandydata w systemie IRK, a\u017c do chwili zdania przez niego ostatnich egzamin\u00f3w i obrony pracy dyplomowej wszystkie informacje zwi\u0105zane z jego tokiem studi\u00f3w trafiaj\u0105 w\u0142a\u015bnie do bazy danych USOS. Dost\u0119p do bazy danych USOS maj\u0105 wy\u0142\u0105cznie pracownicy administracyjni. Z my\u015bl\u0105 o studentach powsta\u0142 USOSweb.<\/p>\n<h5>Czym jest USOSweb?<\/h5>\n<p>System ten stanowi r\u00f3wnoleg\u0142\u0105 baz\u0119 danych w stosunku do systemu USOS, poprzez kt\u00f3r\u0105 <strong>student<\/strong> uzyskuje dost\u0119p do informacji zwi\u0105zanych z przebiegiem jego studi\u00f3w (oceny, plan zaj\u0119\u0107, wyniki rejestracji na zaj\u0119cia, itp.). W USOSweb znajduje si\u0119 tak\u017ce aktualna oferta dydaktyczna ca\u0142ego Uniwersytetu oraz dost\u0119pne s\u0105 informacje o nauczycielach (dy\u017cury, e-maile, telefony).<\/p>\n<h5>USOS i USOSweb to dwie bazy, kt\u00f3re musz\u0105 si\u0119 komunikowa\u0107<\/h5>\n<p>Dla zachowania ich sp\u00f3jno\u015bci raz dziennie odbywa si\u0119 <strong>migracja danych<\/strong> czyli synchronizacja danych. Migracja rozpoczyna si\u0119 o 4:10 i ko\u0144czy si\u0119 oko\u0142o godziny 4:25. Informacja o tym, kiedy odby\u0142a si\u0119 ostatnia migracja znajduje si\u0119 w oknie powitalnym USOSweb. <strong>W czasie trwania migracji modu\u0142 USOSweb jest niedost\u0119pny.<\/strong> Zawsze sprawdzaj, kiedy by\u0142a ostatnia migracja. Informacja o tym, kiedy odby\u0142a si\u0119 ostatnia migracja zazwyczaj pozwala wyja\u015bni\u0107 w\u0105tpliwo\u015bci pt.: \u201eDlaczego \u201etego\u201d nie ma w moim USOSwebie?\u201d<\/p>\n<h5>Czym jest USOSul?<\/h5>\n<p>Serwis UL znany tak\u017ce jako serwis rejestracji \u017cetonowych umo\u017cliwia rejestrowanie si\u0119 na przedmioty, kt\u00f3re s\u0105 <strong>og\u00f3lnodost\u0119pne dla student\u00f3w<\/strong> z ca\u0142ego UW, niezale\u017cnie od kierunku ich studi\u00f3w. S\u0105 to:<\/p>\n<ul>\n<li>przedmioty og\u00f3lnouniwersyteckie,<\/li>\n<li>zaj\u0119cia z wychowania fizycznego,<\/li>\n<li>lektoraty,<\/li>\n<li>egzaminy z j\u0119zyk\u00f3w obcych,<\/li>\n<li>przedmioty daj\u0105ce uprawnienia pedagogiczne.<\/li>\n<\/ul>\n<h5>Logowanie do sytemu<\/h5>\n<p>Aby m\u00f3c w pe\u0142ni korzysta\u0107 z USOSweb i\u00a0USOSul nale\u017cy si\u0119 zalogowa\u0107.\u00a0USOSweb znajduje si\u0119 na stronie <span style=\"color: #ff6600\"><a style=\"color: #ff6600\" href=\"http:\/\/usosweb.uw.edu.pl\">http:\/\/usosweb.uw.edu.pl<\/a><\/span>, a\u00a0USOSul na stronie <span style=\"color: #ff6600\"><a style=\"color: #ff6600\" href=\"http:\/\/rejestracja.usos.uw.edu.pl\">http:\/\/rejestracja.usos.uw.edu.pl<\/a><\/span>. Dla student\u00f3w <strong>loginem<\/strong> jest numer PESEL a pocz\u0105tkowym <strong>has\u0142em<\/strong> jest has\u0142o z IRK (mo\u017cna je potem samodzielnie zmieni\u0107).<\/p>\n<p>Problemy z logowaniem:<\/p>\n<p><strong>1. JE\u017bELI NIE MO\u017bESZ SI\u0118 ZALOGOWA\u0106 lub USOSweb \/ USOSul NIE ROZPOZNAJE CI\u0118 lub NIE PRZYDZIELONO CI \u017bETON\u00d3W:<\/strong><\/p>\n<p>Zwr\u00f3\u0107 si\u0119 osobi\u015bcie do sekretariatu ds. studenckich z pro\u015bb\u0105 o pomoc. Przez telefon lub Internet nikt nie pomo\u017ce Ci w takiej sprawie. Istnieje mo\u017cliwo\u015b\u0107 wygenerowania nowego has\u0142a, jednak dla twojego bezpiecze\u0144stwa, ta forma pomocy mo\u017cliwa jest wy\u0142\u0105cznie gdy osobi\u015bcie stawisz si\u0119 w sekretariacie.<\/p>\n<p><strong>2. JE\u017bELI NIE PAMI\u0118TASZ HAS\u0141A:<\/strong><\/p>\n<p>Skorzystaj z mechanizmu generowania has\u0142a na stronie g\u0142\u00f3wnej Centralnego Serwera Uwierzytelniania. Has\u0142o aktywowane jest w sekretariacie\u00a0ds. studenckich (podanym przez Ciebie kodem) i dzia\u0142a od razu we wszystkich us\u0142ugach.<\/p>\n<p><strong>3. JESTEM STUDENTEM I ROKU I NIE MAM JESZCZE DOST\u0118PU<\/strong><\/p>\n<p>Wielu <strong>nowoprzyj\u0119tych student\u00f3w<\/strong> I roku jest zaniepokojonych faktem, \u017ce nie mog\u0105 zalogowa\u0107 si\u0119 do USOSweba z wykorzystaniem has\u0142a z IRK. Jednak nie nale\u017cy si\u0119 tym przejmowa\u0107. Pracownicy administracyjni maj\u0105 bardzo du\u017co pracy przy wpisywaniu nowych student\u00f3w do USOS-a. Proces ten ci\u0105gnie si\u0119 przez ca\u0142e wakacje. Tak wi\u0119c je\u017celi Twoi koledzy maj\u0105 ju\u017c dost\u0119p do USOSweba, a Ty nie, oznacza\u0107 to mo\u017ce, \u017ce ich dane zosta\u0142y ju\u017c wprowadzone przez pracownika sekretariatu ds. studenckich, a Twoje jeszcze nie (bo np. kolega ma nazwisko na B, Ty na T, a za\u0142atwiani jeste\u015bcie w kolejno\u015bci alfabetycznej). Trzeba po prostu uzbroi\u0107 si\u0119 w cierpliwo\u015b\u0107. Niepokoj\u0105ca mo\u017ce by\u0107 dopiero sytuacja, je\u015bli nie b\u0119dziesz m\u00f3g\u0142 zalogowa\u0107 si\u0119 do uczelnianych serwis\u00f3w w pa\u017adzierniku (gdy zacznie si\u0119 ju\u017c nowy rok akademicki) albo gdy nadszed\u0142 dzie\u0144, w kt\u00f3rym wed\u0142ug informacji og\u0142oszonych w naszej jednostce wszyscy jego nowi studenci powinni mie\u0107 ju\u017c dost\u0119p do uczelnianych serwis\u00f3w. W takim przypadku b\u0119dziesz musia\u0142 zg\u0142osi\u0107 spraw\u0119 w sekretariacie ds. studenckich.<\/p>\n<h5>Biblioteczka USOS<\/h5>\n<p>Materia\u0142y, przewodniki i instrukcje oraz inne przydatne informacje o USOSie znajdziesz pod adresem:\u00a0 <a href=\"http:\/\/usosownia.uw.edu.pl\/\"><span style=\"color: #ff6600\">http:\/\/usosownia.uw.edu.pl<\/span><\/a><\/p>\n<\/div>","protected":false},"excerpt":{"rendered":"<p>Czym jest USOS? Uniwersytecki System Obs\u0142ugi Studi\u00f3w (USOS) to centralna baza danych UW skupiaj\u0105ca w jednym miejscu ca\u0142\u0105 ofert\u0119 programow\u0105 wszystkich jednostek UW oraz dane wszystkich student\u00f3w i pracownik\u00f3w. Pocz\u0105wszy od momentu rejestracji kandydata w systemie IRK, a\u017c do chwili zdania przez niego ostatnich egzamin\u00f3w i obrony pracy dyplomowej wszystkie informacje zwi\u0105zane z jego tokiem [&hellip;]<\/p>\n","protected":false},"author":1,"featured_media":0,"parent":0,"menu_order":0,"comment_status":"closed","ping_status":"closed","template":"","meta":{"_acf_changed":false,"_exactmetrics_skip_tracking":false,"_exactmetrics_sitenote_active":false,"_exactmetrics_sitenote_note":"","_exactmetrics_sitenote_category":0,"_uf_show_specific_survey":0,"_uf_disable_surveys":false,"footnotes":"","_links_to":"","_links_to_target":""},"class_list":["post-485","page","type-page","status-publish","hentry","post"],"acf":[],"yoast_head":"<!-- This site is optimized with the Yoast SEO plugin v27.5 - https:\/\/yoast.com\/product\/yoast-seo-wordpress\/ -->\n<title>USOS<\/title>\n<meta name=\"description\" content=\"Uniwersytecki System Obs\u0142ugi Studi\u00f3w (USOS) to centralna baza danych UW skupiaj\u0105ca w jednym miejscu ca\u0142\u0105 ofert\u0119 programow\u0105 wszystkich jednostek UW oraz dane wszystkich student\u00f3w i pracownik\u00f3w.\" \/>\n<meta name=\"robots\" content=\"index, follow, max-snippet:-1, max-image-preview:large, max-video-preview:-1\" \/>\n<link rel=\"canonical\" href=\"https:\/\/ucbs.uw.edu.pl\/usos\/\" \/>\n<meta property=\"og:locale\" content=\"en_US\" \/>\n<meta property=\"og:type\" content=\"article\" \/>\n<meta property=\"og:title\" content=\"USOS\" \/>\n<meta property=\"og:description\" content=\"Uniwersytecki System Obs\u0142ugi Studi\u00f3w (USOS) to centralna baza danych UW skupiaj\u0105ca w jednym miejscu ca\u0142\u0105 ofert\u0119 programow\u0105 wszystkich jednostek UW oraz dane wszystkich student\u00f3w i pracownik\u00f3w.\" \/>\n<meta property=\"og:url\" content=\"https:\/\/ucbs.uw.edu.pl\/usos\/\" \/>\n<meta property=\"og:site_name\" content=\"University Centre for Environmental Studies and Sustainable Development\" \/>\n<meta property=\"article:publisher\" content=\"https:\/\/www.facebook.com\/ucbsuw\" \/>\n<meta property=\"article:modified_time\" content=\"2023-09-14T10:21:08+00:00\" \/>\n<meta name=\"twitter:card\" content=\"summary_large_image\" \/>\n<meta name=\"twitter:site\" content=\"@ucbsuw\" \/>\n<meta name=\"twitter:label1\" content=\"Est. reading time\" \/>\n\t<meta name=\"twitter:data1\" content=\"4 minutes\" \/>\n<script type=\"application\/ld+json\" class=\"yoast-schema-graph\">{\"@context\":\"https:\\\/\\\/schema.org\",\"@graph\":[{\"@type\":\"WebPage\",\"@id\":\"https:\\\/\\\/ucbs.uw.edu.pl\\\/usos\\\/\",\"url\":\"https:\\\/\\\/ucbs.uw.edu.pl\\\/usos\\\/\",\"name\":\"USOS\",\"isPartOf\":{\"@id\":\"https:\\\/\\\/ucbs.uw.edu.pl\\\/#website\"},\"datePublished\":\"2021-03-03T09:50:05+00:00\",\"dateModified\":\"2023-09-14T10:21:08+00:00\",\"description\":\"Uniwersytecki System Obs\u0142ugi Studi\u00f3w (USOS) to centralna baza danych UW skupiaj\u0105ca w jednym miejscu ca\u0142\u0105 ofert\u0119 programow\u0105 wszystkich jednostek UW oraz dane wszystkich student\u00f3w i pracownik\u00f3w.\",\"breadcrumb\":{\"@id\":\"https:\\\/\\\/ucbs.uw.edu.pl\\\/usos\\\/#breadcrumb\"},\"inLanguage\":\"en-US\",\"potentialAction\":[{\"@type\":\"ReadAction\",\"target\":[\"https:\\\/\\\/ucbs.uw.edu.pl\\\/usos\\\/\"]}]},{\"@type\":\"BreadcrumbList\",\"@id\":\"https:\\\/\\\/ucbs.uw.edu.pl\\\/usos\\\/#breadcrumb\",\"itemListElement\":[{\"@type\":\"ListItem\",\"position\":1,\"name\":\"Strona g\u0142\u00f3wna\",\"item\":\"https:\\\/\\\/ucbs.uw.edu.pl\\\/\"},{\"@type\":\"ListItem\",\"position\":2,\"name\":\"USOS\"}]},{\"@type\":\"WebSite\",\"@id\":\"https:\\\/\\\/ucbs.uw.edu.pl\\\/#website\",\"url\":\"https:\\\/\\\/ucbs.uw.edu.pl\\\/\",\"name\":\"Uniwersyteckie Centrum Bada\u0144 nad \u015arodowiskiem Przyrodniczym i Zr\u00f3wnowa\u017conym Rozwojem\",\"description\":\"7 Departments mean 7 times more opportunities\",\"publisher\":{\"@id\":\"https:\\\/\\\/ucbs.uw.edu.pl\\\/#organization\"},\"potentialAction\":[{\"@type\":\"SearchAction\",\"target\":{\"@type\":\"EntryPoint\",\"urlTemplate\":\"https:\\\/\\\/ucbs.uw.edu.pl\\\/?s={search_term_string}\"},\"query-input\":{\"@type\":\"PropertyValueSpecification\",\"valueRequired\":true,\"valueName\":\"search_term_string\"}}],\"inLanguage\":\"en-US\"},{\"@type\":\"Organization\",\"@id\":\"https:\\\/\\\/ucbs.uw.edu.pl\\\/#organization\",\"name\":\"Uniwersyteckie Centrum Bada\u0144 nad \u015arodowiskiem Przyrodniczym i Zr\u00f3wnowa\u017conym Rozwojem\",\"url\":\"https:\\\/\\\/ucbs.uw.edu.pl\\\/\",\"logo\":{\"@type\":\"ImageObject\",\"inLanguage\":\"en-US\",\"@id\":\"https:\\\/\\\/ucbs.uw.edu.pl\\\/#\\\/schema\\\/logo\\\/image\\\/\",\"url\":\"https:\\\/\\\/ucbs.uw.edu.pl\\\/wp-content\\\/uploads\\\/sites\\\/389\\\/2023\\\/09\\\/PL_zwykly_monochromatyczny_okragly.jpg\",\"contentUrl\":\"https:\\\/\\\/ucbs.uw.edu.pl\\\/wp-content\\\/uploads\\\/sites\\\/389\\\/2023\\\/09\\\/PL_zwykly_monochromatyczny_okragly.jpg\",\"width\":658,\"height\":710,\"caption\":\"Uniwersyteckie Centrum Bada\u0144 nad \u015arodowiskiem Przyrodniczym i Zr\u00f3wnowa\u017conym Rozwojem\"},\"image\":{\"@id\":\"https:\\\/\\\/ucbs.uw.edu.pl\\\/#\\\/schema\\\/logo\\\/image\\\/\"},\"sameAs\":[\"https:\\\/\\\/www.facebook.com\\\/ucbsuw\",\"https:\\\/\\\/x.com\\\/ucbsuw\",\"https:\\\/\\\/www.linkedin.com\\\/company\\\/19014166\\\/admin\\\/feed\\\/posts\\\/\"]}]}<\/script>\n<!-- \/ Yoast SEO plugin. -->","yoast_head_json":{"title":"USOS","description":"Uniwersytecki System Obs\u0142ugi Studi\u00f3w (USOS) to centralna baza danych UW skupiaj\u0105ca w jednym miejscu ca\u0142\u0105 ofert\u0119 programow\u0105 wszystkich jednostek UW oraz dane wszystkich student\u00f3w i pracownik\u00f3w.","robots":{"index":"index","follow":"follow","max-snippet":"max-snippet:-1","max-image-preview":"max-image-preview:large","max-video-preview":"max-video-preview:-1"},"canonical":"https:\/\/ucbs.uw.edu.pl\/usos\/","og_locale":"en_US","og_type":"article","og_title":"USOS","og_description":"Uniwersytecki System Obs\u0142ugi Studi\u00f3w (USOS) to centralna baza danych UW skupiaj\u0105ca w jednym miejscu ca\u0142\u0105 ofert\u0119 programow\u0105 wszystkich jednostek UW oraz dane wszystkich student\u00f3w i pracownik\u00f3w.","og_url":"https:\/\/ucbs.uw.edu.pl\/usos\/","og_site_name":"University Centre for Environmental Studies and Sustainable Development","article_publisher":"https:\/\/www.facebook.com\/ucbsuw","article_modified_time":"2023-09-14T10:21:08+00:00","twitter_card":"summary_large_image","twitter_site":"@ucbsuw","twitter_misc":{"Est. reading time":"4 minutes"},"schema":{"@context":"https:\/\/schema.org","@graph":[{"@type":"WebPage","@id":"https:\/\/ucbs.uw.edu.pl\/usos\/","url":"https:\/\/ucbs.uw.edu.pl\/usos\/","name":"USOS","isPartOf":{"@id":"https:\/\/ucbs.uw.edu.pl\/#website"},"datePublished":"2021-03-03T09:50:05+00:00","dateModified":"2023-09-14T10:21:08+00:00","description":"Uniwersytecki System Obs\u0142ugi Studi\u00f3w (USOS) to centralna baza danych UW skupiaj\u0105ca w jednym miejscu ca\u0142\u0105 ofert\u0119 programow\u0105 wszystkich jednostek UW oraz dane wszystkich student\u00f3w i pracownik\u00f3w.","breadcrumb":{"@id":"https:\/\/ucbs.uw.edu.pl\/usos\/#breadcrumb"},"inLanguage":"en-US","potentialAction":[{"@type":"ReadAction","target":["https:\/\/ucbs.uw.edu.pl\/usos\/"]}]},{"@type":"BreadcrumbList","@id":"https:\/\/ucbs.uw.edu.pl\/usos\/#breadcrumb","itemListElement":[{"@type":"ListItem","position":1,"name":"Strona g\u0142\u00f3wna","item":"https:\/\/ucbs.uw.edu.pl\/"},{"@type":"ListItem","position":2,"name":"USOS"}]},{"@type":"WebSite","@id":"https:\/\/ucbs.uw.edu.pl\/#website","url":"https:\/\/ucbs.uw.edu.pl\/","name":"Uniwersyteckie Centrum Bada\u0144 nad \u015arodowiskiem Przyrodniczym i Zr\u00f3wnowa\u017conym Rozwojem","description":"7 Departments mean 7 times more opportunities","publisher":{"@id":"https:\/\/ucbs.uw.edu.pl\/#organization"},"potentialAction":[{"@type":"SearchAction","target":{"@type":"EntryPoint","urlTemplate":"https:\/\/ucbs.uw.edu.pl\/?s={search_term_string}"},"query-input":{"@type":"PropertyValueSpecification","valueRequired":true,"valueName":"search_term_string"}}],"inLanguage":"en-US"},{"@type":"Organization","@id":"https:\/\/ucbs.uw.edu.pl\/#organization","name":"Uniwersyteckie Centrum Bada\u0144 nad \u015arodowiskiem Przyrodniczym i Zr\u00f3wnowa\u017conym Rozwojem","url":"https:\/\/ucbs.uw.edu.pl\/","logo":{"@type":"ImageObject","inLanguage":"en-US","@id":"https:\/\/ucbs.uw.edu.pl\/#\/schema\/logo\/image\/","url":"https:\/\/ucbs.uw.edu.pl\/wp-content\/uploads\/sites\/389\/2023\/09\/PL_zwykly_monochromatyczny_okragly.jpg","contentUrl":"https:\/\/ucbs.uw.edu.pl\/wp-content\/uploads\/sites\/389\/2023\/09\/PL_zwykly_monochromatyczny_okragly.jpg","width":658,"height":710,"caption":"Uniwersyteckie Centrum Bada\u0144 nad \u015arodowiskiem Przyrodniczym i Zr\u00f3wnowa\u017conym Rozwojem"},"image":{"@id":"https:\/\/ucbs.uw.edu.pl\/#\/schema\/logo\/image\/"},"sameAs":["https:\/\/www.facebook.com\/ucbsuw","https:\/\/x.com\/ucbsuw","https:\/\/www.linkedin.com\/company\/19014166\/admin\/feed\/posts\/"]}]}},"_links":{"self":[{"href":"https:\/\/ucbs.uw.edu.pl\/en\/wp-json\/wp\/v2\/pages\/485","targetHints":{"allow":["GET"]}}],"collection":[{"href":"https:\/\/ucbs.uw.edu.pl\/en\/wp-json\/wp\/v2\/pages"}],"about":[{"href":"https:\/\/ucbs.uw.edu.pl\/en\/wp-json\/wp\/v2\/types\/page"}],"author":[{"embeddable":true,"href":"https:\/\/ucbs.uw.edu.pl\/en\/wp-json\/wp\/v2\/users\/1"}],"replies":[{"embeddable":true,"href":"https:\/\/ucbs.uw.edu.pl\/en\/wp-json\/wp\/v2\/comments?post=485"}],"version-history":[{"count":5,"href":"https:\/\/ucbs.uw.edu.pl\/en\/wp-json\/wp\/v2\/pages\/485\/revisions"}],"predecessor-version":[{"id":5547,"href":"https:\/\/ucbs.uw.edu.pl\/en\/wp-json\/wp\/v2\/pages\/485\/revisions\/5547"}],"wp:attachment":[{"href":"https:\/\/ucbs.uw.edu.pl\/en\/wp-json\/wp\/v2\/media?parent=485"}],"curies":[{"name":"wp","href":"https:\/\/api.w.org\/{rel}","templated":true}]}}