{"id":4664,"date":"2023-05-29T13:13:27","date_gmt":"2023-05-29T11:13:27","guid":{"rendered":"http:\/\/ucbs.uw.edu.pl\/?page_id=4664"},"modified":"2023-11-13T09:01:56","modified_gmt":"2023-11-13T08:01:56","slug":"samorzad-studentow-ucbs","status":"publish","type":"page","link":"https:\/\/ucbs.uw.edu.pl\/en\/samorzad-studentow-ucbs\/","title":{"rendered":"UCBS Student Council"},"content":{"rendered":"<p>Znajdziecie tu informacje o nadchodz\u0105cych w najbli\u017cszym czasie akcjach organizowanych przez ZSS UCBS UW.<\/p>\n<p>kontakt: <span style=\"color: #ff6600;\"><a style=\"color: #ff6600;\" href=\"mailto:rss.ucbs@samorzad.uw.edu.pl\" target=\"_blank\" rel=\"noopener\">rss.ucbs@samorzad.uw.edu.pl<\/a><\/span><\/p>\n<p><a href=\"https:\/\/www.facebook.com\/SamorzadStudentowMsos\/\" target=\"_blank\" rel=\"noopener\"><img loading=\"lazy\" decoding=\"async\" class=\"alignleft\" src=\"https:\/\/ucbs.uw.edu.pl\/wp-content\/uploads\/sites\/389\/2021\/01\/indeks.png\" alt=\"\" width=\"45\" height=\"45\" \/><\/a><\/p>\n<p>Zach\u0119camy tak\u017ce do odwiedzenia i zalajkowania naszej strony na Facebooku (<span style=\"color: #ff6600;\"><a style=\"color: #ff6600;\" href=\"https:\/\/www.facebook.com\/SamorzadStudentowUcbsUW\">https:\/\/www.facebook.com\/SamorzadStudentowUcbsUW<\/a><\/span>) by zawsze wiedzie\u0107 co, jak i gdzie!<\/p>\n<p><strong><span style=\"font-size: 12pt;\">Sk\u0142ad:<\/span><\/strong><\/p>\n<p>Rok akademicki 2023\/2024<\/p>\n<p><strong>Sk\u0142ad:<\/strong><\/p>\n<p>Rok akademicki 2023\/2024<\/p>\n<p><strong>Rada Samorz\u0105du Student\u00f3w UCBS<\/strong><br \/>\n1. Miros\u0142aw Banach \u2013 przewodnicz\u0105cy<br \/>\n2. Katarzyna Olesiuk \u2013 wiceprzewodnicz\u0105ca<br \/>\n3. Alicja Foks<br \/>\n4. Julia Potrzebowska<br \/>\n5. Maria Zadworna<\/p>\n<p><strong>Cz\u0142onkowie Rady Dydaktycznej UCBS reprezentuj\u0105cy student\u00f3w:<\/strong><br \/>\n1. Miros\u0142aw Banach<br \/>\n2. Alicja Foks<br \/>\n3. Katarzyna Olesiuk<br \/>\n4. Julia Potrzebowska<br \/>\n5. Teresa Witkowska<\/p>\n<p><strong>Cz\u0142onkowie Rady UCBS reprezentuj\u0105cy student\u00f3w:<\/strong><br \/>\n1. Miros\u0142aw Banach (z urz\u0119du \u2013 \u00a7162 Regulaminu Samorz\u0105du Student\u00f3w UW)<br \/>\n2. Alicja Foks<br \/>\n3. Teresa Witkowska<\/p>\n<p><strong>Parlament Student\u00f3w UW:<\/strong><br \/>\n1. Miros\u0142aw Banach (z urz\u0119du \u2013 \u00a7162 Regulaminu Samorz\u0105du Student\u00f3w UW)<\/p>\n","protected":false},"excerpt":{"rendered":"<p>Znajdziecie tu informacje o nadchodz\u0105cych w najbli\u017cszym czasie akcjach organizowanych przez ZSS UCBS UW. kontakt: rss.ucbs@samorzad.uw.edu.pl Zach\u0119camy tak\u017ce do odwiedzenia i zalajkowania naszej strony na Facebooku (https:\/\/www.facebook.com\/SamorzadStudentowUcbsUW) by zawsze wiedzie\u0107 co, jak i gdzie! Sk\u0142ad: Rok akademicki 2023\/2024 Sk\u0142ad: Rok akademicki 2023\/2024 Rada Samorz\u0105du Student\u00f3w UCBS 1. Miros\u0142aw Banach \u2013 przewodnicz\u0105cy 2. Katarzyna Olesiuk \u2013 [&hellip;]<\/p>\n","protected":false},"author":1,"featured_media":0,"parent":0,"menu_order":0,"comment_status":"closed","ping_status":"closed","template":"","meta":{"_acf_changed":false,"_exactmetrics_skip_tracking":false,"_exactmetrics_sitenote_active":false,"_exactmetrics_sitenote_note":"","_exactmetrics_sitenote_category":0,"_uf_show_specific_survey":0,"_uf_disable_surveys":false,"footnotes":"","_links_to":"","_links_to_target":""},"class_list":["post-4664","page","type-page","status-publish","hentry","post"],"acf":[],"yoast_head":"<!-- This site is optimized with the Yoast SEO plugin v27.4 - https:\/\/yoast.com\/product\/yoast-seo-wordpress\/ -->\n<title>Samorz\u0105d Student\u00f3w UCBS UW<\/title>\n<meta name=\"description\" content=\"Zapraszamy do kontaktu i wsp\u00f3\u0142pracy: rss.ucbs@samorzad.uw.edu.pl, a tak\u017ce: https:\/\/www.facebook.com\/SamorzadStudentowUcbsUW\" \/>\n<meta name=\"robots\" content=\"index, follow, max-snippet:-1, max-image-preview:large, max-video-preview:-1\" \/>\n<link rel=\"canonical\" href=\"https:\/\/ucbs.uw.edu.pl\/samorzad-studentow-ucbs\/\" \/>\n<meta property=\"og:locale\" content=\"en_US\" \/>\n<meta property=\"og:type\" content=\"article\" \/>\n<meta property=\"og:title\" content=\"Samorz\u0105d Student\u00f3w UCBS UW\" \/>\n<meta property=\"og:description\" content=\"Zapraszamy do kontaktu i wsp\u00f3\u0142pracy: rss.ucbs@samorzad.uw.edu.pl, a tak\u017ce: https:\/\/www.facebook.com\/SamorzadStudentowUcbsUW\" \/>\n<meta property=\"og:url\" content=\"https:\/\/ucbs.uw.edu.pl\/samorzad-studentow-ucbs\/\" \/>\n<meta property=\"og:site_name\" content=\"University Centre for Environmental Studies and Sustainable Development\" \/>\n<meta property=\"article:publisher\" content=\"https:\/\/www.facebook.com\/ucbsuw\" \/>\n<meta property=\"article:modified_time\" content=\"2023-11-13T08:01:56+00:00\" \/>\n<meta property=\"og:image\" content=\"https:\/\/ucbs.uw.edu.pl\/wp-content\/uploads\/sites\/389\/2021\/01\/indeks.png\" \/>\n<meta name=\"twitter:card\" content=\"summary_large_image\" \/>\n<meta name=\"twitter:site\" content=\"@ucbsuw\" \/>\n<meta name=\"twitter:label1\" content=\"Est. reading time\" \/>\n\t<meta name=\"twitter:data1\" content=\"1 minute\" \/>\n<script type=\"application\/ld+json\" class=\"yoast-schema-graph\">{\"@context\":\"https:\\\/\\\/schema.org\",\"@graph\":[{\"@type\":\"WebPage\",\"@id\":\"https:\\\/\\\/ucbs.uw.edu.pl\\\/samorzad-studentow-ucbs\\\/\",\"url\":\"https:\\\/\\\/ucbs.uw.edu.pl\\\/samorzad-studentow-ucbs\\\/\",\"name\":\"Samorz\u0105d Student\u00f3w UCBS UW\",\"isPartOf\":{\"@id\":\"https:\\\/\\\/ucbs.uw.edu.pl\\\/#website\"},\"primaryImageOfPage\":{\"@id\":\"https:\\\/\\\/ucbs.uw.edu.pl\\\/samorzad-studentow-ucbs\\\/#primaryimage\"},\"image\":{\"@id\":\"https:\\\/\\\/ucbs.uw.edu.pl\\\/samorzad-studentow-ucbs\\\/#primaryimage\"},\"thumbnailUrl\":\"https:\\\/\\\/ucbs.uw.edu.pl\\\/wp-content\\\/uploads\\\/sites\\\/389\\\/2021\\\/01\\\/indeks.png\",\"datePublished\":\"2023-05-29T11:13:27+00:00\",\"dateModified\":\"2023-11-13T08:01:56+00:00\",\"description\":\"Zapraszamy do kontaktu i wsp\u00f3\u0142pracy: rss.ucbs@samorzad.uw.edu.pl, a tak\u017ce: https:\\\/\\\/www.facebook.com\\\/SamorzadStudentowUcbsUW\",\"breadcrumb\":{\"@id\":\"https:\\\/\\\/ucbs.uw.edu.pl\\\/samorzad-studentow-ucbs\\\/#breadcrumb\"},\"inLanguage\":\"en-US\",\"potentialAction\":[{\"@type\":\"ReadAction\",\"target\":[\"https:\\\/\\\/ucbs.uw.edu.pl\\\/samorzad-studentow-ucbs\\\/\"]}]},{\"@type\":\"ImageObject\",\"inLanguage\":\"en-US\",\"@id\":\"https:\\\/\\\/ucbs.uw.edu.pl\\\/samorzad-studentow-ucbs\\\/#primaryimage\",\"url\":\"https:\\\/\\\/ucbs.uw.edu.pl\\\/wp-content\\\/uploads\\\/sites\\\/389\\\/2021\\\/01\\\/indeks.png\",\"contentUrl\":\"https:\\\/\\\/ucbs.uw.edu.pl\\\/wp-content\\\/uploads\\\/sites\\\/389\\\/2021\\\/01\\\/indeks.png\"},{\"@type\":\"BreadcrumbList\",\"@id\":\"https:\\\/\\\/ucbs.uw.edu.pl\\\/samorzad-studentow-ucbs\\\/#breadcrumb\",\"itemListElement\":[{\"@type\":\"ListItem\",\"position\":1,\"name\":\"Strona g\u0142\u00f3wna\",\"item\":\"https:\\\/\\\/ucbs.uw.edu.pl\\\/\"},{\"@type\":\"ListItem\",\"position\":2,\"name\":\"Samorz\u0105d Student\u00f3w UCBS\"}]},{\"@type\":\"WebSite\",\"@id\":\"https:\\\/\\\/ucbs.uw.edu.pl\\\/#website\",\"url\":\"https:\\\/\\\/ucbs.uw.edu.pl\\\/\",\"name\":\"Uniwersyteckie Centrum Bada\u0144 nad \u015arodowiskiem Przyrodniczym i Zr\u00f3wnowa\u017conym Rozwojem\",\"description\":\"7 Departments mean 7 times more opportunities\",\"publisher\":{\"@id\":\"https:\\\/\\\/ucbs.uw.edu.pl\\\/#organization\"},\"potentialAction\":[{\"@type\":\"SearchAction\",\"target\":{\"@type\":\"EntryPoint\",\"urlTemplate\":\"https:\\\/\\\/ucbs.uw.edu.pl\\\/?s={search_term_string}\"},\"query-input\":{\"@type\":\"PropertyValueSpecification\",\"valueRequired\":true,\"valueName\":\"search_term_string\"}}],\"inLanguage\":\"en-US\"},{\"@type\":\"Organization\",\"@id\":\"https:\\\/\\\/ucbs.uw.edu.pl\\\/#organization\",\"name\":\"Uniwersyteckie Centrum Bada\u0144 nad \u015arodowiskiem Przyrodniczym i Zr\u00f3wnowa\u017conym Rozwojem\",\"url\":\"https:\\\/\\\/ucbs.uw.edu.pl\\\/\",\"logo\":{\"@type\":\"ImageObject\",\"inLanguage\":\"en-US\",\"@id\":\"https:\\\/\\\/ucbs.uw.edu.pl\\\/#\\\/schema\\\/logo\\\/image\\\/\",\"url\":\"https:\\\/\\\/ucbs.uw.edu.pl\\\/wp-content\\\/uploads\\\/sites\\\/389\\\/2023\\\/09\\\/PL_zwykly_monochromatyczny_okragly.jpg\",\"contentUrl\":\"https:\\\/\\\/ucbs.uw.edu.pl\\\/wp-content\\\/uploads\\\/sites\\\/389\\\/2023\\\/09\\\/PL_zwykly_monochromatyczny_okragly.jpg\",\"width\":658,\"height\":710,\"caption\":\"Uniwersyteckie Centrum Bada\u0144 nad \u015arodowiskiem Przyrodniczym i Zr\u00f3wnowa\u017conym Rozwojem\"},\"image\":{\"@id\":\"https:\\\/\\\/ucbs.uw.edu.pl\\\/#\\\/schema\\\/logo\\\/image\\\/\"},\"sameAs\":[\"https:\\\/\\\/www.facebook.com\\\/ucbsuw\",\"https:\\\/\\\/x.com\\\/ucbsuw\",\"https:\\\/\\\/www.linkedin.com\\\/company\\\/19014166\\\/admin\\\/feed\\\/posts\\\/\"]}]}<\/script>\n<!-- \/ Yoast SEO plugin. -->","yoast_head_json":{"title":"Samorz\u0105d Student\u00f3w UCBS UW","description":"Zapraszamy do kontaktu i wsp\u00f3\u0142pracy: rss.ucbs@samorzad.uw.edu.pl, a tak\u017ce: https:\/\/www.facebook.com\/SamorzadStudentowUcbsUW","robots":{"index":"index","follow":"follow","max-snippet":"max-snippet:-1","max-image-preview":"max-image-preview:large","max-video-preview":"max-video-preview:-1"},"canonical":"https:\/\/ucbs.uw.edu.pl\/samorzad-studentow-ucbs\/","og_locale":"en_US","og_type":"article","og_title":"Samorz\u0105d Student\u00f3w UCBS UW","og_description":"Zapraszamy do kontaktu i wsp\u00f3\u0142pracy: rss.ucbs@samorzad.uw.edu.pl, a tak\u017ce: https:\/\/www.facebook.com\/SamorzadStudentowUcbsUW","og_url":"https:\/\/ucbs.uw.edu.pl\/samorzad-studentow-ucbs\/","og_site_name":"University Centre for Environmental Studies and Sustainable Development","article_publisher":"https:\/\/www.facebook.com\/ucbsuw","article_modified_time":"2023-11-13T08:01:56+00:00","og_image":[{"url":"https:\/\/ucbs.uw.edu.pl\/wp-content\/uploads\/sites\/389\/2021\/01\/indeks.png","type":"","width":"","height":""}],"twitter_card":"summary_large_image","twitter_site":"@ucbsuw","twitter_misc":{"Est. reading time":"1 minute"},"schema":{"@context":"https:\/\/schema.org","@graph":[{"@type":"WebPage","@id":"https:\/\/ucbs.uw.edu.pl\/samorzad-studentow-ucbs\/","url":"https:\/\/ucbs.uw.edu.pl\/samorzad-studentow-ucbs\/","name":"Samorz\u0105d Student\u00f3w UCBS UW","isPartOf":{"@id":"https:\/\/ucbs.uw.edu.pl\/#website"},"primaryImageOfPage":{"@id":"https:\/\/ucbs.uw.edu.pl\/samorzad-studentow-ucbs\/#primaryimage"},"image":{"@id":"https:\/\/ucbs.uw.edu.pl\/samorzad-studentow-ucbs\/#primaryimage"},"thumbnailUrl":"https:\/\/ucbs.uw.edu.pl\/wp-content\/uploads\/sites\/389\/2021\/01\/indeks.png","datePublished":"2023-05-29T11:13:27+00:00","dateModified":"2023-11-13T08:01:56+00:00","description":"Zapraszamy do kontaktu i wsp\u00f3\u0142pracy: rss.ucbs@samorzad.uw.edu.pl, a tak\u017ce: https:\/\/www.facebook.com\/SamorzadStudentowUcbsUW","breadcrumb":{"@id":"https:\/\/ucbs.uw.edu.pl\/samorzad-studentow-ucbs\/#breadcrumb"},"inLanguage":"en-US","potentialAction":[{"@type":"ReadAction","target":["https:\/\/ucbs.uw.edu.pl\/samorzad-studentow-ucbs\/"]}]},{"@type":"ImageObject","inLanguage":"en-US","@id":"https:\/\/ucbs.uw.edu.pl\/samorzad-studentow-ucbs\/#primaryimage","url":"https:\/\/ucbs.uw.edu.pl\/wp-content\/uploads\/sites\/389\/2021\/01\/indeks.png","contentUrl":"https:\/\/ucbs.uw.edu.pl\/wp-content\/uploads\/sites\/389\/2021\/01\/indeks.png"},{"@type":"BreadcrumbList","@id":"https:\/\/ucbs.uw.edu.pl\/samorzad-studentow-ucbs\/#breadcrumb","itemListElement":[{"@type":"ListItem","position":1,"name":"Strona g\u0142\u00f3wna","item":"https:\/\/ucbs.uw.edu.pl\/"},{"@type":"ListItem","position":2,"name":"Samorz\u0105d Student\u00f3w UCBS"}]},{"@type":"WebSite","@id":"https:\/\/ucbs.uw.edu.pl\/#website","url":"https:\/\/ucbs.uw.edu.pl\/","name":"Uniwersyteckie Centrum Bada\u0144 nad \u015arodowiskiem Przyrodniczym i Zr\u00f3wnowa\u017conym Rozwojem","description":"7 Departments mean 7 times more opportunities","publisher":{"@id":"https:\/\/ucbs.uw.edu.pl\/#organization"},"potentialAction":[{"@type":"SearchAction","target":{"@type":"EntryPoint","urlTemplate":"https:\/\/ucbs.uw.edu.pl\/?s={search_term_string}"},"query-input":{"@type":"PropertyValueSpecification","valueRequired":true,"valueName":"search_term_string"}}],"inLanguage":"en-US"},{"@type":"Organization","@id":"https:\/\/ucbs.uw.edu.pl\/#organization","name":"Uniwersyteckie Centrum Bada\u0144 nad \u015arodowiskiem Przyrodniczym i Zr\u00f3wnowa\u017conym Rozwojem","url":"https:\/\/ucbs.uw.edu.pl\/","logo":{"@type":"ImageObject","inLanguage":"en-US","@id":"https:\/\/ucbs.uw.edu.pl\/#\/schema\/logo\/image\/","url":"https:\/\/ucbs.uw.edu.pl\/wp-content\/uploads\/sites\/389\/2023\/09\/PL_zwykly_monochromatyczny_okragly.jpg","contentUrl":"https:\/\/ucbs.uw.edu.pl\/wp-content\/uploads\/sites\/389\/2023\/09\/PL_zwykly_monochromatyczny_okragly.jpg","width":658,"height":710,"caption":"Uniwersyteckie Centrum Bada\u0144 nad \u015arodowiskiem Przyrodniczym i Zr\u00f3wnowa\u017conym Rozwojem"},"image":{"@id":"https:\/\/ucbs.uw.edu.pl\/#\/schema\/logo\/image\/"},"sameAs":["https:\/\/www.facebook.com\/ucbsuw","https:\/\/x.com\/ucbsuw","https:\/\/www.linkedin.com\/company\/19014166\/admin\/feed\/posts\/"]}]}},"_links":{"self":[{"href":"https:\/\/ucbs.uw.edu.pl\/en\/wp-json\/wp\/v2\/pages\/4664","targetHints":{"allow":["GET"]}}],"collection":[{"href":"https:\/\/ucbs.uw.edu.pl\/en\/wp-json\/wp\/v2\/pages"}],"about":[{"href":"https:\/\/ucbs.uw.edu.pl\/en\/wp-json\/wp\/v2\/types\/page"}],"author":[{"embeddable":true,"href":"https:\/\/ucbs.uw.edu.pl\/en\/wp-json\/wp\/v2\/users\/1"}],"replies":[{"embeddable":true,"href":"https:\/\/ucbs.uw.edu.pl\/en\/wp-json\/wp\/v2\/comments?post=4664"}],"version-history":[{"count":1,"href":"https:\/\/ucbs.uw.edu.pl\/en\/wp-json\/wp\/v2\/pages\/4664\/revisions"}],"predecessor-version":[{"id":6198,"href":"https:\/\/ucbs.uw.edu.pl\/en\/wp-json\/wp\/v2\/pages\/4664\/revisions\/6198"}],"wp:attachment":[{"href":"https:\/\/ucbs.uw.edu.pl\/en\/wp-json\/wp\/v2\/media?parent=4664"}],"curies":[{"name":"wp","href":"https:\/\/api.w.org\/{rel}","templated":true}]}}