{"id":437,"date":"2021-03-02T15:28:29","date_gmt":"2021-03-02T14:28:29","guid":{"rendered":"http:\/\/ucbs.uw.edu.pl\/?page_id=437"},"modified":"2023-10-11T09:03:16","modified_gmt":"2023-10-11T07:03:16","slug":"bloki-do-wyboru-dla-i-roku","status":"publish","type":"page","link":"https:\/\/ucbs.uw.edu.pl\/en\/home\/dla-studentow\/bloki-do-wyboru-dla-i-roku\/","title":{"rendered":"Bloki do wyboru dla I roku"},"content":{"rendered":"<h2>Bloki do wyboru dla I roku<\/h2>\n<div class=\"wrapper\">\n<p>Na studiach I stopnia na I roku w semestrze letnim obowi\u0105zuje zaliczenie jednego tematycznego bloku do wyboru.<\/p>\n<table class=\"tabela\">\n<tbody>\n<tr>\n<th>Blok<\/th>\n<th>Przedmioty<\/th>\n<\/tr>\n<tr>\n<td>Biologiczny<\/td>\n<td><span style=\"color: #ff6600\"><a style=\"color: #ff6600\" href=\"https:\/\/usosweb.uw.edu.pl\/kontroler.php?_action=katalog2\/przedmioty\/pokazPrzedmiot&amp;prz_kod=4015-REK-CW\">Rekultywacja i remediacja (\u0107wiczenia)<\/a><\/span><br \/>\n<span style=\"color: #ff6600\"><a style=\"color: #ff6600\" href=\"https:\/\/usosweb.uw.edu.pl\/kontroler.php?_action=katalog2\/przedmioty\/pokazPrzedmiot&amp;prz_kod=4015-REK-W\">Rekultywacja i remediacja (wyk\u0142ad)<\/a><\/span><\/td>\n<\/tr>\n<tr>\n<td>Chemiczny<\/td>\n<td><span style=\"color: #ff6600\"><a style=\"color: #ff6600\" href=\"https:\/\/usosweb.uw.edu.pl\/kontroler.php?_action=katalog2\/przedmioty\/pokazPrzedmiot&amp;prz_kod=4015-CHOG-PSEM\">Proseminarium z chemii og\u00f3lnej<\/a><\/span><br \/>\n<span style=\"color: #ff6600\"><a style=\"color: #ff6600\" href=\"https:\/\/usosweb.uw.edu.pl\/kontroler.php?_action=katalog2\/przedmioty\/pokazPrzedmiot&amp;prz_kod=4015-CHORG-PSEM\">Proseminarium z chemii organicznej<\/a><\/span><br \/>\n<span style=\"color: #ff6600\"><a style=\"color: #ff6600\" href=\"https:\/\/usosweb.uw.edu.pl\/kontroler.php?_action=katalog2\/przedmioty\/pokazPrzedmiot&amp;prz_kod=4015-CHOR-CW-B\">Laboratorium z chemii organicznej B<\/a><\/span><br \/>\n<span style=\"color: #ff6600\"><a style=\"color: #ff6600\" href=\"https:\/\/usosweb.uw.edu.pl\/kontroler.php?_action=katalog2\/przedmioty\/pokazPrzedmiot&amp;prz_kod=4015-CHOG-CW-B\">Laboratorium z chemii og\u00f3lnej i analitycznej B<\/a><\/span><\/td>\n<\/tr>\n<tr>\n<td>Ekonomiczny<\/td>\n<td><span style=\"color: #ff6600\"><a style=\"color: #ff6600\" href=\"https:\/\/usosweb.uw.edu.pl\/kontroler.php?_action=katalog2\/przedmioty\/pokazPrzedmiot&amp;prz_kod=2400-PP1NI\">Narz\u0119dzia informatyczne w ekonomii<\/a><\/span><br \/>\n<span style=\"color: #ff6600\"><a style=\"color: #ff6600\" href=\"https:\/\/usosweb.uw.edu.pl\/kontroler.php?_action=katalog2\/przedmioty\/pokazPrzedmiot&amp;prz_kod=2400-PP2MGO\">Makroekonomia Gospodarki Otwartej<\/a><\/span><\/td>\n<\/tr>\n<tr>\n<td>Fizyczny<\/td>\n<td><span style=\"color: #ff6600\">przedmioty do wyboru spo\u015br\u00f3d puli\u00a0<a style=\"color: #ff6600\" href=\"https:\/\/rejestracja.usos.uw.edu.pl\/catalogue.php?rg=0000-2017L-OG-UN&amp;group=1100-OG\">przedmiot\u00f3w og\u00f3lnouniwersyteckich Wydzia\u0142u Fizyki<\/a><\/span><\/td>\n<\/tr>\n<tr>\n<td>Geograficzny<\/td>\n<td><span style=\"color: #ff6600\"><a style=\"color: #ff6600\" href=\"https:\/\/usosweb.uw.edu.pl\/kontroler.php?_action=katalog2\/przedmioty\/pokazPrzedmiot&amp;prz_kod=4015-MBGF\">Metody badawcze w geografii fizycznej<\/a>\u00a0\u00a0<\/span><\/td>\n<\/tr>\n<tr>\n<td>Geologiczny<\/td>\n<td><span style=\"color: #ff6600\"><a style=\"color: #ff6600\" href=\"https:\/\/usosweb.uw.edu.pl\/kontroler.php?_action=katalog2\/przedmioty\/pokazPrzedmiot&amp;prz_kod=4015-EM-W\">Elementy mineralogii (wyk\u0142ad)<\/a>\u00a0\u00a0 \u00a0 \u00a0 \u00a0 \u00a0 \u00a0 \u00a0 \u00a0 \u00a0 \u00a0\u00a0\u00a0 \u00a0\u00a0<\/span><br \/>\n<span style=\"color: #ff6600\"><a style=\"color: #ff6600\" href=\"https:\/\/usosweb.uw.edu.pl\/kontroler.php?_action=katalog2\/przedmioty\/pokazPrzedmiot&amp;prz_kod=4015-EM-CW\">Elementy mineralogii (\u0107wiczenia)<\/a><\/span><br \/>\n<span style=\"color: #ff6600\"><a style=\"color: #ff6600\" href=\"https:\/\/usosweb.uw.edu.pl\/kontroler.php?_action=katalog2\/przedmioty\/pokazPrzedmiot&amp;prz_kod=4015-PP-W\">Praktikum petrologiczne (wyk\u0142ad)<\/a><\/span><br \/>\n<span style=\"color: #ff6600\"><a style=\"color: #ff6600\" href=\"https:\/\/usosweb.uw.edu.pl\/kontroler.php?_action=katalog2\/przedmioty\/pokazPrzedmiot&amp;prz_kod=4015-PP-CW\">Praktikum petrologiczne (\u0107wiczenia)<\/a><\/span><\/td>\n<\/tr>\n<tr>\n<td>Prawniczy<\/td>\n<td><span style=\"color: #ff6600\"><a style=\"color: #ff6600\" href=\"https:\/\/usosweb.uw.edu.pl\/kontroler.php?_action=katalog2\/przedmioty\/pokazPrzedmiot&amp;prz_kod=4015-ZRAP\">Zr\u00f3wnowa\u017cony rozw\u00f3j &#8211; aspekty prawne<\/a><\/span><br \/>\n<span style=\"color: #ff6600\"><a style=\"color: #ff6600\" href=\"https:\/\/usosweb.uw.edu.pl\/kontroler.php?_action=katalog2\/przedmioty\/pokazPrzedmiot&amp;prz_kod=4015-WPRAW\">Warsztaty prawnicze<\/a><\/span><span style=\"color: #ff6600\"><a style=\"color: #ff6600\" href=\"https:\/\/usosweb.uw.edu.pl\/kontroler.php?_action=katalog2\/przedmioty\/pokazPrzedmiot&amp;prz_kod=4015-PMOSUE\">Prawo materialne w dziedzinie ochrony \u015brodowiska w Unii Europejskiej<\/a><\/span><\/td>\n<\/tr>\n<\/tbody>\n<\/table>\n<\/div>","protected":false},"excerpt":{"rendered":"<p>Bloki do wyboru dla I roku Na studiach I stopnia na I roku w semestrze letnim obowi\u0105zuje zaliczenie jednego tematycznego bloku do wyboru. Blok Przedmioty Biologiczny Rekultywacja i remediacja (\u0107wiczenia) Rekultywacja i remediacja (wyk\u0142ad) Chemiczny Proseminarium z chemii og\u00f3lnej Proseminarium z chemii organicznej Laboratorium z chemii organicznej B Laboratorium z chemii og\u00f3lnej i analitycznej B [&hellip;]<\/p>\n","protected":false},"author":1,"featured_media":0,"parent":431,"menu_order":0,"comment_status":"closed","ping_status":"closed","template":"","meta":{"_acf_changed":false,"_exactmetrics_skip_tracking":false,"_exactmetrics_sitenote_active":false,"_exactmetrics_sitenote_note":"","_exactmetrics_sitenote_category":0,"_uf_show_specific_survey":0,"_uf_disable_surveys":false,"footnotes":"","_links_to":"","_links_to_target":""},"class_list":["post-437","page","type-page","status-publish","hentry","post"],"acf":[],"yoast_head":"<!-- This site is optimized with the Yoast SEO plugin v27.3 - https:\/\/yoast.com\/product\/yoast-seo-wordpress\/ -->\n<title>Bloki do wyboru dla I roku<\/title>\n<meta name=\"description\" content=\"Na studiach I stopnia na I roku w semestrze letnim obowi\u0105zuje zaliczenie jednego tematycznego bloku do wyboru.\" \/>\n<meta name=\"robots\" content=\"index, follow, max-snippet:-1, max-image-preview:large, max-video-preview:-1\" \/>\n<link rel=\"canonical\" href=\"https:\/\/ucbs.uw.edu.pl\/home\/dla-studentow\/bloki-do-wyboru-dla-i-roku\/\" \/>\n<meta property=\"og:locale\" content=\"en_US\" \/>\n<meta property=\"og:type\" content=\"article\" \/>\n<meta property=\"og:title\" content=\"Bloki do wyboru dla I roku\" \/>\n<meta property=\"og:description\" content=\"Na studiach I stopnia na I roku w semestrze letnim obowi\u0105zuje zaliczenie jednego tematycznego bloku do wyboru.\" \/>\n<meta property=\"og:url\" content=\"https:\/\/ucbs.uw.edu.pl\/home\/dla-studentow\/bloki-do-wyboru-dla-i-roku\/\" \/>\n<meta property=\"og:site_name\" content=\"University Centre for Environmental Studies and Sustainable Development\" \/>\n<meta property=\"article:publisher\" content=\"https:\/\/www.facebook.com\/ucbsuw\" \/>\n<meta property=\"article:modified_time\" content=\"2023-10-11T07:03:16+00:00\" \/>\n<meta name=\"twitter:card\" content=\"summary_large_image\" \/>\n<meta name=\"twitter:site\" content=\"@ucbsuw\" \/>\n<meta name=\"twitter:label1\" content=\"Est. reading time\" \/>\n\t<meta name=\"twitter:data1\" content=\"2 minutes\" \/>\n<script type=\"application\/ld+json\" class=\"yoast-schema-graph\">{\"@context\":\"https:\\\/\\\/schema.org\",\"@graph\":[{\"@type\":\"WebPage\",\"@id\":\"https:\\\/\\\/ucbs.uw.edu.pl\\\/home\\\/dla-studentow\\\/bloki-do-wyboru-dla-i-roku\\\/\",\"url\":\"https:\\\/\\\/ucbs.uw.edu.pl\\\/home\\\/dla-studentow\\\/bloki-do-wyboru-dla-i-roku\\\/\",\"name\":\"Bloki do wyboru dla I roku\",\"isPartOf\":{\"@id\":\"https:\\\/\\\/ucbs.uw.edu.pl\\\/#website\"},\"datePublished\":\"2021-03-02T14:28:29+00:00\",\"dateModified\":\"2023-10-11T07:03:16+00:00\",\"description\":\"Na studiach I stopnia na I roku w semestrze letnim obowi\u0105zuje zaliczenie jednego tematycznego bloku do wyboru.\",\"breadcrumb\":{\"@id\":\"https:\\\/\\\/ucbs.uw.edu.pl\\\/home\\\/dla-studentow\\\/bloki-do-wyboru-dla-i-roku\\\/#breadcrumb\"},\"inLanguage\":\"en-US\",\"potentialAction\":[{\"@type\":\"ReadAction\",\"target\":[\"https:\\\/\\\/ucbs.uw.edu.pl\\\/home\\\/dla-studentow\\\/bloki-do-wyboru-dla-i-roku\\\/\"]}]},{\"@type\":\"BreadcrumbList\",\"@id\":\"https:\\\/\\\/ucbs.uw.edu.pl\\\/home\\\/dla-studentow\\\/bloki-do-wyboru-dla-i-roku\\\/#breadcrumb\",\"itemListElement\":[{\"@type\":\"ListItem\",\"position\":1,\"name\":\"Strona g\u0142\u00f3wna\",\"item\":\"https:\\\/\\\/ucbs.uw.edu.pl\\\/\"},{\"@type\":\"ListItem\",\"position\":2,\"name\":\"Home\",\"item\":\"https:\\\/\\\/ucbs.uw.edu.pl\\\/home\\\/\"},{\"@type\":\"ListItem\",\"position\":3,\"name\":\"Dla student\u00f3w\",\"item\":\"https:\\\/\\\/ucbs.uw.edu.pl\\\/home\\\/dla-studentow\\\/\"},{\"@type\":\"ListItem\",\"position\":4,\"name\":\"Bloki do wyboru dla I roku\"}]},{\"@type\":\"WebSite\",\"@id\":\"https:\\\/\\\/ucbs.uw.edu.pl\\\/#website\",\"url\":\"https:\\\/\\\/ucbs.uw.edu.pl\\\/\",\"name\":\"Uniwersyteckie Centrum Bada\u0144 nad \u015arodowiskiem Przyrodniczym i Zr\u00f3wnowa\u017conym Rozwojem\",\"description\":\"7 Departments mean 7 times more opportunities\",\"publisher\":{\"@id\":\"https:\\\/\\\/ucbs.uw.edu.pl\\\/#organization\"},\"potentialAction\":[{\"@type\":\"SearchAction\",\"target\":{\"@type\":\"EntryPoint\",\"urlTemplate\":\"https:\\\/\\\/ucbs.uw.edu.pl\\\/?s={search_term_string}\"},\"query-input\":{\"@type\":\"PropertyValueSpecification\",\"valueRequired\":true,\"valueName\":\"search_term_string\"}}],\"inLanguage\":\"en-US\"},{\"@type\":\"Organization\",\"@id\":\"https:\\\/\\\/ucbs.uw.edu.pl\\\/#organization\",\"name\":\"Uniwersyteckie Centrum Bada\u0144 nad \u015arodowiskiem Przyrodniczym i Zr\u00f3wnowa\u017conym Rozwojem\",\"url\":\"https:\\\/\\\/ucbs.uw.edu.pl\\\/\",\"logo\":{\"@type\":\"ImageObject\",\"inLanguage\":\"en-US\",\"@id\":\"https:\\\/\\\/ucbs.uw.edu.pl\\\/#\\\/schema\\\/logo\\\/image\\\/\",\"url\":\"https:\\\/\\\/ucbs.uw.edu.pl\\\/wp-content\\\/uploads\\\/sites\\\/389\\\/2023\\\/09\\\/PL_zwykly_monochromatyczny_okragly.jpg\",\"contentUrl\":\"https:\\\/\\\/ucbs.uw.edu.pl\\\/wp-content\\\/uploads\\\/sites\\\/389\\\/2023\\\/09\\\/PL_zwykly_monochromatyczny_okragly.jpg\",\"width\":658,\"height\":710,\"caption\":\"Uniwersyteckie Centrum Bada\u0144 nad \u015arodowiskiem Przyrodniczym i Zr\u00f3wnowa\u017conym Rozwojem\"},\"image\":{\"@id\":\"https:\\\/\\\/ucbs.uw.edu.pl\\\/#\\\/schema\\\/logo\\\/image\\\/\"},\"sameAs\":[\"https:\\\/\\\/www.facebook.com\\\/ucbsuw\",\"https:\\\/\\\/x.com\\\/ucbsuw\",\"https:\\\/\\\/www.linkedin.com\\\/company\\\/19014166\\\/admin\\\/feed\\\/posts\\\/\"]}]}<\/script>\n<!-- \/ Yoast SEO plugin. -->","yoast_head_json":{"title":"Bloki do wyboru dla I roku","description":"Na studiach I stopnia na I roku w semestrze letnim obowi\u0105zuje zaliczenie jednego tematycznego bloku do wyboru.","robots":{"index":"index","follow":"follow","max-snippet":"max-snippet:-1","max-image-preview":"max-image-preview:large","max-video-preview":"max-video-preview:-1"},"canonical":"https:\/\/ucbs.uw.edu.pl\/home\/dla-studentow\/bloki-do-wyboru-dla-i-roku\/","og_locale":"en_US","og_type":"article","og_title":"Bloki do wyboru dla I roku","og_description":"Na studiach I stopnia na I roku w semestrze letnim obowi\u0105zuje zaliczenie jednego tematycznego bloku do wyboru.","og_url":"https:\/\/ucbs.uw.edu.pl\/home\/dla-studentow\/bloki-do-wyboru-dla-i-roku\/","og_site_name":"University Centre for Environmental Studies and Sustainable Development","article_publisher":"https:\/\/www.facebook.com\/ucbsuw","article_modified_time":"2023-10-11T07:03:16+00:00","twitter_card":"summary_large_image","twitter_site":"@ucbsuw","twitter_misc":{"Est. reading time":"2 minutes"},"schema":{"@context":"https:\/\/schema.org","@graph":[{"@type":"WebPage","@id":"https:\/\/ucbs.uw.edu.pl\/home\/dla-studentow\/bloki-do-wyboru-dla-i-roku\/","url":"https:\/\/ucbs.uw.edu.pl\/home\/dla-studentow\/bloki-do-wyboru-dla-i-roku\/","name":"Bloki do wyboru dla I roku","isPartOf":{"@id":"https:\/\/ucbs.uw.edu.pl\/#website"},"datePublished":"2021-03-02T14:28:29+00:00","dateModified":"2023-10-11T07:03:16+00:00","description":"Na studiach I stopnia na I roku w semestrze letnim obowi\u0105zuje zaliczenie jednego tematycznego bloku do wyboru.","breadcrumb":{"@id":"https:\/\/ucbs.uw.edu.pl\/home\/dla-studentow\/bloki-do-wyboru-dla-i-roku\/#breadcrumb"},"inLanguage":"en-US","potentialAction":[{"@type":"ReadAction","target":["https:\/\/ucbs.uw.edu.pl\/home\/dla-studentow\/bloki-do-wyboru-dla-i-roku\/"]}]},{"@type":"BreadcrumbList","@id":"https:\/\/ucbs.uw.edu.pl\/home\/dla-studentow\/bloki-do-wyboru-dla-i-roku\/#breadcrumb","itemListElement":[{"@type":"ListItem","position":1,"name":"Strona g\u0142\u00f3wna","item":"https:\/\/ucbs.uw.edu.pl\/"},{"@type":"ListItem","position":2,"name":"Home","item":"https:\/\/ucbs.uw.edu.pl\/home\/"},{"@type":"ListItem","position":3,"name":"Dla student\u00f3w","item":"https:\/\/ucbs.uw.edu.pl\/home\/dla-studentow\/"},{"@type":"ListItem","position":4,"name":"Bloki do wyboru dla I roku"}]},{"@type":"WebSite","@id":"https:\/\/ucbs.uw.edu.pl\/#website","url":"https:\/\/ucbs.uw.edu.pl\/","name":"Uniwersyteckie Centrum Bada\u0144 nad \u015arodowiskiem Przyrodniczym i Zr\u00f3wnowa\u017conym Rozwojem","description":"7 Departments mean 7 times more opportunities","publisher":{"@id":"https:\/\/ucbs.uw.edu.pl\/#organization"},"potentialAction":[{"@type":"SearchAction","target":{"@type":"EntryPoint","urlTemplate":"https:\/\/ucbs.uw.edu.pl\/?s={search_term_string}"},"query-input":{"@type":"PropertyValueSpecification","valueRequired":true,"valueName":"search_term_string"}}],"inLanguage":"en-US"},{"@type":"Organization","@id":"https:\/\/ucbs.uw.edu.pl\/#organization","name":"Uniwersyteckie Centrum Bada\u0144 nad \u015arodowiskiem Przyrodniczym i Zr\u00f3wnowa\u017conym Rozwojem","url":"https:\/\/ucbs.uw.edu.pl\/","logo":{"@type":"ImageObject","inLanguage":"en-US","@id":"https:\/\/ucbs.uw.edu.pl\/#\/schema\/logo\/image\/","url":"https:\/\/ucbs.uw.edu.pl\/wp-content\/uploads\/sites\/389\/2023\/09\/PL_zwykly_monochromatyczny_okragly.jpg","contentUrl":"https:\/\/ucbs.uw.edu.pl\/wp-content\/uploads\/sites\/389\/2023\/09\/PL_zwykly_monochromatyczny_okragly.jpg","width":658,"height":710,"caption":"Uniwersyteckie Centrum Bada\u0144 nad \u015arodowiskiem Przyrodniczym i Zr\u00f3wnowa\u017conym Rozwojem"},"image":{"@id":"https:\/\/ucbs.uw.edu.pl\/#\/schema\/logo\/image\/"},"sameAs":["https:\/\/www.facebook.com\/ucbsuw","https:\/\/x.com\/ucbsuw","https:\/\/www.linkedin.com\/company\/19014166\/admin\/feed\/posts\/"]}]}},"_links":{"self":[{"href":"https:\/\/ucbs.uw.edu.pl\/en\/wp-json\/wp\/v2\/pages\/437","targetHints":{"allow":["GET"]}}],"collection":[{"href":"https:\/\/ucbs.uw.edu.pl\/en\/wp-json\/wp\/v2\/pages"}],"about":[{"href":"https:\/\/ucbs.uw.edu.pl\/en\/wp-json\/wp\/v2\/types\/page"}],"author":[{"embeddable":true,"href":"https:\/\/ucbs.uw.edu.pl\/en\/wp-json\/wp\/v2\/users\/1"}],"replies":[{"embeddable":true,"href":"https:\/\/ucbs.uw.edu.pl\/en\/wp-json\/wp\/v2\/comments?post=437"}],"version-history":[{"count":12,"href":"https:\/\/ucbs.uw.edu.pl\/en\/wp-json\/wp\/v2\/pages\/437\/revisions"}],"predecessor-version":[{"id":5956,"href":"https:\/\/ucbs.uw.edu.pl\/en\/wp-json\/wp\/v2\/pages\/437\/revisions\/5956"}],"up":[{"embeddable":true,"href":"https:\/\/ucbs.uw.edu.pl\/en\/wp-json\/wp\/v2\/pages\/431"}],"wp:attachment":[{"href":"https:\/\/ucbs.uw.edu.pl\/en\/wp-json\/wp\/v2\/media?parent=437"}],"curies":[{"name":"wp","href":"https:\/\/api.w.org\/{rel}","templated":true}]}}