{"id":434,"date":"2021-03-02T15:27:20","date_gmt":"2021-03-02T14:27:20","guid":{"rendered":"http:\/\/ucbs.uw.edu.pl\/?page_id=434"},"modified":"2026-04-16T13:24:05","modified_gmt":"2026-04-16T11:24:05","slug":"szkolenie-bhp","status":"publish","type":"page","link":"https:\/\/ucbs.uw.edu.pl\/en\/home\/dla-studentow\/szkolenie-bhp\/","title":{"rendered":"Workplace health and safety"},"content":{"rendered":"<div class=\"wrapper\">\n<p style=\"text-align: justify;\"><img loading=\"lazy\" decoding=\"async\" class=\"wp-image-6437 aligncenter\" src=\"https:\/\/ucbs.uw.edu.pl\/wp-content\/uploads\/sites\/389\/2023\/12\/bhp-300x200.jpg\" alt=\"\" width=\"776\" height=\"517\" srcset=\"https:\/\/ucbs.uw.edu.pl\/wp-content\/uploads\/sites\/389\/2023\/12\/bhp-300x200.jpg 300w, https:\/\/ucbs.uw.edu.pl\/wp-content\/uploads\/sites\/389\/2023\/12\/bhp-1024x683.jpg 1024w, https:\/\/ucbs.uw.edu.pl\/wp-content\/uploads\/sites\/389\/2023\/12\/bhp-768x513.jpg 768w, https:\/\/ucbs.uw.edu.pl\/wp-content\/uploads\/sites\/389\/2023\/12\/bhp-1536x1025.jpg 1536w, https:\/\/ucbs.uw.edu.pl\/wp-content\/uploads\/sites\/389\/2023\/12\/bhp-2048x1367.jpg 2048w, https:\/\/ucbs.uw.edu.pl\/wp-content\/uploads\/sites\/389\/2023\/12\/bhp-272x182.jpg 272w\" sizes=\"auto, (max-width: 776px) 100vw, 776px\" \/><\/p>\n<p style=\"text-align: justify;\"><div class=\"su-box su-box-style-default\" id=\"\" style=\"border-color:#c57d00;border-radius:0px;max-width:none\"><div class=\"su-box-title\" style=\"background-color:#f8b012;color:#000000;border-top-left-radius:0px;border-top-right-radius:0px\">C<strong>ourse coordinators<\/strong><\/div><div class=\"su-box-content su-u-clearfix su-u-trim\" style=\"border-bottom-left-radius:0px;border-bottom-right-radius:0px\">\n<p style=\"text-align: justify;\"><strong>Dorota Olejarka<\/strong> +48 22 55 20 752<\/p>\n<p style=\"text-align: justify;\"><strong>Nina Zieli\u0144ska<\/strong> +48 22 55 20 826, 22 55 20 826<\/p>\n<p style=\"text-align: justify;\"><strong>Anna \u017bukowska<\/strong> +48 22 55 43 810<\/div><\/div>\n<p style=\"text-align: justify;\">All students of the University of Warsaw who start their studies are obliged to pass the subject of occupational health and safety, hereinafter referred to as OSH training. The above requirement results from the Regulation of the Minister of Science and Higher Education of 5 July 2007 on occupational safety and health in universities (Journal of Laws No. 126, item 897).<\/p>\n<p style=\"text-align: justify;\"><b>The Health and Safety Training Program includes:<\/b><br \/>\n1) health and safety at work,<br \/>\n2) elements of labor law,<br \/>\n3) fire protection,<br \/>\n4) first aid in the event of an accident.<\/p>\n<p style=\"text-align: justify;\"><b>After completing the module student:<br \/>\n<\/b>1) knows the rules on health and safety at work,<br \/>\n2) knows the content of selected issues in the field of labor law,<br \/>\n3) knows the rules of fire protection,<br \/>\n4) knows the rules of first aid in the event of an accident.<\/p>\n<p style=\"text-align: justify;\">1) For the winter semester:<\/p>\n<p style=\"text-align: justify;\">First period: October 1, 2025 \u2013 February 8, 2026 \u2013 grades will be uploaded on February 10, 2026.<br \/>\nSecond term: February 20, 2026 \u2013 March 1, 2026 \u2013 grades will be transferred on March 3, 2026.<\/p>\n<p style=\"text-align: justify;\">2) For the summer semester:<\/p>\n<p style=\"text-align: justify;\">First term: March 13, 2026 \u2013 June 28, 2026 \u2013 grades will be migrated on June 30, 2026.<br \/>\nSecond period: August 31, 2026 \u2013 September 13, 2026 \u2013 grades will be migrated on September 15, 2026.<\/p>\n<\/div>\n<p style=\"text-align: justify;\">Course link: <span style=\"color: #ff6600;\"><a style=\"color: #ff6600;\" href=\"http:\/\/www.kampus.uw.edu.pl\/\" target=\"_blank\" rel=\"noopener\" data-saferedirecturl=\"https:\/\/www.google.com\/url?q=http:\/\/www.kampus.uw.edu.pl&amp;source=gmail&amp;ust=1730292844105000&amp;usg=AOvVaw3PkwAoamjcO4DAA3KvNySe\">www.kampus.uw.edu.pl<\/a><\/span><\/p>","protected":false},"excerpt":{"rendered":"<p>All students of the University of Warsaw who start their studies are obliged to pass the subject of occupational health and safety, hereinafter referred to as OSH training. The above requirement results from the Regulation of the Minister of Science and Higher Education of 5 July 2007 on occupational safety and health in universities (Journal [&hellip;]<\/p>\n","protected":false},"author":1,"featured_media":0,"parent":431,"menu_order":0,"comment_status":"closed","ping_status":"closed","template":"","meta":{"_acf_changed":false,"_exactmetrics_skip_tracking":false,"_exactmetrics_sitenote_active":false,"_exactmetrics_sitenote_note":"","_exactmetrics_sitenote_category":0,"_uf_show_specific_survey":0,"_uf_disable_surveys":false,"footnotes":"","_links_to":"","_links_to_target":""},"class_list":["post-434","page","type-page","status-publish","hentry","post"],"acf":[],"yoast_head":"<!-- This site is optimized with the Yoast SEO plugin v27.4 - https:\/\/yoast.com\/product\/yoast-seo-wordpress\/ -->\n<title>Workplace health and safety - University Centre for Environmental Studies and Sustainable Development<\/title>\n<meta name=\"robots\" content=\"index, follow, max-snippet:-1, max-image-preview:large, max-video-preview:-1\" \/>\n<link rel=\"canonical\" href=\"https:\/\/ucbs.uw.edu.pl\/home\/dla-studentow\/szkolenie-bhp\/\" \/>\n<meta property=\"og:locale\" content=\"en_US\" \/>\n<meta property=\"og:type\" content=\"article\" \/>\n<meta property=\"og:title\" content=\"[:pl]Szkolenie BHP[:en]Workplace health and safety[:] - University Centre for Environmental Studies and Sustainable Development\" \/>\n<meta property=\"og:description\" content=\"All students of the University of Warsaw who start their studies are obliged to pass the subject of occupational health and safety, hereinafter referred to as OSH training. The above requirement results from the Regulation of the Minister of Science and Higher Education of 5 July 2007 on occupational safety and health in universities (Journal [&hellip;]\" \/>\n<meta property=\"og:url\" content=\"https:\/\/ucbs.uw.edu.pl\/home\/dla-studentow\/szkolenie-bhp\/\" \/>\n<meta property=\"og:site_name\" content=\"University Centre for Environmental Studies and Sustainable Development\" \/>\n<meta property=\"article:publisher\" content=\"https:\/\/www.facebook.com\/ucbsuw\" \/>\n<meta property=\"article:modified_time\" content=\"2026-04-16T11:24:05+00:00\" \/>\n<meta property=\"og:image\" content=\"https:\/\/ucbs.uw.edu.pl\/wp-content\/uploads\/sites\/389\/2023\/12\/bhp-scaled.jpg\" \/>\n\t<meta property=\"og:image:width\" content=\"2560\" \/>\n\t<meta property=\"og:image:height\" content=\"1708\" \/>\n\t<meta property=\"og:image:type\" content=\"image\/jpeg\" \/>\n<meta name=\"twitter:card\" content=\"summary_large_image\" \/>\n<meta name=\"twitter:site\" content=\"@ucbsuw\" \/>\n<meta name=\"twitter:label1\" content=\"Est. reading time\" \/>\n\t<meta name=\"twitter:data1\" content=\"2 minutes\" \/>\n<script type=\"application\/ld+json\" class=\"yoast-schema-graph\">{\"@context\":\"https:\\\/\\\/schema.org\",\"@graph\":[{\"@type\":\"WebPage\",\"@id\":\"https:\\\/\\\/ucbs.uw.edu.pl\\\/home\\\/dla-studentow\\\/szkolenie-bhp\\\/\",\"url\":\"https:\\\/\\\/ucbs.uw.edu.pl\\\/home\\\/dla-studentow\\\/szkolenie-bhp\\\/\",\"name\":\"[:pl]Szkolenie BHP[:en]Workplace health and safety[:] - University Centre for Environmental Studies and Sustainable Development\",\"isPartOf\":{\"@id\":\"https:\\\/\\\/ucbs.uw.edu.pl\\\/#website\"},\"primaryImageOfPage\":{\"@id\":\"https:\\\/\\\/ucbs.uw.edu.pl\\\/home\\\/dla-studentow\\\/szkolenie-bhp\\\/#primaryimage\"},\"image\":{\"@id\":\"https:\\\/\\\/ucbs.uw.edu.pl\\\/home\\\/dla-studentow\\\/szkolenie-bhp\\\/#primaryimage\"},\"thumbnailUrl\":\"https:\\\/\\\/ucbs.uw.edu.pl\\\/wp-content\\\/uploads\\\/sites\\\/389\\\/2023\\\/12\\\/bhp-300x200.jpg\",\"datePublished\":\"2021-03-02T14:27:20+00:00\",\"dateModified\":\"2026-04-16T11:24:05+00:00\",\"breadcrumb\":{\"@id\":\"https:\\\/\\\/ucbs.uw.edu.pl\\\/home\\\/dla-studentow\\\/szkolenie-bhp\\\/#breadcrumb\"},\"inLanguage\":\"en-US\",\"potentialAction\":[{\"@type\":\"ReadAction\",\"target\":[\"https:\\\/\\\/ucbs.uw.edu.pl\\\/home\\\/dla-studentow\\\/szkolenie-bhp\\\/\"]}]},{\"@type\":\"ImageObject\",\"inLanguage\":\"en-US\",\"@id\":\"https:\\\/\\\/ucbs.uw.edu.pl\\\/home\\\/dla-studentow\\\/szkolenie-bhp\\\/#primaryimage\",\"url\":\"https:\\\/\\\/ucbs.uw.edu.pl\\\/wp-content\\\/uploads\\\/sites\\\/389\\\/2023\\\/12\\\/bhp-300x200.jpg\",\"contentUrl\":\"https:\\\/\\\/ucbs.uw.edu.pl\\\/wp-content\\\/uploads\\\/sites\\\/389\\\/2023\\\/12\\\/bhp-300x200.jpg\"},{\"@type\":\"BreadcrumbList\",\"@id\":\"https:\\\/\\\/ucbs.uw.edu.pl\\\/home\\\/dla-studentow\\\/szkolenie-bhp\\\/#breadcrumb\",\"itemListElement\":[{\"@type\":\"ListItem\",\"position\":1,\"name\":\"Strona g\u0142\u00f3wna\",\"item\":\"https:\\\/\\\/ucbs.uw.edu.pl\\\/\"},{\"@type\":\"ListItem\",\"position\":2,\"name\":\"Home\",\"item\":\"https:\\\/\\\/ucbs.uw.edu.pl\\\/home\\\/\"},{\"@type\":\"ListItem\",\"position\":3,\"name\":\"Dla student\u00f3w\",\"item\":\"https:\\\/\\\/ucbs.uw.edu.pl\\\/home\\\/dla-studentow\\\/\"},{\"@type\":\"ListItem\",\"position\":4,\"name\":\"Szkolenie BHP\"}]},{\"@type\":\"WebSite\",\"@id\":\"https:\\\/\\\/ucbs.uw.edu.pl\\\/#website\",\"url\":\"https:\\\/\\\/ucbs.uw.edu.pl\\\/\",\"name\":\"Uniwersyteckie Centrum Bada\u0144 nad \u015arodowiskiem Przyrodniczym i Zr\u00f3wnowa\u017conym Rozwojem\",\"description\":\"7 Departments mean 7 times more opportunities\",\"publisher\":{\"@id\":\"https:\\\/\\\/ucbs.uw.edu.pl\\\/#organization\"},\"potentialAction\":[{\"@type\":\"SearchAction\",\"target\":{\"@type\":\"EntryPoint\",\"urlTemplate\":\"https:\\\/\\\/ucbs.uw.edu.pl\\\/?s={search_term_string}\"},\"query-input\":{\"@type\":\"PropertyValueSpecification\",\"valueRequired\":true,\"valueName\":\"search_term_string\"}}],\"inLanguage\":\"en-US\"},{\"@type\":\"Organization\",\"@id\":\"https:\\\/\\\/ucbs.uw.edu.pl\\\/#organization\",\"name\":\"Uniwersyteckie Centrum Bada\u0144 nad \u015arodowiskiem Przyrodniczym i Zr\u00f3wnowa\u017conym Rozwojem\",\"url\":\"https:\\\/\\\/ucbs.uw.edu.pl\\\/\",\"logo\":{\"@type\":\"ImageObject\",\"inLanguage\":\"en-US\",\"@id\":\"https:\\\/\\\/ucbs.uw.edu.pl\\\/#\\\/schema\\\/logo\\\/image\\\/\",\"url\":\"https:\\\/\\\/ucbs.uw.edu.pl\\\/wp-content\\\/uploads\\\/sites\\\/389\\\/2023\\\/09\\\/PL_zwykly_monochromatyczny_okragly.jpg\",\"contentUrl\":\"https:\\\/\\\/ucbs.uw.edu.pl\\\/wp-content\\\/uploads\\\/sites\\\/389\\\/2023\\\/09\\\/PL_zwykly_monochromatyczny_okragly.jpg\",\"width\":658,\"height\":710,\"caption\":\"Uniwersyteckie Centrum Bada\u0144 nad \u015arodowiskiem Przyrodniczym i Zr\u00f3wnowa\u017conym Rozwojem\"},\"image\":{\"@id\":\"https:\\\/\\\/ucbs.uw.edu.pl\\\/#\\\/schema\\\/logo\\\/image\\\/\"},\"sameAs\":[\"https:\\\/\\\/www.facebook.com\\\/ucbsuw\",\"https:\\\/\\\/x.com\\\/ucbsuw\",\"https:\\\/\\\/www.linkedin.com\\\/company\\\/19014166\\\/admin\\\/feed\\\/posts\\\/\"]}]}<\/script>\n<!-- \/ Yoast SEO plugin. -->","yoast_head_json":{"title":"[:pl]Szkolenie BHP[:en]Workplace health and safety[:] - University Centre for Environmental Studies and Sustainable Development","robots":{"index":"index","follow":"follow","max-snippet":"max-snippet:-1","max-image-preview":"max-image-preview:large","max-video-preview":"max-video-preview:-1"},"canonical":"https:\/\/ucbs.uw.edu.pl\/home\/dla-studentow\/szkolenie-bhp\/","og_locale":"en_US","og_type":"article","og_title":"[:pl]Szkolenie BHP[:en]Workplace health and safety[:] - University Centre for Environmental Studies and Sustainable Development","og_description":"All students of the University of Warsaw who start their studies are obliged to pass the subject of occupational health and safety, hereinafter referred to as OSH training. The above requirement results from the Regulation of the Minister of Science and Higher Education of 5 July 2007 on occupational safety and health in universities (Journal [&hellip;]","og_url":"https:\/\/ucbs.uw.edu.pl\/home\/dla-studentow\/szkolenie-bhp\/","og_site_name":"University Centre for Environmental Studies and Sustainable Development","article_publisher":"https:\/\/www.facebook.com\/ucbsuw","article_modified_time":"2026-04-16T11:24:05+00:00","og_image":[{"width":2560,"height":1708,"url":"https:\/\/ucbs.uw.edu.pl\/wp-content\/uploads\/sites\/389\/2023\/12\/bhp-scaled.jpg","type":"image\/jpeg"}],"twitter_card":"summary_large_image","twitter_site":"@ucbsuw","twitter_misc":{"Est. reading time":"2 minutes"},"schema":{"@context":"https:\/\/schema.org","@graph":[{"@type":"WebPage","@id":"https:\/\/ucbs.uw.edu.pl\/home\/dla-studentow\/szkolenie-bhp\/","url":"https:\/\/ucbs.uw.edu.pl\/home\/dla-studentow\/szkolenie-bhp\/","name":"[:pl]Szkolenie BHP[:en]Workplace health and safety[:] - University Centre for Environmental Studies and Sustainable Development","isPartOf":{"@id":"https:\/\/ucbs.uw.edu.pl\/#website"},"primaryImageOfPage":{"@id":"https:\/\/ucbs.uw.edu.pl\/home\/dla-studentow\/szkolenie-bhp\/#primaryimage"},"image":{"@id":"https:\/\/ucbs.uw.edu.pl\/home\/dla-studentow\/szkolenie-bhp\/#primaryimage"},"thumbnailUrl":"https:\/\/ucbs.uw.edu.pl\/wp-content\/uploads\/sites\/389\/2023\/12\/bhp-300x200.jpg","datePublished":"2021-03-02T14:27:20+00:00","dateModified":"2026-04-16T11:24:05+00:00","breadcrumb":{"@id":"https:\/\/ucbs.uw.edu.pl\/home\/dla-studentow\/szkolenie-bhp\/#breadcrumb"},"inLanguage":"en-US","potentialAction":[{"@type":"ReadAction","target":["https:\/\/ucbs.uw.edu.pl\/home\/dla-studentow\/szkolenie-bhp\/"]}]},{"@type":"ImageObject","inLanguage":"en-US","@id":"https:\/\/ucbs.uw.edu.pl\/home\/dla-studentow\/szkolenie-bhp\/#primaryimage","url":"https:\/\/ucbs.uw.edu.pl\/wp-content\/uploads\/sites\/389\/2023\/12\/bhp-300x200.jpg","contentUrl":"https:\/\/ucbs.uw.edu.pl\/wp-content\/uploads\/sites\/389\/2023\/12\/bhp-300x200.jpg"},{"@type":"BreadcrumbList","@id":"https:\/\/ucbs.uw.edu.pl\/home\/dla-studentow\/szkolenie-bhp\/#breadcrumb","itemListElement":[{"@type":"ListItem","position":1,"name":"Strona g\u0142\u00f3wna","item":"https:\/\/ucbs.uw.edu.pl\/"},{"@type":"ListItem","position":2,"name":"Home","item":"https:\/\/ucbs.uw.edu.pl\/home\/"},{"@type":"ListItem","position":3,"name":"Dla student\u00f3w","item":"https:\/\/ucbs.uw.edu.pl\/home\/dla-studentow\/"},{"@type":"ListItem","position":4,"name":"Szkolenie BHP"}]},{"@type":"WebSite","@id":"https:\/\/ucbs.uw.edu.pl\/#website","url":"https:\/\/ucbs.uw.edu.pl\/","name":"Uniwersyteckie Centrum Bada\u0144 nad \u015arodowiskiem Przyrodniczym i Zr\u00f3wnowa\u017conym Rozwojem","description":"7 Departments mean 7 times more opportunities","publisher":{"@id":"https:\/\/ucbs.uw.edu.pl\/#organization"},"potentialAction":[{"@type":"SearchAction","target":{"@type":"EntryPoint","urlTemplate":"https:\/\/ucbs.uw.edu.pl\/?s={search_term_string}"},"query-input":{"@type":"PropertyValueSpecification","valueRequired":true,"valueName":"search_term_string"}}],"inLanguage":"en-US"},{"@type":"Organization","@id":"https:\/\/ucbs.uw.edu.pl\/#organization","name":"Uniwersyteckie Centrum Bada\u0144 nad \u015arodowiskiem Przyrodniczym i Zr\u00f3wnowa\u017conym Rozwojem","url":"https:\/\/ucbs.uw.edu.pl\/","logo":{"@type":"ImageObject","inLanguage":"en-US","@id":"https:\/\/ucbs.uw.edu.pl\/#\/schema\/logo\/image\/","url":"https:\/\/ucbs.uw.edu.pl\/wp-content\/uploads\/sites\/389\/2023\/09\/PL_zwykly_monochromatyczny_okragly.jpg","contentUrl":"https:\/\/ucbs.uw.edu.pl\/wp-content\/uploads\/sites\/389\/2023\/09\/PL_zwykly_monochromatyczny_okragly.jpg","width":658,"height":710,"caption":"Uniwersyteckie Centrum Bada\u0144 nad \u015arodowiskiem Przyrodniczym i Zr\u00f3wnowa\u017conym Rozwojem"},"image":{"@id":"https:\/\/ucbs.uw.edu.pl\/#\/schema\/logo\/image\/"},"sameAs":["https:\/\/www.facebook.com\/ucbsuw","https:\/\/x.com\/ucbsuw","https:\/\/www.linkedin.com\/company\/19014166\/admin\/feed\/posts\/"]}]}},"_links":{"self":[{"href":"https:\/\/ucbs.uw.edu.pl\/en\/wp-json\/wp\/v2\/pages\/434","targetHints":{"allow":["GET"]}}],"collection":[{"href":"https:\/\/ucbs.uw.edu.pl\/en\/wp-json\/wp\/v2\/pages"}],"about":[{"href":"https:\/\/ucbs.uw.edu.pl\/en\/wp-json\/wp\/v2\/types\/page"}],"author":[{"embeddable":true,"href":"https:\/\/ucbs.uw.edu.pl\/en\/wp-json\/wp\/v2\/users\/1"}],"replies":[{"embeddable":true,"href":"https:\/\/ucbs.uw.edu.pl\/en\/wp-json\/wp\/v2\/comments?post=434"}],"version-history":[{"count":21,"href":"https:\/\/ucbs.uw.edu.pl\/en\/wp-json\/wp\/v2\/pages\/434\/revisions"}],"predecessor-version":[{"id":8532,"href":"https:\/\/ucbs.uw.edu.pl\/en\/wp-json\/wp\/v2\/pages\/434\/revisions\/8532"}],"up":[{"embeddable":true,"href":"https:\/\/ucbs.uw.edu.pl\/en\/wp-json\/wp\/v2\/pages\/431"}],"wp:attachment":[{"href":"https:\/\/ucbs.uw.edu.pl\/en\/wp-json\/wp\/v2\/media?parent=434"}],"curies":[{"name":"wp","href":"https:\/\/api.w.org\/{rel}","templated":true}]}}