{"id":431,"date":"2021-03-02T15:24:43","date_gmt":"2021-03-02T14:24:43","guid":{"rendered":"http:\/\/ucbs.uw.edu.pl\/?page_id=431"},"modified":"2024-06-25T14:06:55","modified_gmt":"2024-06-25T12:06:55","slug":"dla-studentow","status":"publish","type":"page","link":"https:\/\/ucbs.uw.edu.pl\/en\/home\/dla-studentow\/","title":{"rendered":"For Students"},"content":{"rendered":"<img loading=\"lazy\" decoding=\"async\" class=\" wp-image-6410 aligncenter\" src=\"https:\/\/ucbs.uw.edu.pl\/wp-content\/uploads\/sites\/389\/2023\/12\/tre-300x169.jpg\" alt=\"\" width=\"825\" height=\"465\" srcset=\"https:\/\/ucbs.uw.edu.pl\/wp-content\/uploads\/sites\/389\/2023\/12\/tre-300x169.jpg 300w, https:\/\/ucbs.uw.edu.pl\/wp-content\/uploads\/sites\/389\/2023\/12\/tre-1024x576.jpg 1024w, https:\/\/ucbs.uw.edu.pl\/wp-content\/uploads\/sites\/389\/2023\/12\/tre-768x432.jpg 768w, https:\/\/ucbs.uw.edu.pl\/wp-content\/uploads\/sites\/389\/2023\/12\/tre-1536x864.jpg 1536w, https:\/\/ucbs.uw.edu.pl\/wp-content\/uploads\/sites\/389\/2023\/12\/tre-2048x1152.jpg 2048w\" sizes=\"auto, (max-width: 825px) 100vw, 825px\" \/><\/p>\n<ul>\n<li><strong><span style=\"color: #ff6600; font-size: 14pt;\"><a style=\"color: #ff6600;\" href=\"https:\/\/ucbs.uw.edu.pl\/home\/zajecia\/przedmioty-do-wyboru\/\">Elective Classes<\/a><\/span><\/strong><\/li>\n<li><strong><span style=\"color: #ff6600; font-size: 14pt;\"><a style=\"color: #ff6600;\" href=\"https:\/\/ucbs.uw.edu.pl\/home\/zajecia\/bloki-do-wyboru-dla-i-roku\/\">Elective Blocks for Ist Year<\/a><\/span><\/strong><\/li>\n<li><strong><span style=\"font-size: 14pt;\"><a href=\"https:\/\/ucbs.uw.edu.pl\/home\/zajecia\/plany-zajec\/\" target=\"_blank\" rel=\"noopener\"><span style=\"color: #ff6600;\">Lesson Plans<\/span><\/a><\/span><\/strong><\/li>\n<li><strong><span style=\"font-size: 14pt;\"><a href=\"https:\/\/ucbs.uw.edu.pl\/home\/zajecia\/rejestracja-na-zajecia\/\"><span style=\"color: #ff6600;\">Registration for Classes<\/span><\/a><\/span><\/strong><\/li>\n<li><strong><span style=\"color: #ff6600; font-size: 14pt;\"><a style=\"color: #ff6600;\" href=\"https:\/\/ucbs.uw.edu.pl\/podpiecia-przedmiotow-w-usosweb\/\">USOSweb linking<\/a><\/span><\/strong><\/li>\n<li><strong><span style=\"font-size: 14pt;\"><a href=\"https:\/\/ucbs.uw.edu.pl\/home\/zajecia\/cwiczenia-terenowe\/\"><span style=\"color: #ff6600;\">Field Courses<\/span><\/a><\/span><\/strong><\/li>\n<li><strong><span style=\"font-size: 14pt;\"><a href=\"https:\/\/ucbs.uw.edu.pl\/home\/zajecia\/egzamin-z-jezyka-obcego\/\"><span style=\"color: #ff6600;\">Foreign language exam<\/span><\/a><\/span><\/strong><\/li>\n<li><strong><span style=\"font-size: 14pt;\"><a href=\"https:\/\/ucbs.uw.edu.pl\/home\/zajecia\/praktyka-zawodowa\/\"><span style=\"color: #ff6600;\">Apprenticeship<\/span><\/a><\/span><\/strong><\/li>\n<li><strong><span style=\"color: #ff6600; font-size: 14pt;\"><a style=\"color: #ff6600;\" href=\"https:\/\/ucbs.uw.edu.pl\/home\/dla-studentow\/dyplomowanie\/\" target=\"_blank\" rel=\"noopener\"><span style=\"color: #ff6600;\">Graduation<\/span><\/a><\/span><\/strong>\n<ul>\n<li><strong><span style=\"color: #ff6600; font-size: 14pt;\"><a style=\"color: #ff6600;\" href=\"https:\/\/ucbs.uw.edu.pl\/home\/dla-studentow\/seminaria-dyplomowe\/\" target=\"_blank\" rel=\"noopener\">Diploma Seminar<\/a><\/span><\/strong><\/li>\n<li><strong><span style=\"color: #ff6600; font-size: 14pt;\"><a style=\"color: #ff6600;\" href=\"https:\/\/ucbs.uw.edu.pl\/home\/dla-studentow\/prace-dyplomowe\/\" target=\"_blank\" rel=\"noopener\">Thesis<\/a><\/span><\/strong><\/li>\n<\/ul>\n<\/li>\n<li><strong><span style=\"font-size: 14pt;\"><a href=\"https:\/\/ucbs.uw.edu.pl\/home\/zajecia\/szkolenie-bhp\/\"><span style=\"color: #ff6600;\">Health and Safety Training<\/span><\/a><\/span><\/strong><\/li>\n<li><strong><span style=\"color: #ff6600; font-size: 14pt;\"><a style=\"color: #ff6600;\" href=\"https:\/\/ucbs.uw.edu.pl\/en\/home\/dla-studentow\/oplaty\/\">Fees<\/a><\/span><\/strong><\/li>\n<li><strong><span style=\"font-size: 14pt;\"><a href=\"https:\/\/ucbs.uw.edu.pl\/home\/dla-studentow\/procedura-zakonczenia-studiow\/\" target=\"_blank\" rel=\"noopener\"><span style=\"color: #ff6600;\">Graduation Step-by-step<\/span><\/a><\/span><\/strong><\/li>\n<li><strong><span style=\"color: #ff6600; font-size: 14pt;\"><a style=\"color: #ff6600;\" href=\"https:\/\/ucbs.uw.edu.pl\/home\/wymiana-studencka\/\" target=\"_blank\" rel=\"noopener\">Student Exchange<\/a><\/span><\/strong><\/li>\n<\/ul>","protected":false},"excerpt":{"rendered":"<p>Elective Classes Elective Blocks for Ist Year Lesson Plans Registration for Classes USOSweb linking Field Courses Foreign language exam Apprenticeship Graduation Diploma Seminar Thesis Health and Safety Training Fees Graduation Step-by-step Student Exchange<\/p>\n","protected":false},"author":1,"featured_media":0,"parent":101,"menu_order":0,"comment_status":"closed","ping_status":"closed","template":"","meta":{"_acf_changed":false,"_exactmetrics_skip_tracking":false,"_exactmetrics_sitenote_active":false,"_exactmetrics_sitenote_note":"","_exactmetrics_sitenote_category":0,"_uf_show_specific_survey":0,"_uf_disable_surveys":false,"footnotes":"","_links_to":"","_links_to_target":""},"class_list":["post-431","page","type-page","status-publish","hentry","post"],"acf":[],"yoast_head":"<!-- This site is optimized with the Yoast SEO plugin v27.4 - https:\/\/yoast.com\/product\/yoast-seo-wordpress\/ -->\n<title>For Students - University Centre for Environmental Studies and Sustainable Development<\/title>\n<meta name=\"robots\" content=\"index, follow, max-snippet:-1, max-image-preview:large, max-video-preview:-1\" \/>\n<link rel=\"canonical\" href=\"https:\/\/ucbs.uw.edu.pl\/home\/dla-studentow\/\" \/>\n<meta property=\"og:locale\" content=\"en_US\" \/>\n<meta property=\"og:type\" content=\"article\" \/>\n<meta property=\"og:title\" content=\"[:pl]Dla student\u00f3w[:en]For Students[:] - University Centre for Environmental Studies and Sustainable Development\" \/>\n<meta property=\"og:description\" content=\"Elective Classes Elective Blocks for Ist Year Lesson Plans Registration for Classes USOSweb linking Field Courses Foreign language exam Apprenticeship Graduation Diploma Seminar Thesis Health and Safety Training Fees Graduation Step-by-step Student Exchange\" \/>\n<meta property=\"og:url\" content=\"https:\/\/ucbs.uw.edu.pl\/home\/dla-studentow\/\" \/>\n<meta property=\"og:site_name\" content=\"University Centre for Environmental Studies and Sustainable Development\" \/>\n<meta property=\"article:publisher\" content=\"https:\/\/www.facebook.com\/ucbsuw\" \/>\n<meta property=\"article:modified_time\" content=\"2024-06-25T12:06:55+00:00\" \/>\n<meta property=\"og:image\" content=\"https:\/\/ucbs.uw.edu.pl\/wp-content\/uploads\/sites\/389\/2023\/12\/tre-300x169.jpg\" \/>\n<meta name=\"twitter:card\" content=\"summary_large_image\" \/>\n<meta name=\"twitter:site\" content=\"@ucbsuw\" \/>\n<meta name=\"twitter:label1\" content=\"Est. reading time\" \/>\n\t<meta name=\"twitter:data1\" content=\"1 minute\" \/>\n<script type=\"application\/ld+json\" class=\"yoast-schema-graph\">{\"@context\":\"https:\\\/\\\/schema.org\",\"@graph\":[{\"@type\":\"WebPage\",\"@id\":\"https:\\\/\\\/ucbs.uw.edu.pl\\\/home\\\/dla-studentow\\\/\",\"url\":\"https:\\\/\\\/ucbs.uw.edu.pl\\\/home\\\/dla-studentow\\\/\",\"name\":\"[:pl]Dla student\u00f3w[:en]For Students[:] - University Centre for Environmental Studies and Sustainable Development\",\"isPartOf\":{\"@id\":\"https:\\\/\\\/ucbs.uw.edu.pl\\\/#website\"},\"primaryImageOfPage\":{\"@id\":\"https:\\\/\\\/ucbs.uw.edu.pl\\\/home\\\/dla-studentow\\\/#primaryimage\"},\"image\":{\"@id\":\"https:\\\/\\\/ucbs.uw.edu.pl\\\/home\\\/dla-studentow\\\/#primaryimage\"},\"thumbnailUrl\":\"https:\\\/\\\/ucbs.uw.edu.pl\\\/wp-content\\\/uploads\\\/sites\\\/389\\\/2023\\\/12\\\/tre-300x169.jpg\",\"datePublished\":\"2021-03-02T14:24:43+00:00\",\"dateModified\":\"2024-06-25T12:06:55+00:00\",\"breadcrumb\":{\"@id\":\"https:\\\/\\\/ucbs.uw.edu.pl\\\/home\\\/dla-studentow\\\/#breadcrumb\"},\"inLanguage\":\"en-US\",\"potentialAction\":[{\"@type\":\"ReadAction\",\"target\":[\"https:\\\/\\\/ucbs.uw.edu.pl\\\/home\\\/dla-studentow\\\/\"]}]},{\"@type\":\"ImageObject\",\"inLanguage\":\"en-US\",\"@id\":\"https:\\\/\\\/ucbs.uw.edu.pl\\\/home\\\/dla-studentow\\\/#primaryimage\",\"url\":\"https:\\\/\\\/ucbs.uw.edu.pl\\\/wp-content\\\/uploads\\\/sites\\\/389\\\/2023\\\/12\\\/tre-300x169.jpg\",\"contentUrl\":\"https:\\\/\\\/ucbs.uw.edu.pl\\\/wp-content\\\/uploads\\\/sites\\\/389\\\/2023\\\/12\\\/tre-300x169.jpg\"},{\"@type\":\"BreadcrumbList\",\"@id\":\"https:\\\/\\\/ucbs.uw.edu.pl\\\/home\\\/dla-studentow\\\/#breadcrumb\",\"itemListElement\":[{\"@type\":\"ListItem\",\"position\":1,\"name\":\"Strona g\u0142\u00f3wna\",\"item\":\"https:\\\/\\\/ucbs.uw.edu.pl\\\/\"},{\"@type\":\"ListItem\",\"position\":2,\"name\":\"Home\",\"item\":\"https:\\\/\\\/ucbs.uw.edu.pl\\\/home\\\/\"},{\"@type\":\"ListItem\",\"position\":3,\"name\":\"Dla student\u00f3w\"}]},{\"@type\":\"WebSite\",\"@id\":\"https:\\\/\\\/ucbs.uw.edu.pl\\\/#website\",\"url\":\"https:\\\/\\\/ucbs.uw.edu.pl\\\/\",\"name\":\"Uniwersyteckie Centrum Bada\u0144 nad \u015arodowiskiem Przyrodniczym i Zr\u00f3wnowa\u017conym Rozwojem\",\"description\":\"7 Departments mean 7 times more opportunities\",\"publisher\":{\"@id\":\"https:\\\/\\\/ucbs.uw.edu.pl\\\/#organization\"},\"potentialAction\":[{\"@type\":\"SearchAction\",\"target\":{\"@type\":\"EntryPoint\",\"urlTemplate\":\"https:\\\/\\\/ucbs.uw.edu.pl\\\/?s={search_term_string}\"},\"query-input\":{\"@type\":\"PropertyValueSpecification\",\"valueRequired\":true,\"valueName\":\"search_term_string\"}}],\"inLanguage\":\"en-US\"},{\"@type\":\"Organization\",\"@id\":\"https:\\\/\\\/ucbs.uw.edu.pl\\\/#organization\",\"name\":\"Uniwersyteckie Centrum Bada\u0144 nad \u015arodowiskiem Przyrodniczym i Zr\u00f3wnowa\u017conym Rozwojem\",\"url\":\"https:\\\/\\\/ucbs.uw.edu.pl\\\/\",\"logo\":{\"@type\":\"ImageObject\",\"inLanguage\":\"en-US\",\"@id\":\"https:\\\/\\\/ucbs.uw.edu.pl\\\/#\\\/schema\\\/logo\\\/image\\\/\",\"url\":\"https:\\\/\\\/ucbs.uw.edu.pl\\\/wp-content\\\/uploads\\\/sites\\\/389\\\/2023\\\/09\\\/PL_zwykly_monochromatyczny_okragly.jpg\",\"contentUrl\":\"https:\\\/\\\/ucbs.uw.edu.pl\\\/wp-content\\\/uploads\\\/sites\\\/389\\\/2023\\\/09\\\/PL_zwykly_monochromatyczny_okragly.jpg\",\"width\":658,\"height\":710,\"caption\":\"Uniwersyteckie Centrum Bada\u0144 nad \u015arodowiskiem Przyrodniczym i Zr\u00f3wnowa\u017conym Rozwojem\"},\"image\":{\"@id\":\"https:\\\/\\\/ucbs.uw.edu.pl\\\/#\\\/schema\\\/logo\\\/image\\\/\"},\"sameAs\":[\"https:\\\/\\\/www.facebook.com\\\/ucbsuw\",\"https:\\\/\\\/x.com\\\/ucbsuw\",\"https:\\\/\\\/www.linkedin.com\\\/company\\\/19014166\\\/admin\\\/feed\\\/posts\\\/\"]}]}<\/script>\n<!-- \/ Yoast SEO plugin. -->","yoast_head_json":{"title":"[:pl]Dla student\u00f3w[:en]For Students[:] - University Centre for Environmental Studies and Sustainable Development","robots":{"index":"index","follow":"follow","max-snippet":"max-snippet:-1","max-image-preview":"max-image-preview:large","max-video-preview":"max-video-preview:-1"},"canonical":"https:\/\/ucbs.uw.edu.pl\/home\/dla-studentow\/","og_locale":"en_US","og_type":"article","og_title":"[:pl]Dla student\u00f3w[:en]For Students[:] - University Centre for Environmental Studies and Sustainable Development","og_description":"Elective Classes Elective Blocks for Ist Year Lesson Plans Registration for Classes USOSweb linking Field Courses Foreign language exam Apprenticeship Graduation Diploma Seminar Thesis Health and Safety Training Fees Graduation Step-by-step Student Exchange","og_url":"https:\/\/ucbs.uw.edu.pl\/home\/dla-studentow\/","og_site_name":"University Centre for Environmental Studies and Sustainable Development","article_publisher":"https:\/\/www.facebook.com\/ucbsuw","article_modified_time":"2024-06-25T12:06:55+00:00","og_image":[{"url":"https:\/\/ucbs.uw.edu.pl\/wp-content\/uploads\/sites\/389\/2023\/12\/tre-300x169.jpg","type":"","width":"","height":""}],"twitter_card":"summary_large_image","twitter_site":"@ucbsuw","twitter_misc":{"Est. reading time":"1 minute"},"schema":{"@context":"https:\/\/schema.org","@graph":[{"@type":"WebPage","@id":"https:\/\/ucbs.uw.edu.pl\/home\/dla-studentow\/","url":"https:\/\/ucbs.uw.edu.pl\/home\/dla-studentow\/","name":"[:pl]Dla student\u00f3w[:en]For Students[:] - University Centre for Environmental Studies and Sustainable Development","isPartOf":{"@id":"https:\/\/ucbs.uw.edu.pl\/#website"},"primaryImageOfPage":{"@id":"https:\/\/ucbs.uw.edu.pl\/home\/dla-studentow\/#primaryimage"},"image":{"@id":"https:\/\/ucbs.uw.edu.pl\/home\/dla-studentow\/#primaryimage"},"thumbnailUrl":"https:\/\/ucbs.uw.edu.pl\/wp-content\/uploads\/sites\/389\/2023\/12\/tre-300x169.jpg","datePublished":"2021-03-02T14:24:43+00:00","dateModified":"2024-06-25T12:06:55+00:00","breadcrumb":{"@id":"https:\/\/ucbs.uw.edu.pl\/home\/dla-studentow\/#breadcrumb"},"inLanguage":"en-US","potentialAction":[{"@type":"ReadAction","target":["https:\/\/ucbs.uw.edu.pl\/home\/dla-studentow\/"]}]},{"@type":"ImageObject","inLanguage":"en-US","@id":"https:\/\/ucbs.uw.edu.pl\/home\/dla-studentow\/#primaryimage","url":"https:\/\/ucbs.uw.edu.pl\/wp-content\/uploads\/sites\/389\/2023\/12\/tre-300x169.jpg","contentUrl":"https:\/\/ucbs.uw.edu.pl\/wp-content\/uploads\/sites\/389\/2023\/12\/tre-300x169.jpg"},{"@type":"BreadcrumbList","@id":"https:\/\/ucbs.uw.edu.pl\/home\/dla-studentow\/#breadcrumb","itemListElement":[{"@type":"ListItem","position":1,"name":"Strona g\u0142\u00f3wna","item":"https:\/\/ucbs.uw.edu.pl\/"},{"@type":"ListItem","position":2,"name":"Home","item":"https:\/\/ucbs.uw.edu.pl\/home\/"},{"@type":"ListItem","position":3,"name":"Dla student\u00f3w"}]},{"@type":"WebSite","@id":"https:\/\/ucbs.uw.edu.pl\/#website","url":"https:\/\/ucbs.uw.edu.pl\/","name":"Uniwersyteckie Centrum Bada\u0144 nad \u015arodowiskiem Przyrodniczym i Zr\u00f3wnowa\u017conym Rozwojem","description":"7 Departments mean 7 times more opportunities","publisher":{"@id":"https:\/\/ucbs.uw.edu.pl\/#organization"},"potentialAction":[{"@type":"SearchAction","target":{"@type":"EntryPoint","urlTemplate":"https:\/\/ucbs.uw.edu.pl\/?s={search_term_string}"},"query-input":{"@type":"PropertyValueSpecification","valueRequired":true,"valueName":"search_term_string"}}],"inLanguage":"en-US"},{"@type":"Organization","@id":"https:\/\/ucbs.uw.edu.pl\/#organization","name":"Uniwersyteckie Centrum Bada\u0144 nad \u015arodowiskiem Przyrodniczym i Zr\u00f3wnowa\u017conym Rozwojem","url":"https:\/\/ucbs.uw.edu.pl\/","logo":{"@type":"ImageObject","inLanguage":"en-US","@id":"https:\/\/ucbs.uw.edu.pl\/#\/schema\/logo\/image\/","url":"https:\/\/ucbs.uw.edu.pl\/wp-content\/uploads\/sites\/389\/2023\/09\/PL_zwykly_monochromatyczny_okragly.jpg","contentUrl":"https:\/\/ucbs.uw.edu.pl\/wp-content\/uploads\/sites\/389\/2023\/09\/PL_zwykly_monochromatyczny_okragly.jpg","width":658,"height":710,"caption":"Uniwersyteckie Centrum Bada\u0144 nad \u015arodowiskiem Przyrodniczym i Zr\u00f3wnowa\u017conym Rozwojem"},"image":{"@id":"https:\/\/ucbs.uw.edu.pl\/#\/schema\/logo\/image\/"},"sameAs":["https:\/\/www.facebook.com\/ucbsuw","https:\/\/x.com\/ucbsuw","https:\/\/www.linkedin.com\/company\/19014166\/admin\/feed\/posts\/"]}]}},"_links":{"self":[{"href":"https:\/\/ucbs.uw.edu.pl\/en\/wp-json\/wp\/v2\/pages\/431","targetHints":{"allow":["GET"]}}],"collection":[{"href":"https:\/\/ucbs.uw.edu.pl\/en\/wp-json\/wp\/v2\/pages"}],"about":[{"href":"https:\/\/ucbs.uw.edu.pl\/en\/wp-json\/wp\/v2\/types\/page"}],"author":[{"embeddable":true,"href":"https:\/\/ucbs.uw.edu.pl\/en\/wp-json\/wp\/v2\/users\/1"}],"replies":[{"embeddable":true,"href":"https:\/\/ucbs.uw.edu.pl\/en\/wp-json\/wp\/v2\/comments?post=431"}],"version-history":[{"count":30,"href":"https:\/\/ucbs.uw.edu.pl\/en\/wp-json\/wp\/v2\/pages\/431\/revisions"}],"predecessor-version":[{"id":7111,"href":"https:\/\/ucbs.uw.edu.pl\/en\/wp-json\/wp\/v2\/pages\/431\/revisions\/7111"}],"up":[{"embeddable":true,"href":"https:\/\/ucbs.uw.edu.pl\/en\/wp-json\/wp\/v2\/pages\/101"}],"wp:attachment":[{"href":"https:\/\/ucbs.uw.edu.pl\/en\/wp-json\/wp\/v2\/media?parent=431"}],"curies":[{"name":"wp","href":"https:\/\/api.w.org\/{rel}","templated":true}]}}