{"id":3627,"date":"2022-07-06T14:46:16","date_gmt":"2022-07-06T12:46:16","guid":{"rendered":"http:\/\/ucbs.uw.edu.pl\/?page_id=3627"},"modified":"2023-09-08T11:19:43","modified_gmt":"2023-09-08T09:19:43","slug":"plany-archiwalne","status":"publish","type":"page","link":"https:\/\/ucbs.uw.edu.pl\/en\/plany-archiwalne\/","title":{"rendered":"Archive"},"content":{"rendered":"Sustainable Development<\/p>\n<ul style=\"list-style-type: disc\">\n<li><span style=\"font-size: 10pt;color: #ff6600\"><a style=\"color: #ff6600\" target=\"_blank\" href=\"https:\/\/ucbs.uw.edu.pl\/wp-content\/uploads\/sites\/389\/2021\/03\/plan-studiow-II-st_SD_2019-20.pdf\" rel=\"noopener\">\u00a02019\/2020<\/a><\/span><\/li>\n<li><a href=\"https:\/\/ucbs.uw.edu.pl\/wp-content\/uploads\/sites\/389\/2021\/06\/plan-studiow-II-st_SD_2020-21_-korekta-210621.pdf\"><span style=\"font-size: 10pt;color: #ff6600\">\u00a02020\/2021<\/span><\/a><\/li>\n<li><span style=\"color: #ff6600\"><a style=\"color: #ff6600\" href=\"https:\/\/ucbs.uw.edu.pl\/wp-content\/uploads\/sites\/389\/2022\/06\/plan-sd-2021_22_korekta-22062022.pdf\"><span style=\"font-size: 10pt\">2021\/2022<\/span><\/a><\/span><\/li>\n<\/ul>","protected":false},"excerpt":{"rendered":"<p>Sustainable Development \u00a02019\/2020 \u00a02020\/2021 2021\/2022<\/p>\n","protected":false},"author":1,"featured_media":0,"parent":0,"menu_order":0,"comment_status":"closed","ping_status":"closed","template":"","meta":{"_acf_changed":false,"_exactmetrics_skip_tracking":false,"_exactmetrics_sitenote_active":false,"_exactmetrics_sitenote_note":"","_exactmetrics_sitenote_category":0,"_uf_show_specific_survey":0,"_uf_disable_surveys":false,"footnotes":"","_links_to":"","_links_to_target":""},"class_list":["post-3627","page","type-page","status-publish","hentry","post"],"acf":[],"yoast_head":"<!-- This site is optimized with the Yoast SEO plugin v27.4 - https:\/\/yoast.com\/product\/yoast-seo-wordpress\/ -->\n<title>Archive - University Centre for Environmental Studies and Sustainable Development<\/title>\n<meta name=\"robots\" content=\"index, follow, max-snippet:-1, max-image-preview:large, max-video-preview:-1\" \/>\n<link rel=\"canonical\" href=\"https:\/\/ucbs.uw.edu.pl\/plany-archiwalne\/\" \/>\n<meta property=\"og:locale\" content=\"en_US\" \/>\n<meta property=\"og:type\" content=\"article\" \/>\n<meta property=\"og:title\" content=\"[:pl]Plany archiwalne[:en]Archive[:] - University Centre for Environmental Studies and Sustainable Development\" \/>\n<meta property=\"og:description\" content=\"Sustainable Development \u00a02019\/2020 \u00a02020\/2021 2021\/2022\" \/>\n<meta property=\"og:url\" content=\"https:\/\/ucbs.uw.edu.pl\/plany-archiwalne\/\" \/>\n<meta property=\"og:site_name\" content=\"University Centre for Environmental Studies and Sustainable Development\" \/>\n<meta property=\"article:publisher\" content=\"https:\/\/www.facebook.com\/ucbsuw\" \/>\n<meta property=\"article:modified_time\" content=\"2023-09-08T09:19:43+00:00\" \/>\n<meta name=\"twitter:card\" content=\"summary_large_image\" \/>\n<meta name=\"twitter:site\" content=\"@ucbsuw\" \/>\n<meta name=\"twitter:label1\" content=\"Est. reading time\" \/>\n\t<meta name=\"twitter:data1\" content=\"1 minute\" \/>\n<script type=\"application\/ld+json\" class=\"yoast-schema-graph\">{\"@context\":\"https:\\\/\\\/schema.org\",\"@graph\":[{\"@type\":\"WebPage\",\"@id\":\"https:\\\/\\\/ucbs.uw.edu.pl\\\/plany-archiwalne\\\/\",\"url\":\"https:\\\/\\\/ucbs.uw.edu.pl\\\/plany-archiwalne\\\/\",\"name\":\"[:pl]Plany archiwalne[:en]Archive[:] - University Centre for Environmental Studies and Sustainable Development\",\"isPartOf\":{\"@id\":\"https:\\\/\\\/ucbs.uw.edu.pl\\\/#website\"},\"datePublished\":\"2022-07-06T12:46:16+00:00\",\"dateModified\":\"2023-09-08T09:19:43+00:00\",\"breadcrumb\":{\"@id\":\"https:\\\/\\\/ucbs.uw.edu.pl\\\/plany-archiwalne\\\/#breadcrumb\"},\"inLanguage\":\"en-US\",\"potentialAction\":[{\"@type\":\"ReadAction\",\"target\":[\"https:\\\/\\\/ucbs.uw.edu.pl\\\/plany-archiwalne\\\/\"]}]},{\"@type\":\"BreadcrumbList\",\"@id\":\"https:\\\/\\\/ucbs.uw.edu.pl\\\/plany-archiwalne\\\/#breadcrumb\",\"itemListElement\":[{\"@type\":\"ListItem\",\"position\":1,\"name\":\"Strona g\u0142\u00f3wna\",\"item\":\"https:\\\/\\\/ucbs.uw.edu.pl\\\/\"},{\"@type\":\"ListItem\",\"position\":2,\"name\":\"Plany archiwalne\"}]},{\"@type\":\"WebSite\",\"@id\":\"https:\\\/\\\/ucbs.uw.edu.pl\\\/#website\",\"url\":\"https:\\\/\\\/ucbs.uw.edu.pl\\\/\",\"name\":\"Uniwersyteckie Centrum Bada\u0144 nad \u015arodowiskiem Przyrodniczym i Zr\u00f3wnowa\u017conym Rozwojem\",\"description\":\"7 Departments mean 7 times more opportunities\",\"publisher\":{\"@id\":\"https:\\\/\\\/ucbs.uw.edu.pl\\\/#organization\"},\"potentialAction\":[{\"@type\":\"SearchAction\",\"target\":{\"@type\":\"EntryPoint\",\"urlTemplate\":\"https:\\\/\\\/ucbs.uw.edu.pl\\\/?s={search_term_string}\"},\"query-input\":{\"@type\":\"PropertyValueSpecification\",\"valueRequired\":true,\"valueName\":\"search_term_string\"}}],\"inLanguage\":\"en-US\"},{\"@type\":\"Organization\",\"@id\":\"https:\\\/\\\/ucbs.uw.edu.pl\\\/#organization\",\"name\":\"Uniwersyteckie Centrum Bada\u0144 nad \u015arodowiskiem Przyrodniczym i Zr\u00f3wnowa\u017conym Rozwojem\",\"url\":\"https:\\\/\\\/ucbs.uw.edu.pl\\\/\",\"logo\":{\"@type\":\"ImageObject\",\"inLanguage\":\"en-US\",\"@id\":\"https:\\\/\\\/ucbs.uw.edu.pl\\\/#\\\/schema\\\/logo\\\/image\\\/\",\"url\":\"https:\\\/\\\/ucbs.uw.edu.pl\\\/wp-content\\\/uploads\\\/sites\\\/389\\\/2023\\\/09\\\/PL_zwykly_monochromatyczny_okragly.jpg\",\"contentUrl\":\"https:\\\/\\\/ucbs.uw.edu.pl\\\/wp-content\\\/uploads\\\/sites\\\/389\\\/2023\\\/09\\\/PL_zwykly_monochromatyczny_okragly.jpg\",\"width\":658,\"height\":710,\"caption\":\"Uniwersyteckie Centrum Bada\u0144 nad \u015arodowiskiem Przyrodniczym i Zr\u00f3wnowa\u017conym Rozwojem\"},\"image\":{\"@id\":\"https:\\\/\\\/ucbs.uw.edu.pl\\\/#\\\/schema\\\/logo\\\/image\\\/\"},\"sameAs\":[\"https:\\\/\\\/www.facebook.com\\\/ucbsuw\",\"https:\\\/\\\/x.com\\\/ucbsuw\",\"https:\\\/\\\/www.linkedin.com\\\/company\\\/19014166\\\/admin\\\/feed\\\/posts\\\/\"]}]}<\/script>\n<!-- \/ Yoast SEO plugin. -->","yoast_head_json":{"title":"[:pl]Plany archiwalne[:en]Archive[:] - University Centre for Environmental Studies and Sustainable Development","robots":{"index":"index","follow":"follow","max-snippet":"max-snippet:-1","max-image-preview":"max-image-preview:large","max-video-preview":"max-video-preview:-1"},"canonical":"https:\/\/ucbs.uw.edu.pl\/plany-archiwalne\/","og_locale":"en_US","og_type":"article","og_title":"[:pl]Plany archiwalne[:en]Archive[:] - University Centre for Environmental Studies and Sustainable Development","og_description":"Sustainable Development \u00a02019\/2020 \u00a02020\/2021 2021\/2022","og_url":"https:\/\/ucbs.uw.edu.pl\/plany-archiwalne\/","og_site_name":"University Centre for Environmental Studies and Sustainable Development","article_publisher":"https:\/\/www.facebook.com\/ucbsuw","article_modified_time":"2023-09-08T09:19:43+00:00","twitter_card":"summary_large_image","twitter_site":"@ucbsuw","twitter_misc":{"Est. reading time":"1 minute"},"schema":{"@context":"https:\/\/schema.org","@graph":[{"@type":"WebPage","@id":"https:\/\/ucbs.uw.edu.pl\/plany-archiwalne\/","url":"https:\/\/ucbs.uw.edu.pl\/plany-archiwalne\/","name":"[:pl]Plany archiwalne[:en]Archive[:] - University Centre for Environmental Studies and Sustainable Development","isPartOf":{"@id":"https:\/\/ucbs.uw.edu.pl\/#website"},"datePublished":"2022-07-06T12:46:16+00:00","dateModified":"2023-09-08T09:19:43+00:00","breadcrumb":{"@id":"https:\/\/ucbs.uw.edu.pl\/plany-archiwalne\/#breadcrumb"},"inLanguage":"en-US","potentialAction":[{"@type":"ReadAction","target":["https:\/\/ucbs.uw.edu.pl\/plany-archiwalne\/"]}]},{"@type":"BreadcrumbList","@id":"https:\/\/ucbs.uw.edu.pl\/plany-archiwalne\/#breadcrumb","itemListElement":[{"@type":"ListItem","position":1,"name":"Strona g\u0142\u00f3wna","item":"https:\/\/ucbs.uw.edu.pl\/"},{"@type":"ListItem","position":2,"name":"Plany archiwalne"}]},{"@type":"WebSite","@id":"https:\/\/ucbs.uw.edu.pl\/#website","url":"https:\/\/ucbs.uw.edu.pl\/","name":"Uniwersyteckie Centrum Bada\u0144 nad \u015arodowiskiem Przyrodniczym i Zr\u00f3wnowa\u017conym Rozwojem","description":"7 Departments mean 7 times more opportunities","publisher":{"@id":"https:\/\/ucbs.uw.edu.pl\/#organization"},"potentialAction":[{"@type":"SearchAction","target":{"@type":"EntryPoint","urlTemplate":"https:\/\/ucbs.uw.edu.pl\/?s={search_term_string}"},"query-input":{"@type":"PropertyValueSpecification","valueRequired":true,"valueName":"search_term_string"}}],"inLanguage":"en-US"},{"@type":"Organization","@id":"https:\/\/ucbs.uw.edu.pl\/#organization","name":"Uniwersyteckie Centrum Bada\u0144 nad \u015arodowiskiem Przyrodniczym i Zr\u00f3wnowa\u017conym Rozwojem","url":"https:\/\/ucbs.uw.edu.pl\/","logo":{"@type":"ImageObject","inLanguage":"en-US","@id":"https:\/\/ucbs.uw.edu.pl\/#\/schema\/logo\/image\/","url":"https:\/\/ucbs.uw.edu.pl\/wp-content\/uploads\/sites\/389\/2023\/09\/PL_zwykly_monochromatyczny_okragly.jpg","contentUrl":"https:\/\/ucbs.uw.edu.pl\/wp-content\/uploads\/sites\/389\/2023\/09\/PL_zwykly_monochromatyczny_okragly.jpg","width":658,"height":710,"caption":"Uniwersyteckie Centrum Bada\u0144 nad \u015arodowiskiem Przyrodniczym i Zr\u00f3wnowa\u017conym Rozwojem"},"image":{"@id":"https:\/\/ucbs.uw.edu.pl\/#\/schema\/logo\/image\/"},"sameAs":["https:\/\/www.facebook.com\/ucbsuw","https:\/\/x.com\/ucbsuw","https:\/\/www.linkedin.com\/company\/19014166\/admin\/feed\/posts\/"]}]}},"_links":{"self":[{"href":"https:\/\/ucbs.uw.edu.pl\/en\/wp-json\/wp\/v2\/pages\/3627","targetHints":{"allow":["GET"]}}],"collection":[{"href":"https:\/\/ucbs.uw.edu.pl\/en\/wp-json\/wp\/v2\/pages"}],"about":[{"href":"https:\/\/ucbs.uw.edu.pl\/en\/wp-json\/wp\/v2\/types\/page"}],"author":[{"embeddable":true,"href":"https:\/\/ucbs.uw.edu.pl\/en\/wp-json\/wp\/v2\/users\/1"}],"replies":[{"embeddable":true,"href":"https:\/\/ucbs.uw.edu.pl\/en\/wp-json\/wp\/v2\/comments?post=3627"}],"version-history":[{"count":4,"href":"https:\/\/ucbs.uw.edu.pl\/en\/wp-json\/wp\/v2\/pages\/3627\/revisions"}],"predecessor-version":[{"id":5470,"href":"https:\/\/ucbs.uw.edu.pl\/en\/wp-json\/wp\/v2\/pages\/3627\/revisions\/5470"}],"wp:attachment":[{"href":"https:\/\/ucbs.uw.edu.pl\/en\/wp-json\/wp\/v2\/media?parent=3627"}],"curies":[{"name":"wp","href":"https:\/\/api.w.org\/{rel}","templated":true}]}}