{"id":346,"date":"2021-02-25T10:16:03","date_gmt":"2021-02-25T09:16:03","guid":{"rendered":"http:\/\/ucbs.uw.edu.pl\/?page_id=346"},"modified":"2025-06-09T12:33:51","modified_gmt":"2025-06-09T10:33:51","slug":"sustainable-development","status":"publish","type":"page","link":"https:\/\/ucbs.uw.edu.pl\/en\/home\/rekrutacja\/oferta-studiow\/sustainable-development\/","title":{"rendered":"Sustainable Development"},"content":{"rendered":"<p><a href=\"https:\/\/ucbs.uw.edu.pl\/wp-content\/uploads\/sites\/389\/2023\/06\/sdg-sticker-eng.jpg\"><img loading=\"lazy\" decoding=\"async\" class=\"alignleft\" src=\"https:\/\/ucbs.uw.edu.pl\/wp-content\/uploads\/sites\/389\/2023\/06\/sdg-sticker-eng.jpg\" alt=\"\" width=\"345\" height=\"195\" \/><\/a><\/p>\n<p><strong>The University Center for Environmental Studies and Sustainable Development (UCBS) at the University of Warsaw<\/strong> launches a master&#8217;s course on Sustainable Development.<\/p>\n<p>Sustainable Development Studies (SD) are organized as part of the &#8220;Program of integrated activities for the development of the University of Warsaw&#8221;, co-financed from the European Social Fund, under the operational program Knowledge Education Development (PO WER).<\/p>\n<p><strong>Interdisciplinary Sustainable Development (SD<\/strong>)<\/p>\n<p>The guiding idea of education in the field of Sustainable Development (hereinafter: SD) is interdisciplinary. This reflects the organization of the educational process based on a harmonious involvement under the chairmanship and involvement of the University Center for Environmental Studies and Sustainable Development (UCBS) of eight units of the University of Warsaw. The following faculties of the University of Warsaw take part in the preparation of the new faculty of study: Biology, Chemistry, Physics, Geography and Regional Studies, Geology, Economic Sciences, Law and Administration, and a supporting unit &#8211; the Faculty of Management at the University of Warsaw. The SD studies will be conducted at the second level of education. SD studies offer integrated knowledge, its broad but in-depth understanding in various areas of science. Knowledge, skills and social competences passed during the studies support the shaping of an individual view of the world, building an open and critical attitude to the changing reality.<\/p>\n<p>The main objective of SD education is to provide students with the knowledge, tools and skills they need in their professional future, preparing them for effective work with stakeholders of all types and types (government institutions, local governments, institutions and organizations, associations, foundations, companies, citizens) responsible for implementing processes for sustainable development.<br \/>\nIn addition, during the didactic process, students have the opportunity to acquire many competences and practical skills to help them start and function in a rapidly changing world.<\/p>\n<p align=\"center\"><img loading=\"lazy\" decoding=\"async\" class=\" wp-image-7021 aligncenter\" src=\"https:\/\/ucbs.uw.edu.pl\/wp-content\/uploads\/sites\/389\/2024\/06\/Ludzie_UW_053_\u00a9Uniwersytet_Warszawski-1-300x200.jpg\" alt=\"\" width=\"894\" height=\"596\" srcset=\"https:\/\/ucbs.uw.edu.pl\/wp-content\/uploads\/sites\/389\/2024\/06\/Ludzie_UW_053_\u00a9Uniwersytet_Warszawski-1-300x200.jpg 300w, https:\/\/ucbs.uw.edu.pl\/wp-content\/uploads\/sites\/389\/2024\/06\/Ludzie_UW_053_\u00a9Uniwersytet_Warszawski-1-1024x682.jpg 1024w, https:\/\/ucbs.uw.edu.pl\/wp-content\/uploads\/sites\/389\/2024\/06\/Ludzie_UW_053_\u00a9Uniwersytet_Warszawski-1-768x511.jpg 768w, https:\/\/ucbs.uw.edu.pl\/wp-content\/uploads\/sites\/389\/2024\/06\/Ludzie_UW_053_\u00a9Uniwersytet_Warszawski-1-1536x1022.jpg 1536w, https:\/\/ucbs.uw.edu.pl\/wp-content\/uploads\/sites\/389\/2024\/06\/Ludzie_UW_053_\u00a9Uniwersytet_Warszawski-1-272x182.jpg 272w, https:\/\/ucbs.uw.edu.pl\/wp-content\/uploads\/sites\/389\/2024\/06\/Ludzie_UW_053_\u00a9Uniwersytet_Warszawski-1.jpg 2048w\" sizes=\"auto, (max-width: 894px) 100vw, 894px\" \/><\/p>\n<p style=\"text-align: left;\" align=\"center\"><strong>Sample subjects (form and thematic scope)<br \/>\n<\/strong><\/p>\n<p>Subjects in the field of SD were collected in modules, assigned to individual semesters during two-year studies (4 semesters). Subjects introduced in the first semester introduce issues of sustainable development from the environmental, economic and socio-legal perspective. In the second semester, students become acquainted with the planning and management processes as well as the use of raw materials and economic analysis in the implementation of sustainable development goals, both in cities and in rural areas. Students have the opportunity to choose classes according to their interests. Semester III offers an overview of the best practices and tools currently used to support sustainable development processes. Most of the classes this semester have the character of practical projects with the participation of practitioners and experts from outside the University of Warsaw. Semester IV is devoted to writing a master&#8217;s thesis and this is also done by a research field study in organizations and institutions selected in accordance with the subject of the work being carried out. Forms of implementation of education modules used for SD are: lectures, auditory exercises, laboratory exercises, seminars, workshops and practicum, as well as &#8211; determining the specificity of natural studies &#8211; field and seminar exercises, trips to nature, engineering and cultural objects.<\/p>\n<div class=\"su-button-center\"><a href=\"https:\/\/irk.uw.edu.pl\/pl\/offer\/PELNE2025\/programme\/S2-SD\/?from=field:P_SD\" class=\"su-button su-button-style-default su-button-wide\" style=\"color:#ffffff;background-color:#f3a023;border-color:#c3801c;border-radius:12px\" target=\"_blank\" rel=\"noopener noreferrer\"><span style=\"color:#ffffff;padding:0px 30px;font-size:22px;line-height:44px;border-color:#f7bd65;border-radius:12px;text-shadow:5px 5px 5px #000000\"> Requirements and form of recruitment<small style=\"padding-bottom:9px;color:#ffffff\">(click)<\/small><\/span><\/a><\/div>\n<p><img loading=\"lazy\" decoding=\"async\" class=\" wp-image-6326 aligncenter\" src=\"https:\/\/ucbs.uw.edu.pl\/wp-content\/uploads\/sites\/389\/2023\/12\/pola-farm-wiatrowych-300x200.jpg\" alt=\"\" width=\"836\" height=\"557\" srcset=\"https:\/\/ucbs.uw.edu.pl\/wp-content\/uploads\/sites\/389\/2023\/12\/pola-farm-wiatrowych-300x200.jpg 300w, https:\/\/ucbs.uw.edu.pl\/wp-content\/uploads\/sites\/389\/2023\/12\/pola-farm-wiatrowych-1024x683.jpg 1024w, https:\/\/ucbs.uw.edu.pl\/wp-content\/uploads\/sites\/389\/2023\/12\/pola-farm-wiatrowych-768x512.jpg 768w, https:\/\/ucbs.uw.edu.pl\/wp-content\/uploads\/sites\/389\/2023\/12\/pola-farm-wiatrowych-1536x1024.jpg 1536w, https:\/\/ucbs.uw.edu.pl\/wp-content\/uploads\/sites\/389\/2023\/12\/pola-farm-wiatrowych-2048x1365.jpg 2048w, https:\/\/ucbs.uw.edu.pl\/wp-content\/uploads\/sites\/389\/2023\/12\/pola-farm-wiatrowych-272x182.jpg 272w\" sizes=\"auto, (max-width: 836px) 100vw, 836px\" \/><\/p>\n<p><strong>Professional graduate&#8217;s perspectives<\/strong><\/p>\n<p>Interdisciplinary knowledge and diversity of didactic offer allow to gain comprehensive academic education useful for performing various professions. SD graduates will be prepared to undertake work in the following sectors: public, private and non-profit, in international or national organizations; in research, implementation and analytical centers and institutes, in particular in institutions dealing with environmental monitoring, waste management, local and regional development, in consulting companies, in scientific and R &amp; D institutions, as well as in business.<\/p>\n<p><strong>Free studies for students from countries outside the European Union<\/strong><\/p>\n<p><span style=\"color: #ff6600;\"><a style=\"color: #ff6600;\" href=\"http:\/\/chrome-extension:\/\/efaidnbmnnnibpcajpcglclefindmkaj\/https:\/\/ucbs.uw.edu.pl\/wp-content\/uploads\/sites\/389\/2025\/03\/tuition_fees_2024.pdf\">Sustainable Development <\/a><\/span><span style=\"color: #000000;\"><a style=\"color: #000000;\" href=\"https:\/\/ucbs.uw.edu.pl\/wp-content\/uploads\/sites\/389\/2023\/06\/tuition_fees_2023.pdf\"><span style=\"color: #ff6600;\">fee<\/span> &#8211; for a year of study for foreigners from outside a member state of the European Union, the Swiss Confederation or a member state of the European Free Trade Agreement (EFTA) &#8211; a party to the agreement on the European Economic Area<\/a><\/span><\/p>\n<p><strong>The fee must be paid in euros to the individual account number provided in the USOS system.<\/strong><\/p>\n<p><strong>You&#8217;re welcome!<\/strong><\/p>\n","protected":false},"excerpt":{"rendered":"<p>The University Center for Environmental Studies and Sustainable Development (UCBS) at the University of Warsaw launches a master&#8217;s course on Sustainable Development. Sustainable Development Studies (SD) are organized as part of the &#8220;Program of integrated activities for the development of the University of Warsaw&#8221;, co-financed from the European Social Fund, under the operational program Knowledge [&hellip;]<\/p>\n","protected":false},"author":1,"featured_media":0,"parent":240,"menu_order":0,"comment_status":"closed","ping_status":"closed","template":"","meta":{"_acf_changed":false,"_exactmetrics_skip_tracking":false,"_exactmetrics_sitenote_active":false,"_exactmetrics_sitenote_note":"","_exactmetrics_sitenote_category":0,"_uf_show_specific_survey":0,"_uf_disable_surveys":false,"footnotes":"","_links_to":"","_links_to_target":""},"class_list":["post-346","page","type-page","status-publish","hentry","post"],"acf":[],"yoast_head":"<!-- This site is optimized with the Yoast SEO plugin v27.4 - https:\/\/yoast.com\/product\/yoast-seo-wordpress\/ -->\n<title>Sustainable Development - University Centre for Environmental Studies and Sustainable Development<\/title>\n<meta name=\"robots\" content=\"index, follow, max-snippet:-1, max-image-preview:large, max-video-preview:-1\" \/>\n<link rel=\"canonical\" href=\"https:\/\/ucbs.uw.edu.pl\/home\/rekrutacja\/oferta-studiow\/sustainable-development\/\" \/>\n<meta property=\"og:locale\" content=\"en_US\" \/>\n<meta property=\"og:type\" content=\"article\" \/>\n<meta property=\"og:title\" content=\"Sustainable Development - University Centre for Environmental Studies and Sustainable Development\" \/>\n<meta property=\"og:description\" content=\"The University Center for Environmental Studies and Sustainable Development (UCBS) at the University of Warsaw launches a master&#8217;s course on Sustainable Development. Sustainable Development Studies (SD) are organized as part of the &#8220;Program of integrated activities for the development of the University of Warsaw&#8221;, co-financed from the European Social Fund, under the operational program Knowledge [&hellip;]\" \/>\n<meta property=\"og:url\" content=\"https:\/\/ucbs.uw.edu.pl\/home\/rekrutacja\/oferta-studiow\/sustainable-development\/\" \/>\n<meta property=\"og:site_name\" content=\"University Centre for Environmental Studies and Sustainable Development\" \/>\n<meta property=\"article:publisher\" content=\"https:\/\/www.facebook.com\/ucbsuw\" \/>\n<meta property=\"article:modified_time\" content=\"2025-06-09T10:33:51+00:00\" \/>\n<meta property=\"og:image\" content=\"https:\/\/ucbs.uw.edu.pl\/wp-content\/uploads\/sites\/389\/2023\/06\/sdg-sticker-eng.jpg\" \/>\n<meta name=\"twitter:card\" content=\"summary_large_image\" \/>\n<meta name=\"twitter:site\" content=\"@ucbsuw\" \/>\n<meta name=\"twitter:label1\" content=\"Est. reading time\" \/>\n\t<meta name=\"twitter:data1\" content=\"5 minutes\" \/>\n<script type=\"application\/ld+json\" class=\"yoast-schema-graph\">{\"@context\":\"https:\\\/\\\/schema.org\",\"@graph\":[{\"@type\":\"WebPage\",\"@id\":\"https:\\\/\\\/ucbs.uw.edu.pl\\\/home\\\/rekrutacja\\\/oferta-studiow\\\/sustainable-development\\\/\",\"url\":\"https:\\\/\\\/ucbs.uw.edu.pl\\\/home\\\/rekrutacja\\\/oferta-studiow\\\/sustainable-development\\\/\",\"name\":\"Sustainable Development - University Centre for Environmental Studies and Sustainable Development\",\"isPartOf\":{\"@id\":\"https:\\\/\\\/ucbs.uw.edu.pl\\\/#website\"},\"primaryImageOfPage\":{\"@id\":\"https:\\\/\\\/ucbs.uw.edu.pl\\\/home\\\/rekrutacja\\\/oferta-studiow\\\/sustainable-development\\\/#primaryimage\"},\"image\":{\"@id\":\"https:\\\/\\\/ucbs.uw.edu.pl\\\/home\\\/rekrutacja\\\/oferta-studiow\\\/sustainable-development\\\/#primaryimage\"},\"thumbnailUrl\":\"https:\\\/\\\/ucbs.uw.edu.pl\\\/wp-content\\\/uploads\\\/sites\\\/389\\\/2023\\\/06\\\/sdg-sticker-eng.jpg\",\"datePublished\":\"2021-02-25T09:16:03+00:00\",\"dateModified\":\"2025-06-09T10:33:51+00:00\",\"breadcrumb\":{\"@id\":\"https:\\\/\\\/ucbs.uw.edu.pl\\\/home\\\/rekrutacja\\\/oferta-studiow\\\/sustainable-development\\\/#breadcrumb\"},\"inLanguage\":\"en-US\",\"potentialAction\":[{\"@type\":\"ReadAction\",\"target\":[\"https:\\\/\\\/ucbs.uw.edu.pl\\\/home\\\/rekrutacja\\\/oferta-studiow\\\/sustainable-development\\\/\"]}]},{\"@type\":\"ImageObject\",\"inLanguage\":\"en-US\",\"@id\":\"https:\\\/\\\/ucbs.uw.edu.pl\\\/home\\\/rekrutacja\\\/oferta-studiow\\\/sustainable-development\\\/#primaryimage\",\"url\":\"https:\\\/\\\/ucbs.uw.edu.pl\\\/wp-content\\\/uploads\\\/sites\\\/389\\\/2023\\\/06\\\/sdg-sticker-eng.jpg\",\"contentUrl\":\"https:\\\/\\\/ucbs.uw.edu.pl\\\/wp-content\\\/uploads\\\/sites\\\/389\\\/2023\\\/06\\\/sdg-sticker-eng.jpg\"},{\"@type\":\"BreadcrumbList\",\"@id\":\"https:\\\/\\\/ucbs.uw.edu.pl\\\/home\\\/rekrutacja\\\/oferta-studiow\\\/sustainable-development\\\/#breadcrumb\",\"itemListElement\":[{\"@type\":\"ListItem\",\"position\":1,\"name\":\"Strona g\u0142\u00f3wna\",\"item\":\"https:\\\/\\\/ucbs.uw.edu.pl\\\/\"},{\"@type\":\"ListItem\",\"position\":2,\"name\":\"Home\",\"item\":\"https:\\\/\\\/ucbs.uw.edu.pl\\\/home\\\/\"},{\"@type\":\"ListItem\",\"position\":3,\"name\":\"Rekrutacja\",\"item\":\"https:\\\/\\\/ucbs.uw.edu.pl\\\/home\\\/rekrutacja\\\/\"},{\"@type\":\"ListItem\",\"position\":4,\"name\":\"Oferta studi\u00f3w\",\"item\":\"https:\\\/\\\/ucbs.uw.edu.pl\\\/home\\\/rekrutacja\\\/oferta-studiow\\\/\"},{\"@type\":\"ListItem\",\"position\":5,\"name\":\"Sustainable Development\"}]},{\"@type\":\"WebSite\",\"@id\":\"https:\\\/\\\/ucbs.uw.edu.pl\\\/#website\",\"url\":\"https:\\\/\\\/ucbs.uw.edu.pl\\\/\",\"name\":\"Uniwersyteckie Centrum Bada\u0144 nad \u015arodowiskiem Przyrodniczym i Zr\u00f3wnowa\u017conym Rozwojem\",\"description\":\"7 Departments mean 7 times more opportunities\",\"publisher\":{\"@id\":\"https:\\\/\\\/ucbs.uw.edu.pl\\\/#organization\"},\"potentialAction\":[{\"@type\":\"SearchAction\",\"target\":{\"@type\":\"EntryPoint\",\"urlTemplate\":\"https:\\\/\\\/ucbs.uw.edu.pl\\\/?s={search_term_string}\"},\"query-input\":{\"@type\":\"PropertyValueSpecification\",\"valueRequired\":true,\"valueName\":\"search_term_string\"}}],\"inLanguage\":\"en-US\"},{\"@type\":\"Organization\",\"@id\":\"https:\\\/\\\/ucbs.uw.edu.pl\\\/#organization\",\"name\":\"Uniwersyteckie Centrum Bada\u0144 nad \u015arodowiskiem Przyrodniczym i Zr\u00f3wnowa\u017conym Rozwojem\",\"url\":\"https:\\\/\\\/ucbs.uw.edu.pl\\\/\",\"logo\":{\"@type\":\"ImageObject\",\"inLanguage\":\"en-US\",\"@id\":\"https:\\\/\\\/ucbs.uw.edu.pl\\\/#\\\/schema\\\/logo\\\/image\\\/\",\"url\":\"https:\\\/\\\/ucbs.uw.edu.pl\\\/wp-content\\\/uploads\\\/sites\\\/389\\\/2023\\\/09\\\/PL_zwykly_monochromatyczny_okragly.jpg\",\"contentUrl\":\"https:\\\/\\\/ucbs.uw.edu.pl\\\/wp-content\\\/uploads\\\/sites\\\/389\\\/2023\\\/09\\\/PL_zwykly_monochromatyczny_okragly.jpg\",\"width\":658,\"height\":710,\"caption\":\"Uniwersyteckie Centrum Bada\u0144 nad \u015arodowiskiem Przyrodniczym i Zr\u00f3wnowa\u017conym Rozwojem\"},\"image\":{\"@id\":\"https:\\\/\\\/ucbs.uw.edu.pl\\\/#\\\/schema\\\/logo\\\/image\\\/\"},\"sameAs\":[\"https:\\\/\\\/www.facebook.com\\\/ucbsuw\",\"https:\\\/\\\/x.com\\\/ucbsuw\",\"https:\\\/\\\/www.linkedin.com\\\/company\\\/19014166\\\/admin\\\/feed\\\/posts\\\/\"]}]}<\/script>\n<!-- \/ Yoast SEO plugin. -->","yoast_head_json":{"title":"Sustainable Development - University Centre for Environmental Studies and Sustainable Development","robots":{"index":"index","follow":"follow","max-snippet":"max-snippet:-1","max-image-preview":"max-image-preview:large","max-video-preview":"max-video-preview:-1"},"canonical":"https:\/\/ucbs.uw.edu.pl\/home\/rekrutacja\/oferta-studiow\/sustainable-development\/","og_locale":"en_US","og_type":"article","og_title":"Sustainable Development - University Centre for Environmental Studies and Sustainable Development","og_description":"The University Center for Environmental Studies and Sustainable Development (UCBS) at the University of Warsaw launches a master&#8217;s course on Sustainable Development. Sustainable Development Studies (SD) are organized as part of the &#8220;Program of integrated activities for the development of the University of Warsaw&#8221;, co-financed from the European Social Fund, under the operational program Knowledge [&hellip;]","og_url":"https:\/\/ucbs.uw.edu.pl\/home\/rekrutacja\/oferta-studiow\/sustainable-development\/","og_site_name":"University Centre for Environmental Studies and Sustainable Development","article_publisher":"https:\/\/www.facebook.com\/ucbsuw","article_modified_time":"2025-06-09T10:33:51+00:00","og_image":[{"url":"https:\/\/ucbs.uw.edu.pl\/wp-content\/uploads\/sites\/389\/2023\/06\/sdg-sticker-eng.jpg","type":"","width":"","height":""}],"twitter_card":"summary_large_image","twitter_site":"@ucbsuw","twitter_misc":{"Est. reading time":"5 minutes"},"schema":{"@context":"https:\/\/schema.org","@graph":[{"@type":"WebPage","@id":"https:\/\/ucbs.uw.edu.pl\/home\/rekrutacja\/oferta-studiow\/sustainable-development\/","url":"https:\/\/ucbs.uw.edu.pl\/home\/rekrutacja\/oferta-studiow\/sustainable-development\/","name":"Sustainable Development - University Centre for Environmental Studies and Sustainable Development","isPartOf":{"@id":"https:\/\/ucbs.uw.edu.pl\/#website"},"primaryImageOfPage":{"@id":"https:\/\/ucbs.uw.edu.pl\/home\/rekrutacja\/oferta-studiow\/sustainable-development\/#primaryimage"},"image":{"@id":"https:\/\/ucbs.uw.edu.pl\/home\/rekrutacja\/oferta-studiow\/sustainable-development\/#primaryimage"},"thumbnailUrl":"https:\/\/ucbs.uw.edu.pl\/wp-content\/uploads\/sites\/389\/2023\/06\/sdg-sticker-eng.jpg","datePublished":"2021-02-25T09:16:03+00:00","dateModified":"2025-06-09T10:33:51+00:00","breadcrumb":{"@id":"https:\/\/ucbs.uw.edu.pl\/home\/rekrutacja\/oferta-studiow\/sustainable-development\/#breadcrumb"},"inLanguage":"en-US","potentialAction":[{"@type":"ReadAction","target":["https:\/\/ucbs.uw.edu.pl\/home\/rekrutacja\/oferta-studiow\/sustainable-development\/"]}]},{"@type":"ImageObject","inLanguage":"en-US","@id":"https:\/\/ucbs.uw.edu.pl\/home\/rekrutacja\/oferta-studiow\/sustainable-development\/#primaryimage","url":"https:\/\/ucbs.uw.edu.pl\/wp-content\/uploads\/sites\/389\/2023\/06\/sdg-sticker-eng.jpg","contentUrl":"https:\/\/ucbs.uw.edu.pl\/wp-content\/uploads\/sites\/389\/2023\/06\/sdg-sticker-eng.jpg"},{"@type":"BreadcrumbList","@id":"https:\/\/ucbs.uw.edu.pl\/home\/rekrutacja\/oferta-studiow\/sustainable-development\/#breadcrumb","itemListElement":[{"@type":"ListItem","position":1,"name":"Strona g\u0142\u00f3wna","item":"https:\/\/ucbs.uw.edu.pl\/"},{"@type":"ListItem","position":2,"name":"Home","item":"https:\/\/ucbs.uw.edu.pl\/home\/"},{"@type":"ListItem","position":3,"name":"Rekrutacja","item":"https:\/\/ucbs.uw.edu.pl\/home\/rekrutacja\/"},{"@type":"ListItem","position":4,"name":"Oferta studi\u00f3w","item":"https:\/\/ucbs.uw.edu.pl\/home\/rekrutacja\/oferta-studiow\/"},{"@type":"ListItem","position":5,"name":"Sustainable Development"}]},{"@type":"WebSite","@id":"https:\/\/ucbs.uw.edu.pl\/#website","url":"https:\/\/ucbs.uw.edu.pl\/","name":"Uniwersyteckie Centrum Bada\u0144 nad \u015arodowiskiem Przyrodniczym i Zr\u00f3wnowa\u017conym Rozwojem","description":"7 Departments mean 7 times more opportunities","publisher":{"@id":"https:\/\/ucbs.uw.edu.pl\/#organization"},"potentialAction":[{"@type":"SearchAction","target":{"@type":"EntryPoint","urlTemplate":"https:\/\/ucbs.uw.edu.pl\/?s={search_term_string}"},"query-input":{"@type":"PropertyValueSpecification","valueRequired":true,"valueName":"search_term_string"}}],"inLanguage":"en-US"},{"@type":"Organization","@id":"https:\/\/ucbs.uw.edu.pl\/#organization","name":"Uniwersyteckie Centrum Bada\u0144 nad \u015arodowiskiem Przyrodniczym i Zr\u00f3wnowa\u017conym Rozwojem","url":"https:\/\/ucbs.uw.edu.pl\/","logo":{"@type":"ImageObject","inLanguage":"en-US","@id":"https:\/\/ucbs.uw.edu.pl\/#\/schema\/logo\/image\/","url":"https:\/\/ucbs.uw.edu.pl\/wp-content\/uploads\/sites\/389\/2023\/09\/PL_zwykly_monochromatyczny_okragly.jpg","contentUrl":"https:\/\/ucbs.uw.edu.pl\/wp-content\/uploads\/sites\/389\/2023\/09\/PL_zwykly_monochromatyczny_okragly.jpg","width":658,"height":710,"caption":"Uniwersyteckie Centrum Bada\u0144 nad \u015arodowiskiem Przyrodniczym i Zr\u00f3wnowa\u017conym Rozwojem"},"image":{"@id":"https:\/\/ucbs.uw.edu.pl\/#\/schema\/logo\/image\/"},"sameAs":["https:\/\/www.facebook.com\/ucbsuw","https:\/\/x.com\/ucbsuw","https:\/\/www.linkedin.com\/company\/19014166\/admin\/feed\/posts\/"]}]}},"_links":{"self":[{"href":"https:\/\/ucbs.uw.edu.pl\/en\/wp-json\/wp\/v2\/pages\/346","targetHints":{"allow":["GET"]}}],"collection":[{"href":"https:\/\/ucbs.uw.edu.pl\/en\/wp-json\/wp\/v2\/pages"}],"about":[{"href":"https:\/\/ucbs.uw.edu.pl\/en\/wp-json\/wp\/v2\/types\/page"}],"author":[{"embeddable":true,"href":"https:\/\/ucbs.uw.edu.pl\/en\/wp-json\/wp\/v2\/users\/1"}],"replies":[{"embeddable":true,"href":"https:\/\/ucbs.uw.edu.pl\/en\/wp-json\/wp\/v2\/comments?post=346"}],"version-history":[{"count":41,"href":"https:\/\/ucbs.uw.edu.pl\/en\/wp-json\/wp\/v2\/pages\/346\/revisions"}],"predecessor-version":[{"id":7934,"href":"https:\/\/ucbs.uw.edu.pl\/en\/wp-json\/wp\/v2\/pages\/346\/revisions\/7934"}],"up":[{"embeddable":true,"href":"https:\/\/ucbs.uw.edu.pl\/en\/wp-json\/wp\/v2\/pages\/240"}],"wp:attachment":[{"href":"https:\/\/ucbs.uw.edu.pl\/en\/wp-json\/wp\/v2\/media?parent=346"}],"curies":[{"name":"wp","href":"https:\/\/api.w.org\/{rel}","templated":true}]}}