{"id":342,"date":"2021-02-25T10:15:03","date_gmt":"2021-02-25T09:15:03","guid":{"rendered":"http:\/\/ucbs.uw.edu.pl\/?page_id=342"},"modified":"2025-06-06T13:55:22","modified_gmt":"2025-06-06T11:55:22","slug":"msos-i-stopnia","status":"publish","type":"page","link":"https:\/\/ucbs.uw.edu.pl\/en\/home\/rekrutacja\/oferta-studiow\/msos-i-stopnia\/","title":{"rendered":"MSO\u015a I stopnia"},"content":{"rendered":"<div class=\"wrapper\">\n<h5>Program Mi\u0119dzywydzia\u0142owych Studi\u00f3w Ochrony \u015arodowiska I stopnia sk\u0142ada si\u0119 z:<\/h5>\n<ul>\n<li><strong>przedmiot\u00f3w podstawowych<\/strong>: matematyka, statystyka, fizyka, biologia, chemia;<\/li>\n<li><strong>przedmiot\u00f3w kierunkowych<\/strong>: ekologia i ochrona przyrody, geologia, geomorfologia i\u00a0gleboznawstwo, hydrologia, meteorologia i klimatologia, mikrobiologia, biochemia, prawo i\u00a0ekonomia w ochronie \u015brodowiska, instrumenty ochrony \u015brodowiska, zagro\u017cenia cywilizacyjne i\u00a0zr\u00f3wnowa\u017cony rozw\u00f3j, technologie w ochronie \u015brodowiska;<\/li>\n<li><strong>przedmiot\u00f3w og\u00f3lnych<\/strong>: technologia informacyjna, j\u0119zyk obcy i wychowanie fizyczne (szeroki\u00a0wyb\u00f3r z kilkudziesi\u0119ciu dyscyplin sportowych i kilkunastu j\u0119zyk\u00f3w obcych);<\/li>\n<li><strong>przedmiot\u00f3w do wyboru<\/strong> \u2013 spo\u015br\u00f3d bogatej oferty ca\u0142ego UW;<\/li>\n<\/ul>\n<p>W programie naszych studi\u00f3w teoria podbudowana jest praktyk\u0105, kt\u00f3r\u0105 stanowi\u0105 \u0107wiczenia terenowe w g\u00f3rach i nad morzem oraz praktyka zawodowa w instytucjach zwi\u0105zanych z\u00a0ochron\u0105 \u015brodowiska.<\/p>\n<p>Na <strong>I roku studi\u00f3w<\/strong> studenci zapoznaj\u0105 si\u0119 z procesami strefy brzegowej Ba\u0142tyku (wizyta w\u00a0Stacji Morskiej w Helu oraz w S\u0142owi\u0144skim Parku Narodowym) oraz z technologiami czystej energii (zwiedzanie Elektrowni Wodnej w \u017barnowcu).<\/p>\n<p>Na <strong>II roku studi\u00f3w<\/strong> studenci poznaj\u0105 wzajemne zale\u017cno\u015bci mi\u0119dzy elementami \u015brodowiska: budow\u0105 geologiczn\u0105, szat\u0105 ro\u015blinn\u0105, dzia\u0142alno\u015bci\u0105 przemys\u0142ow\u0105 lub rolnicz\u0105 cz\u0142owieka na przyk\u0142adzie G\u00f3r \u015awi\u0119tokrzyskich.<\/p>\n<p>W G\u00f3rach \u015awi\u0119tokrzyskich studenci odbywaj\u0105 tak\u017ce szkolenie w zakresie wykorzystania aktualnych i\u00a0archiwalnych zdj\u0119\u0107 lotniczych do monitorowania zmian zachodz\u0105cych w \u015brodowisku i\u00a0sporz\u0105dzania map przestrzennego zagospodarowania terenu.<\/p>\n<p>Przewidzian\u0105 w programie studi\u00f3w <strong>na III roku<\/strong> praktyk\u0119 zawodow\u0105 mo\u017cna odby\u0107 m.in. w\u00a0Ministerstwie \u015arodowiska, Narodowej Fundacji Ochrony \u015arodowiska, Instytucie Ochrony \u015arodowiska, Generalnej Dyrekcji Dr\u00f3g Krajowych i Autostrad, Parkach Narodowych i\u00a0Krajobrazowych, itp. Student samodzielnie wybiera miejsce odbywania praktyki.<\/p>\n<p>Uko\u0144czenie studi\u00f3w wi\u0105\u017ce si\u0119 z napisaniem pracy dyplomowej, kt\u00f3ra mo\u017ce by\u0107 prac\u0105 przegl\u0105dow\u0105 wykonan\u0105 na podstawie literatury; wykonaniem i opisem eksperymentu; samodzielnym opracowaniem zwi\u0105zanym z dowolnym przedmiotem kierunkowym lub praktycznym zastosowaniem wiedzy zdobytej w czasie studi\u00f3w do rozwi\u0105zania lokalnego problemu ochrony \u015brodowiska.<\/p>\n<h5>Profil absolwenta<\/h5>\n<p>W wyniku kszta\u0142cenia na studiach I stopnia absolwent kierunku miedzywydzia\u0142owe studia ochrony \u015brodowiska (MSO\u015a) w UCBS posiada gruntown\u0105 interdyscyplinarn\u0105 wiedz\u0119 og\u00f3ln\u0105 z zakresu nauk matematyczno \u2013 przyrodniczych i nauk o \u015brodowisku oraz umiej\u0119tno\u015bci wykorzystania jej w pracy zawodowej i \u017cyciu z\u00a0zachowaniem zasad prawnych i etycznych.<\/p>\n<\/div>","protected":false},"excerpt":{"rendered":"<p>Program Mi\u0119dzywydzia\u0142owych Studi\u00f3w Ochrony \u015arodowiska I stopnia sk\u0142ada si\u0119 z: przedmiot\u00f3w podstawowych: matematyka, statystyka, fizyka, biologia, chemia; przedmiot\u00f3w kierunkowych: ekologia i ochrona przyrody, geologia, geomorfologia i\u00a0gleboznawstwo, hydrologia, meteorologia i klimatologia, mikrobiologia, biochemia, prawo i\u00a0ekonomia w ochronie \u015brodowiska, instrumenty ochrony \u015brodowiska, zagro\u017cenia cywilizacyjne i\u00a0zr\u00f3wnowa\u017cony rozw\u00f3j, technologie w ochronie \u015brodowiska; przedmiot\u00f3w og\u00f3lnych: technologia informacyjna, j\u0119zyk obcy i [&hellip;]<\/p>\n","protected":false},"author":1,"featured_media":0,"parent":240,"menu_order":0,"comment_status":"closed","ping_status":"closed","template":"","meta":{"_acf_changed":false,"_exactmetrics_skip_tracking":false,"_exactmetrics_sitenote_active":false,"_exactmetrics_sitenote_note":"","_exactmetrics_sitenote_category":0,"_uf_show_specific_survey":0,"_uf_disable_surveys":false,"footnotes":"","_links_to":"","_links_to_target":""},"class_list":["post-342","page","type-page","status-publish","hentry","post"],"acf":[],"yoast_head":"<!-- This site is optimized with the Yoast SEO plugin v27.4 - https:\/\/yoast.com\/product\/yoast-seo-wordpress\/ -->\n<title>MSO\u015a I stopnia - University Centre for Environmental Studies and Sustainable Development<\/title>\n<meta name=\"robots\" content=\"index, follow, max-snippet:-1, max-image-preview:large, max-video-preview:-1\" \/>\n<link rel=\"canonical\" href=\"https:\/\/ucbs.uw.edu.pl\/home\/rekrutacja\/oferta-studiow\/msos-i-stopnia\/\" \/>\n<meta property=\"og:locale\" content=\"en_US\" \/>\n<meta property=\"og:type\" content=\"article\" \/>\n<meta property=\"og:title\" content=\"MSO\u015a I stopnia - University Centre for Environmental Studies and Sustainable Development\" \/>\n<meta property=\"og:description\" content=\"Program Mi\u0119dzywydzia\u0142owych Studi\u00f3w Ochrony \u015arodowiska I stopnia sk\u0142ada si\u0119 z: przedmiot\u00f3w podstawowych: matematyka, statystyka, fizyka, biologia, chemia; przedmiot\u00f3w kierunkowych: ekologia i ochrona przyrody, geologia, geomorfologia i\u00a0gleboznawstwo, hydrologia, meteorologia i klimatologia, mikrobiologia, biochemia, prawo i\u00a0ekonomia w ochronie \u015brodowiska, instrumenty ochrony \u015brodowiska, zagro\u017cenia cywilizacyjne i\u00a0zr\u00f3wnowa\u017cony rozw\u00f3j, technologie w ochronie \u015brodowiska; przedmiot\u00f3w og\u00f3lnych: technologia informacyjna, j\u0119zyk obcy i [&hellip;]\" \/>\n<meta property=\"og:url\" content=\"https:\/\/ucbs.uw.edu.pl\/home\/rekrutacja\/oferta-studiow\/msos-i-stopnia\/\" \/>\n<meta property=\"og:site_name\" content=\"University Centre for Environmental Studies and Sustainable Development\" \/>\n<meta property=\"article:publisher\" content=\"https:\/\/www.facebook.com\/ucbsuw\" \/>\n<meta property=\"article:modified_time\" content=\"2025-06-06T11:55:22+00:00\" \/>\n<meta property=\"og:image\" content=\"https:\/\/ucbs.uw.edu.pl\/wp-content\/uploads\/sites\/389\/2024\/01\/sddf-300x200.jpg\" \/>\n<meta name=\"twitter:card\" content=\"summary_large_image\" \/>\n<meta name=\"twitter:site\" content=\"@ucbsuw\" \/>\n<meta name=\"twitter:label1\" content=\"Est. reading time\" \/>\n\t<meta name=\"twitter:data1\" content=\"5 minutes\" \/>\n<script type=\"application\/ld+json\" class=\"yoast-schema-graph\">{\"@context\":\"https:\\\/\\\/schema.org\",\"@graph\":[{\"@type\":\"WebPage\",\"@id\":\"https:\\\/\\\/ucbs.uw.edu.pl\\\/home\\\/rekrutacja\\\/oferta-studiow\\\/msos-i-stopnia\\\/\",\"url\":\"https:\\\/\\\/ucbs.uw.edu.pl\\\/home\\\/rekrutacja\\\/oferta-studiow\\\/msos-i-stopnia\\\/\",\"name\":\"MSO\u015a I stopnia - University Centre for Environmental Studies and Sustainable Development\",\"isPartOf\":{\"@id\":\"https:\\\/\\\/ucbs.uw.edu.pl\\\/#website\"},\"primaryImageOfPage\":{\"@id\":\"https:\\\/\\\/ucbs.uw.edu.pl\\\/home\\\/rekrutacja\\\/oferta-studiow\\\/msos-i-stopnia\\\/#primaryimage\"},\"image\":{\"@id\":\"https:\\\/\\\/ucbs.uw.edu.pl\\\/home\\\/rekrutacja\\\/oferta-studiow\\\/msos-i-stopnia\\\/#primaryimage\"},\"thumbnailUrl\":\"https:\\\/\\\/ucbs.uw.edu.pl\\\/wp-content\\\/uploads\\\/sites\\\/389\\\/2024\\\/01\\\/sddf-300x200.jpg\",\"datePublished\":\"2021-02-25T09:15:03+00:00\",\"dateModified\":\"2025-06-06T11:55:22+00:00\",\"breadcrumb\":{\"@id\":\"https:\\\/\\\/ucbs.uw.edu.pl\\\/home\\\/rekrutacja\\\/oferta-studiow\\\/msos-i-stopnia\\\/#breadcrumb\"},\"inLanguage\":\"en-US\",\"potentialAction\":[{\"@type\":\"ReadAction\",\"target\":[\"https:\\\/\\\/ucbs.uw.edu.pl\\\/home\\\/rekrutacja\\\/oferta-studiow\\\/msos-i-stopnia\\\/\"]}]},{\"@type\":\"ImageObject\",\"inLanguage\":\"en-US\",\"@id\":\"https:\\\/\\\/ucbs.uw.edu.pl\\\/home\\\/rekrutacja\\\/oferta-studiow\\\/msos-i-stopnia\\\/#primaryimage\",\"url\":\"https:\\\/\\\/ucbs.uw.edu.pl\\\/wp-content\\\/uploads\\\/sites\\\/389\\\/2024\\\/01\\\/sddf-300x200.jpg\",\"contentUrl\":\"https:\\\/\\\/ucbs.uw.edu.pl\\\/wp-content\\\/uploads\\\/sites\\\/389\\\/2024\\\/01\\\/sddf-300x200.jpg\"},{\"@type\":\"BreadcrumbList\",\"@id\":\"https:\\\/\\\/ucbs.uw.edu.pl\\\/home\\\/rekrutacja\\\/oferta-studiow\\\/msos-i-stopnia\\\/#breadcrumb\",\"itemListElement\":[{\"@type\":\"ListItem\",\"position\":1,\"name\":\"Strona g\u0142\u00f3wna\",\"item\":\"https:\\\/\\\/ucbs.uw.edu.pl\\\/\"},{\"@type\":\"ListItem\",\"position\":2,\"name\":\"Home\",\"item\":\"https:\\\/\\\/ucbs.uw.edu.pl\\\/home\\\/\"},{\"@type\":\"ListItem\",\"position\":3,\"name\":\"Rekrutacja\",\"item\":\"https:\\\/\\\/ucbs.uw.edu.pl\\\/home\\\/rekrutacja\\\/\"},{\"@type\":\"ListItem\",\"position\":4,\"name\":\"Oferta studi\u00f3w\",\"item\":\"https:\\\/\\\/ucbs.uw.edu.pl\\\/home\\\/rekrutacja\\\/oferta-studiow\\\/\"},{\"@type\":\"ListItem\",\"position\":5,\"name\":\"MSO\u015a I stopnia\"}]},{\"@type\":\"WebSite\",\"@id\":\"https:\\\/\\\/ucbs.uw.edu.pl\\\/#website\",\"url\":\"https:\\\/\\\/ucbs.uw.edu.pl\\\/\",\"name\":\"Uniwersyteckie Centrum Bada\u0144 nad \u015arodowiskiem Przyrodniczym i Zr\u00f3wnowa\u017conym Rozwojem\",\"description\":\"7 Departments mean 7 times more opportunities\",\"publisher\":{\"@id\":\"https:\\\/\\\/ucbs.uw.edu.pl\\\/#organization\"},\"potentialAction\":[{\"@type\":\"SearchAction\",\"target\":{\"@type\":\"EntryPoint\",\"urlTemplate\":\"https:\\\/\\\/ucbs.uw.edu.pl\\\/?s={search_term_string}\"},\"query-input\":{\"@type\":\"PropertyValueSpecification\",\"valueRequired\":true,\"valueName\":\"search_term_string\"}}],\"inLanguage\":\"en-US\"},{\"@type\":\"Organization\",\"@id\":\"https:\\\/\\\/ucbs.uw.edu.pl\\\/#organization\",\"name\":\"Uniwersyteckie Centrum Bada\u0144 nad \u015arodowiskiem Przyrodniczym i Zr\u00f3wnowa\u017conym Rozwojem\",\"url\":\"https:\\\/\\\/ucbs.uw.edu.pl\\\/\",\"logo\":{\"@type\":\"ImageObject\",\"inLanguage\":\"en-US\",\"@id\":\"https:\\\/\\\/ucbs.uw.edu.pl\\\/#\\\/schema\\\/logo\\\/image\\\/\",\"url\":\"https:\\\/\\\/ucbs.uw.edu.pl\\\/wp-content\\\/uploads\\\/sites\\\/389\\\/2023\\\/09\\\/PL_zwykly_monochromatyczny_okragly.jpg\",\"contentUrl\":\"https:\\\/\\\/ucbs.uw.edu.pl\\\/wp-content\\\/uploads\\\/sites\\\/389\\\/2023\\\/09\\\/PL_zwykly_monochromatyczny_okragly.jpg\",\"width\":658,\"height\":710,\"caption\":\"Uniwersyteckie Centrum Bada\u0144 nad \u015arodowiskiem Przyrodniczym i Zr\u00f3wnowa\u017conym Rozwojem\"},\"image\":{\"@id\":\"https:\\\/\\\/ucbs.uw.edu.pl\\\/#\\\/schema\\\/logo\\\/image\\\/\"},\"sameAs\":[\"https:\\\/\\\/www.facebook.com\\\/ucbsuw\",\"https:\\\/\\\/x.com\\\/ucbsuw\",\"https:\\\/\\\/www.linkedin.com\\\/company\\\/19014166\\\/admin\\\/feed\\\/posts\\\/\"]}]}<\/script>\n<!-- \/ Yoast SEO plugin. -->","yoast_head_json":{"title":"MSO\u015a I stopnia - University Centre for Environmental Studies and Sustainable Development","robots":{"index":"index","follow":"follow","max-snippet":"max-snippet:-1","max-image-preview":"max-image-preview:large","max-video-preview":"max-video-preview:-1"},"canonical":"https:\/\/ucbs.uw.edu.pl\/home\/rekrutacja\/oferta-studiow\/msos-i-stopnia\/","og_locale":"en_US","og_type":"article","og_title":"MSO\u015a I stopnia - University Centre for Environmental Studies and Sustainable Development","og_description":"Program Mi\u0119dzywydzia\u0142owych Studi\u00f3w Ochrony \u015arodowiska I stopnia sk\u0142ada si\u0119 z: przedmiot\u00f3w podstawowych: matematyka, statystyka, fizyka, biologia, chemia; przedmiot\u00f3w kierunkowych: ekologia i ochrona przyrody, geologia, geomorfologia i\u00a0gleboznawstwo, hydrologia, meteorologia i klimatologia, mikrobiologia, biochemia, prawo i\u00a0ekonomia w ochronie \u015brodowiska, instrumenty ochrony \u015brodowiska, zagro\u017cenia cywilizacyjne i\u00a0zr\u00f3wnowa\u017cony rozw\u00f3j, technologie w ochronie \u015brodowiska; przedmiot\u00f3w og\u00f3lnych: technologia informacyjna, j\u0119zyk obcy i [&hellip;]","og_url":"https:\/\/ucbs.uw.edu.pl\/home\/rekrutacja\/oferta-studiow\/msos-i-stopnia\/","og_site_name":"University Centre for Environmental Studies and Sustainable Development","article_publisher":"https:\/\/www.facebook.com\/ucbsuw","article_modified_time":"2025-06-06T11:55:22+00:00","og_image":[{"url":"https:\/\/ucbs.uw.edu.pl\/wp-content\/uploads\/sites\/389\/2024\/01\/sddf-300x200.jpg","type":"","width":"","height":""}],"twitter_card":"summary_large_image","twitter_site":"@ucbsuw","twitter_misc":{"Est. reading time":"5 minutes"},"schema":{"@context":"https:\/\/schema.org","@graph":[{"@type":"WebPage","@id":"https:\/\/ucbs.uw.edu.pl\/home\/rekrutacja\/oferta-studiow\/msos-i-stopnia\/","url":"https:\/\/ucbs.uw.edu.pl\/home\/rekrutacja\/oferta-studiow\/msos-i-stopnia\/","name":"MSO\u015a I stopnia - University Centre for Environmental Studies and Sustainable Development","isPartOf":{"@id":"https:\/\/ucbs.uw.edu.pl\/#website"},"primaryImageOfPage":{"@id":"https:\/\/ucbs.uw.edu.pl\/home\/rekrutacja\/oferta-studiow\/msos-i-stopnia\/#primaryimage"},"image":{"@id":"https:\/\/ucbs.uw.edu.pl\/home\/rekrutacja\/oferta-studiow\/msos-i-stopnia\/#primaryimage"},"thumbnailUrl":"https:\/\/ucbs.uw.edu.pl\/wp-content\/uploads\/sites\/389\/2024\/01\/sddf-300x200.jpg","datePublished":"2021-02-25T09:15:03+00:00","dateModified":"2025-06-06T11:55:22+00:00","breadcrumb":{"@id":"https:\/\/ucbs.uw.edu.pl\/home\/rekrutacja\/oferta-studiow\/msos-i-stopnia\/#breadcrumb"},"inLanguage":"en-US","potentialAction":[{"@type":"ReadAction","target":["https:\/\/ucbs.uw.edu.pl\/home\/rekrutacja\/oferta-studiow\/msos-i-stopnia\/"]}]},{"@type":"ImageObject","inLanguage":"en-US","@id":"https:\/\/ucbs.uw.edu.pl\/home\/rekrutacja\/oferta-studiow\/msos-i-stopnia\/#primaryimage","url":"https:\/\/ucbs.uw.edu.pl\/wp-content\/uploads\/sites\/389\/2024\/01\/sddf-300x200.jpg","contentUrl":"https:\/\/ucbs.uw.edu.pl\/wp-content\/uploads\/sites\/389\/2024\/01\/sddf-300x200.jpg"},{"@type":"BreadcrumbList","@id":"https:\/\/ucbs.uw.edu.pl\/home\/rekrutacja\/oferta-studiow\/msos-i-stopnia\/#breadcrumb","itemListElement":[{"@type":"ListItem","position":1,"name":"Strona g\u0142\u00f3wna","item":"https:\/\/ucbs.uw.edu.pl\/"},{"@type":"ListItem","position":2,"name":"Home","item":"https:\/\/ucbs.uw.edu.pl\/home\/"},{"@type":"ListItem","position":3,"name":"Rekrutacja","item":"https:\/\/ucbs.uw.edu.pl\/home\/rekrutacja\/"},{"@type":"ListItem","position":4,"name":"Oferta studi\u00f3w","item":"https:\/\/ucbs.uw.edu.pl\/home\/rekrutacja\/oferta-studiow\/"},{"@type":"ListItem","position":5,"name":"MSO\u015a I stopnia"}]},{"@type":"WebSite","@id":"https:\/\/ucbs.uw.edu.pl\/#website","url":"https:\/\/ucbs.uw.edu.pl\/","name":"Uniwersyteckie Centrum Bada\u0144 nad \u015arodowiskiem Przyrodniczym i Zr\u00f3wnowa\u017conym Rozwojem","description":"7 Departments mean 7 times more opportunities","publisher":{"@id":"https:\/\/ucbs.uw.edu.pl\/#organization"},"potentialAction":[{"@type":"SearchAction","target":{"@type":"EntryPoint","urlTemplate":"https:\/\/ucbs.uw.edu.pl\/?s={search_term_string}"},"query-input":{"@type":"PropertyValueSpecification","valueRequired":true,"valueName":"search_term_string"}}],"inLanguage":"en-US"},{"@type":"Organization","@id":"https:\/\/ucbs.uw.edu.pl\/#organization","name":"Uniwersyteckie Centrum Bada\u0144 nad \u015arodowiskiem Przyrodniczym i Zr\u00f3wnowa\u017conym Rozwojem","url":"https:\/\/ucbs.uw.edu.pl\/","logo":{"@type":"ImageObject","inLanguage":"en-US","@id":"https:\/\/ucbs.uw.edu.pl\/#\/schema\/logo\/image\/","url":"https:\/\/ucbs.uw.edu.pl\/wp-content\/uploads\/sites\/389\/2023\/09\/PL_zwykly_monochromatyczny_okragly.jpg","contentUrl":"https:\/\/ucbs.uw.edu.pl\/wp-content\/uploads\/sites\/389\/2023\/09\/PL_zwykly_monochromatyczny_okragly.jpg","width":658,"height":710,"caption":"Uniwersyteckie Centrum Bada\u0144 nad \u015arodowiskiem Przyrodniczym i Zr\u00f3wnowa\u017conym Rozwojem"},"image":{"@id":"https:\/\/ucbs.uw.edu.pl\/#\/schema\/logo\/image\/"},"sameAs":["https:\/\/www.facebook.com\/ucbsuw","https:\/\/x.com\/ucbsuw","https:\/\/www.linkedin.com\/company\/19014166\/admin\/feed\/posts\/"]}]}},"_links":{"self":[{"href":"https:\/\/ucbs.uw.edu.pl\/en\/wp-json\/wp\/v2\/pages\/342","targetHints":{"allow":["GET"]}}],"collection":[{"href":"https:\/\/ucbs.uw.edu.pl\/en\/wp-json\/wp\/v2\/pages"}],"about":[{"href":"https:\/\/ucbs.uw.edu.pl\/en\/wp-json\/wp\/v2\/types\/page"}],"author":[{"embeddable":true,"href":"https:\/\/ucbs.uw.edu.pl\/en\/wp-json\/wp\/v2\/users\/1"}],"replies":[{"embeddable":true,"href":"https:\/\/ucbs.uw.edu.pl\/en\/wp-json\/wp\/v2\/comments?post=342"}],"version-history":[{"count":15,"href":"https:\/\/ucbs.uw.edu.pl\/en\/wp-json\/wp\/v2\/pages\/342\/revisions"}],"predecessor-version":[{"id":7918,"href":"https:\/\/ucbs.uw.edu.pl\/en\/wp-json\/wp\/v2\/pages\/342\/revisions\/7918"}],"up":[{"embeddable":true,"href":"https:\/\/ucbs.uw.edu.pl\/en\/wp-json\/wp\/v2\/pages\/240"}],"wp:attachment":[{"href":"https:\/\/ucbs.uw.edu.pl\/en\/wp-json\/wp\/v2\/media?parent=342"}],"curies":[{"name":"wp","href":"https:\/\/api.w.org\/{rel}","templated":true}]}}