{"id":306,"date":"2021-02-22T14:27:56","date_gmt":"2021-02-22T13:27:56","guid":{"rendered":"http:\/\/ucbs.uw.edu.pl\/?page_id=306"},"modified":"2026-02-11T15:50:56","modified_gmt":"2026-02-11T14:50:56","slug":"erasmus","status":"publish","type":"page","link":"https:\/\/ucbs.uw.edu.pl\/en\/home\/wymiana-studencka\/erasmus\/","title":{"rendered":"ERASMUS +"},"content":{"rendered":"<article class=\"col1\"><img loading=\"lazy\" decoding=\"async\" class=\" wp-image-6567 aligncenter\" src=\"https:\/\/ucbs.uw.edu.pl\/wp-content\/uploads\/sites\/389\/2024\/01\/logo_erasmus1-300x123.png\" alt=\"\" width=\"946\" height=\"388\" srcset=\"https:\/\/ucbs.uw.edu.pl\/wp-content\/uploads\/sites\/389\/2024\/01\/logo_erasmus1-300x123.png 300w, https:\/\/ucbs.uw.edu.pl\/wp-content\/uploads\/sites\/389\/2024\/01\/logo_erasmus1-1024x421.png 1024w, https:\/\/ucbs.uw.edu.pl\/wp-content\/uploads\/sites\/389\/2024\/01\/logo_erasmus1-768x316.png 768w, https:\/\/ucbs.uw.edu.pl\/wp-content\/uploads\/sites\/389\/2024\/01\/logo_erasmus1.png 1103w\" sizes=\"auto, (max-width: 946px) 100vw, 946px\" \/><\/p>\n<div class=\"wrapper\">\n<p style=\"text-align: justify;\">Within the scope of the ERASMUS+ Program, in the 2026\/27 academic year, you can apply for travel abroad for partial studies within the framework of UCBS agreements to the following partner universities:<\/p>\n<ul>\n<li>Austria, <span style=\"color: #ff6600;\"><a style=\"color: #ff6600;\" href=\"https:\/\/boku.ac.at\/\">Universitat fur Bodenkultur Wien<\/a><\/span>: 1 place \/ <strong>1st degree study- German language only at level B2<\/strong>\/ <strong>2nd degree study- English language at level B2 or German language at level B2<\/strong>. Duration of semester- 5 months,<\/li>\n<li>Czech Republic, <span style=\"color: #ff6600;\"><a style=\"color: #ff6600;\" href=\"https:\/\/cuni.cz\/UKEN-1.html\">Charles University<\/a><\/span>: 4 places: 2 places &#8211; first degree studies and 2 places second degree studies \/English at B2 level\/ Duration of semester- 4 months\/.<\/li>\n<\/ul>\n<p style=\"text-align: justify;\">Our students may also apply for the opportunity to go abroad for partial studies within the UCBS Contributing Faculties, subject to the approval of the UCBS Mobility Coordinator, Adam Tarkowski, PhD (<span style=\"color: #ff6600;\"><a style=\"color: #ff6600;\" href=\"mailto:adam.tarkowski@uw.edu.pl\">adam.tarkowski@uw.edu.pl<\/a><\/span>) and the Mobility Coordinator at the selected UCBS Contributing Faculty. The UCBS student will then undergo qualification at the selected UCBS Contributing Faculty.<\/p>\n<p style=\"text-align: justify;\">For detailed information (list of partner universities, rules and qualification procedure) regarding qualification within the UCBS Contributing Faculties, please refer to the websites of the individual faculties. Detailed information (including current announcements and downloadable forms) can be found on the website of the International Relations Office (IRO). Detailed rules and timetable will be provided at a later date, after IRO announces the general rules of student eligibility for the Erasmus+ 2026\/27 scholarship.<\/p>\n<p>Deadline date for submission of documents in the qualification process for travel to study abroad part-time in the academic year 2026\/2027- <strong>18th February 2026<\/strong><\/p>\n<p><strong>Required documents<\/strong> &#8211; subpage <em>Qualification for Partial Studies 2026\/27<\/em><\/p>\n<p><strong>Detailed information<\/strong> (including announcements and downloadable forms) can be found on the website of the International Relations Office (IRO)<\/p>\n<\/div>\n<div class=\"wrapper\">\n<div class=\"su-spoiler su-spoiler-style-fancy su-spoiler-icon-folder-1 su-spoiler-closed\" data-scroll-offset=\"0\" data-anchor-in-url=\"no\"><div class=\"su-spoiler-title\" tabindex=\"0\" role=\"button\"><span class=\"su-spoiler-icon\"><\/span>Qualification for Partial Studies 2026\/27<\/div><div class=\"su-spoiler-content su-u-clearfix su-u-trim\">\n<p><strong>Required documents*<\/strong><\/p>\n<p>forms can be found at: <span style=\"color: #ff6600;\"><a style=\"color: #ff6600;\" href=\"https:\/\/bwz.uw.edu.pl\/en\/studies-2026-2027\/\">http:\/\/bwz.uw.edu.pl\/studia-2026-2027\/<\/a><\/span><\/p>\n<ul>\n<li><span style=\"color: #ff6600;\"><a style=\"color: #ff6600;\" href=\"https:\/\/ucbs.uw.edu.pl\/wp-content\/uploads\/sites\/389\/2026\/02\/General-rules-of-eligibility-for-partial-studies-academic-year-2026_2027.pdf\">General rules of eligibility for partial studies academic year 2026\/2027\u00a0<\/a><\/span><\/li>\n<li><span style=\"color: #ff6600;\"><a style=\"color: #ff6600;\" href=\"https:\/\/ucbs.uw.edu.pl\/wp-content\/uploads\/sites\/389\/2026\/02\/Eligibility-application-for-foreign-partial-studies-under-the-Erasmus-program-r.a.-2026_2027.docx\">Eligibility application for foreign partial studies under the Erasmus+ program r.a. 2026\/27<\/a><\/span><\/li>\n<li><span style=\"color: #ff6600;\"><a style=\"color: #ff6600;\" href=\"https:\/\/ucbs.uw.edu.pl\/wp-content\/uploads\/sites\/389\/2026\/02\/Information-on-the-General-Data-Protection-Regulation.pdf\">Statement of consent to the processing of personal data in the recruitment process.<\/a><\/span><\/li>\n<li>Consent of the thesis supervisor for departure for foreign partial studies.<\/li>\n<li>Certificate from the Student Affairs Secretariat on the grade point average for the last completed year of study before qualification.<\/li>\n<li>Document confirming the degree of proficiency in the language of instruction of the foreign university.<\/li>\n<li>Documents confirming the student&#8217;s organizational activities presented in the qualification application.<\/li>\n<\/ul>\n<p><span style=\"color: #ff6600;\"><a style=\"color: #ff6600;\" href=\"https:\/\/drive.google.com\/file\/d\/1w3jWdWsIkWKHURUg45RdOSd7MUhaQk8H\/view?usp=drive_link\">Decision of KJD UCBS on the appointment of the qualification committee.<\/a><\/span><\/p>\n<p><span style=\"color: #ff6600;\"><a style=\"color: #ff6600;\" href=\"https:\/\/drive.google.com\/file\/d\/1w3jWdWsIkWKHURUg45RdOSd7MUhaQk8H\/view?usp=drive_link\">Detailed rules of pre-qualification 2026\/2027<\/a><\/span><\/p>\n<p><span style=\"color: #ff6600;\"><a style=\"color: #ff6600;\" href=\"https:\/\/ucbs.uw.edu.pl\/wp-content\/uploads\/sites\/389\/2026\/02\/Decision-No_2_2026-of-the-Erasmus-Selection-Committee.pdf\">Schedule of pre-qualification 2026\/2027<\/a><\/span><\/p>\n<p>*The list of documents is subject to change after the announcement of the General Rules of Prequalification 2026\/2027 by the IRO<\/p>\n<\/div><\/div>\n<div class=\"su-spoiler su-spoiler-style-fancy su-spoiler-icon-folder-1 su-spoiler-closed\" data-scroll-offset=\"0\" data-anchor-in-url=\"no\"><div class=\"su-spoiler-title\" tabindex=\"0\" role=\"button\"><span class=\"su-spoiler-icon\"><\/span>General information<\/div><div class=\"su-spoiler-content su-u-clearfix su-u-trim\">\n<p><strong>The structure of the Erasmus+ program includes the following elements:<\/strong><\/p>\n<ul>\n<li>Action 1. Learning Mobility<\/li>\n<li>Action 2. Cooperation for innovation and exchange of good practices<\/li>\n<li>Action 3. Support for policy reform<\/li>\n<li>Jean Monnet program<\/li>\n<li>Sport &#8211; thanks to the Erasmus+ program, for the first time in the history of the European Union&#8217;s educational programs, sport-related initiatives are supported<\/li>\n<\/ul>\n<p><strong>Countries participating in the program:<\/strong><\/p>\n<ul>\n<li>28 European Union member states<\/li>\n<li>EFTA\/EEA countries: Iceland, Liechtenstein, Norway<\/li>\n<li>EU candidate countries: Turkey, the former Yugoslav Republic of Macedonia<\/li>\n<\/ul>\n<p>In Poland, the program is managed by the <span style=\"color: #ff6600;\"><a style=\"color: #ff6600;\" href=\"http:\/\/erasmusplus.org.pl\/\">Foundation for the Development of the Education System<\/a><\/span>.<\/p>\n<p><strong>Students under Erasmus+ can apply for a trip:<\/strong><\/p>\n<ul>\n<li>for part of their studies to other countries of the program &#8211; for a period from 3 to 12 months<\/li>\n<li>for an internship to other countries of the program &#8211; for a period from 2 to 12 months<\/li>\n<\/ul>\n<p><strong>Graduates under Erasmus+ can apply:<\/strong><\/p>\n<ul>\n<li>for an internship to other program countries &#8211; for a period of 2 to 12 months<\/li>\n<\/ul>\n<p>The coordinator of the ERASMUS+ Program in our unit is Adam Tarkowski PhD <span style=\"color: #ff6600;\"><a style=\"color: #ff6600;\" href=\"mailto:adam.tarkowski@uw.edu.pl\">adam.tarkowski@uw.edu.pl<\/a><\/span><\/p>\n<\/div><\/div>\n<\/div>\n<\/article>","protected":false},"excerpt":{"rendered":"<p>Within the scope of the ERASMUS+ Program, in the 2026\/27 academic year, you can apply for travel abroad for partial studies within the framework of UCBS agreements to the following partner universities: Austria, Universitat fur Bodenkultur Wien: 1 place \/ 1st degree study- German language only at level B2\/ 2nd degree study- English language at [&hellip;]<\/p>\n","protected":false},"author":1,"featured_media":0,"parent":302,"menu_order":0,"comment_status":"closed","ping_status":"closed","template":"","meta":{"_acf_changed":false,"_exactmetrics_skip_tracking":false,"_exactmetrics_sitenote_active":false,"_exactmetrics_sitenote_note":"","_exactmetrics_sitenote_category":0,"_uf_show_specific_survey":0,"_uf_disable_surveys":false,"footnotes":"","_links_to":"","_links_to_target":""},"class_list":["post-306","page","type-page","status-publish","hentry","post"],"acf":[],"yoast_head":"<!-- This site is optimized with the Yoast SEO plugin v27.3 - https:\/\/yoast.com\/product\/yoast-seo-wordpress\/ -->\n<title>ERASMUS + - University Centre for Environmental Studies and Sustainable Development<\/title>\n<meta name=\"robots\" content=\"index, follow, max-snippet:-1, max-image-preview:large, max-video-preview:-1\" \/>\n<link rel=\"canonical\" href=\"https:\/\/ucbs.uw.edu.pl\/home\/wymiana-studencka\/erasmus\/\" \/>\n<meta property=\"og:locale\" content=\"en_US\" \/>\n<meta property=\"og:type\" content=\"article\" \/>\n<meta property=\"og:title\" content=\"ERASMUS + - University Centre for Environmental Studies and Sustainable Development\" \/>\n<meta property=\"og:description\" content=\"Within the scope of the ERASMUS+ Program, in the 2026\/27 academic year, you can apply for travel abroad for partial studies within the framework of UCBS agreements to the following partner universities: Austria, Universitat fur Bodenkultur Wien: 1 place \/ 1st degree study- German language only at level B2\/ 2nd degree study- English language at [&hellip;]\" \/>\n<meta property=\"og:url\" content=\"https:\/\/ucbs.uw.edu.pl\/home\/wymiana-studencka\/erasmus\/\" \/>\n<meta property=\"og:site_name\" content=\"University Centre for Environmental Studies and Sustainable Development\" \/>\n<meta property=\"article:publisher\" content=\"https:\/\/www.facebook.com\/ucbsuw\" \/>\n<meta property=\"article:modified_time\" content=\"2026-02-11T14:50:56+00:00\" \/>\n<meta property=\"og:image\" content=\"https:\/\/ucbs.uw.edu.pl\/wp-content\/uploads\/sites\/389\/2024\/01\/logo_erasmus1.png\" \/>\n\t<meta property=\"og:image:width\" content=\"1103\" \/>\n\t<meta property=\"og:image:height\" content=\"454\" \/>\n\t<meta property=\"og:image:type\" content=\"image\/png\" \/>\n<meta name=\"twitter:card\" content=\"summary_large_image\" \/>\n<meta name=\"twitter:site\" content=\"@ucbsuw\" \/>\n<meta name=\"twitter:label1\" content=\"Est. reading time\" \/>\n\t<meta name=\"twitter:data1\" content=\"4 minutes\" \/>\n<script type=\"application\/ld+json\" class=\"yoast-schema-graph\">{\"@context\":\"https:\\\/\\\/schema.org\",\"@graph\":[{\"@type\":\"WebPage\",\"@id\":\"https:\\\/\\\/ucbs.uw.edu.pl\\\/home\\\/wymiana-studencka\\\/erasmus\\\/\",\"url\":\"https:\\\/\\\/ucbs.uw.edu.pl\\\/home\\\/wymiana-studencka\\\/erasmus\\\/\",\"name\":\"ERASMUS + - University Centre for Environmental Studies and Sustainable Development\",\"isPartOf\":{\"@id\":\"https:\\\/\\\/ucbs.uw.edu.pl\\\/#website\"},\"primaryImageOfPage\":{\"@id\":\"https:\\\/\\\/ucbs.uw.edu.pl\\\/home\\\/wymiana-studencka\\\/erasmus\\\/#primaryimage\"},\"image\":{\"@id\":\"https:\\\/\\\/ucbs.uw.edu.pl\\\/home\\\/wymiana-studencka\\\/erasmus\\\/#primaryimage\"},\"thumbnailUrl\":\"https:\\\/\\\/ucbs.uw.edu.pl\\\/wp-content\\\/uploads\\\/sites\\\/389\\\/2024\\\/01\\\/logo_erasmus1-300x123.png\",\"datePublished\":\"2021-02-22T13:27:56+00:00\",\"dateModified\":\"2026-02-11T14:50:56+00:00\",\"breadcrumb\":{\"@id\":\"https:\\\/\\\/ucbs.uw.edu.pl\\\/home\\\/wymiana-studencka\\\/erasmus\\\/#breadcrumb\"},\"inLanguage\":\"en-US\",\"potentialAction\":[{\"@type\":\"ReadAction\",\"target\":[\"https:\\\/\\\/ucbs.uw.edu.pl\\\/home\\\/wymiana-studencka\\\/erasmus\\\/\"]}]},{\"@type\":\"ImageObject\",\"inLanguage\":\"en-US\",\"@id\":\"https:\\\/\\\/ucbs.uw.edu.pl\\\/home\\\/wymiana-studencka\\\/erasmus\\\/#primaryimage\",\"url\":\"https:\\\/\\\/ucbs.uw.edu.pl\\\/wp-content\\\/uploads\\\/sites\\\/389\\\/2024\\\/01\\\/logo_erasmus1-300x123.png\",\"contentUrl\":\"https:\\\/\\\/ucbs.uw.edu.pl\\\/wp-content\\\/uploads\\\/sites\\\/389\\\/2024\\\/01\\\/logo_erasmus1-300x123.png\"},{\"@type\":\"BreadcrumbList\",\"@id\":\"https:\\\/\\\/ucbs.uw.edu.pl\\\/home\\\/wymiana-studencka\\\/erasmus\\\/#breadcrumb\",\"itemListElement\":[{\"@type\":\"ListItem\",\"position\":1,\"name\":\"Strona g\u0142\u00f3wna\",\"item\":\"https:\\\/\\\/ucbs.uw.edu.pl\\\/\"},{\"@type\":\"ListItem\",\"position\":2,\"name\":\"Home\",\"item\":\"https:\\\/\\\/ucbs.uw.edu.pl\\\/home\\\/\"},{\"@type\":\"ListItem\",\"position\":3,\"name\":\"Wymiana studencka\",\"item\":\"https:\\\/\\\/ucbs.uw.edu.pl\\\/home\\\/wymiana-studencka\\\/\"},{\"@type\":\"ListItem\",\"position\":4,\"name\":\"ERASMUS +\"}]},{\"@type\":\"WebSite\",\"@id\":\"https:\\\/\\\/ucbs.uw.edu.pl\\\/#website\",\"url\":\"https:\\\/\\\/ucbs.uw.edu.pl\\\/\",\"name\":\"Uniwersyteckie Centrum Bada\u0144 nad \u015arodowiskiem Przyrodniczym i Zr\u00f3wnowa\u017conym Rozwojem\",\"description\":\"7 Departments mean 7 times more opportunities\",\"publisher\":{\"@id\":\"https:\\\/\\\/ucbs.uw.edu.pl\\\/#organization\"},\"potentialAction\":[{\"@type\":\"SearchAction\",\"target\":{\"@type\":\"EntryPoint\",\"urlTemplate\":\"https:\\\/\\\/ucbs.uw.edu.pl\\\/?s={search_term_string}\"},\"query-input\":{\"@type\":\"PropertyValueSpecification\",\"valueRequired\":true,\"valueName\":\"search_term_string\"}}],\"inLanguage\":\"en-US\"},{\"@type\":\"Organization\",\"@id\":\"https:\\\/\\\/ucbs.uw.edu.pl\\\/#organization\",\"name\":\"Uniwersyteckie Centrum Bada\u0144 nad \u015arodowiskiem Przyrodniczym i Zr\u00f3wnowa\u017conym Rozwojem\",\"url\":\"https:\\\/\\\/ucbs.uw.edu.pl\\\/\",\"logo\":{\"@type\":\"ImageObject\",\"inLanguage\":\"en-US\",\"@id\":\"https:\\\/\\\/ucbs.uw.edu.pl\\\/#\\\/schema\\\/logo\\\/image\\\/\",\"url\":\"https:\\\/\\\/ucbs.uw.edu.pl\\\/wp-content\\\/uploads\\\/sites\\\/389\\\/2023\\\/09\\\/PL_zwykly_monochromatyczny_okragly.jpg\",\"contentUrl\":\"https:\\\/\\\/ucbs.uw.edu.pl\\\/wp-content\\\/uploads\\\/sites\\\/389\\\/2023\\\/09\\\/PL_zwykly_monochromatyczny_okragly.jpg\",\"width\":658,\"height\":710,\"caption\":\"Uniwersyteckie Centrum Bada\u0144 nad \u015arodowiskiem Przyrodniczym i Zr\u00f3wnowa\u017conym Rozwojem\"},\"image\":{\"@id\":\"https:\\\/\\\/ucbs.uw.edu.pl\\\/#\\\/schema\\\/logo\\\/image\\\/\"},\"sameAs\":[\"https:\\\/\\\/www.facebook.com\\\/ucbsuw\",\"https:\\\/\\\/x.com\\\/ucbsuw\",\"https:\\\/\\\/www.linkedin.com\\\/company\\\/19014166\\\/admin\\\/feed\\\/posts\\\/\"]}]}<\/script>\n<!-- \/ Yoast SEO plugin. -->","yoast_head_json":{"title":"ERASMUS + - University Centre for Environmental Studies and Sustainable Development","robots":{"index":"index","follow":"follow","max-snippet":"max-snippet:-1","max-image-preview":"max-image-preview:large","max-video-preview":"max-video-preview:-1"},"canonical":"https:\/\/ucbs.uw.edu.pl\/home\/wymiana-studencka\/erasmus\/","og_locale":"en_US","og_type":"article","og_title":"ERASMUS + - University Centre for Environmental Studies and Sustainable Development","og_description":"Within the scope of the ERASMUS+ Program, in the 2026\/27 academic year, you can apply for travel abroad for partial studies within the framework of UCBS agreements to the following partner universities: Austria, Universitat fur Bodenkultur Wien: 1 place \/ 1st degree study- German language only at level B2\/ 2nd degree study- English language at [&hellip;]","og_url":"https:\/\/ucbs.uw.edu.pl\/home\/wymiana-studencka\/erasmus\/","og_site_name":"University Centre for Environmental Studies and Sustainable Development","article_publisher":"https:\/\/www.facebook.com\/ucbsuw","article_modified_time":"2026-02-11T14:50:56+00:00","og_image":[{"width":1103,"height":454,"url":"https:\/\/ucbs.uw.edu.pl\/wp-content\/uploads\/sites\/389\/2024\/01\/logo_erasmus1.png","type":"image\/png"}],"twitter_card":"summary_large_image","twitter_site":"@ucbsuw","twitter_misc":{"Est. reading time":"4 minutes"},"schema":{"@context":"https:\/\/schema.org","@graph":[{"@type":"WebPage","@id":"https:\/\/ucbs.uw.edu.pl\/home\/wymiana-studencka\/erasmus\/","url":"https:\/\/ucbs.uw.edu.pl\/home\/wymiana-studencka\/erasmus\/","name":"ERASMUS + - University Centre for Environmental Studies and Sustainable Development","isPartOf":{"@id":"https:\/\/ucbs.uw.edu.pl\/#website"},"primaryImageOfPage":{"@id":"https:\/\/ucbs.uw.edu.pl\/home\/wymiana-studencka\/erasmus\/#primaryimage"},"image":{"@id":"https:\/\/ucbs.uw.edu.pl\/home\/wymiana-studencka\/erasmus\/#primaryimage"},"thumbnailUrl":"https:\/\/ucbs.uw.edu.pl\/wp-content\/uploads\/sites\/389\/2024\/01\/logo_erasmus1-300x123.png","datePublished":"2021-02-22T13:27:56+00:00","dateModified":"2026-02-11T14:50:56+00:00","breadcrumb":{"@id":"https:\/\/ucbs.uw.edu.pl\/home\/wymiana-studencka\/erasmus\/#breadcrumb"},"inLanguage":"en-US","potentialAction":[{"@type":"ReadAction","target":["https:\/\/ucbs.uw.edu.pl\/home\/wymiana-studencka\/erasmus\/"]}]},{"@type":"ImageObject","inLanguage":"en-US","@id":"https:\/\/ucbs.uw.edu.pl\/home\/wymiana-studencka\/erasmus\/#primaryimage","url":"https:\/\/ucbs.uw.edu.pl\/wp-content\/uploads\/sites\/389\/2024\/01\/logo_erasmus1-300x123.png","contentUrl":"https:\/\/ucbs.uw.edu.pl\/wp-content\/uploads\/sites\/389\/2024\/01\/logo_erasmus1-300x123.png"},{"@type":"BreadcrumbList","@id":"https:\/\/ucbs.uw.edu.pl\/home\/wymiana-studencka\/erasmus\/#breadcrumb","itemListElement":[{"@type":"ListItem","position":1,"name":"Strona g\u0142\u00f3wna","item":"https:\/\/ucbs.uw.edu.pl\/"},{"@type":"ListItem","position":2,"name":"Home","item":"https:\/\/ucbs.uw.edu.pl\/home\/"},{"@type":"ListItem","position":3,"name":"Wymiana studencka","item":"https:\/\/ucbs.uw.edu.pl\/home\/wymiana-studencka\/"},{"@type":"ListItem","position":4,"name":"ERASMUS +"}]},{"@type":"WebSite","@id":"https:\/\/ucbs.uw.edu.pl\/#website","url":"https:\/\/ucbs.uw.edu.pl\/","name":"Uniwersyteckie Centrum Bada\u0144 nad \u015arodowiskiem Przyrodniczym i Zr\u00f3wnowa\u017conym Rozwojem","description":"7 Departments mean 7 times more opportunities","publisher":{"@id":"https:\/\/ucbs.uw.edu.pl\/#organization"},"potentialAction":[{"@type":"SearchAction","target":{"@type":"EntryPoint","urlTemplate":"https:\/\/ucbs.uw.edu.pl\/?s={search_term_string}"},"query-input":{"@type":"PropertyValueSpecification","valueRequired":true,"valueName":"search_term_string"}}],"inLanguage":"en-US"},{"@type":"Organization","@id":"https:\/\/ucbs.uw.edu.pl\/#organization","name":"Uniwersyteckie Centrum Bada\u0144 nad \u015arodowiskiem Przyrodniczym i Zr\u00f3wnowa\u017conym Rozwojem","url":"https:\/\/ucbs.uw.edu.pl\/","logo":{"@type":"ImageObject","inLanguage":"en-US","@id":"https:\/\/ucbs.uw.edu.pl\/#\/schema\/logo\/image\/","url":"https:\/\/ucbs.uw.edu.pl\/wp-content\/uploads\/sites\/389\/2023\/09\/PL_zwykly_monochromatyczny_okragly.jpg","contentUrl":"https:\/\/ucbs.uw.edu.pl\/wp-content\/uploads\/sites\/389\/2023\/09\/PL_zwykly_monochromatyczny_okragly.jpg","width":658,"height":710,"caption":"Uniwersyteckie Centrum Bada\u0144 nad \u015arodowiskiem Przyrodniczym i Zr\u00f3wnowa\u017conym Rozwojem"},"image":{"@id":"https:\/\/ucbs.uw.edu.pl\/#\/schema\/logo\/image\/"},"sameAs":["https:\/\/www.facebook.com\/ucbsuw","https:\/\/x.com\/ucbsuw","https:\/\/www.linkedin.com\/company\/19014166\/admin\/feed\/posts\/"]}]}},"_links":{"self":[{"href":"https:\/\/ucbs.uw.edu.pl\/en\/wp-json\/wp\/v2\/pages\/306","targetHints":{"allow":["GET"]}}],"collection":[{"href":"https:\/\/ucbs.uw.edu.pl\/en\/wp-json\/wp\/v2\/pages"}],"about":[{"href":"https:\/\/ucbs.uw.edu.pl\/en\/wp-json\/wp\/v2\/types\/page"}],"author":[{"embeddable":true,"href":"https:\/\/ucbs.uw.edu.pl\/en\/wp-json\/wp\/v2\/users\/1"}],"replies":[{"embeddable":true,"href":"https:\/\/ucbs.uw.edu.pl\/en\/wp-json\/wp\/v2\/comments?post=306"}],"version-history":[{"count":100,"href":"https:\/\/ucbs.uw.edu.pl\/en\/wp-json\/wp\/v2\/pages\/306\/revisions"}],"predecessor-version":[{"id":8424,"href":"https:\/\/ucbs.uw.edu.pl\/en\/wp-json\/wp\/v2\/pages\/306\/revisions\/8424"}],"up":[{"embeddable":true,"href":"https:\/\/ucbs.uw.edu.pl\/en\/wp-json\/wp\/v2\/pages\/302"}],"wp:attachment":[{"href":"https:\/\/ucbs.uw.edu.pl\/en\/wp-json\/wp\/v2\/media?parent=306"}],"curies":[{"name":"wp","href":"https:\/\/api.w.org\/{rel}","templated":true}]}}