{"id":304,"date":"2021-02-22T14:27:15","date_gmt":"2021-02-22T13:27:15","guid":{"rendered":"http:\/\/ucbs.uw.edu.pl\/?page_id=304"},"modified":"2025-04-16T12:38:32","modified_gmt":"2025-04-16T10:38:32","slug":"most","status":"publish","type":"page","link":"https:\/\/ucbs.uw.edu.pl\/en\/home\/wymiana-studencka\/most\/","title":{"rendered":"MOST"},"content":{"rendered":"<img loading=\"lazy\" decoding=\"async\" class=\" wp-image-7668 aligncenter\" src=\"https:\/\/ucbs.uw.edu.pl\/wp-content\/uploads\/sites\/389\/2025\/04\/rekrutacja-baner-2-300x111.png\" alt=\"\" width=\"1040\" height=\"385\" srcset=\"https:\/\/ucbs.uw.edu.pl\/wp-content\/uploads\/sites\/389\/2025\/04\/rekrutacja-baner-2-300x111.png 300w, https:\/\/ucbs.uw.edu.pl\/wp-content\/uploads\/sites\/389\/2025\/04\/rekrutacja-baner-2-1024x379.png 1024w, https:\/\/ucbs.uw.edu.pl\/wp-content\/uploads\/sites\/389\/2025\/04\/rekrutacja-baner-2-768x284.png 768w, https:\/\/ucbs.uw.edu.pl\/wp-content\/uploads\/sites\/389\/2025\/04\/rekrutacja-baner-2-1536x569.png 1536w, https:\/\/ucbs.uw.edu.pl\/wp-content\/uploads\/sites\/389\/2025\/04\/rekrutacja-baner-2-2048x758.png 2048w\" sizes=\"auto, (max-width: 1040px) 100vw, 1040px\" \/><\/p>\n<p><span style=\"font-family: georgia, palatino, serif;\">Informujemy o rozpocz\u0119ciu rekrutacji do Programu MOST na semestr zimowy i ca\u0142y rok akademicki 2023\/2024. Rekrutacja do Programu <b>rozpocz\u0119\u0142a si\u0119 15 kwietnia 2025 r. i potrwa do 15 maja 2025 r.<\/b><\/span><\/p>\n<p><span style=\"font-family: georgia, palatino, serif;\">Materia\u0142y i wskaz\u00f3wki dost\u0119pne na stronie Programu MOST:\u00a0<span style=\"color: #ff6600;\"><a style=\"color: #ff6600;\" href=\"http:\/\/most.amu.edu.pl\/\" target=\"_blank\" rel=\"noopener\" data-saferedirecturl=\"https:\/\/www.google.com\/url?q=http:\/\/most.amu.edu.pl\/&amp;source=gmail&amp;ust=1682083285423000&amp;usg=AOvVaw32CYueNG7aAnJ6XtbjpOL7\">http:\/\/most.amu.edu.pl\/<\/a><\/span>\u00a0oraz na stronie Biura ds. Obs\u0142ugi Kszta\u0142cenia:\u00a0\u00a0<span style=\"color: #ff6600;\"><a style=\"color: #ff6600;\" href=\"https:\/\/bok.uw.edu.pl\/program-most-2\/\" target=\"_blank\" rel=\"noopener\" data-saferedirecturl=\"https:\/\/www.google.com\/url?q=https:\/\/bok.uw.edu.pl\/program-most-2\/&amp;source=gmail&amp;ust=1682083285423000&amp;usg=AOvVaw1YVFTO-HT6H4tvFvmOgUb2\">https:\/\/bok.uw.edu.pl\/program-most-2\/<\/a><\/span><\/span><\/p>\n<p><span style=\"font-family: georgia, palatino, serif;\">Zach\u0119camy r\u00f3wnie\u017c do \u015bledzenia\u00a0<span style=\"color: #ff6600;\"><a style=\"color: #ff6600;\" href=\"https:\/\/www.facebook.com\/programmost2000\" target=\"_blank\" rel=\"noopener\" data-saferedirecturl=\"https:\/\/www.google.com\/url?q=https:\/\/www.facebook.com\/programmost2000&amp;source=gmail&amp;ust=1682083285423000&amp;usg=AOvVaw2MVdBsXwYeyV4iTcchhHjK\">profilu programu MOST na Facebook\u2019u<\/a><\/span><\/span><\/p>\n<p><strong><span style=\"font-family: georgia, palatino, serif;\">Zainteresowany?<\/span><\/strong><\/p>\n<p><span style=\"font-family: georgia, palatino, serif;\"><strong>Koordynatorem Programu<\/strong>\u00a0<strong>MOST w naszej jednostce<\/strong> jest <span style=\"color: #ff6600;\"><a style=\"color: #ff6600;\" href=\"mailto:adam.tarkowski@uw.edu.pl\">dr Adam Tarkowski<\/a><\/span><\/span>","protected":false},"excerpt":{"rendered":"<p>Informujemy o rozpocz\u0119ciu rekrutacji do Programu MOST na semestr zimowy i ca\u0142y rok akademicki 2023\/2024. Rekrutacja do Programu rozpocz\u0119\u0142a si\u0119 15 kwietnia 2025 r. i potrwa do 15 maja 2025 r. Materia\u0142y i wskaz\u00f3wki dost\u0119pne na stronie Programu MOST:\u00a0http:\/\/most.amu.edu.pl\/\u00a0oraz na stronie Biura ds. Obs\u0142ugi Kszta\u0142cenia:\u00a0\u00a0https:\/\/bok.uw.edu.pl\/program-most-2\/ Zach\u0119camy r\u00f3wnie\u017c do \u015bledzenia\u00a0profilu programu MOST na Facebook\u2019u Zainteresowany? Koordynatorem [&hellip;]<\/p>\n","protected":false},"author":1,"featured_media":0,"parent":302,"menu_order":0,"comment_status":"closed","ping_status":"closed","template":"","meta":{"_acf_changed":false,"_exactmetrics_skip_tracking":false,"_exactmetrics_sitenote_active":false,"_exactmetrics_sitenote_note":"","_exactmetrics_sitenote_category":0,"_uf_show_specific_survey":0,"_uf_disable_surveys":false,"footnotes":"","_links_to":"","_links_to_target":""},"class_list":["post-304","page","type-page","status-publish","hentry","post"],"acf":[],"yoast_head":"<!-- This site is optimized with the Yoast SEO plugin v27.3 - https:\/\/yoast.com\/product\/yoast-seo-wordpress\/ -->\n<title>MOST - University Centre for Environmental Studies and Sustainable Development<\/title>\n<meta name=\"robots\" content=\"index, follow, max-snippet:-1, max-image-preview:large, max-video-preview:-1\" \/>\n<link rel=\"canonical\" href=\"https:\/\/ucbs.uw.edu.pl\/home\/wymiana-studencka\/most\/\" \/>\n<meta property=\"og:locale\" content=\"en_US\" \/>\n<meta property=\"og:type\" content=\"article\" \/>\n<meta property=\"og:title\" content=\"MOST - University Centre for Environmental Studies and Sustainable Development\" \/>\n<meta property=\"og:description\" content=\"Informujemy o rozpocz\u0119ciu rekrutacji do Programu MOST na semestr zimowy i ca\u0142y rok akademicki 2023\/2024. Rekrutacja do Programu rozpocz\u0119\u0142a si\u0119 15 kwietnia 2025 r. i potrwa do 15 maja 2025 r. Materia\u0142y i wskaz\u00f3wki dost\u0119pne na stronie Programu MOST:\u00a0http:\/\/most.amu.edu.pl\/\u00a0oraz na stronie Biura ds. Obs\u0142ugi Kszta\u0142cenia:\u00a0\u00a0https:\/\/bok.uw.edu.pl\/program-most-2\/ Zach\u0119camy r\u00f3wnie\u017c do \u015bledzenia\u00a0profilu programu MOST na Facebook\u2019u Zainteresowany? Koordynatorem [&hellip;]\" \/>\n<meta property=\"og:url\" content=\"https:\/\/ucbs.uw.edu.pl\/home\/wymiana-studencka\/most\/\" \/>\n<meta property=\"og:site_name\" content=\"University Centre for Environmental Studies and Sustainable Development\" \/>\n<meta property=\"article:publisher\" content=\"https:\/\/www.facebook.com\/ucbsuw\" \/>\n<meta property=\"article:modified_time\" content=\"2025-04-16T10:38:32+00:00\" \/>\n<meta property=\"og:image\" content=\"https:\/\/ucbs.uw.edu.pl\/wp-content\/uploads\/sites\/389\/2025\/04\/rekrutacja-baner-2-scaled.png\" \/>\n\t<meta property=\"og:image:width\" content=\"2560\" \/>\n\t<meta property=\"og:image:height\" content=\"948\" \/>\n\t<meta property=\"og:image:type\" content=\"image\/png\" \/>\n<meta name=\"twitter:card\" content=\"summary_large_image\" \/>\n<meta name=\"twitter:site\" content=\"@ucbsuw\" \/>\n<meta name=\"twitter:label1\" content=\"Est. reading time\" \/>\n\t<meta name=\"twitter:data1\" content=\"1 minute\" \/>\n<script type=\"application\/ld+json\" class=\"yoast-schema-graph\">{\"@context\":\"https:\\\/\\\/schema.org\",\"@graph\":[{\"@type\":\"WebPage\",\"@id\":\"https:\\\/\\\/ucbs.uw.edu.pl\\\/home\\\/wymiana-studencka\\\/most\\\/\",\"url\":\"https:\\\/\\\/ucbs.uw.edu.pl\\\/home\\\/wymiana-studencka\\\/most\\\/\",\"name\":\"MOST - University Centre for Environmental Studies and Sustainable Development\",\"isPartOf\":{\"@id\":\"https:\\\/\\\/ucbs.uw.edu.pl\\\/#website\"},\"primaryImageOfPage\":{\"@id\":\"https:\\\/\\\/ucbs.uw.edu.pl\\\/home\\\/wymiana-studencka\\\/most\\\/#primaryimage\"},\"image\":{\"@id\":\"https:\\\/\\\/ucbs.uw.edu.pl\\\/home\\\/wymiana-studencka\\\/most\\\/#primaryimage\"},\"thumbnailUrl\":\"https:\\\/\\\/ucbs.uw.edu.pl\\\/wp-content\\\/uploads\\\/sites\\\/389\\\/2025\\\/04\\\/rekrutacja-baner-2-300x111.png\",\"datePublished\":\"2021-02-22T13:27:15+00:00\",\"dateModified\":\"2025-04-16T10:38:32+00:00\",\"breadcrumb\":{\"@id\":\"https:\\\/\\\/ucbs.uw.edu.pl\\\/home\\\/wymiana-studencka\\\/most\\\/#breadcrumb\"},\"inLanguage\":\"en-US\",\"potentialAction\":[{\"@type\":\"ReadAction\",\"target\":[\"https:\\\/\\\/ucbs.uw.edu.pl\\\/home\\\/wymiana-studencka\\\/most\\\/\"]}]},{\"@type\":\"ImageObject\",\"inLanguage\":\"en-US\",\"@id\":\"https:\\\/\\\/ucbs.uw.edu.pl\\\/home\\\/wymiana-studencka\\\/most\\\/#primaryimage\",\"url\":\"https:\\\/\\\/ucbs.uw.edu.pl\\\/wp-content\\\/uploads\\\/sites\\\/389\\\/2025\\\/04\\\/rekrutacja-baner-2-300x111.png\",\"contentUrl\":\"https:\\\/\\\/ucbs.uw.edu.pl\\\/wp-content\\\/uploads\\\/sites\\\/389\\\/2025\\\/04\\\/rekrutacja-baner-2-300x111.png\"},{\"@type\":\"BreadcrumbList\",\"@id\":\"https:\\\/\\\/ucbs.uw.edu.pl\\\/home\\\/wymiana-studencka\\\/most\\\/#breadcrumb\",\"itemListElement\":[{\"@type\":\"ListItem\",\"position\":1,\"name\":\"Strona g\u0142\u00f3wna\",\"item\":\"https:\\\/\\\/ucbs.uw.edu.pl\\\/\"},{\"@type\":\"ListItem\",\"position\":2,\"name\":\"Home\",\"item\":\"https:\\\/\\\/ucbs.uw.edu.pl\\\/home\\\/\"},{\"@type\":\"ListItem\",\"position\":3,\"name\":\"Wymiana studencka\",\"item\":\"https:\\\/\\\/ucbs.uw.edu.pl\\\/home\\\/wymiana-studencka\\\/\"},{\"@type\":\"ListItem\",\"position\":4,\"name\":\"MOST\"}]},{\"@type\":\"WebSite\",\"@id\":\"https:\\\/\\\/ucbs.uw.edu.pl\\\/#website\",\"url\":\"https:\\\/\\\/ucbs.uw.edu.pl\\\/\",\"name\":\"Uniwersyteckie Centrum Bada\u0144 nad \u015arodowiskiem Przyrodniczym i Zr\u00f3wnowa\u017conym Rozwojem\",\"description\":\"7 Departments mean 7 times more opportunities\",\"publisher\":{\"@id\":\"https:\\\/\\\/ucbs.uw.edu.pl\\\/#organization\"},\"potentialAction\":[{\"@type\":\"SearchAction\",\"target\":{\"@type\":\"EntryPoint\",\"urlTemplate\":\"https:\\\/\\\/ucbs.uw.edu.pl\\\/?s={search_term_string}\"},\"query-input\":{\"@type\":\"PropertyValueSpecification\",\"valueRequired\":true,\"valueName\":\"search_term_string\"}}],\"inLanguage\":\"en-US\"},{\"@type\":\"Organization\",\"@id\":\"https:\\\/\\\/ucbs.uw.edu.pl\\\/#organization\",\"name\":\"Uniwersyteckie Centrum Bada\u0144 nad \u015arodowiskiem Przyrodniczym i Zr\u00f3wnowa\u017conym Rozwojem\",\"url\":\"https:\\\/\\\/ucbs.uw.edu.pl\\\/\",\"logo\":{\"@type\":\"ImageObject\",\"inLanguage\":\"en-US\",\"@id\":\"https:\\\/\\\/ucbs.uw.edu.pl\\\/#\\\/schema\\\/logo\\\/image\\\/\",\"url\":\"https:\\\/\\\/ucbs.uw.edu.pl\\\/wp-content\\\/uploads\\\/sites\\\/389\\\/2023\\\/09\\\/PL_zwykly_monochromatyczny_okragly.jpg\",\"contentUrl\":\"https:\\\/\\\/ucbs.uw.edu.pl\\\/wp-content\\\/uploads\\\/sites\\\/389\\\/2023\\\/09\\\/PL_zwykly_monochromatyczny_okragly.jpg\",\"width\":658,\"height\":710,\"caption\":\"Uniwersyteckie Centrum Bada\u0144 nad \u015arodowiskiem Przyrodniczym i Zr\u00f3wnowa\u017conym Rozwojem\"},\"image\":{\"@id\":\"https:\\\/\\\/ucbs.uw.edu.pl\\\/#\\\/schema\\\/logo\\\/image\\\/\"},\"sameAs\":[\"https:\\\/\\\/www.facebook.com\\\/ucbsuw\",\"https:\\\/\\\/x.com\\\/ucbsuw\",\"https:\\\/\\\/www.linkedin.com\\\/company\\\/19014166\\\/admin\\\/feed\\\/posts\\\/\"]}]}<\/script>\n<!-- \/ Yoast SEO plugin. -->","yoast_head_json":{"title":"MOST - University Centre for Environmental Studies and Sustainable Development","robots":{"index":"index","follow":"follow","max-snippet":"max-snippet:-1","max-image-preview":"max-image-preview:large","max-video-preview":"max-video-preview:-1"},"canonical":"https:\/\/ucbs.uw.edu.pl\/home\/wymiana-studencka\/most\/","og_locale":"en_US","og_type":"article","og_title":"MOST - University Centre for Environmental Studies and Sustainable Development","og_description":"Informujemy o rozpocz\u0119ciu rekrutacji do Programu MOST na semestr zimowy i ca\u0142y rok akademicki 2023\/2024. Rekrutacja do Programu rozpocz\u0119\u0142a si\u0119 15 kwietnia 2025 r. i potrwa do 15 maja 2025 r. Materia\u0142y i wskaz\u00f3wki dost\u0119pne na stronie Programu MOST:\u00a0http:\/\/most.amu.edu.pl\/\u00a0oraz na stronie Biura ds. Obs\u0142ugi Kszta\u0142cenia:\u00a0\u00a0https:\/\/bok.uw.edu.pl\/program-most-2\/ Zach\u0119camy r\u00f3wnie\u017c do \u015bledzenia\u00a0profilu programu MOST na Facebook\u2019u Zainteresowany? Koordynatorem [&hellip;]","og_url":"https:\/\/ucbs.uw.edu.pl\/home\/wymiana-studencka\/most\/","og_site_name":"University Centre for Environmental Studies and Sustainable Development","article_publisher":"https:\/\/www.facebook.com\/ucbsuw","article_modified_time":"2025-04-16T10:38:32+00:00","og_image":[{"width":2560,"height":948,"url":"https:\/\/ucbs.uw.edu.pl\/wp-content\/uploads\/sites\/389\/2025\/04\/rekrutacja-baner-2-scaled.png","type":"image\/png"}],"twitter_card":"summary_large_image","twitter_site":"@ucbsuw","twitter_misc":{"Est. reading time":"1 minute"},"schema":{"@context":"https:\/\/schema.org","@graph":[{"@type":"WebPage","@id":"https:\/\/ucbs.uw.edu.pl\/home\/wymiana-studencka\/most\/","url":"https:\/\/ucbs.uw.edu.pl\/home\/wymiana-studencka\/most\/","name":"MOST - University Centre for Environmental Studies and Sustainable Development","isPartOf":{"@id":"https:\/\/ucbs.uw.edu.pl\/#website"},"primaryImageOfPage":{"@id":"https:\/\/ucbs.uw.edu.pl\/home\/wymiana-studencka\/most\/#primaryimage"},"image":{"@id":"https:\/\/ucbs.uw.edu.pl\/home\/wymiana-studencka\/most\/#primaryimage"},"thumbnailUrl":"https:\/\/ucbs.uw.edu.pl\/wp-content\/uploads\/sites\/389\/2025\/04\/rekrutacja-baner-2-300x111.png","datePublished":"2021-02-22T13:27:15+00:00","dateModified":"2025-04-16T10:38:32+00:00","breadcrumb":{"@id":"https:\/\/ucbs.uw.edu.pl\/home\/wymiana-studencka\/most\/#breadcrumb"},"inLanguage":"en-US","potentialAction":[{"@type":"ReadAction","target":["https:\/\/ucbs.uw.edu.pl\/home\/wymiana-studencka\/most\/"]}]},{"@type":"ImageObject","inLanguage":"en-US","@id":"https:\/\/ucbs.uw.edu.pl\/home\/wymiana-studencka\/most\/#primaryimage","url":"https:\/\/ucbs.uw.edu.pl\/wp-content\/uploads\/sites\/389\/2025\/04\/rekrutacja-baner-2-300x111.png","contentUrl":"https:\/\/ucbs.uw.edu.pl\/wp-content\/uploads\/sites\/389\/2025\/04\/rekrutacja-baner-2-300x111.png"},{"@type":"BreadcrumbList","@id":"https:\/\/ucbs.uw.edu.pl\/home\/wymiana-studencka\/most\/#breadcrumb","itemListElement":[{"@type":"ListItem","position":1,"name":"Strona g\u0142\u00f3wna","item":"https:\/\/ucbs.uw.edu.pl\/"},{"@type":"ListItem","position":2,"name":"Home","item":"https:\/\/ucbs.uw.edu.pl\/home\/"},{"@type":"ListItem","position":3,"name":"Wymiana studencka","item":"https:\/\/ucbs.uw.edu.pl\/home\/wymiana-studencka\/"},{"@type":"ListItem","position":4,"name":"MOST"}]},{"@type":"WebSite","@id":"https:\/\/ucbs.uw.edu.pl\/#website","url":"https:\/\/ucbs.uw.edu.pl\/","name":"Uniwersyteckie Centrum Bada\u0144 nad \u015arodowiskiem Przyrodniczym i Zr\u00f3wnowa\u017conym Rozwojem","description":"7 Departments mean 7 times more opportunities","publisher":{"@id":"https:\/\/ucbs.uw.edu.pl\/#organization"},"potentialAction":[{"@type":"SearchAction","target":{"@type":"EntryPoint","urlTemplate":"https:\/\/ucbs.uw.edu.pl\/?s={search_term_string}"},"query-input":{"@type":"PropertyValueSpecification","valueRequired":true,"valueName":"search_term_string"}}],"inLanguage":"en-US"},{"@type":"Organization","@id":"https:\/\/ucbs.uw.edu.pl\/#organization","name":"Uniwersyteckie Centrum Bada\u0144 nad \u015arodowiskiem Przyrodniczym i Zr\u00f3wnowa\u017conym Rozwojem","url":"https:\/\/ucbs.uw.edu.pl\/","logo":{"@type":"ImageObject","inLanguage":"en-US","@id":"https:\/\/ucbs.uw.edu.pl\/#\/schema\/logo\/image\/","url":"https:\/\/ucbs.uw.edu.pl\/wp-content\/uploads\/sites\/389\/2023\/09\/PL_zwykly_monochromatyczny_okragly.jpg","contentUrl":"https:\/\/ucbs.uw.edu.pl\/wp-content\/uploads\/sites\/389\/2023\/09\/PL_zwykly_monochromatyczny_okragly.jpg","width":658,"height":710,"caption":"Uniwersyteckie Centrum Bada\u0144 nad \u015arodowiskiem Przyrodniczym i Zr\u00f3wnowa\u017conym Rozwojem"},"image":{"@id":"https:\/\/ucbs.uw.edu.pl\/#\/schema\/logo\/image\/"},"sameAs":["https:\/\/www.facebook.com\/ucbsuw","https:\/\/x.com\/ucbsuw","https:\/\/www.linkedin.com\/company\/19014166\/admin\/feed\/posts\/"]}]}},"_links":{"self":[{"href":"https:\/\/ucbs.uw.edu.pl\/en\/wp-json\/wp\/v2\/pages\/304","targetHints":{"allow":["GET"]}}],"collection":[{"href":"https:\/\/ucbs.uw.edu.pl\/en\/wp-json\/wp\/v2\/pages"}],"about":[{"href":"https:\/\/ucbs.uw.edu.pl\/en\/wp-json\/wp\/v2\/types\/page"}],"author":[{"embeddable":true,"href":"https:\/\/ucbs.uw.edu.pl\/en\/wp-json\/wp\/v2\/users\/1"}],"replies":[{"embeddable":true,"href":"https:\/\/ucbs.uw.edu.pl\/en\/wp-json\/wp\/v2\/comments?post=304"}],"version-history":[{"count":14,"href":"https:\/\/ucbs.uw.edu.pl\/en\/wp-json\/wp\/v2\/pages\/304\/revisions"}],"predecessor-version":[{"id":7672,"href":"https:\/\/ucbs.uw.edu.pl\/en\/wp-json\/wp\/v2\/pages\/304\/revisions\/7672"}],"up":[{"embeddable":true,"href":"https:\/\/ucbs.uw.edu.pl\/en\/wp-json\/wp\/v2\/pages\/302"}],"wp:attachment":[{"href":"https:\/\/ucbs.uw.edu.pl\/en\/wp-json\/wp\/v2\/media?parent=304"}],"curies":[{"name":"wp","href":"https:\/\/api.w.org\/{rel}","templated":true}]}}