{"id":298,"date":"2021-02-22T14:25:48","date_gmt":"2021-02-22T13:25:48","guid":{"rendered":"http:\/\/ucbs.uw.edu.pl\/?page_id=298"},"modified":"2026-04-21T14:40:00","modified_gmt":"2026-04-21T12:40:00","slug":"kontakt-ucbs","status":"publish","type":"page","link":"https:\/\/ucbs.uw.edu.pl\/en\/home\/kontakt\/kontakt-ucbs\/","title":{"rendered":"Contact UCBS"},"content":{"rendered":"<span style=\"color: #000000;\"><strong>The University Centre for Environmental Studies and Sustainable Development<\/strong><\/span><br \/>\n<span style=\"color: #000000;\">Address: ul. \u017bwirki i Wigury 93, 02-089 Warszawa (building of the Faculty of Geology)<\/span><\/p>\n<p><span style=\"color: #000000;\"><strong>Director&#8217;s Secretariat<\/strong> &#8211; 1st floor room 1103,\u00a0 e-mail: <span style=\"color: #ff6600;\"><a style=\"color: #ff6600;\" href=\"mailto:ucbs@uw.edu.pl\">ucbs@uw.edu.pl<\/a><\/span><\/span><br \/>\n<span style=\"color: #000000;\"><strong>Student Secretariat<\/strong> &#8211; 1st floor rooms: 2005, 2007,<\/span><br \/>\n<span style=\"color: #000000;\"><strong>Library<\/strong> &#8211; 1st floor, room 1104<\/span><\/p>\n<hr \/>\n<p><span style=\"color: #000000;\"><strong>UCBS Management<\/strong><\/span><br \/>\n<span style=\"color: #000000;\">Director: <strong>Andrzej Domonik,<\/strong> PhD<br \/>\ne-mail: <span style=\"color: #ff6600;\"><a style=\"color: #ff6600;\" href=\"mailto:adomonik@uw.edu.pl\">adomonik@uw.edu.pl<\/a><\/span><\/span><\/p>\n<hr \/>\n<p><strong>Director for Education UCBS<\/strong><\/p>\n<p><strong>Urszula Ka\u017amierczak, <\/strong>PhD<\/p>\n<p><strong>Need support with your studies? Contact the Director of Education at UCBS!<\/strong><br \/>\nFeel free to reach out to me if you have questions regarding study programmes, class schedules, course requirements, internships, or quality of education. If you encounter any difficulties or would like to suggest improvements related to your studies, don&#8217;t hesitate to get in touch\u2014I\u2019m here to support you at every stage of your academic journey!<\/p>\n<p>Duty: Wednesdays from 12:00 pm to 1:00 pm,<br \/>\nRoom 232 at SLCJ UW<br \/>\n(e-mail enrollment applies)<\/p>\n<p>Phone +48 22 55 46 242<br \/>\nEmail: kjd.ucbs@uw.edu.pl<\/p>\n<hr \/>\n<p><strong>Representative of the Director of UCBS for the organization of studies<\/strong><\/p>\n<p>dr <strong>Alicja Bobrowska<\/strong><br \/>\n<span style=\"color: #ff6600;\"><a style=\"color: #ff6600;\" href=\"mailto:a.bobrowska@uw.edu.pl\">a.bobrowska@uw.edu.pl<\/a><\/span><\/p>\n<hr \/>\n<p><strong>Local Coordinator of Global Environment and Development &#8211; MERGED<\/strong><\/p>\n<p>The person dedicated for support to the GED students at UCBS is dr <strong>Anna Batorczak<\/strong>.<\/p>\n<p>Office hours (consultations) for GED students are every Wednesday from 12.00 to 1.30 p.m. in room 1108 at the Faculty of Geology.<\/p>\n<p>Before the meeting, please make an appointment by e-mail: <span style=\"color: #ff6600;\"><a style=\"color: #ff6600;\" href=\"mailto:a.batorczak@uw.edu.pl\">a.batorczak@uw.edu.pl<\/a><\/span><\/p>\n<hr \/>\n<p><span style=\"color: #000000;\"><strong>Academic staff<\/strong><\/span><br \/>\n<span style=\"color: #000000;\">Anna Batorczak, PhD<\/span><br \/>\n<span style=\"color: #000000;\">e-mail:\u00a0<span style=\"color: #ff6600;\"><a style=\"color: #ff6600;\" href=\"mailto:a.batorczak@uw.edu.pl\">a.batorczak@uw.edu.pl<\/a><\/span><\/span><\/p>\n<hr \/>\n<p><span style=\"color: #000000;\"><strong>Secretariat of the Director and Council of UCBS<\/strong><\/span><br \/>\n<span style=\"color: #000000;\">Adam Tarkowski, PhD &#8211; room 1103<\/span><br \/>\n<span style=\"color: #000000;\">e-mail:\u00a0<span style=\"color: #ff6600;\"><a style=\"color: #ff6600;\" href=\"mailto:m.janek4@uw.edu.pl\">adam.tarkowski@uw.edu.pl<\/a><\/span> \/ (22) 55-40-056<\/span><\/p>\n<p><span style=\"color: #000000;\">&#8211; Mobility coordinator<\/span><\/p>\n<p>&#8211; MERGED administrative coordinator<\/p>\n<hr \/>\n<p><span style=\"color: #000000;\"><strong>Office Hours of the Student Affairs Secretariat for Students<\/strong><\/span><br \/>\n<span style=\"color: #000000;\"><strong>Monday &#8211; Thursday \u2013 9 am \u2013 3 pm<\/strong><\/span><br \/>\n<span style=\"color: #000000;\"><strong>Friday \u2013 internal working day<\/strong><\/span><\/p>\n<p><span style=\"color: #000000;\">Students, staff, all interested parties are advised to limit visits to the UCBS Secretariats to urgent or required matters.<\/span><br \/>\n<span style=\"color: #000000;\">If visits are not necessary, it is advisable to contact them by phone or e-mail.<\/span><\/p>\n<p><span style=\"color: #000000;\"><strong>Katarzyna So\u0142daczuk<\/strong>, M.Eng &#8211; room 2005<\/span><br \/>\n<span style=\"color: #000000;\">e-mail: <a style=\"color: #000000;\" href=\"mailto:k.soldaczuk@uw.edu.pl\"><span style=\"color: #ff6600;\">k.soldaczuk@uw.edu.pl<\/span><\/a> \/ tel. (22) 55-40-033<\/span><\/p>\n<p><span style=\"color: #000000;\">\u2013 providing services to first- and second-cycle students of the Faculty of Environmental Management and Sustainable Development, as well as doctoral students<\/span><\/p>\n<p><strong>Adam Tarkowski<\/strong>, PhD\u2013 room 1103<br \/>\ne-mail:\u00a0<span style=\"color: #ff6600;\"><a style=\"color: #ff6600;\" href=\"mailto:m.janek4@uw.edu.pl\">adam.tarkowski@uw.edu.pl<\/a><\/span>\u00a0\/ (22) 55-40-056<\/p>\n<p>&#8211; Mobility coordinator<\/p>\n<p>&#8211; Matters concerning the course of study of the Global Environment and Development faculty<\/p>\n<hr \/>\n<p><span style=\"color: #000000;\">Jacek W\u00f3jcik, MSc &#8211; room 2112<\/span><br \/>\n<span style=\"color: #000000;\">e-mail:\u00a0<span style=\"color: #ff6600;\"><a style=\"color: #ff6600;\" href=\"mailto:j.wojcik@uw.edu.pl\">j.wojcik@uw.edu.pl<\/a>\u00a0<\/span>\/ phone (22) 55-40-619<\/span><br \/>\n<span style=\"color: #000000;\">&#8211; Matters relating to the computer lab<\/span><br \/>\n<span style=\"color: #000000;\">&#8211; Evaluation surveys coordinator<\/span><br \/>\n<span style=\"color: #000000;\">&#8211; Local Representative for Personal Data Protection<\/span><br \/>\n<span style=\"color: #000000;\">&#8211; Director&#8217;s Plenipotentiary for USOS<\/span><\/p>\n<p><span style=\"color: #000000;\">Maciej Strybel, MSc- room 1105<\/span><br \/>\n<span style=\"color: #000000;\">e-mail:\u00a0<span style=\"color: #ff6600;\">m.strybel@uw.edu.pl\u00a0<\/span>\/ tel. (22) 55-40-701<\/span><br \/>\n<span style=\"color: #000000;\">&#8211; promotion, maintenance of the unit&#8217;s website and social media<\/span><\/p>\n<p><span style=\"color: #000000;\">El\u017cbieta W\u00f3jcik, MSc &#8211; room 2007<\/span><br \/>\n<span style=\"color: #000000;\">e-mail: <span style=\"color: #ff6600;\"><a style=\"color: #ff6600;\" href=\"mailto:ezwojcik@uw.edu.pl\">ezwojcik@uw.edu.pl<\/a> <\/span>\/ tel. (22) 55-40-034<\/span><br \/>\n<span style=\"color: #000000;\">&#8211; financial matters of the unit<\/span><br \/>\n<span style=\"color: #000000;\">&#8211; student welfare issues (e.g. dormitories, scholarships)<\/span><\/p>\n<hr \/>\n<p><span style=\"color: #000000;\"><strong>UCBS Library<\/strong><\/span><br \/>\n<span style=\"color: #000000;\">Open from Monday to Friday, 8 am to 4 pm.<\/span><br \/>\n<span style=\"color: #000000;\">room 1104<\/span><br \/>\n<span style=\"color: #000000;\"><span style=\"color: #ff6600;\"><a style=\"color: #ff6600;\" href=\"mailto:biblioteka.ucbs@uw.edu.pl\">biblioteka.ucbs@uw.edu.pl<\/a><\/span><\/span><\/p>\n<hr \/>\n<p><span style=\"color: #000000;\"><strong>Recruitment Committee<\/strong><\/span><br \/>\nMaciej Strybel, MSc- room 1104<br \/>\n<span style=\"color: #000000;\">e-mail:\u00a0<a style=\"color: #000000;\" href=\"mailto:rek.msos@uw.edu.pl\"><span style=\"color: #ff6600;\">rek.msos@uw.edu.pl<\/span><\/a> \/ tel. (22) 55-40-701<\/span><br \/>\n<span style=\"color: #000000;\">&#8211; Director&#8217;s Plenipotentiary for Recruitment<\/span><\/p>\n<p>&nbsp;<\/p>\n<hr \/>\n<p><strong>Tutors for the academic year\u00a0<\/strong>","protected":false},"excerpt":{"rendered":"<p>The University Centre for Environmental Studies and Sustainable Development Address: ul. \u017bwirki i Wigury 93, 02-089 Warszawa (building of the Faculty of Geology) Director&#8217;s Secretariat &#8211; 1st floor room 1103,\u00a0 e-mail: ucbs@uw.edu.pl Student Secretariat &#8211; 1st floor rooms: 2005, 2007, Library &#8211; 1st floor, room 1104 UCBS Management Director: Andrzej Domonik, PhD e-mail: adomonik@uw.edu.pl Director [&hellip;]<\/p>\n","protected":false},"author":1,"featured_media":0,"parent":74,"menu_order":0,"comment_status":"closed","ping_status":"closed","template":"","meta":{"_acf_changed":false,"_exactmetrics_skip_tracking":false,"_exactmetrics_sitenote_active":false,"_exactmetrics_sitenote_note":"","_exactmetrics_sitenote_category":0,"_uf_show_specific_survey":0,"_uf_disable_surveys":false,"footnotes":"","_links_to":"","_links_to_target":""},"class_list":["post-298","page","type-page","status-publish","hentry","post"],"acf":[],"yoast_head":"<!-- This site is optimized with the Yoast SEO plugin v27.4 - https:\/\/yoast.com\/product\/yoast-seo-wordpress\/ -->\n<title>Contact UCBS - University Centre for Environmental Studies and Sustainable Development<\/title>\n<meta name=\"robots\" content=\"index, follow, max-snippet:-1, max-image-preview:large, max-video-preview:-1\" \/>\n<link rel=\"canonical\" href=\"https:\/\/ucbs.uw.edu.pl\/home\/kontakt\/kontakt-ucbs\/\" \/>\n<meta property=\"og:locale\" content=\"en_US\" \/>\n<meta property=\"og:type\" content=\"article\" \/>\n<meta property=\"og:title\" content=\"[:pl]Kontakt UCBS[:en]Contact UCBS[:] - University Centre for Environmental Studies and Sustainable Development\" \/>\n<meta property=\"og:description\" content=\"The University Centre for Environmental Studies and Sustainable Development Address: ul. \u017bwirki i Wigury 93, 02-089 Warszawa (building of the Faculty of Geology) Director&#8217;s Secretariat &#8211; 1st floor room 1103,\u00a0 e-mail: ucbs@uw.edu.pl Student Secretariat &#8211; 1st floor rooms: 2005, 2007, Library &#8211; 1st floor, room 1104 UCBS Management Director: Andrzej Domonik, PhD e-mail: adomonik@uw.edu.pl Director [&hellip;]\" \/>\n<meta property=\"og:url\" content=\"https:\/\/ucbs.uw.edu.pl\/home\/kontakt\/kontakt-ucbs\/\" \/>\n<meta property=\"og:site_name\" content=\"University Centre for Environmental Studies and Sustainable Development\" \/>\n<meta property=\"article:publisher\" content=\"https:\/\/www.facebook.com\/ucbsuw\" \/>\n<meta property=\"article:modified_time\" content=\"2026-04-21T12:40:00+00:00\" \/>\n<meta property=\"og:image\" content=\"https:\/\/ucbs.uw.edu.pl\/wp-content\/uploads\/sites\/389\/2023\/02\/mapa.png\" \/>\n<meta name=\"twitter:card\" content=\"summary_large_image\" \/>\n<meta name=\"twitter:site\" content=\"@ucbsuw\" \/>\n<meta name=\"twitter:label1\" content=\"Est. reading time\" \/>\n\t<meta name=\"twitter:data1\" content=\"3 minutes\" \/>\n<script type=\"application\/ld+json\" class=\"yoast-schema-graph\">{\"@context\":\"https:\\\/\\\/schema.org\",\"@graph\":[{\"@type\":\"WebPage\",\"@id\":\"https:\\\/\\\/ucbs.uw.edu.pl\\\/home\\\/kontakt\\\/kontakt-ucbs\\\/\",\"url\":\"https:\\\/\\\/ucbs.uw.edu.pl\\\/home\\\/kontakt\\\/kontakt-ucbs\\\/\",\"name\":\"[:pl]Kontakt UCBS[:en]Contact UCBS[:] - University Centre for Environmental Studies and Sustainable Development\",\"isPartOf\":{\"@id\":\"https:\\\/\\\/ucbs.uw.edu.pl\\\/#website\"},\"primaryImageOfPage\":{\"@id\":\"https:\\\/\\\/ucbs.uw.edu.pl\\\/home\\\/kontakt\\\/kontakt-ucbs\\\/#primaryimage\"},\"image\":{\"@id\":\"https:\\\/\\\/ucbs.uw.edu.pl\\\/home\\\/kontakt\\\/kontakt-ucbs\\\/#primaryimage\"},\"thumbnailUrl\":\"https:\\\/\\\/ucbs.uw.edu.pl\\\/wp-content\\\/uploads\\\/sites\\\/389\\\/2023\\\/02\\\/mapa.png\",\"datePublished\":\"2021-02-22T13:25:48+00:00\",\"dateModified\":\"2026-04-21T12:40:00+00:00\",\"breadcrumb\":{\"@id\":\"https:\\\/\\\/ucbs.uw.edu.pl\\\/home\\\/kontakt\\\/kontakt-ucbs\\\/#breadcrumb\"},\"inLanguage\":\"en-US\",\"potentialAction\":[{\"@type\":\"ReadAction\",\"target\":[\"https:\\\/\\\/ucbs.uw.edu.pl\\\/home\\\/kontakt\\\/kontakt-ucbs\\\/\"]}]},{\"@type\":\"ImageObject\",\"inLanguage\":\"en-US\",\"@id\":\"https:\\\/\\\/ucbs.uw.edu.pl\\\/home\\\/kontakt\\\/kontakt-ucbs\\\/#primaryimage\",\"url\":\"https:\\\/\\\/ucbs.uw.edu.pl\\\/wp-content\\\/uploads\\\/sites\\\/389\\\/2023\\\/02\\\/mapa.png\",\"contentUrl\":\"https:\\\/\\\/ucbs.uw.edu.pl\\\/wp-content\\\/uploads\\\/sites\\\/389\\\/2023\\\/02\\\/mapa.png\"},{\"@type\":\"BreadcrumbList\",\"@id\":\"https:\\\/\\\/ucbs.uw.edu.pl\\\/home\\\/kontakt\\\/kontakt-ucbs\\\/#breadcrumb\",\"itemListElement\":[{\"@type\":\"ListItem\",\"position\":1,\"name\":\"Strona g\u0142\u00f3wna\",\"item\":\"https:\\\/\\\/ucbs.uw.edu.pl\\\/\"},{\"@type\":\"ListItem\",\"position\":2,\"name\":\"Home\",\"item\":\"https:\\\/\\\/ucbs.uw.edu.pl\\\/home\\\/\"},{\"@type\":\"ListItem\",\"position\":3,\"name\":\"Kontakt\",\"item\":\"https:\\\/\\\/ucbs.uw.edu.pl\\\/home\\\/kontakt\\\/\"},{\"@type\":\"ListItem\",\"position\":4,\"name\":\"Kontakt UCBS\"}]},{\"@type\":\"WebSite\",\"@id\":\"https:\\\/\\\/ucbs.uw.edu.pl\\\/#website\",\"url\":\"https:\\\/\\\/ucbs.uw.edu.pl\\\/\",\"name\":\"Uniwersyteckie Centrum Bada\u0144 nad \u015arodowiskiem Przyrodniczym i Zr\u00f3wnowa\u017conym Rozwojem\",\"description\":\"7 Departments mean 7 times more opportunities\",\"publisher\":{\"@id\":\"https:\\\/\\\/ucbs.uw.edu.pl\\\/#organization\"},\"potentialAction\":[{\"@type\":\"SearchAction\",\"target\":{\"@type\":\"EntryPoint\",\"urlTemplate\":\"https:\\\/\\\/ucbs.uw.edu.pl\\\/?s={search_term_string}\"},\"query-input\":{\"@type\":\"PropertyValueSpecification\",\"valueRequired\":true,\"valueName\":\"search_term_string\"}}],\"inLanguage\":\"en-US\"},{\"@type\":\"Organization\",\"@id\":\"https:\\\/\\\/ucbs.uw.edu.pl\\\/#organization\",\"name\":\"Uniwersyteckie Centrum Bada\u0144 nad \u015arodowiskiem Przyrodniczym i Zr\u00f3wnowa\u017conym Rozwojem\",\"url\":\"https:\\\/\\\/ucbs.uw.edu.pl\\\/\",\"logo\":{\"@type\":\"ImageObject\",\"inLanguage\":\"en-US\",\"@id\":\"https:\\\/\\\/ucbs.uw.edu.pl\\\/#\\\/schema\\\/logo\\\/image\\\/\",\"url\":\"https:\\\/\\\/ucbs.uw.edu.pl\\\/wp-content\\\/uploads\\\/sites\\\/389\\\/2023\\\/09\\\/PL_zwykly_monochromatyczny_okragly.jpg\",\"contentUrl\":\"https:\\\/\\\/ucbs.uw.edu.pl\\\/wp-content\\\/uploads\\\/sites\\\/389\\\/2023\\\/09\\\/PL_zwykly_monochromatyczny_okragly.jpg\",\"width\":658,\"height\":710,\"caption\":\"Uniwersyteckie Centrum Bada\u0144 nad \u015arodowiskiem Przyrodniczym i Zr\u00f3wnowa\u017conym Rozwojem\"},\"image\":{\"@id\":\"https:\\\/\\\/ucbs.uw.edu.pl\\\/#\\\/schema\\\/logo\\\/image\\\/\"},\"sameAs\":[\"https:\\\/\\\/www.facebook.com\\\/ucbsuw\",\"https:\\\/\\\/x.com\\\/ucbsuw\",\"https:\\\/\\\/www.linkedin.com\\\/company\\\/19014166\\\/admin\\\/feed\\\/posts\\\/\"]}]}<\/script>\n<!-- \/ Yoast SEO plugin. -->","yoast_head_json":{"title":"[:pl]Kontakt UCBS[:en]Contact UCBS[:] - University Centre for Environmental Studies and Sustainable Development","robots":{"index":"index","follow":"follow","max-snippet":"max-snippet:-1","max-image-preview":"max-image-preview:large","max-video-preview":"max-video-preview:-1"},"canonical":"https:\/\/ucbs.uw.edu.pl\/home\/kontakt\/kontakt-ucbs\/","og_locale":"en_US","og_type":"article","og_title":"[:pl]Kontakt UCBS[:en]Contact UCBS[:] - University Centre for Environmental Studies and Sustainable Development","og_description":"The University Centre for Environmental Studies and Sustainable Development Address: ul. \u017bwirki i Wigury 93, 02-089 Warszawa (building of the Faculty of Geology) Director&#8217;s Secretariat &#8211; 1st floor room 1103,\u00a0 e-mail: ucbs@uw.edu.pl Student Secretariat &#8211; 1st floor rooms: 2005, 2007, Library &#8211; 1st floor, room 1104 UCBS Management Director: Andrzej Domonik, PhD e-mail: adomonik@uw.edu.pl Director [&hellip;]","og_url":"https:\/\/ucbs.uw.edu.pl\/home\/kontakt\/kontakt-ucbs\/","og_site_name":"University Centre for Environmental Studies and Sustainable Development","article_publisher":"https:\/\/www.facebook.com\/ucbsuw","article_modified_time":"2026-04-21T12:40:00+00:00","og_image":[{"url":"https:\/\/ucbs.uw.edu.pl\/wp-content\/uploads\/sites\/389\/2023\/02\/mapa.png","type":"","width":"","height":""}],"twitter_card":"summary_large_image","twitter_site":"@ucbsuw","twitter_misc":{"Est. reading time":"3 minutes"},"schema":{"@context":"https:\/\/schema.org","@graph":[{"@type":"WebPage","@id":"https:\/\/ucbs.uw.edu.pl\/home\/kontakt\/kontakt-ucbs\/","url":"https:\/\/ucbs.uw.edu.pl\/home\/kontakt\/kontakt-ucbs\/","name":"[:pl]Kontakt UCBS[:en]Contact UCBS[:] - University Centre for Environmental Studies and Sustainable Development","isPartOf":{"@id":"https:\/\/ucbs.uw.edu.pl\/#website"},"primaryImageOfPage":{"@id":"https:\/\/ucbs.uw.edu.pl\/home\/kontakt\/kontakt-ucbs\/#primaryimage"},"image":{"@id":"https:\/\/ucbs.uw.edu.pl\/home\/kontakt\/kontakt-ucbs\/#primaryimage"},"thumbnailUrl":"https:\/\/ucbs.uw.edu.pl\/wp-content\/uploads\/sites\/389\/2023\/02\/mapa.png","datePublished":"2021-02-22T13:25:48+00:00","dateModified":"2026-04-21T12:40:00+00:00","breadcrumb":{"@id":"https:\/\/ucbs.uw.edu.pl\/home\/kontakt\/kontakt-ucbs\/#breadcrumb"},"inLanguage":"en-US","potentialAction":[{"@type":"ReadAction","target":["https:\/\/ucbs.uw.edu.pl\/home\/kontakt\/kontakt-ucbs\/"]}]},{"@type":"ImageObject","inLanguage":"en-US","@id":"https:\/\/ucbs.uw.edu.pl\/home\/kontakt\/kontakt-ucbs\/#primaryimage","url":"https:\/\/ucbs.uw.edu.pl\/wp-content\/uploads\/sites\/389\/2023\/02\/mapa.png","contentUrl":"https:\/\/ucbs.uw.edu.pl\/wp-content\/uploads\/sites\/389\/2023\/02\/mapa.png"},{"@type":"BreadcrumbList","@id":"https:\/\/ucbs.uw.edu.pl\/home\/kontakt\/kontakt-ucbs\/#breadcrumb","itemListElement":[{"@type":"ListItem","position":1,"name":"Strona g\u0142\u00f3wna","item":"https:\/\/ucbs.uw.edu.pl\/"},{"@type":"ListItem","position":2,"name":"Home","item":"https:\/\/ucbs.uw.edu.pl\/home\/"},{"@type":"ListItem","position":3,"name":"Kontakt","item":"https:\/\/ucbs.uw.edu.pl\/home\/kontakt\/"},{"@type":"ListItem","position":4,"name":"Kontakt UCBS"}]},{"@type":"WebSite","@id":"https:\/\/ucbs.uw.edu.pl\/#website","url":"https:\/\/ucbs.uw.edu.pl\/","name":"Uniwersyteckie Centrum Bada\u0144 nad \u015arodowiskiem Przyrodniczym i Zr\u00f3wnowa\u017conym Rozwojem","description":"7 Departments mean 7 times more opportunities","publisher":{"@id":"https:\/\/ucbs.uw.edu.pl\/#organization"},"potentialAction":[{"@type":"SearchAction","target":{"@type":"EntryPoint","urlTemplate":"https:\/\/ucbs.uw.edu.pl\/?s={search_term_string}"},"query-input":{"@type":"PropertyValueSpecification","valueRequired":true,"valueName":"search_term_string"}}],"inLanguage":"en-US"},{"@type":"Organization","@id":"https:\/\/ucbs.uw.edu.pl\/#organization","name":"Uniwersyteckie Centrum Bada\u0144 nad \u015arodowiskiem Przyrodniczym i Zr\u00f3wnowa\u017conym Rozwojem","url":"https:\/\/ucbs.uw.edu.pl\/","logo":{"@type":"ImageObject","inLanguage":"en-US","@id":"https:\/\/ucbs.uw.edu.pl\/#\/schema\/logo\/image\/","url":"https:\/\/ucbs.uw.edu.pl\/wp-content\/uploads\/sites\/389\/2023\/09\/PL_zwykly_monochromatyczny_okragly.jpg","contentUrl":"https:\/\/ucbs.uw.edu.pl\/wp-content\/uploads\/sites\/389\/2023\/09\/PL_zwykly_monochromatyczny_okragly.jpg","width":658,"height":710,"caption":"Uniwersyteckie Centrum Bada\u0144 nad \u015arodowiskiem Przyrodniczym i Zr\u00f3wnowa\u017conym Rozwojem"},"image":{"@id":"https:\/\/ucbs.uw.edu.pl\/#\/schema\/logo\/image\/"},"sameAs":["https:\/\/www.facebook.com\/ucbsuw","https:\/\/x.com\/ucbsuw","https:\/\/www.linkedin.com\/company\/19014166\/admin\/feed\/posts\/"]}]}},"_links":{"self":[{"href":"https:\/\/ucbs.uw.edu.pl\/en\/wp-json\/wp\/v2\/pages\/298","targetHints":{"allow":["GET"]}}],"collection":[{"href":"https:\/\/ucbs.uw.edu.pl\/en\/wp-json\/wp\/v2\/pages"}],"about":[{"href":"https:\/\/ucbs.uw.edu.pl\/en\/wp-json\/wp\/v2\/types\/page"}],"author":[{"embeddable":true,"href":"https:\/\/ucbs.uw.edu.pl\/en\/wp-json\/wp\/v2\/users\/1"}],"replies":[{"embeddable":true,"href":"https:\/\/ucbs.uw.edu.pl\/en\/wp-json\/wp\/v2\/comments?post=298"}],"version-history":[{"count":196,"href":"https:\/\/ucbs.uw.edu.pl\/en\/wp-json\/wp\/v2\/pages\/298\/revisions"}],"predecessor-version":[{"id":8571,"href":"https:\/\/ucbs.uw.edu.pl\/en\/wp-json\/wp\/v2\/pages\/298\/revisions\/8571"}],"up":[{"embeddable":true,"href":"https:\/\/ucbs.uw.edu.pl\/en\/wp-json\/wp\/v2\/pages\/74"}],"wp:attachment":[{"href":"https:\/\/ucbs.uw.edu.pl\/en\/wp-json\/wp\/v2\/media?parent=298"}],"curies":[{"name":"wp","href":"https:\/\/api.w.org\/{rel}","templated":true}]}}