{"id":284,"date":"2021-02-22T14:19:18","date_gmt":"2021-02-22T13:19:18","guid":{"rendered":"http:\/\/ucbs.uw.edu.pl\/?page_id=284"},"modified":"2025-10-20T10:08:35","modified_gmt":"2025-10-20T08:08:35","slug":"stypendia","status":"publish","type":"page","link":"https:\/\/ucbs.uw.edu.pl\/en\/home\/sprawy-socjalne\/stypendia\/","title":{"rendered":"Scholarship"},"content":{"rendered":"<article class=\"col1\">\n<div class=\"wrapper\">\n<h5>Na Uniwersytecie Warszawskim student mo\u017ce si\u0119 ubiega\u0107 o nast\u0119puj\u0105ce stypendia:<\/h5>\n<ul>\n<li>\u00a0Stypendium socjalne<\/li>\n<li>\u00a0Zapomoga<\/li>\n<li>\u00a0Stypendium Rektora<\/li>\n<li>\u00a0Stypendium dla os\u00f3b niepe\u0142nosprawnych<\/li>\n<\/ul>\n<p style=\"text-align: justify;\"><strong>Stypendium socjalne<\/strong> &#8211; dedykowane jest osobom, kt\u00f3rych doch\u00f3d nie przekracza 1050 z\u0142 na osob\u0119 w rodzinie. Stypendium wyp\u0142acane jest przez 10 miesi\u0119cy. Aby zachowa\u0107 prawo do stypendium za dany miesi\u0105c nale\u017cy z\u0142o\u017cy\u0107 wniosek do 18. dnia ka\u017cdego miesi\u0105ca (np. \u017ceby m\u00f3c otrzyma\u0107 stypendium za pa\u017adziernik nale\u017cy wi\u0119c z\u0142o\u017cy\u0107 wniosek do 18 pa\u017adziernika). Wnioski rozpatrywane s\u0105 przez Biuro ds. Pomocy Materialnej\/koordynatora ds. stypendialnych 1 . Wi\u0119cej informacji:<span style=\"color: #ff6600;\"><a style=\"color: #ff6600;\" href=\"https:\/\/bpm.uw.edu.pl\/stypendium-socjalne-phd\/\">https:\/\/bpm.uw.edu.pl\/stypendium-socjalne-phd\/<\/a><\/span><\/p>\n<p style=\"text-align: justify;\"><strong>Zapomoga<\/strong> &#8211; jest jednorazowym \u015bwiadczeniem skierowanym do os\u00f3b, kt\u00f3re przej\u015bciowo znalaz\u0142y si\u0119 w trudnej sytuacji \u017cyciowej. W ci\u0105gu roku akademickiego student mo\u017ce otrzyma\u0107 2 zapomogi (zapomogi wyp\u0142acane s\u0105 jednorazowo i s\u0105 bezzwrotne). Ka\u017cda z nich musi dotyczy\u0107 innego zdarzenia, np. zapomoga nr 1: utrata dochodu z powodu kl\u0119ski \u017cywio\u0142owej, zapomoga nr 2: konieczno\u015b\u0107 poniesienia koszt\u00f3w leczenia. Wnioski rozpatrywane s\u0105 przez komisj\u0119 ds. zapom\u00f3g (<span style=\"color: #ff6600;\"><a style=\"color: #ff6600;\" href=\"mailto:zapomogi@samorzad.uw.edu.pl\">zapomogi@samorzad.uw.edu.pl<\/a><\/span>), mo\u017cna je sk\u0142ada\u0107 przez ca\u0142y rok. Wi\u0119cej informacji: <a href=\"https:\/\/bpm.uw.edu.pl\/zapomogi\/\"><span style=\"color: #ff6600;\">https:\/\/bpm.uw.edu.pl\/zapomogi\/<\/span><\/a>.<\/p>\n<p style=\"text-align: justify;\"><strong>Stypendium rektora<\/strong> &#8211; skierowane do os\u00f3b, kt\u00f3re wyr\u00f3\u017cniaj\u0105 si\u0119 pod wzgl\u0119dem naukowym, sportowym lub artystycznym. W tym roku akademickim wniosek o stypendium rektora nale\u017cy<br \/>\nz\u0142o\u017cy\u0107 do 17 pa\u017adziernika. Wnioski z\u0142o\u017cone po tym terminie pozostan\u0105 bez rozpoznania. Od tego roku akademickiego studenci UW, kt\u00f3rzy zmienili kierunek wzgl\u0119dem ubieg\u0142ego<br \/>\nroku nie musz\u0105 do\u0142\u0105cza\u0107 do wniosku za\u015bwiadczenia o \u015bredniej. Wi\u0119cej informacji: <span style=\"color: #ff6600;\">https:\/\/bpm.uw.edu.pl\/wszystko-co-powinienes-wiedziec-o-stypendium-rektora-semestr-letni-2022-23\/<\/span><\/p>\n<p style=\"text-align: justify;\"><strong>Stypendium dla os\u00f3b niepe\u0142nosprawnych<\/strong> &#8211; \u015bwiadczenie dedykowane osobom, kt\u00f3re posiadaj\u0105 orzeczenie o stopniu niepe\u0142nosprawno\u015bci. Wysoko\u015b\u0107 stypendium uzale\u017cniona jest od stopnia niepe\u0142nosprawno\u015bci. Wi\u0119cej informacji: <span style=\"color: #ff6600;\"><a style=\"color: #ff6600;\" href=\"https:\/\/bon.uw.edu.pl\/dla- studentow\/stypendium-dla-osob-z-niepelnosprawnosciami\/\">https:\/\/bon.uw.edu.pl\/dla- studentow\/stypendium-dla-osob-z-niepelnosprawnosciami\/<\/a><\/span>.<\/p>\n<p><strong>\u015arodki finansowe na badania naukowe dla student\u00f3w UCBS<\/strong> <span style=\"color: #ff6600;\"><a style=\"color: #ff6600;\" href=\"https:\/\/ucbs.uw.edu.pl\/wp-content\/uploads\/sites\/389\/2025\/09\/application-eng-1.docx\">WNIOSEK<\/a><\/span><\/p>\n<\/div>\n<\/article>","protected":false},"excerpt":{"rendered":"<p>Na Uniwersytecie Warszawskim student mo\u017ce si\u0119 ubiega\u0107 o nast\u0119puj\u0105ce stypendia: \u00a0Stypendium socjalne \u00a0Zapomoga \u00a0Stypendium Rektora \u00a0Stypendium dla os\u00f3b niepe\u0142nosprawnych Stypendium socjalne &#8211; dedykowane jest osobom, kt\u00f3rych doch\u00f3d nie przekracza 1050 z\u0142 na osob\u0119 w rodzinie. Stypendium wyp\u0142acane jest przez 10 miesi\u0119cy. Aby zachowa\u0107 prawo do stypendium za dany miesi\u0105c nale\u017cy z\u0142o\u017cy\u0107 wniosek do 18. dnia [&hellip;]<\/p>\n","protected":false},"author":1,"featured_media":0,"parent":153,"menu_order":0,"comment_status":"closed","ping_status":"closed","template":"","meta":{"_acf_changed":false,"_exactmetrics_skip_tracking":false,"_exactmetrics_sitenote_active":false,"_exactmetrics_sitenote_note":"","_exactmetrics_sitenote_category":0,"_uf_show_specific_survey":0,"_uf_disable_surveys":false,"footnotes":"","_links_to":"","_links_to_target":""},"class_list":["post-284","page","type-page","status-publish","hentry","post"],"acf":[],"yoast_head":"<!-- This site is optimized with the Yoast SEO plugin v27.3 - https:\/\/yoast.com\/product\/yoast-seo-wordpress\/ -->\n<title>Scholarship - University Centre for Environmental Studies and Sustainable Development<\/title>\n<meta name=\"robots\" content=\"index, follow, max-snippet:-1, max-image-preview:large, max-video-preview:-1\" \/>\n<link rel=\"canonical\" href=\"https:\/\/ucbs.uw.edu.pl\/home\/sprawy-socjalne\/stypendia\/\" \/>\n<meta property=\"og:locale\" content=\"en_US\" \/>\n<meta property=\"og:type\" content=\"article\" \/>\n<meta property=\"og:title\" content=\"[:pl]Stypendia[:en]Scholarship[:] - University Centre for Environmental Studies and Sustainable Development\" \/>\n<meta property=\"og:description\" content=\"Na Uniwersytecie Warszawskim student mo\u017ce si\u0119 ubiega\u0107 o nast\u0119puj\u0105ce stypendia: \u00a0Stypendium socjalne \u00a0Zapomoga \u00a0Stypendium Rektora \u00a0Stypendium dla os\u00f3b niepe\u0142nosprawnych Stypendium socjalne &#8211; dedykowane jest osobom, kt\u00f3rych doch\u00f3d nie przekracza 1050 z\u0142 na osob\u0119 w rodzinie. Stypendium wyp\u0142acane jest przez 10 miesi\u0119cy. Aby zachowa\u0107 prawo do stypendium za dany miesi\u0105c nale\u017cy z\u0142o\u017cy\u0107 wniosek do 18. dnia [&hellip;]\" \/>\n<meta property=\"og:url\" content=\"https:\/\/ucbs.uw.edu.pl\/home\/sprawy-socjalne\/stypendia\/\" \/>\n<meta property=\"og:site_name\" content=\"University Centre for Environmental Studies and Sustainable Development\" \/>\n<meta property=\"article:publisher\" content=\"https:\/\/www.facebook.com\/ucbsuw\" \/>\n<meta property=\"article:modified_time\" content=\"2025-10-20T08:08:35+00:00\" \/>\n<meta name=\"twitter:card\" content=\"summary_large_image\" \/>\n<meta name=\"twitter:site\" content=\"@ucbsuw\" \/>\n<meta name=\"twitter:label1\" content=\"Est. reading time\" \/>\n\t<meta name=\"twitter:data1\" content=\"2 minutes\" \/>\n<script type=\"application\/ld+json\" class=\"yoast-schema-graph\">{\"@context\":\"https:\\\/\\\/schema.org\",\"@graph\":[{\"@type\":\"WebPage\",\"@id\":\"https:\\\/\\\/ucbs.uw.edu.pl\\\/home\\\/sprawy-socjalne\\\/stypendia\\\/\",\"url\":\"https:\\\/\\\/ucbs.uw.edu.pl\\\/home\\\/sprawy-socjalne\\\/stypendia\\\/\",\"name\":\"[:pl]Stypendia[:en]Scholarship[:] - University Centre for Environmental Studies and Sustainable Development\",\"isPartOf\":{\"@id\":\"https:\\\/\\\/ucbs.uw.edu.pl\\\/#website\"},\"datePublished\":\"2021-02-22T13:19:18+00:00\",\"dateModified\":\"2025-10-20T08:08:35+00:00\",\"breadcrumb\":{\"@id\":\"https:\\\/\\\/ucbs.uw.edu.pl\\\/home\\\/sprawy-socjalne\\\/stypendia\\\/#breadcrumb\"},\"inLanguage\":\"en-US\",\"potentialAction\":[{\"@type\":\"ReadAction\",\"target\":[\"https:\\\/\\\/ucbs.uw.edu.pl\\\/home\\\/sprawy-socjalne\\\/stypendia\\\/\"]}]},{\"@type\":\"BreadcrumbList\",\"@id\":\"https:\\\/\\\/ucbs.uw.edu.pl\\\/home\\\/sprawy-socjalne\\\/stypendia\\\/#breadcrumb\",\"itemListElement\":[{\"@type\":\"ListItem\",\"position\":1,\"name\":\"Strona g\u0142\u00f3wna\",\"item\":\"https:\\\/\\\/ucbs.uw.edu.pl\\\/\"},{\"@type\":\"ListItem\",\"position\":2,\"name\":\"Home\",\"item\":\"https:\\\/\\\/ucbs.uw.edu.pl\\\/home\\\/\"},{\"@type\":\"ListItem\",\"position\":3,\"name\":\"Sprawy socjalne\",\"item\":\"https:\\\/\\\/ucbs.uw.edu.pl\\\/home\\\/sprawy-socjalne\\\/\"},{\"@type\":\"ListItem\",\"position\":4,\"name\":\"Stypendia\"}]},{\"@type\":\"WebSite\",\"@id\":\"https:\\\/\\\/ucbs.uw.edu.pl\\\/#website\",\"url\":\"https:\\\/\\\/ucbs.uw.edu.pl\\\/\",\"name\":\"Uniwersyteckie Centrum Bada\u0144 nad \u015arodowiskiem Przyrodniczym i Zr\u00f3wnowa\u017conym Rozwojem\",\"description\":\"7 Departments mean 7 times more opportunities\",\"publisher\":{\"@id\":\"https:\\\/\\\/ucbs.uw.edu.pl\\\/#organization\"},\"potentialAction\":[{\"@type\":\"SearchAction\",\"target\":{\"@type\":\"EntryPoint\",\"urlTemplate\":\"https:\\\/\\\/ucbs.uw.edu.pl\\\/?s={search_term_string}\"},\"query-input\":{\"@type\":\"PropertyValueSpecification\",\"valueRequired\":true,\"valueName\":\"search_term_string\"}}],\"inLanguage\":\"en-US\"},{\"@type\":\"Organization\",\"@id\":\"https:\\\/\\\/ucbs.uw.edu.pl\\\/#organization\",\"name\":\"Uniwersyteckie Centrum Bada\u0144 nad \u015arodowiskiem Przyrodniczym i Zr\u00f3wnowa\u017conym Rozwojem\",\"url\":\"https:\\\/\\\/ucbs.uw.edu.pl\\\/\",\"logo\":{\"@type\":\"ImageObject\",\"inLanguage\":\"en-US\",\"@id\":\"https:\\\/\\\/ucbs.uw.edu.pl\\\/#\\\/schema\\\/logo\\\/image\\\/\",\"url\":\"https:\\\/\\\/ucbs.uw.edu.pl\\\/wp-content\\\/uploads\\\/sites\\\/389\\\/2023\\\/09\\\/PL_zwykly_monochromatyczny_okragly.jpg\",\"contentUrl\":\"https:\\\/\\\/ucbs.uw.edu.pl\\\/wp-content\\\/uploads\\\/sites\\\/389\\\/2023\\\/09\\\/PL_zwykly_monochromatyczny_okragly.jpg\",\"width\":658,\"height\":710,\"caption\":\"Uniwersyteckie Centrum Bada\u0144 nad \u015arodowiskiem Przyrodniczym i Zr\u00f3wnowa\u017conym Rozwojem\"},\"image\":{\"@id\":\"https:\\\/\\\/ucbs.uw.edu.pl\\\/#\\\/schema\\\/logo\\\/image\\\/\"},\"sameAs\":[\"https:\\\/\\\/www.facebook.com\\\/ucbsuw\",\"https:\\\/\\\/x.com\\\/ucbsuw\",\"https:\\\/\\\/www.linkedin.com\\\/company\\\/19014166\\\/admin\\\/feed\\\/posts\\\/\"]}]}<\/script>\n<!-- \/ Yoast SEO plugin. -->","yoast_head_json":{"title":"[:pl]Stypendia[:en]Scholarship[:] - University Centre for Environmental Studies and Sustainable Development","robots":{"index":"index","follow":"follow","max-snippet":"max-snippet:-1","max-image-preview":"max-image-preview:large","max-video-preview":"max-video-preview:-1"},"canonical":"https:\/\/ucbs.uw.edu.pl\/home\/sprawy-socjalne\/stypendia\/","og_locale":"en_US","og_type":"article","og_title":"[:pl]Stypendia[:en]Scholarship[:] - University Centre for Environmental Studies and Sustainable Development","og_description":"Na Uniwersytecie Warszawskim student mo\u017ce si\u0119 ubiega\u0107 o nast\u0119puj\u0105ce stypendia: \u00a0Stypendium socjalne \u00a0Zapomoga \u00a0Stypendium Rektora \u00a0Stypendium dla os\u00f3b niepe\u0142nosprawnych Stypendium socjalne &#8211; dedykowane jest osobom, kt\u00f3rych doch\u00f3d nie przekracza 1050 z\u0142 na osob\u0119 w rodzinie. Stypendium wyp\u0142acane jest przez 10 miesi\u0119cy. Aby zachowa\u0107 prawo do stypendium za dany miesi\u0105c nale\u017cy z\u0142o\u017cy\u0107 wniosek do 18. dnia [&hellip;]","og_url":"https:\/\/ucbs.uw.edu.pl\/home\/sprawy-socjalne\/stypendia\/","og_site_name":"University Centre for Environmental Studies and Sustainable Development","article_publisher":"https:\/\/www.facebook.com\/ucbsuw","article_modified_time":"2025-10-20T08:08:35+00:00","twitter_card":"summary_large_image","twitter_site":"@ucbsuw","twitter_misc":{"Est. reading time":"2 minutes"},"schema":{"@context":"https:\/\/schema.org","@graph":[{"@type":"WebPage","@id":"https:\/\/ucbs.uw.edu.pl\/home\/sprawy-socjalne\/stypendia\/","url":"https:\/\/ucbs.uw.edu.pl\/home\/sprawy-socjalne\/stypendia\/","name":"[:pl]Stypendia[:en]Scholarship[:] - University Centre for Environmental Studies and Sustainable Development","isPartOf":{"@id":"https:\/\/ucbs.uw.edu.pl\/#website"},"datePublished":"2021-02-22T13:19:18+00:00","dateModified":"2025-10-20T08:08:35+00:00","breadcrumb":{"@id":"https:\/\/ucbs.uw.edu.pl\/home\/sprawy-socjalne\/stypendia\/#breadcrumb"},"inLanguage":"en-US","potentialAction":[{"@type":"ReadAction","target":["https:\/\/ucbs.uw.edu.pl\/home\/sprawy-socjalne\/stypendia\/"]}]},{"@type":"BreadcrumbList","@id":"https:\/\/ucbs.uw.edu.pl\/home\/sprawy-socjalne\/stypendia\/#breadcrumb","itemListElement":[{"@type":"ListItem","position":1,"name":"Strona g\u0142\u00f3wna","item":"https:\/\/ucbs.uw.edu.pl\/"},{"@type":"ListItem","position":2,"name":"Home","item":"https:\/\/ucbs.uw.edu.pl\/home\/"},{"@type":"ListItem","position":3,"name":"Sprawy socjalne","item":"https:\/\/ucbs.uw.edu.pl\/home\/sprawy-socjalne\/"},{"@type":"ListItem","position":4,"name":"Stypendia"}]},{"@type":"WebSite","@id":"https:\/\/ucbs.uw.edu.pl\/#website","url":"https:\/\/ucbs.uw.edu.pl\/","name":"Uniwersyteckie Centrum Bada\u0144 nad \u015arodowiskiem Przyrodniczym i Zr\u00f3wnowa\u017conym Rozwojem","description":"7 Departments mean 7 times more opportunities","publisher":{"@id":"https:\/\/ucbs.uw.edu.pl\/#organization"},"potentialAction":[{"@type":"SearchAction","target":{"@type":"EntryPoint","urlTemplate":"https:\/\/ucbs.uw.edu.pl\/?s={search_term_string}"},"query-input":{"@type":"PropertyValueSpecification","valueRequired":true,"valueName":"search_term_string"}}],"inLanguage":"en-US"},{"@type":"Organization","@id":"https:\/\/ucbs.uw.edu.pl\/#organization","name":"Uniwersyteckie Centrum Bada\u0144 nad \u015arodowiskiem Przyrodniczym i Zr\u00f3wnowa\u017conym Rozwojem","url":"https:\/\/ucbs.uw.edu.pl\/","logo":{"@type":"ImageObject","inLanguage":"en-US","@id":"https:\/\/ucbs.uw.edu.pl\/#\/schema\/logo\/image\/","url":"https:\/\/ucbs.uw.edu.pl\/wp-content\/uploads\/sites\/389\/2023\/09\/PL_zwykly_monochromatyczny_okragly.jpg","contentUrl":"https:\/\/ucbs.uw.edu.pl\/wp-content\/uploads\/sites\/389\/2023\/09\/PL_zwykly_monochromatyczny_okragly.jpg","width":658,"height":710,"caption":"Uniwersyteckie Centrum Bada\u0144 nad \u015arodowiskiem Przyrodniczym i Zr\u00f3wnowa\u017conym Rozwojem"},"image":{"@id":"https:\/\/ucbs.uw.edu.pl\/#\/schema\/logo\/image\/"},"sameAs":["https:\/\/www.facebook.com\/ucbsuw","https:\/\/x.com\/ucbsuw","https:\/\/www.linkedin.com\/company\/19014166\/admin\/feed\/posts\/"]}]}},"_links":{"self":[{"href":"https:\/\/ucbs.uw.edu.pl\/en\/wp-json\/wp\/v2\/pages\/284","targetHints":{"allow":["GET"]}}],"collection":[{"href":"https:\/\/ucbs.uw.edu.pl\/en\/wp-json\/wp\/v2\/pages"}],"about":[{"href":"https:\/\/ucbs.uw.edu.pl\/en\/wp-json\/wp\/v2\/types\/page"}],"author":[{"embeddable":true,"href":"https:\/\/ucbs.uw.edu.pl\/en\/wp-json\/wp\/v2\/users\/1"}],"replies":[{"embeddable":true,"href":"https:\/\/ucbs.uw.edu.pl\/en\/wp-json\/wp\/v2\/comments?post=284"}],"version-history":[{"count":15,"href":"https:\/\/ucbs.uw.edu.pl\/en\/wp-json\/wp\/v2\/pages\/284\/revisions"}],"predecessor-version":[{"id":8215,"href":"https:\/\/ucbs.uw.edu.pl\/en\/wp-json\/wp\/v2\/pages\/284\/revisions\/8215"}],"up":[{"embeddable":true,"href":"https:\/\/ucbs.uw.edu.pl\/en\/wp-json\/wp\/v2\/pages\/153"}],"wp:attachment":[{"href":"https:\/\/ucbs.uw.edu.pl\/en\/wp-json\/wp\/v2\/media?parent=284"}],"curies":[{"name":"wp","href":"https:\/\/api.w.org\/{rel}","templated":true}]}}