{"id":267,"date":"2021-02-22T14:02:57","date_gmt":"2021-02-22T13:02:57","guid":{"rendered":"http:\/\/ucbs.uw.edu.pl\/?page_id=267"},"modified":"2026-03-04T14:12:21","modified_gmt":"2026-03-04T13:12:21","slug":"plany-studiow","status":"publish","type":"page","link":"https:\/\/ucbs.uw.edu.pl\/en\/home\/plany\/plany-studiow\/","title":{"rendered":"Study Plans"},"content":{"rendered":"<img loading=\"lazy\" decoding=\"async\" class=\" wp-image-7696 aligncenter\" src=\"https:\/\/ucbs.uw.edu.pl\/wp-content\/uploads\/sites\/389\/2025\/04\/edu-300x200.jpg\" alt=\"\" width=\"908\" height=\"605\" srcset=\"https:\/\/ucbs.uw.edu.pl\/wp-content\/uploads\/sites\/389\/2025\/04\/edu-300x200.jpg 300w, https:\/\/ucbs.uw.edu.pl\/wp-content\/uploads\/sites\/389\/2025\/04\/edu-1024x683.jpg 1024w, https:\/\/ucbs.uw.edu.pl\/wp-content\/uploads\/sites\/389\/2025\/04\/edu-768x512.jpg 768w, https:\/\/ucbs.uw.edu.pl\/wp-content\/uploads\/sites\/389\/2025\/04\/edu-1536x1024.jpg 1536w, https:\/\/ucbs.uw.edu.pl\/wp-content\/uploads\/sites\/389\/2025\/04\/edu-2048x1365.jpg 2048w, https:\/\/ucbs.uw.edu.pl\/wp-content\/uploads\/sites\/389\/2025\/04\/edu-272x182.jpg 272w\" sizes=\"auto, (max-width: 908px) 100vw, 908px\" \/><\/p>\n<p><span style=\"font-size: 12pt;\">Study Plan of <strong>I cycle<\/strong> Studies of Inter-Faculty Studies in Environmental Protection (MSOS)<\/span><\/p>\n<ul style=\"list-style-type: disc;\">\n<li><span style=\"color: #ff6600;\"><a style=\"color: #ff6600;\" href=\"https:\/\/ucbs.uw.edu.pl\/wp-content\/uploads\/sites\/389\/2026\/03\/Plan_Studiow-licencjat_inzynierskie_MSOS-I-st_2025_26-1.doc\"><span style=\"font-size: 10pt;\">2025\/2026<\/span><\/a><\/span><\/li>\n<li><span style=\"color: #ff6600; font-size: 10pt;\"><a href=\"https:\/\/ucbs.uw.edu.pl\/wp-content\/uploads\/sites\/389\/2025\/11\/Plan_Studiow_inzynierskie_MSOS-I-st_2024_2025.doc\"><span style=\"color: #ff6600;\">2024\/2025<\/span><\/a>\u00a0<\/span><\/li>\n<li><a href=\"https:\/\/ucbs.uw.edu.pl\/wp-content\/uploads\/sites\/389\/2023\/09\/plan-studiow-2023_2024_MSOS_I-1.doc\" target=\"_blank\" rel=\"noopener\"><span style=\"color: #ff6600; font-size: 10pt;\">2023\/2024<\/span><\/a><\/li>\n<li><span style=\"font-size: 10pt; color: #ff6600;\"><a style=\"color: #ff6600;\" href=\"https:\/\/ucbs.uw.edu.pl\/wp-content\/uploads\/sites\/389\/2022\/10\/plan-studiow-2022_2023_MSOS_I_PO-KOREKCIE_KS-1.doc\">2022\/2023<\/a><\/span><\/li>\n<li><span style=\"font-size: 10pt; color: #ff6600;\"><a style=\"color: #ff6600;\" href=\"https:\/\/ucbs.uw.edu.pl\/wp-content\/uploads\/sites\/389\/2021\/06\/plan-studiow-2021_2022_MSOS_I_stopien.doc\">2021\/2022<\/a><\/span><\/li>\n<li><span style=\"font-size: 10pt; color: #ff6600;\"><a style=\"color: #ff6600;\" href=\"https:\/\/ucbs.uw.edu.pl\/wp-content\/uploads\/sites\/389\/2021\/03\/plan-studiowMSOS120.pdf\" target=\"_blank\" rel=\"noopener\">2020\/2021<\/a><\/span><\/li>\n<li><span style=\"color: #ff6600; font-size: 10pt;\"><a style=\"color: #ff6600;\" href=\"https:\/\/ucbs.uw.edu.pl\/plany-archiwalne\/\">archive<\/a><\/span><\/li>\n<\/ul>\n<p><span style=\"font-size: 12pt;\">Study Plan of <strong>II cycle<\/strong> Studies of Inter-Faculty Studies in Environmental Protection (MSOS)<\/span><\/p>\n<ul style=\"list-style-type: disc;\">\n<li><span style=\"color: #ff6600;\"><a style=\"color: #ff6600;\" href=\"https:\/\/ucbs.uw.edu.pl\/wp-content\/uploads\/sites\/389\/2025\/10\/plan_II_stopnia_MSOS_rok_2025_26.pdf\"><span style=\"font-size: 10pt;\">2025\/2026<\/span><\/a><\/span><\/li>\n<li><a href=\"https:\/\/ucbs.uw.edu.pl\/wp-content\/uploads\/sites\/389\/2023\/09\/Plan_II_stopnia_MSOS_rok_2023_24.pdf\" target=\"_blank\" rel=\"noopener\"><span style=\"color: #ff6600; font-size: 10pt;\">2023\/2024<\/span><\/a><\/li>\n<li><a href=\"https:\/\/ucbs.uw.edu.pl\/wp-content\/uploads\/sites\/389\/2022\/07\/plan_II_stopnia_MSOS_rok-2022_23.docx\"><span style=\"font-size: 10pt; color: #ff6600;\">2022\/2023<\/span><\/a><\/li>\n<li><span style=\"font-size: 10pt; color: #ff6600;\"><a style=\"color: #ff6600;\" href=\"https:\/\/ucbs.uw.edu.pl\/wp-content\/uploads\/sites\/389\/2022\/06\/plan_II_stopnia_MSOS_rok-2021_22.pdf\">2021\/2022<\/a><\/span><\/li>\n<li><span style=\"font-size: 10pt; color: #ff6600;\"><a style=\"color: #ff6600;\" href=\"https:\/\/ucbs.uw.edu.pl\/wp-content\/uploads\/sites\/389\/2021\/10\/plan_II_stopnia_MSOS_rok-2020_21_rekrutacja-sem_letni.docx-1.pdf\" target=\"_self\" rel=\"noopener\">2020\/2021<\/a><\/span><span style=\"font-size: 10pt;\">\u2013 summer admission<\/span><\/li>\n<li><span style=\"font-size: 10pt; color: #ff6600;\"><a style=\"color: #ff6600;\" href=\"https:\/\/ucbs.uw.edu.pl\/wp-content\/uploads\/sites\/389\/2021\/03\/plan-studiowMSOSII20.pdf\" target=\"_self\" rel=\"noopener\">2020\/2021<\/a><\/span><\/li>\n<li><span style=\"color: #ff6600; font-size: 10pt;\"><a style=\"color: #ff6600;\" href=\"https:\/\/ucbs.uw.edu.pl\/plany-archiwalne\/\">archive<\/a><\/span><\/li>\n<\/ul>\n<p><span style=\"font-size: 12pt;\"><strong>Plan of second-cycle studies<\/strong> in the field of <strong>Sustainable Development<\/strong> valid from the academic year<\/span><\/p>\n<ul>\n<li><span style=\"color: #ff6600;\"><a style=\"color: #ff6600;\" href=\"https:\/\/ucbs.uw.edu.pl\/wp-content\/uploads\/sites\/389\/2026\/02\/plan-studiow-II-st_SD_2025_26_korekta140126-1.pdf\"><span style=\"font-size: 10pt;\">2025\/2026<\/span><\/a><\/span><\/li>\n<li><span style=\"color: #ff6600;\"><a style=\"color: #ff6600;\" href=\"https:\/\/ucbs.uw.edu.pl\/wp-content\/uploads\/sites\/389\/2026\/02\/plan-studiow-II-st_SD_2024_25_aktualizacja_260825.pdf\"><span style=\"font-size: 10pt;\">2024\/2025<\/span><\/a><\/span><\/li>\n<li><a href=\"https:\/\/ucbs.uw.edu.pl\/wp-content\/uploads\/sites\/389\/2024\/06\/plan-studiow-II-st_SD_2023_24_240624.docx\"><span style=\"font-size: 10pt; color: #ff6600;\">2023\/2024<\/span><\/a><\/li>\n<li><span style=\"color: #ff6600;\"><span style=\"font-size: 10pt;\"><a style=\"color: #ff6600;\" href=\"https:\/\/ucbs.uw.edu.pl\/wp-content\/uploads\/sites\/389\/2024\/03\/plan-studiow-II-st_SD_2022_23_150324.pdf\">2022\/2023<\/a><\/span><\/span><\/li>\n<li><span style=\"font-size: 10pt; color: #ff6600;\"><a style=\"color: #ff6600;\" href=\"https:\/\/ucbs.uw.edu.pl\/wp-content\/uploads\/sites\/389\/2021\/06\/plan-studiow-II-st_SD_2020-21_-korekta-210621.pdf\">2020\/2021<\/a><\/span><\/li>\n<li><span style=\"font-size: 10pt; color: #ff6600;\"><a style=\"color: #ff6600;\" href=\"https:\/\/ucbs.uw.edu.pl\/wp-content\/uploads\/sites\/389\/2022\/06\/plan-sd-2021_22_korekta-22062022.pdf\">2021\/2022<\/a><\/span><\/li>\n<li><span style=\"color: #ff6600;\"><a style=\"color: #ff6600;\" href=\"https:\/\/ucbs.uw.edu.pl\/en\/plany-archiwalne\/\"><span style=\"font-size: 10pt;\">archive<\/span><\/a><\/span><\/li>\n<\/ul>\n<p><span style=\"font-size: 12pt;\"><strong>Plan of second-cycle studies<\/strong> in the field of <strong>Global Environment and Development<\/strong> valid from the academic year<\/span><\/p>\n<ul>\n<li><span style=\"color: #ff6600;\"><a style=\"color: #ff6600;\" href=\"https:\/\/ucbs.uw.edu.pl\/wp-content\/uploads\/sites\/389\/2025\/07\/GED-UW-Study-plan_25_26.pdf\"><span style=\"font-size: 10pt;\">2025\/2026<\/span><\/a><\/span><\/li>\n<\/ul>","protected":false},"excerpt":{"rendered":"<p>Study Plan of I cycle Studies of Inter-Faculty Studies in Environmental Protection (MSOS) 2025\/2026 2024\/2025\u00a0 2023\/2024 2022\/2023 2021\/2022 2020\/2021 archive Study Plan of II cycle Studies of Inter-Faculty Studies in Environmental Protection (MSOS) 2025\/2026 2023\/2024 2022\/2023 2021\/2022 2020\/2021\u2013 summer admission 2020\/2021 archive Plan of second-cycle studies in the field of Sustainable Development valid from the [&hellip;]<\/p>\n","protected":false},"author":1,"featured_media":0,"parent":151,"menu_order":0,"comment_status":"closed","ping_status":"closed","template":"","meta":{"_acf_changed":false,"_exactmetrics_skip_tracking":false,"_exactmetrics_sitenote_active":false,"_exactmetrics_sitenote_note":"","_exactmetrics_sitenote_category":0,"_uf_show_specific_survey":0,"_uf_disable_surveys":false,"footnotes":"","_links_to":"","_links_to_target":""},"class_list":["post-267","page","type-page","status-publish","hentry","post"],"acf":[],"yoast_head":"<!-- This site is optimized with the Yoast SEO plugin v27.4 - https:\/\/yoast.com\/product\/yoast-seo-wordpress\/ -->\n<title>Study Plans - University Centre for Environmental Studies and Sustainable Development<\/title>\n<meta name=\"robots\" content=\"index, follow, max-snippet:-1, max-image-preview:large, max-video-preview:-1\" \/>\n<link rel=\"canonical\" href=\"https:\/\/ucbs.uw.edu.pl\/home\/plany\/plany-studiow\/\" \/>\n<meta property=\"og:locale\" content=\"en_US\" \/>\n<meta property=\"og:type\" content=\"article\" \/>\n<meta property=\"og:title\" content=\"[:pl]Plany studi\u00f3w[:en]Study Plans[:] - University Centre for Environmental Studies and Sustainable Development\" \/>\n<meta property=\"og:description\" content=\"Study Plan of I cycle Studies of Inter-Faculty Studies in Environmental Protection (MSOS) 2025\/2026 2024\/2025\u00a0 2023\/2024 2022\/2023 2021\/2022 2020\/2021 archive Study Plan of II cycle Studies of Inter-Faculty Studies in Environmental Protection (MSOS) 2025\/2026 2023\/2024 2022\/2023 2021\/2022 2020\/2021\u2013 summer admission 2020\/2021 archive Plan of second-cycle studies in the field of Sustainable Development valid from the [&hellip;]\" \/>\n<meta property=\"og:url\" content=\"https:\/\/ucbs.uw.edu.pl\/home\/plany\/plany-studiow\/\" \/>\n<meta property=\"og:site_name\" content=\"University Centre for Environmental Studies and Sustainable Development\" \/>\n<meta property=\"article:publisher\" content=\"https:\/\/www.facebook.com\/ucbsuw\" \/>\n<meta property=\"article:modified_time\" content=\"2026-03-04T13:12:21+00:00\" \/>\n<meta property=\"og:image\" content=\"https:\/\/ucbs.uw.edu.pl\/wp-content\/uploads\/sites\/389\/2025\/04\/edu-scaled.jpg\" \/>\n\t<meta property=\"og:image:width\" content=\"2560\" \/>\n\t<meta property=\"og:image:height\" content=\"1707\" \/>\n\t<meta property=\"og:image:type\" content=\"image\/jpeg\" \/>\n<meta name=\"twitter:card\" content=\"summary_large_image\" \/>\n<meta name=\"twitter:site\" content=\"@ucbsuw\" \/>\n<meta name=\"twitter:label1\" content=\"Est. reading time\" \/>\n\t<meta name=\"twitter:data1\" content=\"1 minute\" \/>\n<script type=\"application\/ld+json\" class=\"yoast-schema-graph\">{\"@context\":\"https:\\\/\\\/schema.org\",\"@graph\":[{\"@type\":\"WebPage\",\"@id\":\"https:\\\/\\\/ucbs.uw.edu.pl\\\/home\\\/plany\\\/plany-studiow\\\/\",\"url\":\"https:\\\/\\\/ucbs.uw.edu.pl\\\/home\\\/plany\\\/plany-studiow\\\/\",\"name\":\"[:pl]Plany studi\u00f3w[:en]Study Plans[:] - University Centre for Environmental Studies and Sustainable Development\",\"isPartOf\":{\"@id\":\"https:\\\/\\\/ucbs.uw.edu.pl\\\/#website\"},\"primaryImageOfPage\":{\"@id\":\"https:\\\/\\\/ucbs.uw.edu.pl\\\/home\\\/plany\\\/plany-studiow\\\/#primaryimage\"},\"image\":{\"@id\":\"https:\\\/\\\/ucbs.uw.edu.pl\\\/home\\\/plany\\\/plany-studiow\\\/#primaryimage\"},\"thumbnailUrl\":\"https:\\\/\\\/ucbs.uw.edu.pl\\\/wp-content\\\/uploads\\\/sites\\\/389\\\/2025\\\/04\\\/edu-300x200.jpg\",\"datePublished\":\"2021-02-22T13:02:57+00:00\",\"dateModified\":\"2026-03-04T13:12:21+00:00\",\"breadcrumb\":{\"@id\":\"https:\\\/\\\/ucbs.uw.edu.pl\\\/home\\\/plany\\\/plany-studiow\\\/#breadcrumb\"},\"inLanguage\":\"en-US\",\"potentialAction\":[{\"@type\":\"ReadAction\",\"target\":[\"https:\\\/\\\/ucbs.uw.edu.pl\\\/home\\\/plany\\\/plany-studiow\\\/\"]}]},{\"@type\":\"ImageObject\",\"inLanguage\":\"en-US\",\"@id\":\"https:\\\/\\\/ucbs.uw.edu.pl\\\/home\\\/plany\\\/plany-studiow\\\/#primaryimage\",\"url\":\"https:\\\/\\\/ucbs.uw.edu.pl\\\/wp-content\\\/uploads\\\/sites\\\/389\\\/2025\\\/04\\\/edu-300x200.jpg\",\"contentUrl\":\"https:\\\/\\\/ucbs.uw.edu.pl\\\/wp-content\\\/uploads\\\/sites\\\/389\\\/2025\\\/04\\\/edu-300x200.jpg\"},{\"@type\":\"BreadcrumbList\",\"@id\":\"https:\\\/\\\/ucbs.uw.edu.pl\\\/home\\\/plany\\\/plany-studiow\\\/#breadcrumb\",\"itemListElement\":[{\"@type\":\"ListItem\",\"position\":1,\"name\":\"Strona g\u0142\u00f3wna\",\"item\":\"https:\\\/\\\/ucbs.uw.edu.pl\\\/\"},{\"@type\":\"ListItem\",\"position\":2,\"name\":\"Home\",\"item\":\"https:\\\/\\\/ucbs.uw.edu.pl\\\/home\\\/\"},{\"@type\":\"ListItem\",\"position\":3,\"name\":\"Programy i plany studi\u00f3w\",\"item\":\"https:\\\/\\\/ucbs.uw.edu.pl\\\/home\\\/plany\\\/\"},{\"@type\":\"ListItem\",\"position\":4,\"name\":\"Plany studi\u00f3w\"}]},{\"@type\":\"WebSite\",\"@id\":\"https:\\\/\\\/ucbs.uw.edu.pl\\\/#website\",\"url\":\"https:\\\/\\\/ucbs.uw.edu.pl\\\/\",\"name\":\"Uniwersyteckie Centrum Bada\u0144 nad \u015arodowiskiem Przyrodniczym i Zr\u00f3wnowa\u017conym Rozwojem\",\"description\":\"7 Departments mean 7 times more opportunities\",\"publisher\":{\"@id\":\"https:\\\/\\\/ucbs.uw.edu.pl\\\/#organization\"},\"potentialAction\":[{\"@type\":\"SearchAction\",\"target\":{\"@type\":\"EntryPoint\",\"urlTemplate\":\"https:\\\/\\\/ucbs.uw.edu.pl\\\/?s={search_term_string}\"},\"query-input\":{\"@type\":\"PropertyValueSpecification\",\"valueRequired\":true,\"valueName\":\"search_term_string\"}}],\"inLanguage\":\"en-US\"},{\"@type\":\"Organization\",\"@id\":\"https:\\\/\\\/ucbs.uw.edu.pl\\\/#organization\",\"name\":\"Uniwersyteckie Centrum Bada\u0144 nad \u015arodowiskiem Przyrodniczym i Zr\u00f3wnowa\u017conym Rozwojem\",\"url\":\"https:\\\/\\\/ucbs.uw.edu.pl\\\/\",\"logo\":{\"@type\":\"ImageObject\",\"inLanguage\":\"en-US\",\"@id\":\"https:\\\/\\\/ucbs.uw.edu.pl\\\/#\\\/schema\\\/logo\\\/image\\\/\",\"url\":\"https:\\\/\\\/ucbs.uw.edu.pl\\\/wp-content\\\/uploads\\\/sites\\\/389\\\/2023\\\/09\\\/PL_zwykly_monochromatyczny_okragly.jpg\",\"contentUrl\":\"https:\\\/\\\/ucbs.uw.edu.pl\\\/wp-content\\\/uploads\\\/sites\\\/389\\\/2023\\\/09\\\/PL_zwykly_monochromatyczny_okragly.jpg\",\"width\":658,\"height\":710,\"caption\":\"Uniwersyteckie Centrum Bada\u0144 nad \u015arodowiskiem Przyrodniczym i Zr\u00f3wnowa\u017conym Rozwojem\"},\"image\":{\"@id\":\"https:\\\/\\\/ucbs.uw.edu.pl\\\/#\\\/schema\\\/logo\\\/image\\\/\"},\"sameAs\":[\"https:\\\/\\\/www.facebook.com\\\/ucbsuw\",\"https:\\\/\\\/x.com\\\/ucbsuw\",\"https:\\\/\\\/www.linkedin.com\\\/company\\\/19014166\\\/admin\\\/feed\\\/posts\\\/\"]}]}<\/script>\n<!-- \/ Yoast SEO plugin. -->","yoast_head_json":{"title":"[:pl]Plany studi\u00f3w[:en]Study Plans[:] - University Centre for Environmental Studies and Sustainable Development","robots":{"index":"index","follow":"follow","max-snippet":"max-snippet:-1","max-image-preview":"max-image-preview:large","max-video-preview":"max-video-preview:-1"},"canonical":"https:\/\/ucbs.uw.edu.pl\/home\/plany\/plany-studiow\/","og_locale":"en_US","og_type":"article","og_title":"[:pl]Plany studi\u00f3w[:en]Study Plans[:] - University Centre for Environmental Studies and Sustainable Development","og_description":"Study Plan of I cycle Studies of Inter-Faculty Studies in Environmental Protection (MSOS) 2025\/2026 2024\/2025\u00a0 2023\/2024 2022\/2023 2021\/2022 2020\/2021 archive Study Plan of II cycle Studies of Inter-Faculty Studies in Environmental Protection (MSOS) 2025\/2026 2023\/2024 2022\/2023 2021\/2022 2020\/2021\u2013 summer admission 2020\/2021 archive Plan of second-cycle studies in the field of Sustainable Development valid from the [&hellip;]","og_url":"https:\/\/ucbs.uw.edu.pl\/home\/plany\/plany-studiow\/","og_site_name":"University Centre for Environmental Studies and Sustainable Development","article_publisher":"https:\/\/www.facebook.com\/ucbsuw","article_modified_time":"2026-03-04T13:12:21+00:00","og_image":[{"width":2560,"height":1707,"url":"https:\/\/ucbs.uw.edu.pl\/wp-content\/uploads\/sites\/389\/2025\/04\/edu-scaled.jpg","type":"image\/jpeg"}],"twitter_card":"summary_large_image","twitter_site":"@ucbsuw","twitter_misc":{"Est. reading time":"1 minute"},"schema":{"@context":"https:\/\/schema.org","@graph":[{"@type":"WebPage","@id":"https:\/\/ucbs.uw.edu.pl\/home\/plany\/plany-studiow\/","url":"https:\/\/ucbs.uw.edu.pl\/home\/plany\/plany-studiow\/","name":"[:pl]Plany studi\u00f3w[:en]Study Plans[:] - University Centre for Environmental Studies and Sustainable Development","isPartOf":{"@id":"https:\/\/ucbs.uw.edu.pl\/#website"},"primaryImageOfPage":{"@id":"https:\/\/ucbs.uw.edu.pl\/home\/plany\/plany-studiow\/#primaryimage"},"image":{"@id":"https:\/\/ucbs.uw.edu.pl\/home\/plany\/plany-studiow\/#primaryimage"},"thumbnailUrl":"https:\/\/ucbs.uw.edu.pl\/wp-content\/uploads\/sites\/389\/2025\/04\/edu-300x200.jpg","datePublished":"2021-02-22T13:02:57+00:00","dateModified":"2026-03-04T13:12:21+00:00","breadcrumb":{"@id":"https:\/\/ucbs.uw.edu.pl\/home\/plany\/plany-studiow\/#breadcrumb"},"inLanguage":"en-US","potentialAction":[{"@type":"ReadAction","target":["https:\/\/ucbs.uw.edu.pl\/home\/plany\/plany-studiow\/"]}]},{"@type":"ImageObject","inLanguage":"en-US","@id":"https:\/\/ucbs.uw.edu.pl\/home\/plany\/plany-studiow\/#primaryimage","url":"https:\/\/ucbs.uw.edu.pl\/wp-content\/uploads\/sites\/389\/2025\/04\/edu-300x200.jpg","contentUrl":"https:\/\/ucbs.uw.edu.pl\/wp-content\/uploads\/sites\/389\/2025\/04\/edu-300x200.jpg"},{"@type":"BreadcrumbList","@id":"https:\/\/ucbs.uw.edu.pl\/home\/plany\/plany-studiow\/#breadcrumb","itemListElement":[{"@type":"ListItem","position":1,"name":"Strona g\u0142\u00f3wna","item":"https:\/\/ucbs.uw.edu.pl\/"},{"@type":"ListItem","position":2,"name":"Home","item":"https:\/\/ucbs.uw.edu.pl\/home\/"},{"@type":"ListItem","position":3,"name":"Programy i plany studi\u00f3w","item":"https:\/\/ucbs.uw.edu.pl\/home\/plany\/"},{"@type":"ListItem","position":4,"name":"Plany studi\u00f3w"}]},{"@type":"WebSite","@id":"https:\/\/ucbs.uw.edu.pl\/#website","url":"https:\/\/ucbs.uw.edu.pl\/","name":"Uniwersyteckie Centrum Bada\u0144 nad \u015arodowiskiem Przyrodniczym i Zr\u00f3wnowa\u017conym Rozwojem","description":"7 Departments mean 7 times more opportunities","publisher":{"@id":"https:\/\/ucbs.uw.edu.pl\/#organization"},"potentialAction":[{"@type":"SearchAction","target":{"@type":"EntryPoint","urlTemplate":"https:\/\/ucbs.uw.edu.pl\/?s={search_term_string}"},"query-input":{"@type":"PropertyValueSpecification","valueRequired":true,"valueName":"search_term_string"}}],"inLanguage":"en-US"},{"@type":"Organization","@id":"https:\/\/ucbs.uw.edu.pl\/#organization","name":"Uniwersyteckie Centrum Bada\u0144 nad \u015arodowiskiem Przyrodniczym i Zr\u00f3wnowa\u017conym Rozwojem","url":"https:\/\/ucbs.uw.edu.pl\/","logo":{"@type":"ImageObject","inLanguage":"en-US","@id":"https:\/\/ucbs.uw.edu.pl\/#\/schema\/logo\/image\/","url":"https:\/\/ucbs.uw.edu.pl\/wp-content\/uploads\/sites\/389\/2023\/09\/PL_zwykly_monochromatyczny_okragly.jpg","contentUrl":"https:\/\/ucbs.uw.edu.pl\/wp-content\/uploads\/sites\/389\/2023\/09\/PL_zwykly_monochromatyczny_okragly.jpg","width":658,"height":710,"caption":"Uniwersyteckie Centrum Bada\u0144 nad \u015arodowiskiem Przyrodniczym i Zr\u00f3wnowa\u017conym Rozwojem"},"image":{"@id":"https:\/\/ucbs.uw.edu.pl\/#\/schema\/logo\/image\/"},"sameAs":["https:\/\/www.facebook.com\/ucbsuw","https:\/\/x.com\/ucbsuw","https:\/\/www.linkedin.com\/company\/19014166\/admin\/feed\/posts\/"]}]}},"_links":{"self":[{"href":"https:\/\/ucbs.uw.edu.pl\/en\/wp-json\/wp\/v2\/pages\/267","targetHints":{"allow":["GET"]}}],"collection":[{"href":"https:\/\/ucbs.uw.edu.pl\/en\/wp-json\/wp\/v2\/pages"}],"about":[{"href":"https:\/\/ucbs.uw.edu.pl\/en\/wp-json\/wp\/v2\/types\/page"}],"author":[{"embeddable":true,"href":"https:\/\/ucbs.uw.edu.pl\/en\/wp-json\/wp\/v2\/users\/1"}],"replies":[{"embeddable":true,"href":"https:\/\/ucbs.uw.edu.pl\/en\/wp-json\/wp\/v2\/comments?post=267"}],"version-history":[{"count":70,"href":"https:\/\/ucbs.uw.edu.pl\/en\/wp-json\/wp\/v2\/pages\/267\/revisions"}],"predecessor-version":[{"id":8463,"href":"https:\/\/ucbs.uw.edu.pl\/en\/wp-json\/wp\/v2\/pages\/267\/revisions\/8463"}],"up":[{"embeddable":true,"href":"https:\/\/ucbs.uw.edu.pl\/en\/wp-json\/wp\/v2\/pages\/151"}],"wp:attachment":[{"href":"https:\/\/ucbs.uw.edu.pl\/en\/wp-json\/wp\/v2\/media?parent=267"}],"curies":[{"name":"wp","href":"https:\/\/api.w.org\/{rel}","templated":true}]}}