{"id":2577,"date":"2021-11-10T15:20:47","date_gmt":"2021-11-10T14:20:47","guid":{"rendered":"http:\/\/ucbs.uw.edu.pl\/?page_id=2577"},"modified":"2022-01-21T15:50:02","modified_gmt":"2022-01-21T14:50:02","slug":"covid-19","status":"publish","type":"page","link":"https:\/\/ucbs.uw.edu.pl\/en\/covid-19\/","title":{"rendered":""},"content":{"rendered":"Under current GIS rules and restrictions, persons testing positive for SARS-CoV-2 are subject to isolation, and persons who have had close contact with a person infected with such a virus are subject to quarantine, with the exception of persons vaccinated with a full dose of COVID-19 vaccine and recovered persons.<\/p>\n<h5 style=\"text-align: center\"><div class=\"su-box su-box-style-soft\" id=\"\" style=\"border-color:#cccccc;border-radius:20px;max-width:none\"><div class=\"su-box-title\" style=\"background-color:#ffffff;color:#1c4193;border-top-left-radius:18px;border-top-right-radius:18px\">Procedure for dealing with symptoms suggesting COVID-19 infection and guidelines following notification of a positive test result for SARS-CoV-2<\/div><div class=\"su-box-content su-u-clearfix su-u-trim\" style=\"border-bottom-left-radius:18px;border-bottom-right-radius:18px\">\nIn accordance with the UW Rector&#8217;s Order No. 112 of 16 September 2021 on the organisation of education in the academic year 2021\/2022, UW students and PhD students should send information that they are infected with the SARS-CoV-2 virus to the email address: <span style=\"color: #ff6600\"><a style=\"color: #ff6600\" href=\"mailto:InfoCovid19@adm.uw.edu.pl\">InfoCovid19@adm.uw.edu.pl<\/a><\/span> and inform the <span style=\"color: #ff6600\"><a style=\"color: #ff6600\" href=\"studencki.ucbs@uw.edu.pl\">Student Affairs Secretariat<\/a><\/span> if the infection has occurred on UW premises or the person found to be infected has attended classes at UW while already infected.<\/div><\/div><\/h5>\n<p>It is important whether the infected person has been vaccinated; this affects the quarantine of the infected person and those with whom they have had contact. Therefore, the infected person should contact both the Student Affairs Secretariat and the Sanitary or GP by telephone as soon as possible.<\/p>\n<p>Persons in close contact after verification by the Sanepid are notified to go into quarantine.<\/p>\n<p>The definition of close contact with an infected person can be found at www.uw.edu.pl under <span style=\"color: #ff6600\"><a style=\"color: #ff6600\" href=\"https:\/\/www.uw.edu.pl\/wytyczne-sanitarne-dotyczace-funkcjonowania-obiektow-uw\/\">SANITARY GUIDELINES FOR OPERATION OF FACILITIES.<\/a><\/span>","protected":false},"excerpt":{"rendered":"<p>Under current GIS rules and restrictions, persons testing positive for SARS-CoV-2 are subject to isolation, and persons who have had close contact with a person infected with such a virus are subject to quarantine, with the exception of persons vaccinated with a full dose of COVID-19 vaccine and recovered persons. It is important whether the [&hellip;]<\/p>\n","protected":false},"author":1227,"featured_media":0,"parent":0,"menu_order":0,"comment_status":"closed","ping_status":"closed","template":"templates\/template-full.php","meta":{"_acf_changed":false,"_exactmetrics_skip_tracking":false,"_exactmetrics_sitenote_active":false,"_exactmetrics_sitenote_note":"","_exactmetrics_sitenote_category":0,"_uf_show_specific_survey":0,"_uf_disable_surveys":false,"footnotes":"","_links_to":"","_links_to_target":""},"class_list":["post-2577","page","type-page","status-publish","hentry","post"],"acf":[],"yoast_head":"<!-- This site is optimized with the Yoast SEO plugin v27.4 - https:\/\/yoast.com\/product\/yoast-seo-wordpress\/ -->\n<title>- University Centre for Environmental Studies and Sustainable Development<\/title>\n<meta name=\"robots\" content=\"index, follow, max-snippet:-1, max-image-preview:large, max-video-preview:-1\" \/>\n<link rel=\"canonical\" href=\"https:\/\/ucbs.uw.edu.pl\/covid-19\/\" \/>\n<meta property=\"og:locale\" content=\"en_US\" \/>\n<meta property=\"og:type\" content=\"article\" \/>\n<meta property=\"og:title\" content=\"- University Centre for Environmental Studies and Sustainable Development\" \/>\n<meta property=\"og:description\" content=\"Under current GIS rules and restrictions, persons testing positive for SARS-CoV-2 are subject to isolation, and persons who have had close contact with a person infected with such a virus are subject to quarantine, with the exception of persons vaccinated with a full dose of COVID-19 vaccine and recovered persons. It is important whether the [&hellip;]\" \/>\n<meta property=\"og:url\" content=\"https:\/\/ucbs.uw.edu.pl\/covid-19\/\" \/>\n<meta property=\"og:site_name\" content=\"University Centre for Environmental Studies and Sustainable Development\" \/>\n<meta property=\"article:publisher\" content=\"https:\/\/www.facebook.com\/ucbsuw\" \/>\n<meta property=\"article:modified_time\" content=\"2022-01-21T14:50:02+00:00\" \/>\n<meta name=\"twitter:card\" content=\"summary_large_image\" \/>\n<meta name=\"twitter:site\" content=\"@ucbsuw\" \/>\n<meta name=\"twitter:label1\" content=\"Est. reading time\" \/>\n\t<meta name=\"twitter:data1\" content=\"3 minutes\" \/>\n<script type=\"application\/ld+json\" class=\"yoast-schema-graph\">{\"@context\":\"https:\\\/\\\/schema.org\",\"@graph\":[{\"@type\":\"WebPage\",\"@id\":\"https:\\\/\\\/ucbs.uw.edu.pl\\\/covid-19\\\/\",\"url\":\"https:\\\/\\\/ucbs.uw.edu.pl\\\/covid-19\\\/\",\"name\":\"- University Centre for Environmental Studies and Sustainable Development\",\"isPartOf\":{\"@id\":\"https:\\\/\\\/ucbs.uw.edu.pl\\\/#website\"},\"datePublished\":\"2021-11-10T14:20:47+00:00\",\"dateModified\":\"2022-01-21T14:50:02+00:00\",\"inLanguage\":\"en-US\",\"potentialAction\":[{\"@type\":\"ReadAction\",\"target\":[\"https:\\\/\\\/ucbs.uw.edu.pl\\\/covid-19\\\/\"]}]},{\"@type\":\"WebSite\",\"@id\":\"https:\\\/\\\/ucbs.uw.edu.pl\\\/#website\",\"url\":\"https:\\\/\\\/ucbs.uw.edu.pl\\\/\",\"name\":\"Uniwersyteckie Centrum Bada\u0144 nad \u015arodowiskiem Przyrodniczym i Zr\u00f3wnowa\u017conym Rozwojem\",\"description\":\"7 Departments mean 7 times more opportunities\",\"publisher\":{\"@id\":\"https:\\\/\\\/ucbs.uw.edu.pl\\\/#organization\"},\"potentialAction\":[{\"@type\":\"SearchAction\",\"target\":{\"@type\":\"EntryPoint\",\"urlTemplate\":\"https:\\\/\\\/ucbs.uw.edu.pl\\\/?s={search_term_string}\"},\"query-input\":{\"@type\":\"PropertyValueSpecification\",\"valueRequired\":true,\"valueName\":\"search_term_string\"}}],\"inLanguage\":\"en-US\"},{\"@type\":\"Organization\",\"@id\":\"https:\\\/\\\/ucbs.uw.edu.pl\\\/#organization\",\"name\":\"Uniwersyteckie Centrum Bada\u0144 nad \u015arodowiskiem Przyrodniczym i Zr\u00f3wnowa\u017conym Rozwojem\",\"url\":\"https:\\\/\\\/ucbs.uw.edu.pl\\\/\",\"logo\":{\"@type\":\"ImageObject\",\"inLanguage\":\"en-US\",\"@id\":\"https:\\\/\\\/ucbs.uw.edu.pl\\\/#\\\/schema\\\/logo\\\/image\\\/\",\"url\":\"https:\\\/\\\/ucbs.uw.edu.pl\\\/wp-content\\\/uploads\\\/sites\\\/389\\\/2023\\\/09\\\/PL_zwykly_monochromatyczny_okragly.jpg\",\"contentUrl\":\"https:\\\/\\\/ucbs.uw.edu.pl\\\/wp-content\\\/uploads\\\/sites\\\/389\\\/2023\\\/09\\\/PL_zwykly_monochromatyczny_okragly.jpg\",\"width\":658,\"height\":710,\"caption\":\"Uniwersyteckie Centrum Bada\u0144 nad \u015arodowiskiem Przyrodniczym i Zr\u00f3wnowa\u017conym Rozwojem\"},\"image\":{\"@id\":\"https:\\\/\\\/ucbs.uw.edu.pl\\\/#\\\/schema\\\/logo\\\/image\\\/\"},\"sameAs\":[\"https:\\\/\\\/www.facebook.com\\\/ucbsuw\",\"https:\\\/\\\/x.com\\\/ucbsuw\",\"https:\\\/\\\/www.linkedin.com\\\/company\\\/19014166\\\/admin\\\/feed\\\/posts\\\/\"]}]}<\/script>\n<!-- \/ Yoast SEO plugin. -->","yoast_head_json":{"title":"- University Centre for Environmental Studies and Sustainable Development","robots":{"index":"index","follow":"follow","max-snippet":"max-snippet:-1","max-image-preview":"max-image-preview:large","max-video-preview":"max-video-preview:-1"},"canonical":"https:\/\/ucbs.uw.edu.pl\/covid-19\/","og_locale":"en_US","og_type":"article","og_title":"- University Centre for Environmental Studies and Sustainable Development","og_description":"Under current GIS rules and restrictions, persons testing positive for SARS-CoV-2 are subject to isolation, and persons who have had close contact with a person infected with such a virus are subject to quarantine, with the exception of persons vaccinated with a full dose of COVID-19 vaccine and recovered persons. It is important whether the [&hellip;]","og_url":"https:\/\/ucbs.uw.edu.pl\/covid-19\/","og_site_name":"University Centre for Environmental Studies and Sustainable Development","article_publisher":"https:\/\/www.facebook.com\/ucbsuw","article_modified_time":"2022-01-21T14:50:02+00:00","twitter_card":"summary_large_image","twitter_site":"@ucbsuw","twitter_misc":{"Est. reading time":"3 minutes"},"schema":{"@context":"https:\/\/schema.org","@graph":[{"@type":"WebPage","@id":"https:\/\/ucbs.uw.edu.pl\/covid-19\/","url":"https:\/\/ucbs.uw.edu.pl\/covid-19\/","name":"- University Centre for Environmental Studies and Sustainable Development","isPartOf":{"@id":"https:\/\/ucbs.uw.edu.pl\/#website"},"datePublished":"2021-11-10T14:20:47+00:00","dateModified":"2022-01-21T14:50:02+00:00","inLanguage":"en-US","potentialAction":[{"@type":"ReadAction","target":["https:\/\/ucbs.uw.edu.pl\/covid-19\/"]}]},{"@type":"WebSite","@id":"https:\/\/ucbs.uw.edu.pl\/#website","url":"https:\/\/ucbs.uw.edu.pl\/","name":"Uniwersyteckie Centrum Bada\u0144 nad \u015arodowiskiem Przyrodniczym i Zr\u00f3wnowa\u017conym Rozwojem","description":"7 Departments mean 7 times more opportunities","publisher":{"@id":"https:\/\/ucbs.uw.edu.pl\/#organization"},"potentialAction":[{"@type":"SearchAction","target":{"@type":"EntryPoint","urlTemplate":"https:\/\/ucbs.uw.edu.pl\/?s={search_term_string}"},"query-input":{"@type":"PropertyValueSpecification","valueRequired":true,"valueName":"search_term_string"}}],"inLanguage":"en-US"},{"@type":"Organization","@id":"https:\/\/ucbs.uw.edu.pl\/#organization","name":"Uniwersyteckie Centrum Bada\u0144 nad \u015arodowiskiem Przyrodniczym i Zr\u00f3wnowa\u017conym Rozwojem","url":"https:\/\/ucbs.uw.edu.pl\/","logo":{"@type":"ImageObject","inLanguage":"en-US","@id":"https:\/\/ucbs.uw.edu.pl\/#\/schema\/logo\/image\/","url":"https:\/\/ucbs.uw.edu.pl\/wp-content\/uploads\/sites\/389\/2023\/09\/PL_zwykly_monochromatyczny_okragly.jpg","contentUrl":"https:\/\/ucbs.uw.edu.pl\/wp-content\/uploads\/sites\/389\/2023\/09\/PL_zwykly_monochromatyczny_okragly.jpg","width":658,"height":710,"caption":"Uniwersyteckie Centrum Bada\u0144 nad \u015arodowiskiem Przyrodniczym i Zr\u00f3wnowa\u017conym Rozwojem"},"image":{"@id":"https:\/\/ucbs.uw.edu.pl\/#\/schema\/logo\/image\/"},"sameAs":["https:\/\/www.facebook.com\/ucbsuw","https:\/\/x.com\/ucbsuw","https:\/\/www.linkedin.com\/company\/19014166\/admin\/feed\/posts\/"]}]}},"_links":{"self":[{"href":"https:\/\/ucbs.uw.edu.pl\/en\/wp-json\/wp\/v2\/pages\/2577","targetHints":{"allow":["GET"]}}],"collection":[{"href":"https:\/\/ucbs.uw.edu.pl\/en\/wp-json\/wp\/v2\/pages"}],"about":[{"href":"https:\/\/ucbs.uw.edu.pl\/en\/wp-json\/wp\/v2\/types\/page"}],"author":[{"embeddable":true,"href":"https:\/\/ucbs.uw.edu.pl\/en\/wp-json\/wp\/v2\/users\/1227"}],"replies":[{"embeddable":true,"href":"https:\/\/ucbs.uw.edu.pl\/en\/wp-json\/wp\/v2\/comments?post=2577"}],"version-history":[{"count":3,"href":"https:\/\/ucbs.uw.edu.pl\/en\/wp-json\/wp\/v2\/pages\/2577\/revisions"}],"predecessor-version":[{"id":2582,"href":"https:\/\/ucbs.uw.edu.pl\/en\/wp-json\/wp\/v2\/pages\/2577\/revisions\/2582"}],"wp:attachment":[{"href":"https:\/\/ucbs.uw.edu.pl\/en\/wp-json\/wp\/v2\/media?parent=2577"}],"curies":[{"name":"wp","href":"https:\/\/api.w.org\/{rel}","templated":true}]}}