{"id":257,"date":"2021-02-22T13:58:31","date_gmt":"2021-02-22T12:58:31","guid":{"rendered":"http:\/\/ucbs.uw.edu.pl\/?page_id=257"},"modified":"2023-09-11T10:22:11","modified_gmt":"2023-09-11T08:22:11","slug":"niezbednik-studenta-i-roku","status":"publish","type":"page","link":"https:\/\/ucbs.uw.edu.pl\/en\/home\/rekrutacja\/niezbednik-studenta-i-roku\/","title":{"rendered":"Niezb\u0119dnik studenta I roku"},"content":{"rendered":"<h2>Przewodnik dla nowych student\u00f3w<\/h2>\n<div class=\"wrapper\">\n<p>Serdecznie witamy nowych student\u00f3w !<\/p>\n<p>Prosimy o zapoznanie si\u0119 z nast\u0119puj\u0105cymi informacjami:<\/p>\n<ul>\n<li style=\"list-style-type: none\">\n<ul>\n<li style=\"list-style-type: none\">\n<ul>\n<li><span style=\"color: #ff6600\"><a style=\"color: #ff6600\" href=\"#inauguracja\">Uroczysta inauguracja roku akademickiego<\/a><\/span><\/li>\n<li><span style=\"color: #ff6600\"><a style=\"color: #ff6600\" href=\"#godziny-adaptacyjne\">Godziny adaptacyjne<\/a><\/span><\/li>\n<li><span style=\"color: #ff6600\"><a style=\"color: #ff6600\" href=\"#wyjazd\">Wyjazd integracyjny<\/a><\/span><\/li>\n<li><span style=\"color: #ff6600\"><a style=\"color: #ff6600\" href=\"#szkolenie-biblioteczne\">Szkolenie biblioteczne<\/a><\/span><\/li>\n<li><span style=\"color: #ff6600\"><a style=\"color: #ff6600\" href=\"#email\">Uniwersytecki e-mail dla student\u00f3w<\/a><\/span><\/li>\n<li><span style=\"color: #ff6600\"><a style=\"color: #ff6600\" href=\"#usos\">USOS, USOSweb i USOSul<\/a><\/span><\/li>\n<li><span style=\"color: #ff6600\"><a style=\"color: #ff6600\" href=\"#kalendarz-akademicki\">Kalendarz akademicki<\/a><\/span><\/li>\n<li><span style=\"color: #ff6600\"><a style=\"color: #ff6600\" href=\"#zasady-studiowania\">Zasady studiowania<\/a><\/span><\/li>\n<\/ul>\n<\/li>\n<\/ul>\n<ul>\n<li style=\"list-style-type: none\">\n<ul>\n<li><span style=\"color: #ff6600\"><a style=\"color: #ff6600\" href=\"#program-studiow\">Program studi\u00f3w<\/a><\/span><\/li>\n<li><span style=\"color: #ff6600\"><a style=\"color: #ff6600\" href=\"#plan-zajec\">Plan zaj\u0119\u0107<\/a><\/span><\/li>\n<li><span style=\"color: #ff6600\"><a style=\"color: #ff6600\" href=\"#rejestracja-na-zajecia\">Rejestracja na zaj\u0119cia<\/a><\/span><\/li>\n<li><span style=\"color: #ff6600\"><a style=\"color: #ff6600\" href=\"#ubezpieczenie\">Ubezpieczenie zdrowotne<\/a><\/span><\/li>\n<li><span style=\"color: #ff6600\"><a style=\"color: #ff6600\" href=\"#pomoc-socjalna\">Pomoc socjalna<\/a><\/span><\/li>\n<\/ul>\n<\/li>\n<\/ul>\n<h5><a id=\"inauguracja\"><\/a>Uroczysta inauguracja roku akademickiego<\/h5>\n<ul>\n<li style=\"list-style-type: none\">\n<ul>\n<li style=\"list-style-type: none\">\n<ul>\n<li>Wi\u0119cej informacji wkr\u00f3tce<\/li>\n<\/ul>\n<\/li>\n<\/ul>\n<\/li>\n<\/ul>\n<h5><a id=\"godziny\"><\/a>Godziny adaptacyjne<\/h5>\n<p>Program godzin adaptacyjnych:<\/p>\n<ul>\n<li style=\"list-style-type: none\">\n<ul>\n<li style=\"list-style-type: none\">\n<ul>\n<li>\u00a0Szkolenie w zakresie praw i obowi\u0105zk\u00f3w studenta<\/li>\n<\/ul>\n<ul>\n<li>\u00a0Spotkanie z Samorz\u0105dem Student\u00f3w i Ko\u0142em Naukowym.<\/li>\n<\/ul>\n<\/li>\n<\/ul>\n<\/li>\n<\/ul>\n<ul>\n<li>Wr\u0119czenie elektronicznej legitymacji studenckiej oraz podpisanie umowy o odp\u0142atno\u015bci za us\u0142ugi<\/li>\n<\/ul>\n<p>edukacyjne \u015bwiadczone na studiach stacjonarnych.<\/p>\n<p>UWAGA!\u00a0\u00a0<strong>Warunkiem otrzymania legitymacji jest wcze\u015bniejsze uzupe\u0142nienie brakuj\u0105cych dokument\u00f3w rekrutacyjnych, w tym za\u015bwiadczenia o braku przeciwwskaza\u0144 do studiowania.<\/strong><\/p>\n<h5><a id=\"wyjazd\"><\/a>Wyjazd integracyjny<\/h5>\n<p>wi\u0119cej informacji wkr\u00f3tce<\/p>\n<h5><a id=\"szkolenie-biblioteczne\"><\/a>Szkolenie biblioteczne<\/h5>\n<p>nale\u017cy odby\u0107 on-line poprzez stron\u0119:\u00a0<span style=\"color: #ff6600\"><a style=\"color: #ff6600\" href=\"https:\/\/kampus.come.uw.edu.pl\/\">https:\/\/kampus.come.uw.edu.pl\/<\/a><\/span><br \/>\nZa\u015bwiadczenie o uko\u0144czeniu szkolenia nale\u017cy dostarczy\u0107 do sekretariatu\u00a0ds. studenckich (pok. nr 2009).<\/p>\n<h5><a id=\"email\"><\/a>Uniwersytecki e-mail dla student\u00f3w<\/h5>\n<p>Zgodnie z Regulaminem studi\u00f3w na UW posiadanie i u\u017cywanie konta pocztowego w domenie\u00a0<strong>@student.uw.edu.pl<\/strong>\u00a0jest obowi\u0105zkowe dla wszystkich student\u00f3w UW.<\/p>\n<p>Konto pocztowe mo\u017cna za\u0142o\u017cy\u0107, dopiero po immatrykulacji, gdy dane studenta pojawi\u0105 si\u0119 w systemie USOS. Procedura za\u0142o\u017cenia konta trwa kilka minut i jest bardzo \u0142atwa \u2013 student musi jedynie pami\u0119ta\u0107 swoje has\u0142o z systemu IRK oraz zna\u0107 sw\u00f3j PESEL.<\/p>\n<p>Przy wysy\u0142aniu list\u00f3w elektronicznych do jakiejkolwiek osoby lub instytucji na UW nale\u017cy korzysta\u0107 z uczelnianego konta e-mail. Na list wys\u0142any z konta takiego jak @darmowapoczta.pl albo @buziaczek.pl mo\u017cesz nigdy nie otrzyma\u0107 odpowiedzi.<\/p>\n<p><span style=\"color: #ff6600\"><a style=\"color: #ff6600\" target=\"_blank\" href=\"https:\/\/mojekonto.uw.edu.pl\" rel=\"noopener\">Za\u0142\u00f3\u017c konto<\/a><\/span><\/p>\n<h5><a id=\"usos\"><\/a>USOS, USOSweb i USOSul<\/h5>\n<p>Uniwersytecki System Obs\u0142ugi Studi\u00f3w (<strong>USOS<\/strong>) to system kt\u00f3ry b\u0119dzie Wam towarzyszy\u0142 do ko\u0144ca studi\u00f3w. Poprzez niego rejestrujesz si\u0119 na zaj\u0119cia, sk\u0142adasz podania, szukasz informacji o przedmiotach i wyk\u0142adowcach. Nale\u017cy uwa\u017cnie zapozna\u0107 si\u0119 z<span style=\"color: #ff6600\">\u00a0<a style=\"color: #ff6600\" href=\"https:\/\/ucbs.uw.edu.pl\/usos\/\">informacjami na jego temat<\/a>.<\/span><\/p>\n<p><strong>JESTE\u015a STUDENTEM I ROKU I NIE MASZ JESZCZE DOST\u0118PU do USOS:<\/strong><\/p>\n<p>Wielu\u00a0<strong>nowoprzyj\u0119tych student\u00f3w<\/strong>\u00a0I roku jest zaniepokojonych faktem, \u017ce nie mog\u0105 zalogowa\u0107 si\u0119 do USOSweba z wykorzystaniem has\u0142a z IRK. Jednak nie nale\u017cy si\u0119 tym przejmowa\u0107. Pracownicy administracyjni maj\u0105 bardzo du\u017co pracy przy wpisywaniu nowych student\u00f3w do USOS-a. Proces ten ci\u0105gnie si\u0119 przez ca\u0142e wakacje. Tak wi\u0119c je\u017celi Twoi koledzy maj\u0105 ju\u017c dost\u0119p do USOSweba, a Ty nie, oznacza\u0107 to mo\u017ce, \u017ce ich dane zosta\u0142y ju\u017c wprowadzone przez pracownika sekretariatu ds. studenckich, a Twoje jeszcze nie (bo np. kolega ma nazwisko na B, Ty na T, a za\u0142atwiani jeste\u015bcie w kolejno\u015bci alfabetycznej). Trzeba po prostu uzbroi\u0107 si\u0119 w cierpliwo\u015b\u0107. Niepokoj\u0105ca mo\u017ce by\u0107 dopiero sytuacja, je\u015bli nie b\u0119dziesz m\u00f3g\u0142 zalogowa\u0107 si\u0119 do uczelnianych serwis\u00f3w w pa\u017adzierniku (gdy zacznie si\u0119 ju\u017c nowy rok akademicki) albo gdy nadszed\u0142 dzie\u0144, w kt\u00f3rym wed\u0142ug informacji og\u0142oszonych w naszej jednostce wszyscy jego nowi studenci powinni mie\u0107 ju\u017c dost\u0119p do uczelnianych serwis\u00f3w. W takim przypadku b\u0119dziesz musia\u0142 zg\u0142osi\u0107 spraw\u0119 w sekretariacie ds. studenckich.<\/p>\n<h5><a id=\"kalendarz-akademicki\"><\/a>Kalendarz akademicki<\/h5>\n<p>Corocznie ustalana jest organizacja roku akademickiego na Uniwersytecie Warszawskim czyli tzw.\u00a0<span style=\"color: #ff6600\"><a style=\"color: #ff6600\" href=\"https:\/\/www.uw.edu.pl\/wp-content\/uploads\/2020\/07\/m.2020.326.post_.11.pdf\">Kalendarz akademicki<\/a><\/span>. Mo\u017cna w nim znale\u017a\u0107 terminy sesji oraz dni wolne od zaj\u0119\u0107.<\/p>\n<h5><a id=\"zasady-studiowania\"><\/a>Zasady studiowania<\/h5>\n<p>Warto zapozna\u0107 si\u0119 ze\u00a0<span style=\"color: #ff6600\"><a style=\"color: #ff6600\" href=\"http:\/\/msos.uw.edu.pl\/uploads\/dokumenty\/Szczegolowe%20zasady%20studiowania%20UCBS_2018.03.23_RN.pdf\">Szczeg\u00f3\u0142owymi zasadami studiowania<\/a><\/span>\u00a0oraz\u00a0<a href=\"http:\/\/monitor.uw.edu.pl\/Lists\/Uchway\/Attachments\/2440\/M.2015.71.U.351.pdf\"><span style=\"color: #ff6600\">Regulaminem studi\u00f3w na UW<\/span><\/a>.\u00a0 Znajdziecie tam wa\u017cne informacje m. in. na temat waszych praw i obowi\u0105zk\u00f3w, zasad za\u0142atwiania spraw studenckich czy zasad zaliczania kolejnych etap\u00f3w studi\u00f3w.<\/p>\n<h5><a id=\"program-studiow\"><\/a>Program studi\u00f3w<\/h5>\n<p>Podczas studi\u00f3w musisz na ka\u017cdym roku zrealizowa\u0107 zaj\u0119cia, kt\u00f3re znajdziesz w\u00a0<span style=\"color: #ff6600\"><a style=\"color: #ff6600\" href=\"https:\/\/ucbs.uw.edu.pl\/home\/plany\/plany-studiow\/\">planie studi\u00f3w<\/a><\/span>. Szczeg\u00f3\u0142owe informacje na temat poszczeg\u00f3lnych przedmiot\u00f3w (opis przedmiotu, wyk\u0142adowca, wymagania, literatura, forma zaliczenia, itp.) znajdziesz w USOSwebie w Katalogu przedmiot\u00f3w. W planie studi\u00f3w pojawia si\u0119 poj\u0119cie&#8221; ECTS&#8221;, kt\u00f3re zosta\u0142o wyja\u015bnione\u00a0tutaj.<\/p>\n<p>W 1 semestrze obowi\u0105zuje student\u00f3w zaliczenie dw\u00f3ch szkole\u0144 w systemie internetowym:\u00a0<strong>Podstawy ochrony w\u0142asno\u015bci intelektualnej<\/strong>\u00a0oraz\u00a0<strong>Szkolenie BHP<\/strong>. Terminy szkole\u0144 b\u0119d\u0105 podawane w aktualno\u015bciach po rozpocz\u0119ciu semestru.<\/p>\n<p>W 2 semestrze obowi\u0105zuje zaliczenie jednego tematycznego\u00a0<a href=\"https:\/\/ucbs.uw.edu.pl\/home\/zajecia\/bloki-do-wyboru-dla-i-roku\/\"><span style=\"color: #ff6600\">bloku do wyboru<\/span><\/a>.<\/p>\n<p>Do ko\u0144ca 5 semestru studi\u00f3w nale\u017cy zaliczy\u0107 90h zaj\u0119\u0107 z wychowania fizycznego.<br \/>\nStudenci I roku mog\u0105 (ale nie musz\u0105) ju\u017c od 1 semestru studi\u00f3w zapisa\u0107 si\u0119 na te zaj\u0119cia.<\/p>\n<p>Do ko\u0144ca 6 semestru studi\u00f3w nale\u017cy zaliczy\u0107 120h zaj\u0119\u0107 z wybranego j\u0119zyka obcego (Lektorat), a nast\u0119pnie zda\u0107\u00a0<span style=\"color: #ff6600\"><a style=\"color: #ff6600\" href=\"https:\/\/ucbs.uw.edu.pl\/home\/zajecia\/egzamin-z-jezyka-obcego\/\">Egzamin z j\u0119zyka obcego<\/a><\/span>. Studenci I roku mog\u0105 (ale nie musz\u0105) ju\u017c od pierwszego semestru studi\u00f3w zapisa\u0107 si\u0119 na Lektoraty<\/p>\n<h5><a id=\"plan-zajec\"><\/a>Plan zaj\u0119\u0107<\/h5>\n<p>Plan zaj\u0119\u0107 pojawia si\u0119 w po\u0142owie wrze\u015bnia<span style=\"color: #ff6600\">\u00a0<a style=\"color: #ff6600\" href=\"https:\/\/ucbs.uw.edu.pl\/home\/zajecia\/plany-zajec\/\">na tej stronie<\/a><\/span>.<\/p>\n<h5><a id=\"rejestracja-na-zajecia\"><\/a>Rejestracja na zaj\u0119cia<\/h5>\n<p>Studenci maj\u0105 obowi\u0105zek samodzielnego rejestrowania si\u0119 na wszystkie zaj\u0119cia poprzez odpowiednie modu\u0142y USOS. Szczeg\u00f3\u0142y w dziale<span style=\"color: #ff6600\">\u00a0<a style=\"color: #ff6600\" href=\"https:\/\/ucbs.uw.edu.pl\/home\/zajecia\/rejestracja-na-zajecia\/\">Rejestracja na zaj\u0119cia<\/a><\/span><a><\/a><\/p>\n<h5><a id=\"ubezpieczenie\"><\/a>Ubezpieczenie zdrowotne<\/h5>\n<p>Wielu student\u00f3w (nawet ze starszych rocznik\u00f3w) uwa\u017ca, \u017ce posiadanie statutu studenta jest jednoznaczne z posiadaniem ubezpieczenia zdrowotnego, a tym samym, z prawem do bezp\u0142atnego korzystania z opieki zdrowotnej. TAKIE ROZUMOWANIE JEST B\u0141\u0118DEM!!!<br \/>\nUczelnia nie ubezpiecza student\u00f3w!!!\u00a0 Szczeg\u00f3\u0142owe informacje\u00a0<span style=\"color: #ff6600\"><a style=\"color: #ff6600\" href=\"https:\/\/ucbs.uw.edu.pl\/home\/sprawy-socjalne\/ubezpieczenia-zdrowotne\/\">tutaj<\/a><\/span>.<\/p>\n<h5><a id=\"pomoc-socjalna\"><\/a>Pomoc socjalna<\/h5>\n<p>Studenci, kt\u00f3rzy mieszkaj\u0105 daleko od Warszawy mog\u0105 skorzysta\u0107 z oferty\u00a0<a href=\"https:\/\/ucbs.uw.edu.pl\/home\/sprawy-socjalne\/akademik\/\"><span style=\"color: #ff6600\">Akademik\u00f3w UW<\/span><\/a>.<\/p>\n<p>Osoby z niskimi dochodami w rodzinie mog\u0105 otrzymywa\u0107 stypendium socjalne a osoby niepe\u0142nosprawne stypendium specjalne. Ponadto ka\u017cdy w przypadku zdarze\u0144 losowych mo\u017ce otrzyma\u0107 zapomog\u0119. <span style=\"color: #ff6600\"><a style=\"color: #ff6600\" href=\"https:\/\/ucbs.uw.edu.pl\/home\/sprawy-socjalne\/stypendia\/\">Szczeg\u00f3\u0142owe informacje o stypendiach socjalnych<\/a><\/span><\/li>\n<\/ul>\n<\/div>","protected":false},"excerpt":{"rendered":"<p>Przewodnik dla nowych student\u00f3w Serdecznie witamy nowych student\u00f3w ! Prosimy o zapoznanie si\u0119 z nast\u0119puj\u0105cymi informacjami: Uroczysta inauguracja roku akademickiego Godziny adaptacyjne Wyjazd integracyjny Szkolenie biblioteczne Uniwersytecki e-mail dla student\u00f3w USOS, USOSweb i USOSul Kalendarz akademicki Zasady studiowania Program studi\u00f3w Plan zaj\u0119\u0107 Rejestracja na zaj\u0119cia Ubezpieczenie zdrowotne Pomoc socjalna Uroczysta inauguracja roku akademickiego Wi\u0119cej informacji [&hellip;]<\/p>\n","protected":false},"author":1,"featured_media":0,"parent":244,"menu_order":0,"comment_status":"closed","ping_status":"closed","template":"","meta":{"_acf_changed":false,"_exactmetrics_skip_tracking":false,"_exactmetrics_sitenote_active":false,"_exactmetrics_sitenote_note":"","_exactmetrics_sitenote_category":0,"_uf_show_specific_survey":0,"_uf_disable_surveys":false,"footnotes":"","_links_to":"","_links_to_target":""},"class_list":["post-257","page","type-page","status-publish","hentry","post"],"acf":[],"yoast_head":"<!-- This site is optimized with the Yoast SEO plugin v27.6 - https:\/\/yoast.com\/product\/yoast-seo-wordpress\/ -->\n<title>Niezb\u0119dnik studenta I roku UCBS UW<\/title>\n<meta name=\"description\" content=\"Pocz\u0105tki zawsze s\u0105 trudne! Nie poddawaj si\u0119, mamy dla Ciebie przewodnik, a w nim wszystko co potrzebne aby dobrze zacz\u0105\u0107 studiowanie.\" \/>\n<meta name=\"robots\" content=\"index, follow, max-snippet:-1, max-image-preview:large, max-video-preview:-1\" \/>\n<link rel=\"canonical\" href=\"https:\/\/ucbs.uw.edu.pl\/home\/rekrutacja\/niezbednik-studenta-i-roku\/\" \/>\n<meta property=\"og:locale\" content=\"en_US\" \/>\n<meta property=\"og:type\" content=\"article\" \/>\n<meta property=\"og:title\" content=\"Niezb\u0119dnik studenta I roku UCBS UW\" \/>\n<meta property=\"og:description\" content=\"Pocz\u0105tki zawsze s\u0105 trudne! Nie poddawaj si\u0119, mamy dla Ciebie przewodnik, a w nim wszystko co potrzebne aby dobrze zacz\u0105\u0107 studiowanie.\" \/>\n<meta property=\"og:url\" content=\"https:\/\/ucbs.uw.edu.pl\/home\/rekrutacja\/niezbednik-studenta-i-roku\/\" \/>\n<meta property=\"og:site_name\" content=\"University Centre for Environmental Studies and Sustainable Development\" \/>\n<meta property=\"article:publisher\" content=\"https:\/\/www.facebook.com\/ucbsuw\" \/>\n<meta property=\"article:modified_time\" content=\"2023-09-11T08:22:11+00:00\" \/>\n<meta property=\"og:image\" content=\"https:\/\/ucbs.uw.edu.pl\/wp-content\/uploads\/sites\/389\/2022\/07\/15092021_SESJA_UW_DAY_1_web_size-283-1.jpg\" \/>\n<meta name=\"twitter:card\" content=\"summary_large_image\" \/>\n<meta name=\"twitter:site\" content=\"@ucbsuw\" \/>\n<meta name=\"twitter:label1\" content=\"Est. reading time\" \/>\n\t<meta name=\"twitter:data1\" content=\"5 minutes\" \/>\n<script type=\"application\/ld+json\" class=\"yoast-schema-graph\">{\"@context\":\"https:\\\/\\\/schema.org\",\"@graph\":[{\"@type\":\"WebPage\",\"@id\":\"https:\\\/\\\/ucbs.uw.edu.pl\\\/home\\\/rekrutacja\\\/niezbednik-studenta-i-roku\\\/\",\"url\":\"https:\\\/\\\/ucbs.uw.edu.pl\\\/home\\\/rekrutacja\\\/niezbednik-studenta-i-roku\\\/\",\"name\":\"Niezb\u0119dnik studenta I roku UCBS UW\",\"isPartOf\":{\"@id\":\"https:\\\/\\\/ucbs.uw.edu.pl\\\/#website\"},\"primaryImageOfPage\":{\"@id\":\"https:\\\/\\\/ucbs.uw.edu.pl\\\/home\\\/rekrutacja\\\/niezbednik-studenta-i-roku\\\/#primaryimage\"},\"image\":{\"@id\":\"https:\\\/\\\/ucbs.uw.edu.pl\\\/home\\\/rekrutacja\\\/niezbednik-studenta-i-roku\\\/#primaryimage\"},\"thumbnailUrl\":\"https:\\\/\\\/ucbs.uw.edu.pl\\\/wp-content\\\/uploads\\\/sites\\\/389\\\/2022\\\/07\\\/15092021_SESJA_UW_DAY_1_web_size-283-1.jpg\",\"datePublished\":\"2021-02-22T12:58:31+00:00\",\"dateModified\":\"2023-09-11T08:22:11+00:00\",\"description\":\"Pocz\u0105tki zawsze s\u0105 trudne! Nie poddawaj si\u0119, mamy dla Ciebie przewodnik, a w nim wszystko co potrzebne aby dobrze zacz\u0105\u0107 studiowanie.\",\"breadcrumb\":{\"@id\":\"https:\\\/\\\/ucbs.uw.edu.pl\\\/home\\\/rekrutacja\\\/niezbednik-studenta-i-roku\\\/#breadcrumb\"},\"inLanguage\":\"en-US\",\"potentialAction\":[{\"@type\":\"ReadAction\",\"target\":[\"https:\\\/\\\/ucbs.uw.edu.pl\\\/home\\\/rekrutacja\\\/niezbednik-studenta-i-roku\\\/\"]}]},{\"@type\":\"ImageObject\",\"inLanguage\":\"en-US\",\"@id\":\"https:\\\/\\\/ucbs.uw.edu.pl\\\/home\\\/rekrutacja\\\/niezbednik-studenta-i-roku\\\/#primaryimage\",\"url\":\"https:\\\/\\\/ucbs.uw.edu.pl\\\/wp-content\\\/uploads\\\/sites\\\/389\\\/2022\\\/07\\\/15092021_SESJA_UW_DAY_1_web_size-283-1.jpg\",\"contentUrl\":\"https:\\\/\\\/ucbs.uw.edu.pl\\\/wp-content\\\/uploads\\\/sites\\\/389\\\/2022\\\/07\\\/15092021_SESJA_UW_DAY_1_web_size-283-1.jpg\"},{\"@type\":\"BreadcrumbList\",\"@id\":\"https:\\\/\\\/ucbs.uw.edu.pl\\\/home\\\/rekrutacja\\\/niezbednik-studenta-i-roku\\\/#breadcrumb\",\"itemListElement\":[{\"@type\":\"ListItem\",\"position\":1,\"name\":\"Strona g\u0142\u00f3wna\",\"item\":\"https:\\\/\\\/ucbs.uw.edu.pl\\\/\"},{\"@type\":\"ListItem\",\"position\":2,\"name\":\"Home\",\"item\":\"https:\\\/\\\/ucbs.uw.edu.pl\\\/home\\\/\"},{\"@type\":\"ListItem\",\"position\":3,\"name\":\"Rekrutacja\",\"item\":\"https:\\\/\\\/ucbs.uw.edu.pl\\\/home\\\/rekrutacja\\\/\"},{\"@type\":\"ListItem\",\"position\":4,\"name\":\"Niezb\u0119dnik studenta I roku\"}]},{\"@type\":\"WebSite\",\"@id\":\"https:\\\/\\\/ucbs.uw.edu.pl\\\/#website\",\"url\":\"https:\\\/\\\/ucbs.uw.edu.pl\\\/\",\"name\":\"Uniwersyteckie Centrum Bada\u0144 nad \u015arodowiskiem Przyrodniczym i Zr\u00f3wnowa\u017conym Rozwojem\",\"description\":\"7 Departments mean 7 times more opportunities\",\"publisher\":{\"@id\":\"https:\\\/\\\/ucbs.uw.edu.pl\\\/#organization\"},\"potentialAction\":[{\"@type\":\"SearchAction\",\"target\":{\"@type\":\"EntryPoint\",\"urlTemplate\":\"https:\\\/\\\/ucbs.uw.edu.pl\\\/?s={search_term_string}\"},\"query-input\":{\"@type\":\"PropertyValueSpecification\",\"valueRequired\":true,\"valueName\":\"search_term_string\"}}],\"inLanguage\":\"en-US\"},{\"@type\":\"Organization\",\"@id\":\"https:\\\/\\\/ucbs.uw.edu.pl\\\/#organization\",\"name\":\"Uniwersyteckie Centrum Bada\u0144 nad \u015arodowiskiem Przyrodniczym i Zr\u00f3wnowa\u017conym Rozwojem\",\"url\":\"https:\\\/\\\/ucbs.uw.edu.pl\\\/\",\"logo\":{\"@type\":\"ImageObject\",\"inLanguage\":\"en-US\",\"@id\":\"https:\\\/\\\/ucbs.uw.edu.pl\\\/#\\\/schema\\\/logo\\\/image\\\/\",\"url\":\"https:\\\/\\\/ucbs.uw.edu.pl\\\/wp-content\\\/uploads\\\/sites\\\/389\\\/2023\\\/09\\\/PL_zwykly_monochromatyczny_okragly.jpg\",\"contentUrl\":\"https:\\\/\\\/ucbs.uw.edu.pl\\\/wp-content\\\/uploads\\\/sites\\\/389\\\/2023\\\/09\\\/PL_zwykly_monochromatyczny_okragly.jpg\",\"width\":658,\"height\":710,\"caption\":\"Uniwersyteckie Centrum Bada\u0144 nad \u015arodowiskiem Przyrodniczym i Zr\u00f3wnowa\u017conym Rozwojem\"},\"image\":{\"@id\":\"https:\\\/\\\/ucbs.uw.edu.pl\\\/#\\\/schema\\\/logo\\\/image\\\/\"},\"sameAs\":[\"https:\\\/\\\/www.facebook.com\\\/ucbsuw\",\"https:\\\/\\\/x.com\\\/ucbsuw\",\"https:\\\/\\\/www.linkedin.com\\\/company\\\/19014166\\\/admin\\\/feed\\\/posts\\\/\"]}]}<\/script>\n<!-- \/ Yoast SEO plugin. -->","yoast_head_json":{"title":"Niezb\u0119dnik studenta I roku UCBS UW","description":"Pocz\u0105tki zawsze s\u0105 trudne! Nie poddawaj si\u0119, mamy dla Ciebie przewodnik, a w nim wszystko co potrzebne aby dobrze zacz\u0105\u0107 studiowanie.","robots":{"index":"index","follow":"follow","max-snippet":"max-snippet:-1","max-image-preview":"max-image-preview:large","max-video-preview":"max-video-preview:-1"},"canonical":"https:\/\/ucbs.uw.edu.pl\/home\/rekrutacja\/niezbednik-studenta-i-roku\/","og_locale":"en_US","og_type":"article","og_title":"Niezb\u0119dnik studenta I roku UCBS UW","og_description":"Pocz\u0105tki zawsze s\u0105 trudne! Nie poddawaj si\u0119, mamy dla Ciebie przewodnik, a w nim wszystko co potrzebne aby dobrze zacz\u0105\u0107 studiowanie.","og_url":"https:\/\/ucbs.uw.edu.pl\/home\/rekrutacja\/niezbednik-studenta-i-roku\/","og_site_name":"University Centre for Environmental Studies and Sustainable Development","article_publisher":"https:\/\/www.facebook.com\/ucbsuw","article_modified_time":"2023-09-11T08:22:11+00:00","og_image":[{"url":"https:\/\/ucbs.uw.edu.pl\/wp-content\/uploads\/sites\/389\/2022\/07\/15092021_SESJA_UW_DAY_1_web_size-283-1.jpg","type":"","width":"","height":""}],"twitter_card":"summary_large_image","twitter_site":"@ucbsuw","twitter_misc":{"Est. reading time":"5 minutes"},"schema":{"@context":"https:\/\/schema.org","@graph":[{"@type":"WebPage","@id":"https:\/\/ucbs.uw.edu.pl\/home\/rekrutacja\/niezbednik-studenta-i-roku\/","url":"https:\/\/ucbs.uw.edu.pl\/home\/rekrutacja\/niezbednik-studenta-i-roku\/","name":"Niezb\u0119dnik studenta I roku UCBS UW","isPartOf":{"@id":"https:\/\/ucbs.uw.edu.pl\/#website"},"primaryImageOfPage":{"@id":"https:\/\/ucbs.uw.edu.pl\/home\/rekrutacja\/niezbednik-studenta-i-roku\/#primaryimage"},"image":{"@id":"https:\/\/ucbs.uw.edu.pl\/home\/rekrutacja\/niezbednik-studenta-i-roku\/#primaryimage"},"thumbnailUrl":"https:\/\/ucbs.uw.edu.pl\/wp-content\/uploads\/sites\/389\/2022\/07\/15092021_SESJA_UW_DAY_1_web_size-283-1.jpg","datePublished":"2021-02-22T12:58:31+00:00","dateModified":"2023-09-11T08:22:11+00:00","description":"Pocz\u0105tki zawsze s\u0105 trudne! Nie poddawaj si\u0119, mamy dla Ciebie przewodnik, a w nim wszystko co potrzebne aby dobrze zacz\u0105\u0107 studiowanie.","breadcrumb":{"@id":"https:\/\/ucbs.uw.edu.pl\/home\/rekrutacja\/niezbednik-studenta-i-roku\/#breadcrumb"},"inLanguage":"en-US","potentialAction":[{"@type":"ReadAction","target":["https:\/\/ucbs.uw.edu.pl\/home\/rekrutacja\/niezbednik-studenta-i-roku\/"]}]},{"@type":"ImageObject","inLanguage":"en-US","@id":"https:\/\/ucbs.uw.edu.pl\/home\/rekrutacja\/niezbednik-studenta-i-roku\/#primaryimage","url":"https:\/\/ucbs.uw.edu.pl\/wp-content\/uploads\/sites\/389\/2022\/07\/15092021_SESJA_UW_DAY_1_web_size-283-1.jpg","contentUrl":"https:\/\/ucbs.uw.edu.pl\/wp-content\/uploads\/sites\/389\/2022\/07\/15092021_SESJA_UW_DAY_1_web_size-283-1.jpg"},{"@type":"BreadcrumbList","@id":"https:\/\/ucbs.uw.edu.pl\/home\/rekrutacja\/niezbednik-studenta-i-roku\/#breadcrumb","itemListElement":[{"@type":"ListItem","position":1,"name":"Strona g\u0142\u00f3wna","item":"https:\/\/ucbs.uw.edu.pl\/"},{"@type":"ListItem","position":2,"name":"Home","item":"https:\/\/ucbs.uw.edu.pl\/home\/"},{"@type":"ListItem","position":3,"name":"Rekrutacja","item":"https:\/\/ucbs.uw.edu.pl\/home\/rekrutacja\/"},{"@type":"ListItem","position":4,"name":"Niezb\u0119dnik studenta I roku"}]},{"@type":"WebSite","@id":"https:\/\/ucbs.uw.edu.pl\/#website","url":"https:\/\/ucbs.uw.edu.pl\/","name":"Uniwersyteckie Centrum Bada\u0144 nad \u015arodowiskiem Przyrodniczym i Zr\u00f3wnowa\u017conym Rozwojem","description":"7 Departments mean 7 times more opportunities","publisher":{"@id":"https:\/\/ucbs.uw.edu.pl\/#organization"},"potentialAction":[{"@type":"SearchAction","target":{"@type":"EntryPoint","urlTemplate":"https:\/\/ucbs.uw.edu.pl\/?s={search_term_string}"},"query-input":{"@type":"PropertyValueSpecification","valueRequired":true,"valueName":"search_term_string"}}],"inLanguage":"en-US"},{"@type":"Organization","@id":"https:\/\/ucbs.uw.edu.pl\/#organization","name":"Uniwersyteckie Centrum Bada\u0144 nad \u015arodowiskiem Przyrodniczym i Zr\u00f3wnowa\u017conym Rozwojem","url":"https:\/\/ucbs.uw.edu.pl\/","logo":{"@type":"ImageObject","inLanguage":"en-US","@id":"https:\/\/ucbs.uw.edu.pl\/#\/schema\/logo\/image\/","url":"https:\/\/ucbs.uw.edu.pl\/wp-content\/uploads\/sites\/389\/2023\/09\/PL_zwykly_monochromatyczny_okragly.jpg","contentUrl":"https:\/\/ucbs.uw.edu.pl\/wp-content\/uploads\/sites\/389\/2023\/09\/PL_zwykly_monochromatyczny_okragly.jpg","width":658,"height":710,"caption":"Uniwersyteckie Centrum Bada\u0144 nad \u015arodowiskiem Przyrodniczym i Zr\u00f3wnowa\u017conym Rozwojem"},"image":{"@id":"https:\/\/ucbs.uw.edu.pl\/#\/schema\/logo\/image\/"},"sameAs":["https:\/\/www.facebook.com\/ucbsuw","https:\/\/x.com\/ucbsuw","https:\/\/www.linkedin.com\/company\/19014166\/admin\/feed\/posts\/"]}]}},"_links":{"self":[{"href":"https:\/\/ucbs.uw.edu.pl\/en\/wp-json\/wp\/v2\/pages\/257","targetHints":{"allow":["GET"]}}],"collection":[{"href":"https:\/\/ucbs.uw.edu.pl\/en\/wp-json\/wp\/v2\/pages"}],"about":[{"href":"https:\/\/ucbs.uw.edu.pl\/en\/wp-json\/wp\/v2\/types\/page"}],"author":[{"embeddable":true,"href":"https:\/\/ucbs.uw.edu.pl\/en\/wp-json\/wp\/v2\/users\/1"}],"replies":[{"embeddable":true,"href":"https:\/\/ucbs.uw.edu.pl\/en\/wp-json\/wp\/v2\/comments?post=257"}],"version-history":[{"count":20,"href":"https:\/\/ucbs.uw.edu.pl\/en\/wp-json\/wp\/v2\/pages\/257\/revisions"}],"predecessor-version":[{"id":5513,"href":"https:\/\/ucbs.uw.edu.pl\/en\/wp-json\/wp\/v2\/pages\/257\/revisions\/5513"}],"up":[{"embeddable":true,"href":"https:\/\/ucbs.uw.edu.pl\/en\/wp-json\/wp\/v2\/pages\/244"}],"wp:attachment":[{"href":"https:\/\/ucbs.uw.edu.pl\/en\/wp-json\/wp\/v2\/media?parent=257"}],"curies":[{"name":"wp","href":"https:\/\/api.w.org\/{rel}","templated":true}]}}