{"id":249,"date":"2021-02-22T13:51:32","date_gmt":"2021-02-22T12:51:32","guid":{"rendered":"http:\/\/ucbs.uw.edu.pl\/?page_id=249"},"modified":"2024-06-19T14:57:47","modified_gmt":"2024-06-19T12:57:47","slug":"sylwetka-absolwenta","status":"publish","type":"page","link":"https:\/\/ucbs.uw.edu.pl\/en\/home\/rekrutacja\/sylwetka-absolwenta\/","title":{"rendered":"Graduate Profile"},"content":{"rendered":"<strong>As a result of education at the level of the first degree studies of the general-academic profile, the graduate of the Inter-Faculty Studies in Environmental Protection (MSOS) <\/strong><\/p>\n<ul>\n<li>Possesses interdisciplinary general knowledge in the field of mathematical and natural sciences and environmental sciences and the ability to use it in his\/her professional work and life, observing legal and ethical principles;<\/li>\n<li>Understands and analyzes processes taking place in nature and human impact on environment;<\/li>\n<li>Understand and analyse natural processes and the impact of humans on the environment; understand basic processes and problems relevant to environmental protection and be guided in their actions by the principles of sustainable development;<\/li>\n<li>Uses source information in Polish and English (e.g. maps, photographs, interviews, the Internet, specialist journals), makes analyses, syntheses, summaries, critical assessments and correct conclusions;<\/li>\n<li>Communicates with a socio-economic environment in speaking and writing, knows how to work in a team;<\/li>\n<li>Has a command of a foreign language at the B2 level of the Common European Framework of Reference for Languages of the Council of Europe and the ability to use specialist language in the field of environmental protection;<\/li>\n<li>Is responsible for his\/her own and others&#8217; work safety;<\/li>\n<li>Is ready to deepen his\/her knowledge in the field of environmental sciences and prepared to undertake further studies.<\/li>\n<\/ul>\n<p><strong>As a result of education at the level of II degree studies of the general-academic profile, the graduate of the Inter-Faculty Studies in Environmental Protection (MSOS)<\/strong><\/p>\n<ul>\n<li>Perceives multiple relationships and dependencies between elements and environmental factors;<br \/>\nuses knowledge and research methods of various sciences;<\/li>\n<li>Uses knowledge and research methods of various sciences; knows tools of environmental management, mechanisms and administrative procedures<br \/>\nforesees effects of human interference in natural environment;<\/li>\n<li>Uses specialist terminology in Polish and English;<\/li>\n<li>Uses environmental models;<\/li>\n<li>Critically evaluates information about the environment;<\/li>\n<li>Uses modern information techniques;<\/li>\n<li>Appreciates the role of environmental education and sustainable development;<\/li>\n<li>Improves his\/her professional skills;<\/li>\n<li>Is responsible for teamwork is aware of the political conditions of environmental protection<br \/>\ndemonstrates the ability to prepare and write a diploma paper, prepare written and oral presentations of own research results in Polish and a short report in English<\/li>\n<\/ul>","protected":false},"excerpt":{"rendered":"<p>As a result of education at the level of the first degree studies of the general-academic profile, the graduate of the Inter-Faculty Studies in Environmental Protection (MSOS) Possesses interdisciplinary general knowledge in the field of mathematical and natural sciences and environmental sciences and the ability to use it in his\/her professional work and life, observing [&hellip;]<\/p>\n","protected":false},"author":1,"featured_media":0,"parent":244,"menu_order":0,"comment_status":"closed","ping_status":"closed","template":"","meta":{"_acf_changed":false,"_exactmetrics_skip_tracking":false,"_exactmetrics_sitenote_active":false,"_exactmetrics_sitenote_note":"","_exactmetrics_sitenote_category":0,"_uf_show_specific_survey":0,"_uf_disable_surveys":false,"footnotes":"","_links_to":"","_links_to_target":""},"class_list":["post-249","page","type-page","status-publish","hentry","post"],"acf":[],"yoast_head":"<!-- This site is optimized with the Yoast SEO plugin v27.4 - https:\/\/yoast.com\/product\/yoast-seo-wordpress\/ -->\n<title>Sylwetka absolwenta UCBS<\/title>\n<meta name=\"description\" content=\"Planujesz swoj\u0105 przysz\u0142o\u015b\u0107? Chcesz po\u0142\u0105czy\u0107 pasj\u0119 z rozwojem zawodowym? Zobacz, dlaczego nasi absolwenci s\u0105 tak po\u017c\u0105dani na rynku pracy.\" \/>\n<meta name=\"robots\" content=\"index, follow, max-snippet:-1, max-image-preview:large, max-video-preview:-1\" \/>\n<link rel=\"canonical\" href=\"https:\/\/ucbs.uw.edu.pl\/home\/rekrutacja\/sylwetka-absolwenta\/\" \/>\n<meta property=\"og:locale\" content=\"en_US\" \/>\n<meta property=\"og:type\" content=\"article\" \/>\n<meta property=\"og:title\" content=\"Sylwetka absolwenta UCBS\" \/>\n<meta property=\"og:description\" content=\"Planujesz swoj\u0105 przysz\u0142o\u015b\u0107? Chcesz po\u0142\u0105czy\u0107 pasj\u0119 z rozwojem zawodowym? Zobacz, dlaczego nasi absolwenci s\u0105 tak po\u017c\u0105dani na rynku pracy.\" \/>\n<meta property=\"og:url\" content=\"https:\/\/ucbs.uw.edu.pl\/home\/rekrutacja\/sylwetka-absolwenta\/\" \/>\n<meta property=\"og:site_name\" content=\"University Centre for Environmental Studies and Sustainable Development\" \/>\n<meta property=\"article:publisher\" content=\"https:\/\/www.facebook.com\/ucbsuw\" \/>\n<meta property=\"article:modified_time\" content=\"2024-06-19T12:57:47+00:00\" \/>\n<meta name=\"twitter:card\" content=\"summary_large_image\" \/>\n<meta name=\"twitter:site\" content=\"@ucbsuw\" \/>\n<meta name=\"twitter:label1\" content=\"Est. reading time\" \/>\n\t<meta name=\"twitter:data1\" content=\"3 minutes\" \/>\n<script type=\"application\/ld+json\" class=\"yoast-schema-graph\">{\"@context\":\"https:\\\/\\\/schema.org\",\"@graph\":[{\"@type\":\"WebPage\",\"@id\":\"https:\\\/\\\/ucbs.uw.edu.pl\\\/home\\\/rekrutacja\\\/sylwetka-absolwenta\\\/\",\"url\":\"https:\\\/\\\/ucbs.uw.edu.pl\\\/home\\\/rekrutacja\\\/sylwetka-absolwenta\\\/\",\"name\":\"Sylwetka absolwenta UCBS\",\"isPartOf\":{\"@id\":\"https:\\\/\\\/ucbs.uw.edu.pl\\\/#website\"},\"datePublished\":\"2021-02-22T12:51:32+00:00\",\"dateModified\":\"2024-06-19T12:57:47+00:00\",\"description\":\"Planujesz swoj\u0105 przysz\u0142o\u015b\u0107? Chcesz po\u0142\u0105czy\u0107 pasj\u0119 z rozwojem zawodowym? Zobacz, dlaczego nasi absolwenci s\u0105 tak po\u017c\u0105dani na rynku pracy.\",\"breadcrumb\":{\"@id\":\"https:\\\/\\\/ucbs.uw.edu.pl\\\/home\\\/rekrutacja\\\/sylwetka-absolwenta\\\/#breadcrumb\"},\"inLanguage\":\"en-US\",\"potentialAction\":[{\"@type\":\"ReadAction\",\"target\":[\"https:\\\/\\\/ucbs.uw.edu.pl\\\/home\\\/rekrutacja\\\/sylwetka-absolwenta\\\/\"]}]},{\"@type\":\"BreadcrumbList\",\"@id\":\"https:\\\/\\\/ucbs.uw.edu.pl\\\/home\\\/rekrutacja\\\/sylwetka-absolwenta\\\/#breadcrumb\",\"itemListElement\":[{\"@type\":\"ListItem\",\"position\":1,\"name\":\"Strona g\u0142\u00f3wna\",\"item\":\"https:\\\/\\\/ucbs.uw.edu.pl\\\/\"},{\"@type\":\"ListItem\",\"position\":2,\"name\":\"Home\",\"item\":\"https:\\\/\\\/ucbs.uw.edu.pl\\\/home\\\/\"},{\"@type\":\"ListItem\",\"position\":3,\"name\":\"Rekrutacja\",\"item\":\"https:\\\/\\\/ucbs.uw.edu.pl\\\/home\\\/rekrutacja\\\/\"},{\"@type\":\"ListItem\",\"position\":4,\"name\":\"Sylwetka absolwenta\"}]},{\"@type\":\"WebSite\",\"@id\":\"https:\\\/\\\/ucbs.uw.edu.pl\\\/#website\",\"url\":\"https:\\\/\\\/ucbs.uw.edu.pl\\\/\",\"name\":\"Uniwersyteckie Centrum Bada\u0144 nad \u015arodowiskiem Przyrodniczym i Zr\u00f3wnowa\u017conym Rozwojem\",\"description\":\"7 Departments mean 7 times more opportunities\",\"publisher\":{\"@id\":\"https:\\\/\\\/ucbs.uw.edu.pl\\\/#organization\"},\"potentialAction\":[{\"@type\":\"SearchAction\",\"target\":{\"@type\":\"EntryPoint\",\"urlTemplate\":\"https:\\\/\\\/ucbs.uw.edu.pl\\\/?s={search_term_string}\"},\"query-input\":{\"@type\":\"PropertyValueSpecification\",\"valueRequired\":true,\"valueName\":\"search_term_string\"}}],\"inLanguage\":\"en-US\"},{\"@type\":\"Organization\",\"@id\":\"https:\\\/\\\/ucbs.uw.edu.pl\\\/#organization\",\"name\":\"Uniwersyteckie Centrum Bada\u0144 nad \u015arodowiskiem Przyrodniczym i Zr\u00f3wnowa\u017conym Rozwojem\",\"url\":\"https:\\\/\\\/ucbs.uw.edu.pl\\\/\",\"logo\":{\"@type\":\"ImageObject\",\"inLanguage\":\"en-US\",\"@id\":\"https:\\\/\\\/ucbs.uw.edu.pl\\\/#\\\/schema\\\/logo\\\/image\\\/\",\"url\":\"https:\\\/\\\/ucbs.uw.edu.pl\\\/wp-content\\\/uploads\\\/sites\\\/389\\\/2023\\\/09\\\/PL_zwykly_monochromatyczny_okragly.jpg\",\"contentUrl\":\"https:\\\/\\\/ucbs.uw.edu.pl\\\/wp-content\\\/uploads\\\/sites\\\/389\\\/2023\\\/09\\\/PL_zwykly_monochromatyczny_okragly.jpg\",\"width\":658,\"height\":710,\"caption\":\"Uniwersyteckie Centrum Bada\u0144 nad \u015arodowiskiem Przyrodniczym i Zr\u00f3wnowa\u017conym Rozwojem\"},\"image\":{\"@id\":\"https:\\\/\\\/ucbs.uw.edu.pl\\\/#\\\/schema\\\/logo\\\/image\\\/\"},\"sameAs\":[\"https:\\\/\\\/www.facebook.com\\\/ucbsuw\",\"https:\\\/\\\/x.com\\\/ucbsuw\",\"https:\\\/\\\/www.linkedin.com\\\/company\\\/19014166\\\/admin\\\/feed\\\/posts\\\/\"]}]}<\/script>\n<!-- \/ Yoast SEO plugin. -->","yoast_head_json":{"title":"Sylwetka absolwenta UCBS","description":"Planujesz swoj\u0105 przysz\u0142o\u015b\u0107? Chcesz po\u0142\u0105czy\u0107 pasj\u0119 z rozwojem zawodowym? Zobacz, dlaczego nasi absolwenci s\u0105 tak po\u017c\u0105dani na rynku pracy.","robots":{"index":"index","follow":"follow","max-snippet":"max-snippet:-1","max-image-preview":"max-image-preview:large","max-video-preview":"max-video-preview:-1"},"canonical":"https:\/\/ucbs.uw.edu.pl\/home\/rekrutacja\/sylwetka-absolwenta\/","og_locale":"en_US","og_type":"article","og_title":"Sylwetka absolwenta UCBS","og_description":"Planujesz swoj\u0105 przysz\u0142o\u015b\u0107? Chcesz po\u0142\u0105czy\u0107 pasj\u0119 z rozwojem zawodowym? Zobacz, dlaczego nasi absolwenci s\u0105 tak po\u017c\u0105dani na rynku pracy.","og_url":"https:\/\/ucbs.uw.edu.pl\/home\/rekrutacja\/sylwetka-absolwenta\/","og_site_name":"University Centre for Environmental Studies and Sustainable Development","article_publisher":"https:\/\/www.facebook.com\/ucbsuw","article_modified_time":"2024-06-19T12:57:47+00:00","twitter_card":"summary_large_image","twitter_site":"@ucbsuw","twitter_misc":{"Est. reading time":"3 minutes"},"schema":{"@context":"https:\/\/schema.org","@graph":[{"@type":"WebPage","@id":"https:\/\/ucbs.uw.edu.pl\/home\/rekrutacja\/sylwetka-absolwenta\/","url":"https:\/\/ucbs.uw.edu.pl\/home\/rekrutacja\/sylwetka-absolwenta\/","name":"Sylwetka absolwenta UCBS","isPartOf":{"@id":"https:\/\/ucbs.uw.edu.pl\/#website"},"datePublished":"2021-02-22T12:51:32+00:00","dateModified":"2024-06-19T12:57:47+00:00","description":"Planujesz swoj\u0105 przysz\u0142o\u015b\u0107? Chcesz po\u0142\u0105czy\u0107 pasj\u0119 z rozwojem zawodowym? Zobacz, dlaczego nasi absolwenci s\u0105 tak po\u017c\u0105dani na rynku pracy.","breadcrumb":{"@id":"https:\/\/ucbs.uw.edu.pl\/home\/rekrutacja\/sylwetka-absolwenta\/#breadcrumb"},"inLanguage":"en-US","potentialAction":[{"@type":"ReadAction","target":["https:\/\/ucbs.uw.edu.pl\/home\/rekrutacja\/sylwetka-absolwenta\/"]}]},{"@type":"BreadcrumbList","@id":"https:\/\/ucbs.uw.edu.pl\/home\/rekrutacja\/sylwetka-absolwenta\/#breadcrumb","itemListElement":[{"@type":"ListItem","position":1,"name":"Strona g\u0142\u00f3wna","item":"https:\/\/ucbs.uw.edu.pl\/"},{"@type":"ListItem","position":2,"name":"Home","item":"https:\/\/ucbs.uw.edu.pl\/home\/"},{"@type":"ListItem","position":3,"name":"Rekrutacja","item":"https:\/\/ucbs.uw.edu.pl\/home\/rekrutacja\/"},{"@type":"ListItem","position":4,"name":"Sylwetka absolwenta"}]},{"@type":"WebSite","@id":"https:\/\/ucbs.uw.edu.pl\/#website","url":"https:\/\/ucbs.uw.edu.pl\/","name":"Uniwersyteckie Centrum Bada\u0144 nad \u015arodowiskiem Przyrodniczym i Zr\u00f3wnowa\u017conym Rozwojem","description":"7 Departments mean 7 times more opportunities","publisher":{"@id":"https:\/\/ucbs.uw.edu.pl\/#organization"},"potentialAction":[{"@type":"SearchAction","target":{"@type":"EntryPoint","urlTemplate":"https:\/\/ucbs.uw.edu.pl\/?s={search_term_string}"},"query-input":{"@type":"PropertyValueSpecification","valueRequired":true,"valueName":"search_term_string"}}],"inLanguage":"en-US"},{"@type":"Organization","@id":"https:\/\/ucbs.uw.edu.pl\/#organization","name":"Uniwersyteckie Centrum Bada\u0144 nad \u015arodowiskiem Przyrodniczym i Zr\u00f3wnowa\u017conym Rozwojem","url":"https:\/\/ucbs.uw.edu.pl\/","logo":{"@type":"ImageObject","inLanguage":"en-US","@id":"https:\/\/ucbs.uw.edu.pl\/#\/schema\/logo\/image\/","url":"https:\/\/ucbs.uw.edu.pl\/wp-content\/uploads\/sites\/389\/2023\/09\/PL_zwykly_monochromatyczny_okragly.jpg","contentUrl":"https:\/\/ucbs.uw.edu.pl\/wp-content\/uploads\/sites\/389\/2023\/09\/PL_zwykly_monochromatyczny_okragly.jpg","width":658,"height":710,"caption":"Uniwersyteckie Centrum Bada\u0144 nad \u015arodowiskiem Przyrodniczym i Zr\u00f3wnowa\u017conym Rozwojem"},"image":{"@id":"https:\/\/ucbs.uw.edu.pl\/#\/schema\/logo\/image\/"},"sameAs":["https:\/\/www.facebook.com\/ucbsuw","https:\/\/x.com\/ucbsuw","https:\/\/www.linkedin.com\/company\/19014166\/admin\/feed\/posts\/"]}]}},"_links":{"self":[{"href":"https:\/\/ucbs.uw.edu.pl\/en\/wp-json\/wp\/v2\/pages\/249","targetHints":{"allow":["GET"]}}],"collection":[{"href":"https:\/\/ucbs.uw.edu.pl\/en\/wp-json\/wp\/v2\/pages"}],"about":[{"href":"https:\/\/ucbs.uw.edu.pl\/en\/wp-json\/wp\/v2\/types\/page"}],"author":[{"embeddable":true,"href":"https:\/\/ucbs.uw.edu.pl\/en\/wp-json\/wp\/v2\/users\/1"}],"replies":[{"embeddable":true,"href":"https:\/\/ucbs.uw.edu.pl\/en\/wp-json\/wp\/v2\/comments?post=249"}],"version-history":[{"count":11,"href":"https:\/\/ucbs.uw.edu.pl\/en\/wp-json\/wp\/v2\/pages\/249\/revisions"}],"predecessor-version":[{"id":7070,"href":"https:\/\/ucbs.uw.edu.pl\/en\/wp-json\/wp\/v2\/pages\/249\/revisions\/7070"}],"up":[{"embeddable":true,"href":"https:\/\/ucbs.uw.edu.pl\/en\/wp-json\/wp\/v2\/pages\/244"}],"wp:attachment":[{"href":"https:\/\/ucbs.uw.edu.pl\/en\/wp-json\/wp\/v2\/media?parent=249"}],"curies":[{"name":"wp","href":"https:\/\/api.w.org\/{rel}","templated":true}]}}