{"id":242,"date":"2021-02-22T13:46:07","date_gmt":"2021-02-22T12:46:07","guid":{"rendered":"http:\/\/ucbs.uw.edu.pl\/?page_id=242"},"modified":"2025-06-05T12:14:56","modified_gmt":"2025-06-05T10:14:56","slug":"harmonogram","status":"publish","type":"page","link":"https:\/\/ucbs.uw.edu.pl\/en\/home\/rekrutacja\/harmonogram\/","title":{"rendered":"Schedule"},"content":{"rendered":"The 2025\/2026 admissions to the UW<\/p>\n<p>Admissions to first-cycle, full-cycle and part of second-cycle studies at the UW in the 2025\/2026 academic year are open from 6th June to 7th July. The UW also prepared an educational offer for applicants from Ukraine. The admissions results will be announced on 20th July.<\/p>\n<div class=\"su-spoiler su-spoiler-style-simple su-spoiler-icon-folder-1 su-spoiler-closed\" data-scroll-offset=\"0\" data-anchor-in-url=\"no\"><div class=\"su-spoiler-title\" tabindex=\"0\" role=\"button\"><span class=\"su-spoiler-icon\"><\/span>ADMISSION SCHEDULE FOR THE 2025\/2026 ACADEMIC YEAR<\/div><div class=\"su-spoiler-content su-u-clearfix su-u-trim\">\n<table style=\"border-collapse: collapse; width: 97.9695%; height: 264px;\">\n<tbody>\n<tr style=\"height: 24px;\">\n<td style=\"width: 80.0943%; border-style: solid; border-color: #000000; height: 24px;\">Registration via the IRK system is launched<\/td>\n<td style=\"width: 19.9057%; border-style: solid; border-color: #000000; height: 24px;\"><span style=\"font-size: 12pt;\"><strong>5 June<\/strong> 2025<\/span><\/td>\n<\/tr>\n<tr style=\"height: 24px;\">\n<td style=\"width: 80.0943%; border-style: solid; border-color: #000000; height: 24px;\">The last day the IRK system is open for registration;<\/td>\n<td style=\"width: 19.9057%; border-style: solid; border-color: #000000; height: 24px;\"><span style=\"font-size: 12pt;\"><strong>9 July<\/strong> 2025<\/span><\/td>\n<\/tr>\n<tr style=\"height: 24px;\">\n<td style=\"width: 80.0943%; border-style: solid; border-color: #000000; height: 24px;\">Admissions results published;<\/td>\n<td style=\"width: 19.9057%; border-style: solid; border-color: #000000; height: 24px;\"><span style=\"font-size: 12pt;\"><strong>22 July<\/strong> 2025<\/span><\/td>\n<\/tr>\n<tr style=\"height: 24px;\">\n<td style=\"width: 80.0943%; border-style: solid; border-color: #000000; height: 24px;\">First round of the reply to the offer by qualified candidates<\/td>\n<td style=\"width: 19.9057%; border-style: solid; border-color: #000000; height: 24px;\"><span style=\"font-size: 12pt;\"><strong>23-25 July<\/strong> 2025<\/span><\/td>\n<\/tr>\n<\/tbody>\n<\/table>\n<p><span style=\"color: #ff6600;\"><a style=\"color: #ff6600;\" href=\"https:\/\/rekrutacja.uw.edu.pl\/en\/admission-rules-and-application-deadlines-for-studies-provided-in-english-for-the-academic-year-2022-2023\/\">Admission rules and application deadlines for the academic year 2025\/2026<\/a><\/span><\/p>\n<p>The admissions timelines for other programmes of the studies, including the selected studies in English, part-time first-, second- and full-cycle programmes, are specified in the\u00a0<a href=\"https:\/\/en.uw.edu.pl\/wp-content\/uploads\/2023\/05\/zal_nr_4_u_rekrutacyjna_147_2023-24.pdf\"><span style=\"color: #ff6600;\">appendix no. 4 of the resolution of the UW Senate<\/span>.\u00a0<\/a>In addition, the procedures are published in the<span style=\"color: #ff6600;\">\u00a0<a style=\"color: #ff6600;\" href=\"https:\/\/rekrutacja.uw.edu.pl\/statystyki-rekrutacyjne\/\">IRK system <\/a><\/span><\/p>\n<\/div><\/div>\n<p>&nbsp;","protected":false},"excerpt":{"rendered":"<p>The 2025\/2026 admissions to the UW Admissions to first-cycle, full-cycle and part of second-cycle studies at the UW in the 2025\/2026 academic year are open from 6th June to 7th July. The UW also prepared an educational offer for applicants from Ukraine. The admissions results will be announced on 20th July. &nbsp;<\/p>\n","protected":false},"author":1,"featured_media":0,"parent":244,"menu_order":0,"comment_status":"closed","ping_status":"closed","template":"","meta":{"_acf_changed":false,"_exactmetrics_skip_tracking":false,"_exactmetrics_sitenote_active":false,"_exactmetrics_sitenote_note":"","_exactmetrics_sitenote_category":0,"_uf_show_specific_survey":0,"_uf_disable_surveys":false,"footnotes":"","_links_to":"","_links_to_target":""},"class_list":["post-242","page","type-page","status-publish","hentry","post"],"acf":[],"yoast_head":"<!-- This site is optimized with the Yoast SEO plugin v27.3 - https:\/\/yoast.com\/product\/yoast-seo-wordpress\/ -->\n<title>Schedule - University Centre for Environmental Studies and Sustainable Development<\/title>\n<meta name=\"robots\" content=\"index, follow, max-snippet:-1, max-image-preview:large, max-video-preview:-1\" \/>\n<link rel=\"canonical\" href=\"https:\/\/ucbs.uw.edu.pl\/home\/rekrutacja\/harmonogram\/\" \/>\n<meta property=\"og:locale\" content=\"en_US\" \/>\n<meta property=\"og:type\" content=\"article\" \/>\n<meta property=\"og:title\" content=\"[:pl]Harmonogram rekrutacji[:en]Schedule[:] - University Centre for Environmental Studies and Sustainable Development\" \/>\n<meta property=\"og:description\" content=\"The 2025\/2026 admissions to the UW Admissions to first-cycle, full-cycle and part of second-cycle studies at the UW in the 2025\/2026 academic year are open from 6th June to 7th July. The UW also prepared an educational offer for applicants from Ukraine. The admissions results will be announced on 20th July. &nbsp;\" \/>\n<meta property=\"og:url\" content=\"https:\/\/ucbs.uw.edu.pl\/home\/rekrutacja\/harmonogram\/\" \/>\n<meta property=\"og:site_name\" content=\"University Centre for Environmental Studies and Sustainable Development\" \/>\n<meta property=\"article:publisher\" content=\"https:\/\/www.facebook.com\/ucbsuw\" \/>\n<meta property=\"article:modified_time\" content=\"2025-06-05T10:14:56+00:00\" \/>\n<meta property=\"og:image\" content=\"https:\/\/ucbs.uw.edu.pl\/wp-content\/uploads\/sites\/389\/2023\/09\/Green-Organic-Quote-Poster-e1718110630424.jpg\" \/>\n\t<meta property=\"og:image:width\" content=\"1586\" \/>\n\t<meta property=\"og:image:height\" content=\"875\" \/>\n\t<meta property=\"og:image:type\" content=\"image\/jpeg\" \/>\n<meta name=\"twitter:card\" content=\"summary_large_image\" \/>\n<meta name=\"twitter:site\" content=\"@ucbsuw\" \/>\n<meta name=\"twitter:label1\" content=\"Est. reading time\" \/>\n\t<meta name=\"twitter:data1\" content=\"3 minutes\" \/>\n<script type=\"application\/ld+json\" class=\"yoast-schema-graph\">{\"@context\":\"https:\\\/\\\/schema.org\",\"@graph\":[{\"@type\":\"WebPage\",\"@id\":\"https:\\\/\\\/ucbs.uw.edu.pl\\\/home\\\/rekrutacja\\\/harmonogram\\\/\",\"url\":\"https:\\\/\\\/ucbs.uw.edu.pl\\\/home\\\/rekrutacja\\\/harmonogram\\\/\",\"name\":\"[:pl]Harmonogram rekrutacji[:en]Schedule[:] - University Centre for Environmental Studies and Sustainable Development\",\"isPartOf\":{\"@id\":\"https:\\\/\\\/ucbs.uw.edu.pl\\\/#website\"},\"primaryImageOfPage\":{\"@id\":\"https:\\\/\\\/ucbs.uw.edu.pl\\\/home\\\/rekrutacja\\\/harmonogram\\\/#primaryimage\"},\"image\":{\"@id\":\"https:\\\/\\\/ucbs.uw.edu.pl\\\/home\\\/rekrutacja\\\/harmonogram\\\/#primaryimage\"},\"thumbnailUrl\":\"https:\\\/\\\/ucbs.uw.edu.pl\\\/wp-content\\\/uploads\\\/sites\\\/389\\\/2023\\\/09\\\/Green-Organic-Quote-Poster-e1718110630424-300x166.jpg\",\"datePublished\":\"2021-02-22T12:46:07+00:00\",\"dateModified\":\"2025-06-05T10:14:56+00:00\",\"breadcrumb\":{\"@id\":\"https:\\\/\\\/ucbs.uw.edu.pl\\\/home\\\/rekrutacja\\\/harmonogram\\\/#breadcrumb\"},\"inLanguage\":\"en-US\",\"potentialAction\":[{\"@type\":\"ReadAction\",\"target\":[\"https:\\\/\\\/ucbs.uw.edu.pl\\\/home\\\/rekrutacja\\\/harmonogram\\\/\"]}]},{\"@type\":\"ImageObject\",\"inLanguage\":\"en-US\",\"@id\":\"https:\\\/\\\/ucbs.uw.edu.pl\\\/home\\\/rekrutacja\\\/harmonogram\\\/#primaryimage\",\"url\":\"https:\\\/\\\/ucbs.uw.edu.pl\\\/wp-content\\\/uploads\\\/sites\\\/389\\\/2023\\\/09\\\/Green-Organic-Quote-Poster-e1718110630424-300x166.jpg\",\"contentUrl\":\"https:\\\/\\\/ucbs.uw.edu.pl\\\/wp-content\\\/uploads\\\/sites\\\/389\\\/2023\\\/09\\\/Green-Organic-Quote-Poster-e1718110630424-300x166.jpg\"},{\"@type\":\"BreadcrumbList\",\"@id\":\"https:\\\/\\\/ucbs.uw.edu.pl\\\/home\\\/rekrutacja\\\/harmonogram\\\/#breadcrumb\",\"itemListElement\":[{\"@type\":\"ListItem\",\"position\":1,\"name\":\"Strona g\u0142\u00f3wna\",\"item\":\"https:\\\/\\\/ucbs.uw.edu.pl\\\/\"},{\"@type\":\"ListItem\",\"position\":2,\"name\":\"Home\",\"item\":\"https:\\\/\\\/ucbs.uw.edu.pl\\\/home\\\/\"},{\"@type\":\"ListItem\",\"position\":3,\"name\":\"Rekrutacja\",\"item\":\"https:\\\/\\\/ucbs.uw.edu.pl\\\/home\\\/rekrutacja\\\/\"},{\"@type\":\"ListItem\",\"position\":4,\"name\":\"Harmonogram rekrutacji\"}]},{\"@type\":\"WebSite\",\"@id\":\"https:\\\/\\\/ucbs.uw.edu.pl\\\/#website\",\"url\":\"https:\\\/\\\/ucbs.uw.edu.pl\\\/\",\"name\":\"Uniwersyteckie Centrum Bada\u0144 nad \u015arodowiskiem Przyrodniczym i Zr\u00f3wnowa\u017conym Rozwojem\",\"description\":\"7 Departments mean 7 times more opportunities\",\"publisher\":{\"@id\":\"https:\\\/\\\/ucbs.uw.edu.pl\\\/#organization\"},\"potentialAction\":[{\"@type\":\"SearchAction\",\"target\":{\"@type\":\"EntryPoint\",\"urlTemplate\":\"https:\\\/\\\/ucbs.uw.edu.pl\\\/?s={search_term_string}\"},\"query-input\":{\"@type\":\"PropertyValueSpecification\",\"valueRequired\":true,\"valueName\":\"search_term_string\"}}],\"inLanguage\":\"en-US\"},{\"@type\":\"Organization\",\"@id\":\"https:\\\/\\\/ucbs.uw.edu.pl\\\/#organization\",\"name\":\"Uniwersyteckie Centrum Bada\u0144 nad \u015arodowiskiem Przyrodniczym i Zr\u00f3wnowa\u017conym Rozwojem\",\"url\":\"https:\\\/\\\/ucbs.uw.edu.pl\\\/\",\"logo\":{\"@type\":\"ImageObject\",\"inLanguage\":\"en-US\",\"@id\":\"https:\\\/\\\/ucbs.uw.edu.pl\\\/#\\\/schema\\\/logo\\\/image\\\/\",\"url\":\"https:\\\/\\\/ucbs.uw.edu.pl\\\/wp-content\\\/uploads\\\/sites\\\/389\\\/2023\\\/09\\\/PL_zwykly_monochromatyczny_okragly.jpg\",\"contentUrl\":\"https:\\\/\\\/ucbs.uw.edu.pl\\\/wp-content\\\/uploads\\\/sites\\\/389\\\/2023\\\/09\\\/PL_zwykly_monochromatyczny_okragly.jpg\",\"width\":658,\"height\":710,\"caption\":\"Uniwersyteckie Centrum Bada\u0144 nad \u015arodowiskiem Przyrodniczym i Zr\u00f3wnowa\u017conym Rozwojem\"},\"image\":{\"@id\":\"https:\\\/\\\/ucbs.uw.edu.pl\\\/#\\\/schema\\\/logo\\\/image\\\/\"},\"sameAs\":[\"https:\\\/\\\/www.facebook.com\\\/ucbsuw\",\"https:\\\/\\\/x.com\\\/ucbsuw\",\"https:\\\/\\\/www.linkedin.com\\\/company\\\/19014166\\\/admin\\\/feed\\\/posts\\\/\"]}]}<\/script>\n<!-- \/ Yoast SEO plugin. -->","yoast_head_json":{"title":"[:pl]Harmonogram rekrutacji[:en]Schedule[:] - University Centre for Environmental Studies and Sustainable Development","robots":{"index":"index","follow":"follow","max-snippet":"max-snippet:-1","max-image-preview":"max-image-preview:large","max-video-preview":"max-video-preview:-1"},"canonical":"https:\/\/ucbs.uw.edu.pl\/home\/rekrutacja\/harmonogram\/","og_locale":"en_US","og_type":"article","og_title":"[:pl]Harmonogram rekrutacji[:en]Schedule[:] - University Centre for Environmental Studies and Sustainable Development","og_description":"The 2025\/2026 admissions to the UW Admissions to first-cycle, full-cycle and part of second-cycle studies at the UW in the 2025\/2026 academic year are open from 6th June to 7th July. The UW also prepared an educational offer for applicants from Ukraine. The admissions results will be announced on 20th July. &nbsp;","og_url":"https:\/\/ucbs.uw.edu.pl\/home\/rekrutacja\/harmonogram\/","og_site_name":"University Centre for Environmental Studies and Sustainable Development","article_publisher":"https:\/\/www.facebook.com\/ucbsuw","article_modified_time":"2025-06-05T10:14:56+00:00","og_image":[{"width":1586,"height":875,"url":"https:\/\/ucbs.uw.edu.pl\/wp-content\/uploads\/sites\/389\/2023\/09\/Green-Organic-Quote-Poster-e1718110630424.jpg","type":"image\/jpeg"}],"twitter_card":"summary_large_image","twitter_site":"@ucbsuw","twitter_misc":{"Est. reading time":"3 minutes"},"schema":{"@context":"https:\/\/schema.org","@graph":[{"@type":"WebPage","@id":"https:\/\/ucbs.uw.edu.pl\/home\/rekrutacja\/harmonogram\/","url":"https:\/\/ucbs.uw.edu.pl\/home\/rekrutacja\/harmonogram\/","name":"[:pl]Harmonogram rekrutacji[:en]Schedule[:] - University Centre for Environmental Studies and Sustainable Development","isPartOf":{"@id":"https:\/\/ucbs.uw.edu.pl\/#website"},"primaryImageOfPage":{"@id":"https:\/\/ucbs.uw.edu.pl\/home\/rekrutacja\/harmonogram\/#primaryimage"},"image":{"@id":"https:\/\/ucbs.uw.edu.pl\/home\/rekrutacja\/harmonogram\/#primaryimage"},"thumbnailUrl":"https:\/\/ucbs.uw.edu.pl\/wp-content\/uploads\/sites\/389\/2023\/09\/Green-Organic-Quote-Poster-e1718110630424-300x166.jpg","datePublished":"2021-02-22T12:46:07+00:00","dateModified":"2025-06-05T10:14:56+00:00","breadcrumb":{"@id":"https:\/\/ucbs.uw.edu.pl\/home\/rekrutacja\/harmonogram\/#breadcrumb"},"inLanguage":"en-US","potentialAction":[{"@type":"ReadAction","target":["https:\/\/ucbs.uw.edu.pl\/home\/rekrutacja\/harmonogram\/"]}]},{"@type":"ImageObject","inLanguage":"en-US","@id":"https:\/\/ucbs.uw.edu.pl\/home\/rekrutacja\/harmonogram\/#primaryimage","url":"https:\/\/ucbs.uw.edu.pl\/wp-content\/uploads\/sites\/389\/2023\/09\/Green-Organic-Quote-Poster-e1718110630424-300x166.jpg","contentUrl":"https:\/\/ucbs.uw.edu.pl\/wp-content\/uploads\/sites\/389\/2023\/09\/Green-Organic-Quote-Poster-e1718110630424-300x166.jpg"},{"@type":"BreadcrumbList","@id":"https:\/\/ucbs.uw.edu.pl\/home\/rekrutacja\/harmonogram\/#breadcrumb","itemListElement":[{"@type":"ListItem","position":1,"name":"Strona g\u0142\u00f3wna","item":"https:\/\/ucbs.uw.edu.pl\/"},{"@type":"ListItem","position":2,"name":"Home","item":"https:\/\/ucbs.uw.edu.pl\/home\/"},{"@type":"ListItem","position":3,"name":"Rekrutacja","item":"https:\/\/ucbs.uw.edu.pl\/home\/rekrutacja\/"},{"@type":"ListItem","position":4,"name":"Harmonogram rekrutacji"}]},{"@type":"WebSite","@id":"https:\/\/ucbs.uw.edu.pl\/#website","url":"https:\/\/ucbs.uw.edu.pl\/","name":"Uniwersyteckie Centrum Bada\u0144 nad \u015arodowiskiem Przyrodniczym i Zr\u00f3wnowa\u017conym Rozwojem","description":"7 Departments mean 7 times more opportunities","publisher":{"@id":"https:\/\/ucbs.uw.edu.pl\/#organization"},"potentialAction":[{"@type":"SearchAction","target":{"@type":"EntryPoint","urlTemplate":"https:\/\/ucbs.uw.edu.pl\/?s={search_term_string}"},"query-input":{"@type":"PropertyValueSpecification","valueRequired":true,"valueName":"search_term_string"}}],"inLanguage":"en-US"},{"@type":"Organization","@id":"https:\/\/ucbs.uw.edu.pl\/#organization","name":"Uniwersyteckie Centrum Bada\u0144 nad \u015arodowiskiem Przyrodniczym i Zr\u00f3wnowa\u017conym Rozwojem","url":"https:\/\/ucbs.uw.edu.pl\/","logo":{"@type":"ImageObject","inLanguage":"en-US","@id":"https:\/\/ucbs.uw.edu.pl\/#\/schema\/logo\/image\/","url":"https:\/\/ucbs.uw.edu.pl\/wp-content\/uploads\/sites\/389\/2023\/09\/PL_zwykly_monochromatyczny_okragly.jpg","contentUrl":"https:\/\/ucbs.uw.edu.pl\/wp-content\/uploads\/sites\/389\/2023\/09\/PL_zwykly_monochromatyczny_okragly.jpg","width":658,"height":710,"caption":"Uniwersyteckie Centrum Bada\u0144 nad \u015arodowiskiem Przyrodniczym i Zr\u00f3wnowa\u017conym Rozwojem"},"image":{"@id":"https:\/\/ucbs.uw.edu.pl\/#\/schema\/logo\/image\/"},"sameAs":["https:\/\/www.facebook.com\/ucbsuw","https:\/\/x.com\/ucbsuw","https:\/\/www.linkedin.com\/company\/19014166\/admin\/feed\/posts\/"]}]}},"_links":{"self":[{"href":"https:\/\/ucbs.uw.edu.pl\/en\/wp-json\/wp\/v2\/pages\/242","targetHints":{"allow":["GET"]}}],"collection":[{"href":"https:\/\/ucbs.uw.edu.pl\/en\/wp-json\/wp\/v2\/pages"}],"about":[{"href":"https:\/\/ucbs.uw.edu.pl\/en\/wp-json\/wp\/v2\/types\/page"}],"author":[{"embeddable":true,"href":"https:\/\/ucbs.uw.edu.pl\/en\/wp-json\/wp\/v2\/users\/1"}],"replies":[{"embeddable":true,"href":"https:\/\/ucbs.uw.edu.pl\/en\/wp-json\/wp\/v2\/comments?post=242"}],"version-history":[{"count":27,"href":"https:\/\/ucbs.uw.edu.pl\/en\/wp-json\/wp\/v2\/pages\/242\/revisions"}],"predecessor-version":[{"id":7891,"href":"https:\/\/ucbs.uw.edu.pl\/en\/wp-json\/wp\/v2\/pages\/242\/revisions\/7891"}],"up":[{"embeddable":true,"href":"https:\/\/ucbs.uw.edu.pl\/en\/wp-json\/wp\/v2\/pages\/244"}],"wp:attachment":[{"href":"https:\/\/ucbs.uw.edu.pl\/en\/wp-json\/wp\/v2\/media?parent=242"}],"curies":[{"name":"wp","href":"https:\/\/api.w.org\/{rel}","templated":true}]}}