{"id":1593,"date":"2021-06-08T09:52:09","date_gmt":"2021-06-08T07:52:09","guid":{"rendered":"http:\/\/ucbs.uw.edu.pl\/?page_id=1593"},"modified":"2026-04-21T09:10:34","modified_gmt":"2026-04-21T07:10:34","slug":"dyplomowanie","status":"publish","type":"page","link":"https:\/\/ucbs.uw.edu.pl\/en\/home\/dla-studentow\/dyplomowanie\/","title":{"rendered":"Graduation"},"content":{"rendered":"<img loading=\"lazy\" decoding=\"async\" class=\" wp-image-7371 aligncenter\" src=\"https:\/\/ucbs.uw.edu.pl\/wp-content\/uploads\/sites\/389\/2024\/11\/pexels-emily-ranquist-493228-1205651-300x200.jpg\" alt=\"\" width=\"983\" height=\"655\" srcset=\"https:\/\/ucbs.uw.edu.pl\/wp-content\/uploads\/sites\/389\/2024\/11\/pexels-emily-ranquist-493228-1205651-300x200.jpg 300w, https:\/\/ucbs.uw.edu.pl\/wp-content\/uploads\/sites\/389\/2024\/11\/pexels-emily-ranquist-493228-1205651-1024x683.jpg 1024w, https:\/\/ucbs.uw.edu.pl\/wp-content\/uploads\/sites\/389\/2024\/11\/pexels-emily-ranquist-493228-1205651-768x512.jpg 768w, https:\/\/ucbs.uw.edu.pl\/wp-content\/uploads\/sites\/389\/2024\/11\/pexels-emily-ranquist-493228-1205651-1536x1024.jpg 1536w, https:\/\/ucbs.uw.edu.pl\/wp-content\/uploads\/sites\/389\/2024\/11\/pexels-emily-ranquist-493228-1205651-2048x1365.jpg 2048w, https:\/\/ucbs.uw.edu.pl\/wp-content\/uploads\/sites\/389\/2024\/11\/pexels-emily-ranquist-493228-1205651-272x182.jpg 272w\" sizes=\"auto, (max-width: 983px) 100vw, 983px\" \/><\/p>\n<p><strong>Dates for defense of diploma theses<\/strong><\/p>\n<p>We would like to inform you that diploma exams can be held on the following dates from 10:00 to 14:00.<br \/>\nThis means that the last exam of the day can start no later than 13:00.<\/p>\n<p>Please take these time frames into account when planning your defense dates.<\/p>\n<p style=\"text-align: center;\"><div class=\"su-box su-box-style-noise\" id=\"\" style=\"border-color:#cb6a00;border-radius:20px;max-width:none\"><div class=\"su-box-title\" style=\"background-color:#fe9d27;color:#ffffff;border-top-left-radius:18px;border-top-right-radius:18px\">The schedule of diploma exams for Sustainable Development in the Summer Semester 2025\/26<\/div><div class=\"su-box-content su-u-clearfix su-u-trim\" style=\"border-bottom-left-radius:18px;border-bottom-right-radius:18px\">\n<p style=\"text-align: center;\"><em><strong>July\u00a0<\/strong><\/em><\/p>\n<p style=\"text-align: center;\"><strong>22, 23, 24, 27<\/strong><\/p>\n<p style=\"text-align: center;\"><em><strong>September\u00a0<\/strong><\/em><\/p>\n<p style=\"text-align: center;\"><strong>21, 22, 23<\/strong><\/p>\n<p style=\"text-align: center;\"><\/div><\/div>\n<p style=\"text-align: center;\"><div class=\"su-box su-box-style-noise\" id=\"\" style=\"border-color:#385b00;border-radius:20px;max-width:none\"><div class=\"su-box-title\" style=\"background-color:#6B8E23;color:#ffffff;border-top-left-radius:18px;border-top-right-radius:18px\">The schedule of diploma exams for MERGED (Global Environment and Development) in the Summer Semester 2025\/26<\/div><div class=\"su-box-content su-u-clearfix su-u-trim\" style=\"border-bottom-left-radius:18px;border-bottom-right-radius:18px\">\n<p style=\"text-align: center;\"><em><strong>July\u00a0<\/strong><\/em><\/p>\n<p style=\"text-align: center;\"><strong>22, 23, 24, 27<\/strong><\/p>\n<p style=\"text-align: center;\"><em><strong>September\u00a0<\/strong><\/em><\/p>\n<p style=\"text-align: center;\"><strong>21, 22, 23<\/strong><\/p>\n<p style=\"text-align: center;\"><\/div><\/div>\n<div class=\"su-spoiler su-spoiler-style-simple su-spoiler-icon-folder-1 su-spoiler-closed\" data-scroll-offset=\"0\" data-anchor-in-url=\"no\"><div class=\"su-spoiler-title\" tabindex=\"0\" role=\"button\"><span class=\"su-spoiler-icon\"><\/span>GENERAL RULES<\/div><div class=\"su-spoiler-content su-u-clearfix su-u-trim\">\n<ul>\n<li><span style=\"color: #ff6600; font-size: 12pt;\"><a style=\"color: #ff6600;\" href=\"https:\/\/ucbs.uw.edu.pl\/wp-content\/uploads\/sites\/389\/2025\/06\/Getting-the-Diploma-at-UW-procedure.pdf\">Getting the Diploma at UW<\/a><\/span><\/li>\n<li><span style=\"font-size: 12pt; color: #ff6600;\"><a style=\"color: #ff6600;\" href=\"https:\/\/ucbs.uw.edu.pl\/wp-content\/uploads\/sites\/389\/2025\/06\/dyplomowanie_SD_GED_2025.pdf\" target=\"_blank\" rel=\"noopener\" data-saferedirecturl=\"https:\/\/www.google.com\/url?q=https:\/\/ucbs.uw.edu.pl\/wp-content\/uploads\/sites\/389\/2023\/04\/schedule-for-conducting-diploma-exams_260423-1.docx&amp;source=gmail&amp;ust=1702019372965000&amp;usg=AOvVaw1qccQMJumQHFCqHu-mcaOp\">Procedure for the course of the diploma exam at the UCBS\u00a0<\/a><\/span><\/li>\n<li><span style=\"font-size: 12pt; color: #ff6600;\"><a style=\"color: #ff6600;\" href=\"https:\/\/ucbs.uw.edu.pl\/wp-content\/uploads\/sites\/389\/2021\/06\/Submission-of-a-thesis-to-APD-instruction-for-students.pdf\" target=\"_blank\" rel=\"noopener\" data-saferedirecturl=\"https:\/\/www.google.com\/url?q=https:\/\/ucbs.uw.edu.pl\/wp-content\/uploads\/sites\/389\/2021\/06\/Submission-of-a-thesis-to-APD-instruction-for-students.pdf&amp;source=gmail&amp;ust=1702019372965000&amp;usg=AOvVaw3QqtXQXXAuC_H_pMW7A-ke\">Submission of a Thesis to APD- Instruction for Students<\/a><\/span><\/li>\n<li><span style=\"color: #ff6600;\"><a style=\"color: #ff6600;\" href=\"https:\/\/ucbs.uw.edu.pl\/wp-content\/uploads\/sites\/389\/2026\/04\/deklaracja_SD_2026.docx\">Declaration of the diploma thesis topic\/research area<\/a><\/span><\/li>\n<li><span style=\"font-size: 12pt; color: #ff6600;\"><a style=\"color: #ff6600;\" href=\"https:\/\/ucbs.uw.edu.pl\/wp-content\/uploads\/sites\/389\/2023\/02\/Principles-of-writing-master.docx\" target=\"_blank\" rel=\"noopener\" data-saferedirecturl=\"https:\/\/www.google.com\/url?q=https:\/\/ucbs.uw.edu.pl\/wp-content\/uploads\/sites\/389\/2023\/02\/Principles-of-writing-master.docx&amp;source=gmail&amp;ust=1702019372965000&amp;usg=AOvVaw0Q8c7LBVskzedNUS004lfn\">Principles of writing master\u2019s theses<\/a><\/span><\/li>\n<\/ul>\n<\/div><\/div>\n<div class=\"su-spoiler su-spoiler-style-simple su-spoiler-icon-folder-1 su-spoiler-closed\" data-scroll-offset=\"0\" data-anchor-in-url=\"no\"><div class=\"su-spoiler-title\" tabindex=\"0\" role=\"button\"><span class=\"su-spoiler-icon\"><\/span>SUSTAINABLE DEVELOPMENT<\/div><div class=\"su-spoiler-content su-u-clearfix su-u-trim\">\n<ul>\n<li><span style=\"font-size: 12pt; color: #ff6600;\"><a style=\"color: #ff6600;\" href=\"https:\/\/ucbs.uw.edu.pl\/wp-content\/uploads\/sites\/389\/2025\/06\/title-page-SD-1.docx\" target=\"_blank\" rel=\"noopener\" data-saferedirecturl=\"https:\/\/www.google.com\/url?q=https:\/\/ucbs.uw.edu.pl\/wp-content\/uploads\/sites\/389\/2022\/06\/thesis_title_page.docx&amp;source=gmail&amp;ust=1702019372965000&amp;usg=AOvVaw3JLXxGjlJ5-V7ZGUl9UByS\">Thesis Title Page SD<\/a><\/span><\/li>\n<li><a href=\"https:\/\/ucbs.uw.edu.pl\/wp-content\/uploads\/sites\/389\/2026\/04\/thesis-topic_research-area-for-SD-students-2025_26-SD.pdf\"><span style=\"font-size: 12pt;\"><span style=\"color: #ff6600;\">Proposed thesis topic\/research area for SD students 2025\/26<\/span><\/span><\/a><\/li>\n<\/ul>\n<\/div><\/div>\n<div class=\"su-spoiler su-spoiler-style-simple su-spoiler-icon-folder-1 su-spoiler-closed\" data-scroll-offset=\"0\" data-anchor-in-url=\"no\"><div class=\"su-spoiler-title\" tabindex=\"0\" role=\"button\"><span class=\"su-spoiler-icon\"><\/span>MERGED (GED)<\/div><div class=\"su-spoiler-content su-u-clearfix su-u-trim\">\n<ul>\n<li><span style=\"color: #ff6600;\"><a style=\"color: #ff6600;\" href=\"https:\/\/ucbs.uw.edu.pl\/wp-content\/uploads\/sites\/389\/2026\/02\/Resolution-No-18_2025-on-detailed-rules-for-awarding-degrees-in-the-field-of-Global-Environment-and-Development.pdf\">Detailed rules of the Global Environment and Development (GED) full-time, second-cycle diploma process<\/a><\/span><\/li>\n<li><span style=\"color: #ff6600; font-size: 12pt;\"><a style=\"color: #ff6600;\" href=\"https:\/\/ucbs.uw.edu.pl\/wp-content\/uploads\/sites\/389\/2026\/02\/Thesis-Title-Page-MERGED-GED.docx\">Thesis Title Page MERGED (GED)<\/a><\/span><\/li>\n<li><span style=\"color: #ff6600; font-size: 12pt;\"><a style=\"color: #ff6600;\" href=\"https:\/\/ucbs.uw.edu.pl\/wp-content\/uploads\/sites\/389\/2026\/02\/Thesis-Research-Issue-Declaration-MERGED-GED.docx\">Thesis Research Issue Declaration MERGED (GED)<\/a><\/span><\/li>\n<li><span style=\"font-size: 12pt;\"><a href=\"https:\/\/docs.google.com\/spreadsheets\/d\/1a2QaVg_vn9_BujWZG05PsPkq1oagGGULOca2AublIFM\/edit?pli=1&amp;gid=0#gid=0\"><span style=\"color: #ff6600;\">Proposed diploma dissertation titles for students of the first year of Sustainable Development and MERGED (GED) 2025\/26<\/span><\/a><\/span><\/li>\n<li><span style=\"font-size: 12pt;\"><a href=\"https:\/\/docs.google.com\/spreadsheets\/d\/1erGf-a-0Aj6Q7E_WvF1o2XebDbzxHm8BHzzJtlMPSk8\/edit?gid=0#gid=0\"><span style=\"color: #ff6600;\">Proposed diploma dissertation titles for students of the first year of Sustainable Development and MERGED (GED) 2024\/25<\/span><\/a><\/span><\/li>\n<li><span style=\"color: #ff6600; font-size: 12pt;\"><a style=\"color: #ff6600;\" href=\"https:\/\/ucbs.uw.edu.pl\/wp-content\/uploads\/sites\/389\/2026\/02\/MERGED-GED-Theses-Writing-Guidelines-for-Students-\u2013-Academic-Year-202526.pdf\">MERGED (GED) Theses Writing Guidelines for Students &#8211; Academic Year 2025\/26<\/a><\/span><\/li>\n<\/ul>\n<\/div><\/div>","protected":false},"excerpt":{"rendered":"<p>Dates for defense of diploma theses We would like to inform you that diploma exams can be held on the following dates from 10:00 to 14:00. This means that the last exam of the day can start no later than 13:00. Please take these time frames into account when planning your defense dates.<\/p>\n","protected":false},"author":1,"featured_media":0,"parent":431,"menu_order":0,"comment_status":"closed","ping_status":"closed","template":"","meta":{"_acf_changed":false,"_exactmetrics_skip_tracking":false,"_exactmetrics_sitenote_active":false,"_exactmetrics_sitenote_note":"","_exactmetrics_sitenote_category":0,"_uf_show_specific_survey":0,"_uf_disable_surveys":false,"footnotes":"","_links_to":"","_links_to_target":""},"class_list":["post-1593","page","type-page","status-publish","hentry","post"],"acf":[],"yoast_head":"<!-- This site is optimized with the Yoast SEO plugin v27.4 - https:\/\/yoast.com\/product\/yoast-seo-wordpress\/ -->\n<title>Graduation - University Centre for Environmental Studies and Sustainable Development<\/title>\n<meta name=\"robots\" content=\"index, follow, max-snippet:-1, max-image-preview:large, max-video-preview:-1\" \/>\n<link rel=\"canonical\" href=\"https:\/\/ucbs.uw.edu.pl\/home\/dla-studentow\/dyplomowanie\/\" \/>\n<meta property=\"og:locale\" content=\"en_US\" \/>\n<meta property=\"og:type\" content=\"article\" \/>\n<meta property=\"og:title\" content=\"[:pl]Dyplomowanie[:en]Graduation[:] - University Centre for Environmental Studies and Sustainable Development\" \/>\n<meta property=\"og:description\" content=\"Dates for defense of diploma theses We would like to inform you that diploma exams can be held on the following dates from 10:00 to 14:00. This means that the last exam of the day can start no later than 13:00. Please take these time frames into account when planning your defense dates.\" \/>\n<meta property=\"og:url\" content=\"https:\/\/ucbs.uw.edu.pl\/home\/dla-studentow\/dyplomowanie\/\" \/>\n<meta property=\"og:site_name\" content=\"University Centre for Environmental Studies and Sustainable Development\" \/>\n<meta property=\"article:publisher\" content=\"https:\/\/www.facebook.com\/ucbsuw\" \/>\n<meta property=\"article:modified_time\" content=\"2026-04-21T07:10:34+00:00\" \/>\n<meta property=\"og:image\" content=\"https:\/\/ucbs.uw.edu.pl\/wp-content\/uploads\/sites\/389\/2024\/11\/pexels-emily-ranquist-493228-1205651-scaled.jpg\" \/>\n\t<meta property=\"og:image:width\" content=\"2560\" \/>\n\t<meta property=\"og:image:height\" content=\"1707\" \/>\n\t<meta property=\"og:image:type\" content=\"image\/jpeg\" \/>\n<meta name=\"twitter:card\" content=\"summary_large_image\" \/>\n<meta name=\"twitter:site\" content=\"@ucbsuw\" \/>\n<meta name=\"twitter:label1\" content=\"Est. reading time\" \/>\n\t<meta name=\"twitter:data1\" content=\"11 minutes\" \/>\n<script type=\"application\/ld+json\" class=\"yoast-schema-graph\">{\"@context\":\"https:\\\/\\\/schema.org\",\"@graph\":[{\"@type\":\"WebPage\",\"@id\":\"https:\\\/\\\/ucbs.uw.edu.pl\\\/home\\\/dla-studentow\\\/dyplomowanie\\\/\",\"url\":\"https:\\\/\\\/ucbs.uw.edu.pl\\\/home\\\/dla-studentow\\\/dyplomowanie\\\/\",\"name\":\"[:pl]Dyplomowanie[:en]Graduation[:] - University Centre for Environmental Studies and Sustainable Development\",\"isPartOf\":{\"@id\":\"https:\\\/\\\/ucbs.uw.edu.pl\\\/#website\"},\"primaryImageOfPage\":{\"@id\":\"https:\\\/\\\/ucbs.uw.edu.pl\\\/home\\\/dla-studentow\\\/dyplomowanie\\\/#primaryimage\"},\"image\":{\"@id\":\"https:\\\/\\\/ucbs.uw.edu.pl\\\/home\\\/dla-studentow\\\/dyplomowanie\\\/#primaryimage\"},\"thumbnailUrl\":\"https:\\\/\\\/ucbs.uw.edu.pl\\\/wp-content\\\/uploads\\\/sites\\\/389\\\/2024\\\/11\\\/pexels-emily-ranquist-493228-1205651-300x200.jpg\",\"datePublished\":\"2021-06-08T07:52:09+00:00\",\"dateModified\":\"2026-04-21T07:10:34+00:00\",\"breadcrumb\":{\"@id\":\"https:\\\/\\\/ucbs.uw.edu.pl\\\/home\\\/dla-studentow\\\/dyplomowanie\\\/#breadcrumb\"},\"inLanguage\":\"en-US\",\"potentialAction\":[{\"@type\":\"ReadAction\",\"target\":[\"https:\\\/\\\/ucbs.uw.edu.pl\\\/home\\\/dla-studentow\\\/dyplomowanie\\\/\"]}]},{\"@type\":\"ImageObject\",\"inLanguage\":\"en-US\",\"@id\":\"https:\\\/\\\/ucbs.uw.edu.pl\\\/home\\\/dla-studentow\\\/dyplomowanie\\\/#primaryimage\",\"url\":\"https:\\\/\\\/ucbs.uw.edu.pl\\\/wp-content\\\/uploads\\\/sites\\\/389\\\/2024\\\/11\\\/pexels-emily-ranquist-493228-1205651-300x200.jpg\",\"contentUrl\":\"https:\\\/\\\/ucbs.uw.edu.pl\\\/wp-content\\\/uploads\\\/sites\\\/389\\\/2024\\\/11\\\/pexels-emily-ranquist-493228-1205651-300x200.jpg\"},{\"@type\":\"BreadcrumbList\",\"@id\":\"https:\\\/\\\/ucbs.uw.edu.pl\\\/home\\\/dla-studentow\\\/dyplomowanie\\\/#breadcrumb\",\"itemListElement\":[{\"@type\":\"ListItem\",\"position\":1,\"name\":\"Strona g\u0142\u00f3wna\",\"item\":\"https:\\\/\\\/ucbs.uw.edu.pl\\\/\"},{\"@type\":\"ListItem\",\"position\":2,\"name\":\"Home\",\"item\":\"https:\\\/\\\/ucbs.uw.edu.pl\\\/home\\\/\"},{\"@type\":\"ListItem\",\"position\":3,\"name\":\"Dla student\u00f3w\",\"item\":\"https:\\\/\\\/ucbs.uw.edu.pl\\\/home\\\/dla-studentow\\\/\"},{\"@type\":\"ListItem\",\"position\":4,\"name\":\"Dyplomowanie\"}]},{\"@type\":\"WebSite\",\"@id\":\"https:\\\/\\\/ucbs.uw.edu.pl\\\/#website\",\"url\":\"https:\\\/\\\/ucbs.uw.edu.pl\\\/\",\"name\":\"Uniwersyteckie Centrum Bada\u0144 nad \u015arodowiskiem Przyrodniczym i Zr\u00f3wnowa\u017conym Rozwojem\",\"description\":\"7 Departments mean 7 times more opportunities\",\"publisher\":{\"@id\":\"https:\\\/\\\/ucbs.uw.edu.pl\\\/#organization\"},\"potentialAction\":[{\"@type\":\"SearchAction\",\"target\":{\"@type\":\"EntryPoint\",\"urlTemplate\":\"https:\\\/\\\/ucbs.uw.edu.pl\\\/?s={search_term_string}\"},\"query-input\":{\"@type\":\"PropertyValueSpecification\",\"valueRequired\":true,\"valueName\":\"search_term_string\"}}],\"inLanguage\":\"en-US\"},{\"@type\":\"Organization\",\"@id\":\"https:\\\/\\\/ucbs.uw.edu.pl\\\/#organization\",\"name\":\"Uniwersyteckie Centrum Bada\u0144 nad \u015arodowiskiem Przyrodniczym i Zr\u00f3wnowa\u017conym Rozwojem\",\"url\":\"https:\\\/\\\/ucbs.uw.edu.pl\\\/\",\"logo\":{\"@type\":\"ImageObject\",\"inLanguage\":\"en-US\",\"@id\":\"https:\\\/\\\/ucbs.uw.edu.pl\\\/#\\\/schema\\\/logo\\\/image\\\/\",\"url\":\"https:\\\/\\\/ucbs.uw.edu.pl\\\/wp-content\\\/uploads\\\/sites\\\/389\\\/2023\\\/09\\\/PL_zwykly_monochromatyczny_okragly.jpg\",\"contentUrl\":\"https:\\\/\\\/ucbs.uw.edu.pl\\\/wp-content\\\/uploads\\\/sites\\\/389\\\/2023\\\/09\\\/PL_zwykly_monochromatyczny_okragly.jpg\",\"width\":658,\"height\":710,\"caption\":\"Uniwersyteckie Centrum Bada\u0144 nad \u015arodowiskiem Przyrodniczym i Zr\u00f3wnowa\u017conym Rozwojem\"},\"image\":{\"@id\":\"https:\\\/\\\/ucbs.uw.edu.pl\\\/#\\\/schema\\\/logo\\\/image\\\/\"},\"sameAs\":[\"https:\\\/\\\/www.facebook.com\\\/ucbsuw\",\"https:\\\/\\\/x.com\\\/ucbsuw\",\"https:\\\/\\\/www.linkedin.com\\\/company\\\/19014166\\\/admin\\\/feed\\\/posts\\\/\"]}]}<\/script>\n<!-- \/ Yoast SEO plugin. -->","yoast_head_json":{"title":"[:pl]Dyplomowanie[:en]Graduation[:] - University Centre for Environmental Studies and Sustainable Development","robots":{"index":"index","follow":"follow","max-snippet":"max-snippet:-1","max-image-preview":"max-image-preview:large","max-video-preview":"max-video-preview:-1"},"canonical":"https:\/\/ucbs.uw.edu.pl\/home\/dla-studentow\/dyplomowanie\/","og_locale":"en_US","og_type":"article","og_title":"[:pl]Dyplomowanie[:en]Graduation[:] - University Centre for Environmental Studies and Sustainable Development","og_description":"Dates for defense of diploma theses We would like to inform you that diploma exams can be held on the following dates from 10:00 to 14:00. This means that the last exam of the day can start no later than 13:00. Please take these time frames into account when planning your defense dates.","og_url":"https:\/\/ucbs.uw.edu.pl\/home\/dla-studentow\/dyplomowanie\/","og_site_name":"University Centre for Environmental Studies and Sustainable Development","article_publisher":"https:\/\/www.facebook.com\/ucbsuw","article_modified_time":"2026-04-21T07:10:34+00:00","og_image":[{"width":2560,"height":1707,"url":"https:\/\/ucbs.uw.edu.pl\/wp-content\/uploads\/sites\/389\/2024\/11\/pexels-emily-ranquist-493228-1205651-scaled.jpg","type":"image\/jpeg"}],"twitter_card":"summary_large_image","twitter_site":"@ucbsuw","twitter_misc":{"Est. reading time":"11 minutes"},"schema":{"@context":"https:\/\/schema.org","@graph":[{"@type":"WebPage","@id":"https:\/\/ucbs.uw.edu.pl\/home\/dla-studentow\/dyplomowanie\/","url":"https:\/\/ucbs.uw.edu.pl\/home\/dla-studentow\/dyplomowanie\/","name":"[:pl]Dyplomowanie[:en]Graduation[:] - University Centre for Environmental Studies and Sustainable Development","isPartOf":{"@id":"https:\/\/ucbs.uw.edu.pl\/#website"},"primaryImageOfPage":{"@id":"https:\/\/ucbs.uw.edu.pl\/home\/dla-studentow\/dyplomowanie\/#primaryimage"},"image":{"@id":"https:\/\/ucbs.uw.edu.pl\/home\/dla-studentow\/dyplomowanie\/#primaryimage"},"thumbnailUrl":"https:\/\/ucbs.uw.edu.pl\/wp-content\/uploads\/sites\/389\/2024\/11\/pexels-emily-ranquist-493228-1205651-300x200.jpg","datePublished":"2021-06-08T07:52:09+00:00","dateModified":"2026-04-21T07:10:34+00:00","breadcrumb":{"@id":"https:\/\/ucbs.uw.edu.pl\/home\/dla-studentow\/dyplomowanie\/#breadcrumb"},"inLanguage":"en-US","potentialAction":[{"@type":"ReadAction","target":["https:\/\/ucbs.uw.edu.pl\/home\/dla-studentow\/dyplomowanie\/"]}]},{"@type":"ImageObject","inLanguage":"en-US","@id":"https:\/\/ucbs.uw.edu.pl\/home\/dla-studentow\/dyplomowanie\/#primaryimage","url":"https:\/\/ucbs.uw.edu.pl\/wp-content\/uploads\/sites\/389\/2024\/11\/pexels-emily-ranquist-493228-1205651-300x200.jpg","contentUrl":"https:\/\/ucbs.uw.edu.pl\/wp-content\/uploads\/sites\/389\/2024\/11\/pexels-emily-ranquist-493228-1205651-300x200.jpg"},{"@type":"BreadcrumbList","@id":"https:\/\/ucbs.uw.edu.pl\/home\/dla-studentow\/dyplomowanie\/#breadcrumb","itemListElement":[{"@type":"ListItem","position":1,"name":"Strona g\u0142\u00f3wna","item":"https:\/\/ucbs.uw.edu.pl\/"},{"@type":"ListItem","position":2,"name":"Home","item":"https:\/\/ucbs.uw.edu.pl\/home\/"},{"@type":"ListItem","position":3,"name":"Dla student\u00f3w","item":"https:\/\/ucbs.uw.edu.pl\/home\/dla-studentow\/"},{"@type":"ListItem","position":4,"name":"Dyplomowanie"}]},{"@type":"WebSite","@id":"https:\/\/ucbs.uw.edu.pl\/#website","url":"https:\/\/ucbs.uw.edu.pl\/","name":"Uniwersyteckie Centrum Bada\u0144 nad \u015arodowiskiem Przyrodniczym i Zr\u00f3wnowa\u017conym Rozwojem","description":"7 Departments mean 7 times more opportunities","publisher":{"@id":"https:\/\/ucbs.uw.edu.pl\/#organization"},"potentialAction":[{"@type":"SearchAction","target":{"@type":"EntryPoint","urlTemplate":"https:\/\/ucbs.uw.edu.pl\/?s={search_term_string}"},"query-input":{"@type":"PropertyValueSpecification","valueRequired":true,"valueName":"search_term_string"}}],"inLanguage":"en-US"},{"@type":"Organization","@id":"https:\/\/ucbs.uw.edu.pl\/#organization","name":"Uniwersyteckie Centrum Bada\u0144 nad \u015arodowiskiem Przyrodniczym i Zr\u00f3wnowa\u017conym Rozwojem","url":"https:\/\/ucbs.uw.edu.pl\/","logo":{"@type":"ImageObject","inLanguage":"en-US","@id":"https:\/\/ucbs.uw.edu.pl\/#\/schema\/logo\/image\/","url":"https:\/\/ucbs.uw.edu.pl\/wp-content\/uploads\/sites\/389\/2023\/09\/PL_zwykly_monochromatyczny_okragly.jpg","contentUrl":"https:\/\/ucbs.uw.edu.pl\/wp-content\/uploads\/sites\/389\/2023\/09\/PL_zwykly_monochromatyczny_okragly.jpg","width":658,"height":710,"caption":"Uniwersyteckie Centrum Bada\u0144 nad \u015arodowiskiem Przyrodniczym i Zr\u00f3wnowa\u017conym Rozwojem"},"image":{"@id":"https:\/\/ucbs.uw.edu.pl\/#\/schema\/logo\/image\/"},"sameAs":["https:\/\/www.facebook.com\/ucbsuw","https:\/\/x.com\/ucbsuw","https:\/\/www.linkedin.com\/company\/19014166\/admin\/feed\/posts\/"]}]}},"_links":{"self":[{"href":"https:\/\/ucbs.uw.edu.pl\/en\/wp-json\/wp\/v2\/pages\/1593","targetHints":{"allow":["GET"]}}],"collection":[{"href":"https:\/\/ucbs.uw.edu.pl\/en\/wp-json\/wp\/v2\/pages"}],"about":[{"href":"https:\/\/ucbs.uw.edu.pl\/en\/wp-json\/wp\/v2\/types\/page"}],"author":[{"embeddable":true,"href":"https:\/\/ucbs.uw.edu.pl\/en\/wp-json\/wp\/v2\/users\/1"}],"replies":[{"embeddable":true,"href":"https:\/\/ucbs.uw.edu.pl\/en\/wp-json\/wp\/v2\/comments?post=1593"}],"version-history":[{"count":125,"href":"https:\/\/ucbs.uw.edu.pl\/en\/wp-json\/wp\/v2\/pages\/1593\/revisions"}],"predecessor-version":[{"id":8550,"href":"https:\/\/ucbs.uw.edu.pl\/en\/wp-json\/wp\/v2\/pages\/1593\/revisions\/8550"}],"up":[{"embeddable":true,"href":"https:\/\/ucbs.uw.edu.pl\/en\/wp-json\/wp\/v2\/pages\/431"}],"wp:attachment":[{"href":"https:\/\/ucbs.uw.edu.pl\/en\/wp-json\/wp\/v2\/media?parent=1593"}],"curies":[{"name":"wp","href":"https:\/\/api.w.org\/{rel}","templated":true}]}}