{"id":1493,"date":"2021-05-19T12:16:38","date_gmt":"2021-05-19T10:16:38","guid":{"rendered":"http:\/\/ucbs.uw.edu.pl\/?page_id=1493"},"modified":"2023-09-11T10:43:33","modified_gmt":"2023-09-11T08:43:33","slug":"deklaracja-dostepnosci","status":"publish","type":"page","link":"https:\/\/ucbs.uw.edu.pl\/en\/deklaracja-dostepnosci\/","title":{"rendered":"Deklaracja dost\u0119pno\u015bci"},"content":{"rendered":"<span style=\"color: #000000\">Uniwersytet Warszawski zobowi\u0105zuje si\u0119 zapewni\u0107 dost\u0119pno\u015b\u0107 swojej strony internetowej zgodnie z przepisami ustawy z dnia 4 kwietnia 2019 r. o dost\u0119pno\u015bci cyfrowej stron internetowych i aplikacji mobilnych podmiot\u00f3w publicznych. O\u015bwiadczenie w sprawie dost\u0119pno\u015bci ma zastosowanie do strony internetowej <strong>ucbs.uw.edu.pl<\/strong><\/span><\/p>\n<p><span style=\"color: #000000\">Data publikacji strony internetowej: 2021-01-28.<\/span><br \/>\n<span style=\"color: #000000\">Data ostatniej istotnej aktualizacji: 2021-03-08 .<\/span><\/p>\n<p><span style=\"color: #000000\"><strong>Status zgodno\u015bci z ustaw\u0105 o dost\u0119pno\u015bci cyfrowej<\/strong><\/span><br \/>\n<span style=\"color: #000000\">Strona internetowa jest cz\u0119\u015bciowo zgodna z ustaw\u0105 z dnia 4 kwietnia 2019 r. o dost\u0119pno\u015bci cyfrowej stron internetowych i aplikacji mobilnych podmiot\u00f3w publicznych z powodu niezgodno\u015bci lub wy\u0142\u0105cze\u0144 wymienionych poni\u017cej.<\/span><\/p>\n<p><span style=\"color: #000000\"><strong>Kotwice<\/strong> (odno\u015bniki w obr\u0119bie strony)<\/span><br \/>\n<span style=\"color: #000000\">Link do przeskoczenia do tre\u015bci strony posiada komunikat w j\u0119zyku angielskim.<\/span><br \/>\n<span style=\"color: #000000\"><strong>Linki<\/strong><\/span><br \/>\n<span style=\"color: #000000\">Serwis posiada odno\u015bniki kontekstowe, kt\u00f3rych tre\u015b\u0107 nie informuje jednoznacznie o celu.<\/span><br \/>\n<span style=\"color: #000000\">Serwis posiada odno\u015bniki do pobrania dokument\u00f3w bez informacji o ich formacie.<\/span><br \/>\n<span style=\"color: #000000\">Serwis posiada grafiki b\u0119d\u0105ce odno\u015bnikami i nie posiadaj\u0105ce opisu w znaczniku ALT lub jest on niewystarczaj\u0105cy.<\/span><br \/>\n<span style=\"color: #000000\">W serwisie istniej\u0105 uszkodzone linki.<\/span><br \/>\n<span style=\"color: #000000\"><strong>Nag\u0142\u00f3wki<\/strong><\/span><br \/>\n<span style=\"color: #000000\">Strony serwisu mog\u0105 posiada\u0107 wielokrotne nag\u0142\u00f3wki H1.<\/span><br \/>\n<span style=\"color: #000000\"><strong>Pozosta\u0142e elementy steruj\u0105ce strony<\/strong><\/span><br \/>\n<span style=\"color: #000000\">Wyst\u0119puj\u0105 problemy z obs\u0142ug\u0105 menu rozwijalnego przy u\u017cyciu programu odczytu ekranu &#8211; brak komunikatu informuj\u0105cego, \u017ce menu zosta\u0142o rozwini\u0119te.<\/span><br \/>\n<span style=\"color: #000000\"><strong>Wyszukiwanie w serwisie<\/strong><\/span><br \/>\n<span style=\"color: #000000\">Etykieta przy polu wyszukiwania zawiera angielskoj\u0119zyczn\u0105 tre\u015b\u0107.<\/span><br \/>\n<span style=\"color: #000000\">Dost\u0119pno\u015b\u0107 materia\u0142\u00f3w zamieszczonych na stronie<\/span><br \/>\n<span style=\"color: #000000\">Serwis mo\u017ce posiada\u0107 odno\u015bniki do dokument\u00f3w, kt\u00f3re nie s\u0105 dost\u0119pne.<\/span><br \/>\n<span style=\"color: #000000\">Mapa serwisu, zrozumia\u0142o\u015b\u0107 struktury serwisu, \u0142atwo\u015b\u0107 odnajdywania informacji<\/span><br \/>\n<span style=\"color: #000000\">Serwis nie posiada mapy stron.<\/span><br \/>\n<span style=\"color: #000000\">Alternatywne opisy dla grafiki<\/span><br \/>\n<span style=\"color: #000000\">Serwis posiada ilustracje bez tekst\u00f3w alternatywnych.<\/span><br \/>\n<span style=\"color: #000000\">Kontrasty i kolorystyka strony<\/span><br \/>\n<span style=\"color: #000000\">Serwis posiada elementy nie spe\u0142niaj\u0105ce wymog\u00f3w kontrastu.<\/span><br \/>\n<span style=\"color: #000000\">Wyr\u00f3\u017cnienie link\u00f3w i innych istotnych element\u00f3w strony<\/span><br \/>\n<span style=\"color: #000000\">Serwis posiada odno\u015bniki wyr\u00f3\u017cnione tylko kolorem.<\/span><br \/>\n<span style=\"color: #000000\">Walidacja HTML\/CSS<\/span><br \/>\n<span style=\"color: #000000\">W serwisie wyst\u0119puj\u0105 problemy z walidacj\u0105 HTML.<\/span><br \/>\n<span style=\"color: #000000\">O\u015bwiadczenie sporz\u0105dzono dnia: 2021-04-19.<\/span><\/p>\n<p><span style=\"color: #000000\">Deklaracj\u0119 sporz\u0105dzono na podstawie samooceny przeprowadzonej przez podmiot publiczny: Biuro ds. Os\u00f3b z Niepe\u0142nosprawno\u015bciami UW.<\/span><\/p>\n<p><span style=\"color: #000000\"><strong>Skr\u00f3ty klawiaturowe<\/strong><\/span><br \/>\n<span style=\"color: #000000\">Na stronie ucbs.uw.edu.pl nie zastosowano \u017cadnych specjalnych skr\u00f3t\u00f3w klawiaturowych.<\/span><\/p>\n<p><span style=\"color: #000000\"><strong>Informacje zwrotne i dane kontaktowe<\/strong><\/span><br \/>\n<span style=\"color: #000000\">Osob\u0105 kontaktow\u0105 w sprawach zwi\u0105zanych z dost\u0119pno\u015bci\u0105 tej strony internetowej jest Maciej Strybel. W przypadku problem\u00f3w z dost\u0119pno\u015bci\u0105 strony internetowej prosimy o kontakt: e-mail: m.strybel@uw.edu.pl, telefon 225540057. T\u0105 sam\u0105 drog\u0105 mo\u017cna sk\u0142ada\u0107 wnioski o udost\u0119pnienie informacji niedost\u0119pnej oraz sk\u0142ada\u0107 \u017c\u0105dania zapewnienia dost\u0119pno\u015bci.<\/span><\/p>\n<p><span style=\"color: #000000\"><strong>Procedura wnioskowo-skargowa<\/strong><\/span><br \/>\n<span style=\"color: #000000\">Ka\u017cdy ma prawo do wyst\u0105pienia z \u017c\u0105daniem zapewnienia dost\u0119pno\u015bci cyfrowej strony internetowej, aplikacji mobilnej lub jakiego\u015b ich elementu. Mo\u017cna tak\u017ce za\u017c\u0105da\u0107 udost\u0119pnienia informacji za pomoc\u0105 alternatywnego sposobu dost\u0119pu, na przyk\u0142ad przez odczytanie niedost\u0119pnego cyfrowo dokumentu, opisanie zawarto\u015bci filmu bez audiodeskrypcji itp.<\/span><\/p>\n<p><span style=\"color: #000000\">\u017b\u0105danie powinno zawiera\u0107 dane osoby zg\u0142aszaj\u0105cej \u017c\u0105danie, wskazanie, o kt\u00f3r\u0105 stron\u0119 internetow\u0105 lub aplikacj\u0119 mobiln\u0105 chodzi oraz spos\u00f3b kontaktu. Je\u017celi osoba \u017c\u0105daj\u0105ca zg\u0142asza potrzeb\u0119 otrzymania informacji za pomoc\u0105 alternatywnego sposobu dost\u0119pu, powinna tak\u017ce okre\u015bli\u0107 dogodny dla niej spos\u00f3b przedstawienia tej informacji.<\/span><\/p>\n<p><span style=\"color: #000000\">Podmiot publiczny powinien zrealizowa\u0107 \u017c\u0105danie niezw\u0142ocznie, nie p\u00f3\u017aniej ni\u017c w ci\u0105gu 7 dni od dnia wyst\u0105pienia z \u017c\u0105daniem. Je\u017celi dotrzymanie tego terminu nie jest mo\u017cliwe, podmiot publiczny niezw\u0142ocznie informuje o tym wnosz\u0105cego \u017c\u0105danie, kiedy realizacja \u017c\u0105dania b\u0119dzie mo\u017cliwa, przy czym termin ten nie mo\u017ce by\u0107 d\u0142u\u017cszy ni\u017c 2 miesi\u0105ce od dnia wyst\u0105pienia z \u017c\u0105daniem.<\/span><\/p>\n<p><span style=\"color: #000000\">Je\u017celi zapewnienie dost\u0119pno\u015bci cyfrowej nie jest mo\u017cliwe, podmiot publiczny mo\u017ce zaproponowa\u0107 alternatywny spos\u00f3b dost\u0119pu do informacji. W przypadku, gdy podmiot publiczny odm\u00f3wi realizacji \u017c\u0105dania zapewnienia dost\u0119pno\u015bci lub alternatywnego sposobu dost\u0119pu do informacji, wnosz\u0105cy \u017c\u0105danie mo\u017ce z\u0142o\u017cy\u0107 skarg\u0119 w sprawie zapewniana dost\u0119pno\u015bci cyfrowej strony internetowej, aplikacji mobilnej lub elementu strony internetowej, lub aplikacji mobilnej. Po wyczerpaniu wskazanej wy\u017cej procedury mo\u017cna tak\u017ce z\u0142o\u017cy\u0107 wniosek do Rzecznika Praw Obywatelskich.<\/span><\/p>\n<p><span style=\"color: #000000\"><strong>Dost\u0119pno\u015b\u0107 architektoniczna<\/strong><\/span><br \/>\n<span style=\"color: #000000\">Pe\u0142en wykaz budynk\u00f3w nale\u017c\u0105cych do UW znajduje si\u0119 na stronie deklaracji dost\u0119pno\u015bci UW.<\/span><\/p>\n<p><span style=\"color: #000000\">Jednostka Prowadz\u0105ca deklaruje dost\u0119pno\u015b\u0107 architektoniczn\u0105 budynku: Gmach Wydzia\u0142u Geologii &#8211; \u017bwirki i Wigury 93, \u017bwirki i Wigury 93, 02-089 Warszawa<\/span><\/p>\n<p><span style=\"color: #000000\">Kierownik \/ Dyrektor administracyjny: Grzegorz Kap\u0142on<\/span><\/p>\n<p><span style=\"color: #000000\">Telefon: (22)55 40 007<\/span><\/p>\n<p><span style=\"color: #000000\">Email: g.kaplon@uw.edu.pl<\/span><\/p>\n<p><span style=\"color: #000000\"><strong>Wej\u015bcie do budynku<\/strong><\/span><br \/>\n<span style=\"color: #000000\">Do budynku s\u0105 dwa wej\u015bcia: pierwsze znajduje si\u0119 na ty\u0142ach budynku od strony parking\u00f3w \u2013 wej\u015bcie jest z poziomu tarasu, na kt\u00f3ry prowadz\u0105 szerokie schody, wewn\u0105trz jest par\u0119 schodk\u00f3w na poziom korytarza g\u0142\u00f3wnego na parterze. Drugie wej\u015bcie z g\u0142\u00f3wnego dziedzi\u0144ca, na kt\u00f3ry wchodzi si\u0119 przez furtk\u0119 od strony ul. Banacha \u2013 furtka otwarta jest szeroko\u015b\u0107 110 cm na sta\u0142e w godzinach 7:00-19:00. Wej\u015bcie dostosowane jest dla os\u00f3b z niepe\u0142nosprawno\u015bciami, drzwi wej\u015bciowe s\u0105 dwuskrzyd\u0142owe o szeroko\u015bci 90\/135 cm., lewe skrzyd\u0142o 45 cm jest zablokowane, prawe skrzyd\u0142o 90 cm z samozamykaczem, otwierane r\u0119cznie. Przy wej\u015bciu zamontowany jest domofon i kamera \u2013 wej\u015bcie jest pod nadzorem portiera, kt\u00f3rego w razie potrzeby mo\u017cna poprosi\u0107 o pomoc. Na poziom sutereny mo\u017cna dosta\u0107 si\u0119 podjazdem wyposa\u017conym w por\u0119cze, szeroko\u015b\u0107 podjazdu: 122 cm. Naprzeciw podjazdu \u2013 na \u015bcianie zachodniej, od ul. Pasteura znajduje si\u0119 widna.<\/span><\/p>\n<p><span style=\"color: #000000\"><strong>Korytarze i przej\u015bcia<\/strong><\/span><br \/>\n<span style=\"color: #000000\">W budynku s\u0105 dwie windy: 1. Od strony wschodniej (od ul. \u017bwirki i Wigury 93) jest niedostosowana dla os\u00f3b z niepe\u0142nosprawno\u015bciami. Dwie pary drzwi otwieranych r\u0119cznie: zewn. jednoskrzyd\u0142owe i wewn. dwuskrzyd\u0142owe. Szeroko\u015b\u0107 wjazdu: 59 cm, szeroko\u015b\u0107 kabiny: 94 cm., g\u0142\u0119boko\u015b\u0107 kabiny 118 cm. 2. Od strony zachodniej (od ul. Pasteura) \u2013 winda dostosowana dla os\u00f3b z niepe\u0142nosprawno\u015bciami. Drzwi otwierane automatycznie. Szeroko\u015b\u0107 wjazdu: 90 cm., kabina wyposa\u017cona w por\u0119cz, wymiary kabiny: szeroko\u015b\u0107 92 cm, g\u0142\u0119boko\u015b\u0107: 122 cm. Na korytarze na poziom wysokiego parteru, I, II i III pi\u0119tra mo\u017cna dosta\u0107 si\u0119 wind\u0105. Szeroko\u015b\u0107 korytarza ok. 190 cm. Cz\u0119\u015b\u0107 g\u0142\u00f3wna korytarza na parterze od str. p\u0142n. jest obni\u017cona. Korytarz \u0142\u0105cznika (budynek ma kszta\u0142t \u00f3semki) jest podwy\u017cszony. W cz\u0119\u015bci obni\u017conego korytarza g\u0142\u00f3wnego przy schodach znajduj\u0105 si\u0119 platformy dla os\u00f3b niepe\u0142nosprawnych. Przy schodach na \u0142\u0105cznik r\u00f3wnie\u017c znajduj\u0105 si\u0119 platformy dla os\u00f3b niepe\u0142nosprawnych. Platformy maj\u0105 wymiary: 83 x 70 cm. Platform\u0119 obs\u0142uguje portier. Sala: 1012 &#8211; drzwi dwuskrzyd\u0142owe, max szer. 140 cm. Sala niedostosowana dla os\u00f3b na w\u00f3zkach &#8211; siedziska z blatem na 6 poziomach &#8211; schody. Dost\u0119p do \u0142aw bocznych te\u017c po schodach. Niewiele miejsca przed pierwszym rz\u0119dem \u0142aw. Sala: 1138 &#8211; drzwi dwuskrzyd\u0142owe, max szer. 137 cm. Sala niedostosowana dla os\u00f3b na w\u00f3zkach. Na sta\u0142e przytwierdzone do pod\u0142ogi \u0142awy (siedzisko z blatem). Szeroko\u015b\u0107 od \u0142aw do \u015bciany ok. 110cm. W aulach i du\u017cych salach s\u0105 drzwi dwuskrzyd\u0142owe, szeroko\u015b\u0107 wej\u015b\u0107 ok. 140 cm. Wej\u015bcia do cz\u0119\u015bci sal wyk\u0142adowych, seminaryjnych, \u0107wiczeniowych maj\u0105 szeroko\u015b\u0107 poni\u017cej 90 cm (80 \u2013 85 cm) mi\u0119dzy innymi do sal: 1016, 1130, 2016, 3016, 1151\/1155, P032\/ P034, 2137, 1037, 1165\/1167, 2022, 2024\/2026, 2025, 2032 oraz do cz\u0119\u015bci pomieszcze\u0144 laboratoryjnych.<\/span><\/p>\n<p><span style=\"color: #000000\"><strong>Procedury<\/strong><\/span><br \/>\n<span style=\"color: #000000\">W sytuacji potrzeby uzyskania pomocy prosz\u0119 zg\u0142osi\u0107 si\u0119 do portiera.<\/span><\/p>\n<p><span style=\"color: #000000\"><strong>Dodatkowa pomoc<\/strong><\/span><br \/>\n<span style=\"color: #000000\">W sytuacji potrzeby uzyskania pomocy prosz\u0119 zg\u0142osi\u0107 si\u0119 do portiera.<\/span><\/p>\n<p><span style=\"color: #000000\"><strong>\u0141azienki, toalety, szatnie<\/strong><\/span><br \/>\n<span style=\"color: #000000\">W budynku znajduj\u0105 si\u0119 3 toalety dostosowane dla os\u00f3b na w\u00f3zkach: jedna na parterze i dwie na I pi\u0119trze (m\u0119ska i damska). Toalety dost\u0119pne s\u0105 z korytarza, na kt\u00f3ry mo\u017cna dosta\u0107 si\u0119 wind\u0105 od strony ul Pasteura. Utrudnieniem s\u0105 samozamykacze na drzwiach. SZATNIA Szatnia znajduje si\u0119 w korytarzu na parterze. Dost\u0119p wind\u0105 od strony ul. Pasteura. W budynku znajduj\u0105 si\u0119 3 toalety dostosowane dla os\u00f3b na w\u00f3zkach: jedna na parterze i dwie na I pi\u0119trze (m\u0119ska i damska). Toalety dost\u0119pne s\u0105 z korytarza, na kt\u00f3ry mo\u017cna dosta\u0107 si\u0119 wind\u0105 od strony ul. Pasteura. Utrudnieniem s\u0105 samozamykacze na drzwiach. Szatnia znajduje si\u0119 w korytarzu na parterze. Dost\u0119p wind\u0105 od strony ul. Pasteura.<\/span><\/p>\n<p><span style=\"color: #000000\"><strong>Dodatkowe dostosowania<\/strong><\/span><br \/>\n<span style=\"color: #000000\">W budynku nie ma dodatkowych dostosowa\u0144 dla os\u00f3b niedowidz\u0105cych lub niedos\u0142ysz\u0105cych.<\/span><br \/>\n<span style=\"color: #000000\">Dojazd i miejsca parkingowe<\/span><br \/>\n<span style=\"color: #000000\">Dojazd komunikacj\u0105 miejsk\u0105: autobusy linii: 188, 136, 175, 186, 504. Parking znajduje si\u0119 na terenie Kampusu Ochota. Wjazd na parking tylko z przepustk\u0105. Przepustk\u0119 lub pozwolenie na jednorazowy wjazd mo\u017cna uzyska\u0107 po odpowiednio wcze\u015bniejszym zg\u0142oszeniu do administracji budynku.<\/span><\/p>\n<p><span style=\"color: #000000\"><strong>Prawo wst\u0119pu z psem asystuj\u0105cym<\/strong><\/span><br \/>\n<span style=\"color: #000000\">Nie ma ogranicze\u0144 wst\u0119pu z psem asystuj\u0105cym.<\/span><\/p>\n<p><span style=\"color: #000000\"><strong>T\u0142umacz PJM<\/strong><\/span><br \/>\n<span style=\"color: #000000\">Potrzeb\u0119 skorzystania z pomocy t\u0142umacza PJM nale\u017cy sk\u0142ada\u0107 do Biura ds. Os\u00f3b Niepe\u0142nosprawnych UW z co najmniej 3 dniowym wyprzedzeniem. Kontakt do BON: \/22\/ 55 24 22, bon@uw.edu.pl, www.bon.uw.edu.pl.<\/span>","protected":false},"excerpt":{"rendered":"<p>Uniwersytet Warszawski zobowi\u0105zuje si\u0119 zapewni\u0107 dost\u0119pno\u015b\u0107 swojej strony internetowej zgodnie z przepisami ustawy z dnia 4 kwietnia 2019 r. o dost\u0119pno\u015bci cyfrowej stron internetowych i aplikacji mobilnych podmiot\u00f3w publicznych. O\u015bwiadczenie w sprawie dost\u0119pno\u015bci ma zastosowanie do strony internetowej ucbs.uw.edu.pl Data publikacji strony internetowej: 2021-01-28. Data ostatniej istotnej aktualizacji: 2021-03-08 . Status zgodno\u015bci z ustaw\u0105 o [&hellip;]<\/p>\n","protected":false},"author":1,"featured_media":0,"parent":0,"menu_order":0,"comment_status":"closed","ping_status":"closed","template":"","meta":{"_acf_changed":false,"_exactmetrics_skip_tracking":false,"_exactmetrics_sitenote_active":false,"_exactmetrics_sitenote_note":"","_exactmetrics_sitenote_category":0,"_uf_show_specific_survey":0,"_uf_disable_surveys":false,"footnotes":"","_links_to":"","_links_to_target":""},"class_list":["post-1493","page","type-page","status-publish","hentry","post"],"acf":[],"yoast_head":"<!-- This site is optimized with the Yoast SEO plugin v27.4 - https:\/\/yoast.com\/product\/yoast-seo-wordpress\/ -->\n<title>Deklaracja Dost\u0119pno\u015bci<\/title>\n<meta name=\"robots\" content=\"index, follow, max-snippet:-1, max-image-preview:large, max-video-preview:-1\" \/>\n<link rel=\"canonical\" href=\"https:\/\/ucbs.uw.edu.pl\/deklaracja-dostepnosci\/\" \/>\n<meta property=\"og:locale\" content=\"en_US\" \/>\n<meta property=\"og:type\" content=\"article\" \/>\n<meta property=\"og:title\" content=\"Deklaracja Dost\u0119pno\u015bci\" \/>\n<meta property=\"og:description\" content=\"Uniwersytet Warszawski zobowi\u0105zuje si\u0119 zapewni\u0107 dost\u0119pno\u015b\u0107 swojej strony internetowej zgodnie z przepisami ustawy z dnia 4 kwietnia 2019 r. o dost\u0119pno\u015bci cyfrowej stron internetowych i aplikacji mobilnych podmiot\u00f3w publicznych. O\u015bwiadczenie w sprawie dost\u0119pno\u015bci ma zastosowanie do strony internetowej ucbs.uw.edu.pl Data publikacji strony internetowej: 2021-01-28. Data ostatniej istotnej aktualizacji: 2021-03-08 . Status zgodno\u015bci z ustaw\u0105 o [&hellip;]\" \/>\n<meta property=\"og:url\" content=\"https:\/\/ucbs.uw.edu.pl\/deklaracja-dostepnosci\/\" \/>\n<meta property=\"og:site_name\" content=\"University Centre for Environmental Studies and Sustainable Development\" \/>\n<meta property=\"article:publisher\" content=\"https:\/\/www.facebook.com\/ucbsuw\" \/>\n<meta property=\"article:modified_time\" content=\"2023-09-11T08:43:33+00:00\" \/>\n<meta name=\"twitter:card\" content=\"summary_large_image\" \/>\n<meta name=\"twitter:site\" content=\"@ucbsuw\" \/>\n<meta name=\"twitter:label1\" content=\"Est. reading time\" \/>\n\t<meta name=\"twitter:data1\" content=\"8 minutes\" \/>\n<script type=\"application\/ld+json\" class=\"yoast-schema-graph\">{\"@context\":\"https:\\\/\\\/schema.org\",\"@graph\":[{\"@type\":\"WebPage\",\"@id\":\"https:\\\/\\\/ucbs.uw.edu.pl\\\/deklaracja-dostepnosci\\\/\",\"url\":\"https:\\\/\\\/ucbs.uw.edu.pl\\\/deklaracja-dostepnosci\\\/\",\"name\":\"Deklaracja Dost\u0119pno\u015bci\",\"isPartOf\":{\"@id\":\"https:\\\/\\\/ucbs.uw.edu.pl\\\/#website\"},\"datePublished\":\"2021-05-19T10:16:38+00:00\",\"dateModified\":\"2023-09-11T08:43:33+00:00\",\"breadcrumb\":{\"@id\":\"https:\\\/\\\/ucbs.uw.edu.pl\\\/deklaracja-dostepnosci\\\/#breadcrumb\"},\"inLanguage\":\"en-US\",\"potentialAction\":[{\"@type\":\"ReadAction\",\"target\":[\"https:\\\/\\\/ucbs.uw.edu.pl\\\/deklaracja-dostepnosci\\\/\"]}]},{\"@type\":\"BreadcrumbList\",\"@id\":\"https:\\\/\\\/ucbs.uw.edu.pl\\\/deklaracja-dostepnosci\\\/#breadcrumb\",\"itemListElement\":[{\"@type\":\"ListItem\",\"position\":1,\"name\":\"Strona g\u0142\u00f3wna\",\"item\":\"https:\\\/\\\/ucbs.uw.edu.pl\\\/\"},{\"@type\":\"ListItem\",\"position\":2,\"name\":\"Deklaracja dost\u0119pno\u015bci\"}]},{\"@type\":\"WebSite\",\"@id\":\"https:\\\/\\\/ucbs.uw.edu.pl\\\/#website\",\"url\":\"https:\\\/\\\/ucbs.uw.edu.pl\\\/\",\"name\":\"Uniwersyteckie Centrum Bada\u0144 nad \u015arodowiskiem Przyrodniczym i Zr\u00f3wnowa\u017conym Rozwojem\",\"description\":\"7 Departments mean 7 times more opportunities\",\"publisher\":{\"@id\":\"https:\\\/\\\/ucbs.uw.edu.pl\\\/#organization\"},\"potentialAction\":[{\"@type\":\"SearchAction\",\"target\":{\"@type\":\"EntryPoint\",\"urlTemplate\":\"https:\\\/\\\/ucbs.uw.edu.pl\\\/?s={search_term_string}\"},\"query-input\":{\"@type\":\"PropertyValueSpecification\",\"valueRequired\":true,\"valueName\":\"search_term_string\"}}],\"inLanguage\":\"en-US\"},{\"@type\":\"Organization\",\"@id\":\"https:\\\/\\\/ucbs.uw.edu.pl\\\/#organization\",\"name\":\"Uniwersyteckie Centrum Bada\u0144 nad \u015arodowiskiem Przyrodniczym i Zr\u00f3wnowa\u017conym Rozwojem\",\"url\":\"https:\\\/\\\/ucbs.uw.edu.pl\\\/\",\"logo\":{\"@type\":\"ImageObject\",\"inLanguage\":\"en-US\",\"@id\":\"https:\\\/\\\/ucbs.uw.edu.pl\\\/#\\\/schema\\\/logo\\\/image\\\/\",\"url\":\"https:\\\/\\\/ucbs.uw.edu.pl\\\/wp-content\\\/uploads\\\/sites\\\/389\\\/2023\\\/09\\\/PL_zwykly_monochromatyczny_okragly.jpg\",\"contentUrl\":\"https:\\\/\\\/ucbs.uw.edu.pl\\\/wp-content\\\/uploads\\\/sites\\\/389\\\/2023\\\/09\\\/PL_zwykly_monochromatyczny_okragly.jpg\",\"width\":658,\"height\":710,\"caption\":\"Uniwersyteckie Centrum Bada\u0144 nad \u015arodowiskiem Przyrodniczym i Zr\u00f3wnowa\u017conym Rozwojem\"},\"image\":{\"@id\":\"https:\\\/\\\/ucbs.uw.edu.pl\\\/#\\\/schema\\\/logo\\\/image\\\/\"},\"sameAs\":[\"https:\\\/\\\/www.facebook.com\\\/ucbsuw\",\"https:\\\/\\\/x.com\\\/ucbsuw\",\"https:\\\/\\\/www.linkedin.com\\\/company\\\/19014166\\\/admin\\\/feed\\\/posts\\\/\"]}]}<\/script>\n<!-- \/ Yoast SEO plugin. -->","yoast_head_json":{"title":"Deklaracja Dost\u0119pno\u015bci","robots":{"index":"index","follow":"follow","max-snippet":"max-snippet:-1","max-image-preview":"max-image-preview:large","max-video-preview":"max-video-preview:-1"},"canonical":"https:\/\/ucbs.uw.edu.pl\/deklaracja-dostepnosci\/","og_locale":"en_US","og_type":"article","og_title":"Deklaracja Dost\u0119pno\u015bci","og_description":"Uniwersytet Warszawski zobowi\u0105zuje si\u0119 zapewni\u0107 dost\u0119pno\u015b\u0107 swojej strony internetowej zgodnie z przepisami ustawy z dnia 4 kwietnia 2019 r. o dost\u0119pno\u015bci cyfrowej stron internetowych i aplikacji mobilnych podmiot\u00f3w publicznych. O\u015bwiadczenie w sprawie dost\u0119pno\u015bci ma zastosowanie do strony internetowej ucbs.uw.edu.pl Data publikacji strony internetowej: 2021-01-28. Data ostatniej istotnej aktualizacji: 2021-03-08 . Status zgodno\u015bci z ustaw\u0105 o [&hellip;]","og_url":"https:\/\/ucbs.uw.edu.pl\/deklaracja-dostepnosci\/","og_site_name":"University Centre for Environmental Studies and Sustainable Development","article_publisher":"https:\/\/www.facebook.com\/ucbsuw","article_modified_time":"2023-09-11T08:43:33+00:00","twitter_card":"summary_large_image","twitter_site":"@ucbsuw","twitter_misc":{"Est. reading time":"8 minutes"},"schema":{"@context":"https:\/\/schema.org","@graph":[{"@type":"WebPage","@id":"https:\/\/ucbs.uw.edu.pl\/deklaracja-dostepnosci\/","url":"https:\/\/ucbs.uw.edu.pl\/deklaracja-dostepnosci\/","name":"Deklaracja Dost\u0119pno\u015bci","isPartOf":{"@id":"https:\/\/ucbs.uw.edu.pl\/#website"},"datePublished":"2021-05-19T10:16:38+00:00","dateModified":"2023-09-11T08:43:33+00:00","breadcrumb":{"@id":"https:\/\/ucbs.uw.edu.pl\/deklaracja-dostepnosci\/#breadcrumb"},"inLanguage":"en-US","potentialAction":[{"@type":"ReadAction","target":["https:\/\/ucbs.uw.edu.pl\/deklaracja-dostepnosci\/"]}]},{"@type":"BreadcrumbList","@id":"https:\/\/ucbs.uw.edu.pl\/deklaracja-dostepnosci\/#breadcrumb","itemListElement":[{"@type":"ListItem","position":1,"name":"Strona g\u0142\u00f3wna","item":"https:\/\/ucbs.uw.edu.pl\/"},{"@type":"ListItem","position":2,"name":"Deklaracja dost\u0119pno\u015bci"}]},{"@type":"WebSite","@id":"https:\/\/ucbs.uw.edu.pl\/#website","url":"https:\/\/ucbs.uw.edu.pl\/","name":"Uniwersyteckie Centrum Bada\u0144 nad \u015arodowiskiem Przyrodniczym i Zr\u00f3wnowa\u017conym Rozwojem","description":"7 Departments mean 7 times more opportunities","publisher":{"@id":"https:\/\/ucbs.uw.edu.pl\/#organization"},"potentialAction":[{"@type":"SearchAction","target":{"@type":"EntryPoint","urlTemplate":"https:\/\/ucbs.uw.edu.pl\/?s={search_term_string}"},"query-input":{"@type":"PropertyValueSpecification","valueRequired":true,"valueName":"search_term_string"}}],"inLanguage":"en-US"},{"@type":"Organization","@id":"https:\/\/ucbs.uw.edu.pl\/#organization","name":"Uniwersyteckie Centrum Bada\u0144 nad \u015arodowiskiem Przyrodniczym i Zr\u00f3wnowa\u017conym Rozwojem","url":"https:\/\/ucbs.uw.edu.pl\/","logo":{"@type":"ImageObject","inLanguage":"en-US","@id":"https:\/\/ucbs.uw.edu.pl\/#\/schema\/logo\/image\/","url":"https:\/\/ucbs.uw.edu.pl\/wp-content\/uploads\/sites\/389\/2023\/09\/PL_zwykly_monochromatyczny_okragly.jpg","contentUrl":"https:\/\/ucbs.uw.edu.pl\/wp-content\/uploads\/sites\/389\/2023\/09\/PL_zwykly_monochromatyczny_okragly.jpg","width":658,"height":710,"caption":"Uniwersyteckie Centrum Bada\u0144 nad \u015arodowiskiem Przyrodniczym i Zr\u00f3wnowa\u017conym Rozwojem"},"image":{"@id":"https:\/\/ucbs.uw.edu.pl\/#\/schema\/logo\/image\/"},"sameAs":["https:\/\/www.facebook.com\/ucbsuw","https:\/\/x.com\/ucbsuw","https:\/\/www.linkedin.com\/company\/19014166\/admin\/feed\/posts\/"]}]}},"_links":{"self":[{"href":"https:\/\/ucbs.uw.edu.pl\/en\/wp-json\/wp\/v2\/pages\/1493","targetHints":{"allow":["GET"]}}],"collection":[{"href":"https:\/\/ucbs.uw.edu.pl\/en\/wp-json\/wp\/v2\/pages"}],"about":[{"href":"https:\/\/ucbs.uw.edu.pl\/en\/wp-json\/wp\/v2\/types\/page"}],"author":[{"embeddable":true,"href":"https:\/\/ucbs.uw.edu.pl\/en\/wp-json\/wp\/v2\/users\/1"}],"replies":[{"embeddable":true,"href":"https:\/\/ucbs.uw.edu.pl\/en\/wp-json\/wp\/v2\/comments?post=1493"}],"version-history":[{"count":4,"href":"https:\/\/ucbs.uw.edu.pl\/en\/wp-json\/wp\/v2\/pages\/1493\/revisions"}],"predecessor-version":[{"id":5520,"href":"https:\/\/ucbs.uw.edu.pl\/en\/wp-json\/wp\/v2\/pages\/1493\/revisions\/5520"}],"wp:attachment":[{"href":"https:\/\/ucbs.uw.edu.pl\/en\/wp-json\/wp\/v2\/media?parent=1493"}],"curies":[{"name":"wp","href":"https:\/\/api.w.org\/{rel}","templated":true}]}}